{"id":84769,"date":"2025-10-27T11:15:04","date_gmt":"2025-10-27T11:15:04","guid":{"rendered":"https:\/\/kalaharicarhire.com\/wissenswertes\/wildlife-interactions\/"},"modified":"2025-10-31T13:56:26","modified_gmt":"2025-10-31T13:56:26","slug":"wildtier-begegnungen","status":"publish","type":"page","link":"https:\/\/kalaharicarhire.com\/de\/wissenswertes\/wildtier-begegnungen\/","title":{"rendered":"Begegnungen mit Wildtieren"},"content":{"rendered":"<section class=\"l-section wpb_row us_custom_6df4bc3a has_text_color height_huge with_img\"><div class=\"l-section-img\" data-img-width=\"2500\" data-img-height=\"1667\" style=\"background-image: url(https:\/\/kalaharicarhire.com\/wp-content\/uploads\/2025\/10\/Elephant-2500x1667-1.jpg);background-repeat: no-repeat;\"><\/div><div class=\"l-section-h i-cf\"><div class=\"g-cols vc_row via_flex valign_middle type_default stacking_default\"><div class=\"vc_col-sm-1 wpb_column vc_column_container\"><div class=\"vc_column-inner\"><div class=\"wpb_wrapper\"><\/div><\/div><\/div><div class=\"vc_col-sm-10 wpb_column vc_column_container\"><div class=\"vc_column-inner\"><div class=\"wpb_wrapper\">[vc_custom_heading text=&#8220;Begegnungen mit Wildtieren&#8220; font_container=&#8220;tag:h3|text_align:left&#8220; use_theme_fonts=&#8220;yes&#8220; css=&#8220;%7B%22mobiles%22%3A%7B%22line-height%22%3A%2260px%22%7D%7D&#8220;]<\/div><\/div><\/div><div class=\"vc_col-sm-1 wpb_column vc_column_container\"><div class=\"vc_column-inner\"><div class=\"wpb_wrapper\"><\/div><\/div><\/div><\/div><\/div><\/section><section class=\"l-section wpb_row us_custom_480e6f0b height_large color_alternate\"><div class=\"l-section-h i-cf\"><div class=\"g-cols vc_row via_flex valign_top type_default stacking_default\"><div class=\"vc_col-sm-12 wpb_column vc_column_container\"><div class=\"vc_column-inner\"><div class=\"wpb_wrapper\">[vc_custom_heading text=&#8220;WIE VERH\u00c4LT MAN SICH IN DER N\u00c4HE VON WILDTIEREN?&#8220; use_theme_fonts=&#8220;yes&#8220; css=&#8220;%7B%22default%22%3A%7B%22padding-bottom%22%3A%2220px%22%7D%7D&#8220;]<div class=\"wpb_text_column us_custom_432d3f53\"><div class=\"wpb_wrapper\"><p data-start=\"42\" data-end=\"105\">Auf deiner Selbstfahrer-Safari durch Namibia und die Nachbarl\u00e4nder wirst du fr\u00fcher oder sp\u00e4ter ganz sicher auf Wildtiere treffen \u2013 schlie\u00dflich bist du wohl genau deshalb hier. Damit sowohl du als auch die Tiere sicher bleiben, haben wir ein paar gutgemeinte Tipps zusammengestellt, wie du dich gegen\u00fcber Elefanten, L\u00f6wen und anderer Wildtiere w\u00e4hrend deiner Selbstfahrer-Safari und beim Leben auf dem Campingplatz verantwortungsbewusst verh\u00e4ltst.<\/p>\n<\/div><\/div><div class=\"g-cols wpb_row via_flex valign_top type_default stacking_default\"><div class=\"vc_col-sm-12 wpb_column vc_column_container\"><div class=\"vc_column-inner\"><div class=\"wpb_wrapper\">[vc_custom_heading text=&#8220;Respektiere das Wild. Es ist ihr Zuhause.&#8220; font_container=&#8220;tag:h3|text_align:left&#8220; use_theme_fonts=&#8220;yes&#8220; css=&#8220;%7B%22default%22%3A%7B%22padding-top%22%3A%2220px%22%7D%7D&#8220;]<\/div><\/div><\/div><\/div><div class=\"g-cols wpb_row via_flex valign_top type_default stacking_default\"><div class=\"vc_col-sm-6 wpb_column vc_column_container\"><div class=\"vc_column-inner\"><div class=\"wpb_wrapper\"><div class=\"wpb_text_column us_custom_432d3f53\"><div class=\"wpb_wrapper\"><p data-start=\"80\" data-end=\"282\">Jede Handlung hier drau\u00dfen hat Folgen. Das Verhalten von dir und anderen Reisenden beeinflusst nicht nur eure eigene Sicherheit, sondern auch die Tiere und die Menschen, die das Land mit ihnen teilen.<\/p>\n<p data-start=\"284\" data-end=\"589\">Wenn Tiere zu sehr an Menschen gew\u00f6hnt werden \u2013 weil jemand sie gef\u00fcttert hat, zu nah f\u00fcr ein Foto herangetreten ist oder Essen auf dem Campingplatz liegen lie\u00df \u2013 beginnen sie, Menschen als Nahrungsquelle oder Spielerei zu sehen, statt als etwas, das sie meiden sollten. Genau dann f\u00e4ngt das Problem an.<\/p>\n<p data-start=\"591\" data-end=\"893\">Ein Elefant, der Camps pl\u00fcndert, eine Hy\u00e4ne, die Essen stiehlt, oder ein L\u00f6we, der seine Scheu vor Menschen verliert, wird schnell zu einem sogenannten \u201eProblemtier\u201c. Leider endet das meistens auf eine Weise: Das Tier muss get\u00f6tet werden, um die lokale Bev\u00f6lkerung oder k\u00fcnftige Besucher zu sch\u00fctzen.<\/p>\n<p data-start=\"895\" data-end=\"1154\" data-is-last-node=\"\" data-is-only-node=\"\">Deshalb ist Abstandhalten und das Nicht-F\u00fcttern von Wildtieren nicht nur eine Frage der eigenen Sicherheit \u2013 es ist ein stiller Akt des Respekts, der hilft, sowohl die Tiere zu sch\u00fctzen, die du sehen willst, als auch die Menschen, die mit ihnen zusammenleben.<\/p>\n<\/div><\/div><\/div><\/div><\/div><div class=\"vc_col-sm-6 wpb_column vc_column_container\"><div class=\"vc_column-inner\"><div class=\"wpb_wrapper\"><div class=\"w-image align_none\"><div class=\"w-image-h\"><img loading=\"lazy\" decoding=\"async\" width=\"1024\" height=\"768\" src=\"https:\/\/kalaharicarhire.com\/wp-content\/uploads\/2025\/10\/Male-lion-alone-1024x768.jpg\" class=\"attachment-large size-large\" alt=\"Male lion with scars in his face in savanna landscape at sunset\" srcset=\"https:\/\/kalaharicarhire.com\/wp-content\/uploads\/2025\/10\/Male-lion-alone-1024x768.jpg 1024w, https:\/\/kalaharicarhire.com\/wp-content\/uploads\/2025\/10\/Male-lion-alone-300x225.jpg 300w, https:\/\/kalaharicarhire.com\/wp-content\/uploads\/2025\/10\/Male-lion-alone.jpg 2000w\" sizes=\"auto, (max-width: 1024px) 100vw, 1024px\" \/><\/div><\/div><\/div><\/div><\/div><\/div><div class=\"g-cols wpb_row us_custom_3188818e via_flex valign_top type_default stacking_default\"><div class=\"vc_col-sm-12 wpb_column vc_column_container\"><div class=\"vc_column-inner\"><div class=\"wpb_wrapper\"><div class=\"wpb_text_column us_custom_432d3f53\"><div class=\"wpb_wrapper\"><p><strong>Fazit: Wildtiere sollten m\u00f6glichst wild bleiben \u2013 zum Schutz aller.<\/strong><\/p>\n<\/div><\/div><\/div><\/div><\/div><\/div><div class=\"g-cols wpb_row us_custom_3188818e via_flex valign_top type_default stacking_default\"><div class=\"vc_col-sm-12 wpb_column vc_column_container\"><div class=\"vc_column-inner\"><div class=\"wpb_wrapper\"><div class=\"wpb_text_column us_custom_432d3f53\"><div class=\"wpb_wrapper\"><p>Zahlreiche einheimische Privatleute sowie Organisationen wie EHRA (Elephant-Human Relations Aid), TOSCO (Tourism Supporting Conservation) und weitere Naturschutzpartner setzen sich intensiv daf\u00fcr ein, Konflikte zwischen Mensch und Wildtier zu verhindern und zu reduzieren. Sie unterst\u00fctzen lokale Gemeinschaften, \u00fcberwachen die Tierwelt und informieren Reisende \u00fcber verantwortungsbewusstes Verhalten. Indem du die Regeln beachtest und solche Initiativen unterst\u00fctzt, tr\u00e4gst du dazu bei, dass dein Besuch einen positiven Einfluss \u2013 sowohl auf die Menschen als auch auf die Wildtiere \u2013 hat.<\/p>\n<\/div><\/div><div class=\"w-btn-wrapper align_none\"><a class=\"w-btn us-btn-style_1\" href=\"https:\/\/kalaharicarhire.com\/wp-content\/uploads\/2025\/10\/2024-Tourist-Safety_Respect-and-Understand-Elephants-compressed.pdf\"><span class=\"w-btn-label\">Elephant Human Relations Aid Infoblatt herunterladen<\/span><\/a><\/div><\/div><\/div><\/div><\/div><div class=\"g-cols wpb_row us_custom_3188818e via_flex valign_top type_default stacking_default\"><div class=\"vc_col-sm-12 wpb_column vc_column_container\"><div class=\"vc_column-inner\"><div class=\"wpb_wrapper\">[vc_custom_heading text=&#8220;Wildtiere unterwegs erleben&#8220; font_container=&#8220;tag:h3|text_align:left&#8220; use_theme_fonts=&#8220;yes&#8220; css=&#8220;%7B%22default%22%3A%7B%22padding-top%22%3A%2220px%22%7D%7D&#8220;]<div class=\"wpb_text_column us_custom_432d3f53\"><div class=\"wpb_wrapper\"><p>Begegnungen mit gro\u00dfen S\u00e4ugetieren wie Elefanten sind beeindruckend und atemberaubend. Halte jedoch immer gen\u00fcgend Abstand und verstau dein Essen sicher. Untersch\u00e4tze auch Antilopen oder kleinere Wildtiere nicht: Schon ein kurzer Sto\u00df der H\u00f6rner einer irritierten Oryx- oder Eland-Antilope oder ein Tritt eines Strau\u00dfes kann schwere Verletzungen verursachen.<\/p>\n<\/div><\/div><\/div><\/div><\/div><\/div><div class=\"g-cols wpb_row us_custom_3188818e via_flex valign_top type_default stacking_default\"><div class=\"vc_col-sm-8 wpb_column vc_column_container\"><div class=\"vc_column-inner\"><div class=\"wpb_wrapper\"><div class=\"wpb_text_column us_custom_432d3f53\"><div class=\"wpb_wrapper\"><ul>\n<li data-start=\"83\" data-end=\"139\">\n<p data-start=\"85\" data-end=\"139\">Halte stets einen Sicherheitsabstand von 100\u202fMetern.<\/p>\n<\/li>\n<li data-start=\"83\" data-end=\"139\">\n<p data-start=\"85\" data-end=\"139\">Fahre langsam zur\u00fcck, wenn Tiere wie Elefanten, Nash\u00f6rner oder L\u00f6wen sich deinem Fahrzeug n\u00e4hern.<\/p>\n<\/li>\n<li data-start=\"242\" data-end=\"325\">\n<p data-start=\"244\" data-end=\"325\">Lass die Tiere niemals so nah herankommen, dass sie dein Auto ber\u00fchren k\u00f6nnten!<\/p>\n<\/li>\n<li data-start=\"326\" data-end=\"385\">\n<p data-start=\"328\" data-end=\"385\">Sorge f\u00fcr einen Fluchtweg \u2013 f\u00fcr dich <strong data-start=\"365\" data-end=\"372\">und<\/strong> die Tiere.<\/p>\n<\/li>\n<li data-start=\"386\" data-end=\"472\">\n<p data-start=\"388\" data-end=\"472\">Verweile h\u00f6chstens 20\u202fMinuten bei einer Sichtung und lasse die Tiere dann in Ruhe.<\/p>\n<\/li>\n<li data-start=\"473\" data-end=\"552\">\n<p data-start=\"475\" data-end=\"552\">Maximal 3\u202fFahrzeuge pro Sichtung, um den Stress der Tiere m\u00f6glichst gering zu halten.<\/p>\n<\/li>\n<li data-start=\"553\" data-end=\"635\">\n<p data-start=\"555\" data-end=\"635\">Betrete ihr Revier behutsam und versuche nicht, ihr Verhalten zu beeinflussen.<br \/>\nWenn Jungtieren mit dabei sind, besonders vorsichtig sein und gro\u00dfen Abstand halten.<\/p>\n<\/li>\n<li data-start=\"708\" data-end=\"776\">\n<p data-start=\"710\" data-end=\"776\">Steige nicht aus dem Auto, wenn sich Tiere in der N\u00e4he befinden.<\/p>\n<\/li>\n<li data-start=\"777\" data-end=\"810\">\n<p data-start=\"779\" data-end=\"810\">Laufe nicht auf Wildtiere zu.<\/p>\n<\/li>\n<li data-start=\"811\" data-end=\"878\">\n<p data-start=\"813\" data-end=\"878\">Verfolge oder fahre nicht hinter Elefanten oder Nash\u00f6rnern her.<\/p>\n<\/li>\n<li data-start=\"879\" data-end=\"949\">\n<p data-start=\"881\" data-end=\"949\">Nimm keine Fr\u00fcchte, Brot oder \u00e4hnliches auf Gamedrives mit.<\/p>\n<\/li>\n<li data-start=\"950\" data-end=\"967\">\n<p data-start=\"952\" data-end=\"967\">Verhalte dich leise.<\/p>\n<\/li>\n<li data-start=\"968\" data-end=\"1017\">\n<p data-start=\"970\" data-end=\"1017\">Wirken Tiere gestresst, fahre vorsichtig weg.<\/p>\n<\/li>\n<\/ul>\n<\/div><\/div><\/div><\/div><\/div><div class=\"vc_col-sm-4 wpb_column vc_column_container\"><div class=\"vc_column-inner\"><div class=\"wpb_wrapper\"><div class=\"w-image align_none\"><div class=\"w-image-h\"><img loading=\"lazy\" decoding=\"async\" width=\"1024\" height=\"768\" src=\"https:\/\/kalaharicarhire.com\/wp-content\/uploads\/2025\/10\/giraffe-infront-of-car-1024x768.jpg\" class=\"attachment-large size-large\" alt=\"\" srcset=\"https:\/\/kalaharicarhire.com\/wp-content\/uploads\/2025\/10\/giraffe-infront-of-car-1024x768.jpg 1024w, https:\/\/kalaharicarhire.com\/wp-content\/uploads\/2025\/10\/giraffe-infront-of-car-300x225.jpg 300w, https:\/\/kalaharicarhire.com\/wp-content\/uploads\/2025\/10\/giraffe-infront-of-car.jpg 1370w\" sizes=\"auto, (max-width: 1024px) 100vw, 1024px\" \/><\/div><\/div><\/div><\/div><\/div><\/div><div class=\"w-btn-wrapper align_none\"><a class=\"w-btn us-btn-style_1\" href=\"https:\/\/kalaharicarhire.com\/wp-content\/uploads\/2025\/10\/TOURIST_Code-of-conduct-around-Elephants.pdf\"><span class=\"w-btn-label\">Begegnungen mit W\u00fcstenelefanten: Verhaltenskodex herunterladen<\/span><\/a><\/div><div class=\"g-cols wpb_row via_flex valign_top type_default stacking_default\"><div class=\"vc_col-sm-12 wpb_column vc_column_container\"><div class=\"vc_column-inner\"><div class=\"wpb_wrapper\">[vc_custom_heading text=&#8220;Camping und Umgang mit Essen in der N\u00e4he von Wildtieren&#8220; font_container=&#8220;tag:h3|text_align:left&#8220; use_theme_fonts=&#8220;yes&#8220; css=&#8220;%7B%22default%22%3A%7B%22padding-top%22%3A%2220px%22%7D%7D&#8220;]<div class=\"wpb_text_column us_custom_432d3f53\"><div class=\"wpb_wrapper\"><p>Bitte f\u00fcttere niemals Wildtiere und lasse kein Essen oder Wasser f\u00fcr sie stehen \u2013 auch nicht w\u00e4hrend einer D\u00fcrre. Dadurch werden die Tiere zu Menschen hingezogen und verlieren ihre nat\u00fcrliche Vorsicht, was sowohl f\u00fcr sie als auch f\u00fcr uns gef\u00e4hrlich ist.<\/p>\n<\/div><\/div><\/div><\/div><\/div><\/div><div class=\"g-cols wpb_row us_custom_3188818e via_flex valign_top type_default stacking_default\"><div class=\"vc_col-sm-8 wpb_column vc_column_container\"><div class=\"vc_column-inner\"><div class=\"wpb_wrapper\"><div class=\"wpb_text_column us_custom_432d3f53\"><div class=\"wpb_wrapper\"><ul>\n<li data-start=\"66\" data-end=\"139\">\n<p data-start=\"68\" data-end=\"139\">Lass Wildtieren keinen Zugang zu menschlicher Nahrung oder Getr\u00e4nken.<\/p>\n<\/li>\n<li data-start=\"140\" data-end=\"228\">\n<p data-start=\"142\" data-end=\"228\">Gib Tieren kein Wasser \u2013 auch nicht w\u00e4hrend einer D\u00fcrre. Wildtiere bitte in Ruhe lassen.<\/p>\n<\/li>\n<li data-start=\"229\" data-end=\"332\">\n<p data-start=\"231\" data-end=\"332\">Kein Gem\u00fcse- oder Obstabf\u00e4lle in offenen M\u00fclltonnen liegen lassen.<\/p>\n<\/li>\n<li data-start=\"333\" data-end=\"369\">\n<p data-start=\"335\" data-end=\"369\">Kein Essen im Zelt zur\u00fccklassen.<\/p>\n<\/li>\n<li data-start=\"370\" data-end=\"550\">\n<p data-start=\"372\" data-end=\"550\">Verpacke Lebensmittel in Metall- oder Plastikboxen und bewahre sie im Canopy (\u00fcberdachter Ladebereich deines Autos) auf oder gib sie zur sicheren Aufbewahrung an die Rezeption.<\/p>\n<\/li>\n<li data-start=\"551\" data-end=\"627\" data-is-last-node=\"\">\n<p data-start=\"553\" data-end=\"627\" data-is-last-node=\"\">Gehe, wenn m\u00f6glich, nicht mit Fr\u00fcchten im Auto auf Elefanten-Sichtfahrten.<\/p>\n<\/li>\n<li><\/li>\n<\/ul>\n<\/div><\/div><\/div><\/div><\/div><div class=\"vc_col-sm-4 wpb_column vc_column_container\"><div class=\"vc_column-inner\"><div class=\"wpb_wrapper\"><div class=\"w-image align_none\"><div class=\"w-image-h\"><img loading=\"lazy\" decoding=\"async\" width=\"1024\" height=\"768\" src=\"https:\/\/kalaharicarhire.com\/wp-content\/uploads\/2025\/10\/Elephant-broke-window-of-vehicle-1024x768.jpg\" class=\"attachment-large size-large\" alt=\"\" srcset=\"https:\/\/kalaharicarhire.com\/wp-content\/uploads\/2025\/10\/Elephant-broke-window-of-vehicle-1024x768.jpg 1024w, https:\/\/kalaharicarhire.com\/wp-content\/uploads\/2025\/10\/Elephant-broke-window-of-vehicle-300x225.jpg 300w, https:\/\/kalaharicarhire.com\/wp-content\/uploads\/2025\/10\/Elephant-broke-window-of-vehicle.jpg 1600w\" sizes=\"auto, (max-width: 1024px) 100vw, 1024px\" \/><\/div><\/div><div class=\"wpb_text_column us_custom_432d3f53\"><div class=\"wpb_wrapper\"><p>Ein Elefant auf Essenssuche hat Fenster und T\u00fcr besch\u00e4digt.<\/p>\n<\/div><\/div><\/div><\/div><\/div><\/div><div class=\"g-cols wpb_row via_flex valign_top type_default stacking_default\"><div class=\"vc_col-sm-12 wpb_column vc_column_container\"><div class=\"vc_column-inner\"><div class=\"wpb_wrapper\">[vc_custom_heading text=&#8220;Kurz gesagt&#8220; font_container=&#8220;tag:h3|text_align:left&#8220; use_theme_fonts=&#8220;yes&#8220; css=&#8220;%7B%22default%22%3A%7B%22padding-top%22%3A%2220px%22%7D%7D&#8220;]<div class=\"wpb_text_column us_custom_3daaba14\"><div class=\"wpb_wrapper\"><div class=\"flex basis-auto flex-col -mb-(--composer-overlap-px) &#091;--composer-overlap-px:55px&#093; grow overflow-hidden\">\n<div class=\"relative h-full\">\n<div class=\"flex h-full flex-col overflow-y-auto &#091;scrollbar-gutter:stable_both-edges&#093; @&#091;84rem&#093;\/thread:pt-(--header-height)\">\n<div class=\"@thread-xl\/thread:pt-header-height flex flex-col text-sm pb-25\">\n<article class=\"text-token-text-primary w-full\" dir=\"auto\" data-testid=\"conversation-turn-2\" data-scroll-anchor=\"false\">\n<div class=\"text-base my-auto mx-auto py-5 &#091;--thread-content-margin:--spacing(4)&#093; @&#091;37rem&#093;:&#091;--thread-content-margin:--spacing(6)&#093; @&#091;72rem&#093;:&#091;--thread-content-margin:--spacing(16)&#093; px-(--thread-content-margin)\">\n<div class=\"&#091;--thread-content-max-width:32rem&#093; @&#091;34rem&#093;:&#091;--thread-content-max-width:40rem&#093; @&#091;64rem&#093;:&#091;--thread-content-max-width:48rem&#093; mx-auto flex max-w-(--thread-content-max-width) flex-1 text-base gap-4 md:gap-5 lg:gap-6 group\/turn-messages focus-visible:outline-hidden\" tabindex=\"-1\">\n<div class=\"group\/conversation-turn relative flex w-full min-w-0 flex-col agent-turn\">\n<div class=\"relative flex-col gap-1 md:gap-3\">\n<div class=\"flex max-w-full flex-col grow\">\n<div class=\"min-h-8 text-message relative flex w-full flex-col items-end gap-2 text-start break-words whitespace-normal &#091;.text-message+&amp;&#093;:mt-5\" dir=\"auto\" data-message-author-role=\"assistant\" data-message-id=\"034981f0-a29c-48ff-80a4-94c5e5c04347\" data-message-model-slug=\"gpt-4o\">\n<div class=\"flex w-full flex-col gap-1 empty:hidden first:pt-&#091;3px&#093;\">\n<div class=\"markdown prose dark:prose-invert w-full break-words light\">\n<ol>\n<li style=\"list-style-type: none;\" data-start=\"2881\" data-end=\"3039\">\n<ol data-start=\"267\" data-end=\"1425\">\n<li data-start=\"267\" data-end=\"371\">\n<p data-start=\"270\" data-end=\"371\">W\u00e4hrend Selbstfahrer-Safari im Fahrzeug bleiben<\/p>\n<\/li>\n<li data-start=\"267\" data-end=\"371\">\n<p data-start=\"270\" data-end=\"371\">Halte stets einen Sicherheitsabstand \u2013 n\u00e4here dich Tieren nicht und blockiere sie nicht. Ziel sind etwa 100\u202fm Abstand zu gro\u00dfen Tieren wie Elefanten oder Gro\u00dfkatzen, wo m\u00f6glich.<\/p>\n<\/li>\n<li data-start=\"267\" data-end=\"371\">\n<p data-start=\"270\" data-end=\"371\">F\u00fcttere niemals Wildtiere und lasse kein Essen oder Wasser f\u00fcr sie zug\u00e4nglich.<\/p>\n<\/li>\n<li data-start=\"267\" data-end=\"371\">\n<p data-start=\"270\" data-end=\"371\">Fahre langsam auf Wildtierpisten, bleibe auf den Spuren und vermeide es, Tiere zu erschrecken.<\/p>\n<\/li>\n<li data-start=\"267\" data-end=\"371\">\n<p data-start=\"270\" data-end=\"371\">Motor abstellen und ruhig bleiben, wenn Tiere in der N\u00e4he sind \u2013 pl\u00f6tzliche Ger\u00e4usche oder Bewegungen k\u00f6nnen einen Angriff ausl\u00f6sen.<\/p>\n<\/li>\n<li data-start=\"267\" data-end=\"371\">\n<p data-start=\"270\" data-end=\"371\">Bleibe nachts in Geb\u00e4uden oder im Zelt. Wenn du doch hinaus musst, nutze Licht und Taschenlampen verantwortungsvoll \u2013 schaue dich vorher um.<\/p>\n<\/li>\n<li data-start=\"267\" data-end=\"371\">\n<p data-start=\"270\" data-end=\"371\">Beachte die Regeln des Parks, die Vorschriften von Community-Conservancies und die Anweisungen des Personals.<\/p>\n<\/li>\n<li data-start=\"267\" data-end=\"371\">\n<p data-start=\"270\" data-end=\"371\">Kinder stets in der N\u00e4he behalten und beaufsichtigen.<\/p>\n<\/li>\n<li data-start=\"267\" data-end=\"371\">\n<p data-start=\"270\" data-end=\"371\">Kenne die Notfallkontakte des Parks oder Gebiets und f\u00fchre bei Bedarf ein geladenes Handy, Satellitentelefon oder Funkger\u00e4t mit.<\/p>\n<\/li>\n<li data-start=\"267\" data-end=\"371\">\n<p data-start=\"270\" data-end=\"371\">Beobachte, fotografiere und genie\u00dfe die Wildtiere \u2013 stelle jedoch das Wohl der Tiere \u00fcber das perfekte Foto.<\/p>\n<article class=\"text-token-text-primary w-full focus:outline-none &#091;--shadow-height:45px&#093; has-data-writing-block:pointer-events-none has-data-writing-block:-mt-(--shadow-height) has-data-writing-block:pt-(--shadow-height) &#091;&amp;:has(&#091;data-writing-block&#093;)&gt;*&#093;:pointer-events-auto &#091;content-visibility:auto&#093; supports-&#091;content-visibility:auto&#093;:&#091;contain-intrinsic-size:auto_100lvh&#093; scroll-mt-&#091;calc(var(--header-height)+min(200px,max(70px,20svh)))&#093;\" dir=\"auto\" tabindex=\"-1\" data-turn-id=\"request-WEB:28dd07cf-e03f-4aa8-9e2c-a4fc64a015ca-18\" data-testid=\"conversation-turn-38\" data-scroll-anchor=\"true\" data-turn=\"assistant\">\n<div class=\"text-base my-auto mx-auto pb-10 &#091;--thread-content-margin:--spacing(4)&#093; thread-sm:&#091;--thread-content-margin:--spacing(6)&#093; thread-lg:&#091;--thread-content-margin:--spacing(16)&#093; px-(--thread-content-margin)\">\n<div class=\"&#091;--thread-content-max-width:40rem&#093; thread-lg:&#091;--thread-content-max-width:48rem&#093; mx-auto max-w-(--thread-content-max-width) flex-1 group\/turn-messages focus-visible:outline-hidden relative flex w-full min-w-0 flex-col agent-turn\" tabindex=\"-1\">\n<div class=\"flex max-w-full flex-col grow\">\n<div class=\"min-h-8 text-message relative flex w-full flex-col items-end gap-2 text-start break-words whitespace-normal &#091;.text-message+&amp;&#093;:mt-1\" dir=\"auto\" data-message-author-role=\"assistant\" data-message-id=\"5d24d5f8-e773-4767-8801-f8afc7f9fc62\" data-message-model-slug=\"gpt-5-mini\">\n<div class=\"flex w-full flex-col gap-1 empty:hidden first:pt-&#091;1px&#093;\">\n<div class=\"markdown prose dark:prose-invert w-full break-words light markdown-new-styling\"><\/div>\n<\/div>\n<\/div>\n<\/div>\n<div class=\"z-0 flex min-h-&#091;46px&#093; justify-start\"><\/div>\n<div class=\"mt-3 w-full empty:hidden\">\n<div class=\"text-center\"><\/div>\n<\/div>\n<\/div>\n<\/div>\n<\/article>\n<div class=\"pointer-events-none h-px w-px\" aria-hidden=\"true\" data-edge=\"true\"><\/div>\n<\/li>\n<\/ol>\n<\/li>\n<\/ol>\n<\/div>\n<\/div>\n<\/div>\n<\/div>\n<\/div>\n<\/div>\n<\/div>\n<\/div>\n<\/article>\n<\/div>\n<\/div>\n<\/div>\n<\/div>\n<\/div><\/div><div class=\"wpb_text_column us_custom_3daaba14\"><div class=\"wpb_wrapper\"><p>Mit diesen paar einfachen Tipps bist du bestens ger\u00fcstet, damit dein Selbstfahrer-Abenteuer in Namibia, Botswana und Umgebung nicht nur unvergesslich, sondern auch sicher f\u00fcr dich und die Tierwelt bleibt. Denk immer daran: Du bist zu Gast in der Welt der Tiere. Wer mit R\u00fccksicht und Respekt unterwegs ist, erlebt die Magie der Wildnis umso intensiver. Also: Anschnallen, tief durchatmen, die Weite genie\u00dfen und den Moment auskosten \u2013 aber aus sicherem Abstand &#8211; damit du trotz Abenteuerlust sicher unterwegs bist.<\/p>\n<\/div><\/div><\/div><\/div><\/div><\/div><\/div><\/div><\/div><\/div><\/div><\/section>\n","protected":false},"excerpt":{"rendered":"[vc_custom_heading text=\"Begegnungen mit Wildtieren\" font_container=\"tag:h3|text_align:left\" use_theme_fonts=\"yes\" css=\"%7B%22mobiles%22%3A%7B%22line-height%22%3A%2260px%22%7D%7D\"][vc_custom_heading text=\"WIE VERH\u00c4LT MAN SICH IN DER N\u00c4HE VON WILDTIEREN?\" use_theme_fonts=\"yes\" css=\"%7B%22default%22%3A%7B%22padding-bottom%22%3A%2220px%22%7D%7D\"]Auf deiner Selbstfahrer-Safari durch Namibia und die Nachbarl\u00e4nder wirst du fr\u00fcher oder sp\u00e4ter ganz sicher auf Wildtiere treffen \u2013 schlie\u00dflich bist du wohl genau deshalb hier. Damit sowohl du als auch die Tiere sicher bleiben, haben wir ein...","protected":false},"author":1,"featured_media":0,"parent":1970,"menu_order":0,"comment_status":"closed","ping_status":"closed","template":"","meta":{"footnotes":""},"class_list":["post-84769","page","type-page","status-publish","hentry"],"_links":{"self":[{"href":"https:\/\/kalaharicarhire.com\/de\/wp-json\/wp\/v2\/pages\/84769","targetHints":{"allow":["GET"]}}],"collection":[{"href":"https:\/\/kalaharicarhire.com\/de\/wp-json\/wp\/v2\/pages"}],"about":[{"href":"https:\/\/kalaharicarhire.com\/de\/wp-json\/wp\/v2\/types\/page"}],"author":[{"embeddable":true,"href":"https:\/\/kalaharicarhire.com\/de\/wp-json\/wp\/v2\/users\/1"}],"replies":[{"embeddable":true,"href":"https:\/\/kalaharicarhire.com\/de\/wp-json\/wp\/v2\/comments?post=84769"}],"version-history":[{"count":4,"href":"https:\/\/kalaharicarhire.com\/de\/wp-json\/wp\/v2\/pages\/84769\/revisions"}],"predecessor-version":[{"id":84773,"href":"https:\/\/kalaharicarhire.com\/de\/wp-json\/wp\/v2\/pages\/84769\/revisions\/84773"}],"up":[{"embeddable":true,"href":"https:\/\/kalaharicarhire.com\/de\/wp-json\/wp\/v2\/pages\/1970"}],"wp:attachment":[{"href":"https:\/\/kalaharicarhire.com\/de\/wp-json\/wp\/v2\/media?parent=84769"}],"curies":[{"name":"wp","href":"https:\/\/api.w.org\/{rel}","templated":true}]}}