{"id":80262,"date":"2025-07-09T14:55:36","date_gmt":"2025-07-09T14:55:36","guid":{"rendered":"https:\/\/kalaharicarhire.com\/wissenswertes\/wild-camping\/"},"modified":"2025-10-07T20:08:49","modified_gmt":"2025-10-07T20:08:49","slug":"wildcampen","status":"publish","type":"page","link":"https:\/\/kalaharicarhire.com\/de\/wissenswertes\/wildcampen\/","title":{"rendered":"Wildcampen"},"content":{"rendered":"<section class=\"l-section wpb_row us_custom_6df4bc3a has_text_color height_huge with_img\"><div class=\"l-section-img\" data-img-width=\"2500\" data-img-height=\"1875\" style=\"background-image: url(https:\/\/kalaharicarhire.com\/wp-content\/uploads\/2025\/10\/Wild-camping.jpg);background-repeat: no-repeat;\"><\/div><div class=\"l-section-h i-cf\"><div class=\"g-cols vc_row via_flex valign_middle type_default stacking_default\"><div class=\"vc_col-sm-1 wpb_column vc_column_container\"><div class=\"vc_column-inner\"><div class=\"wpb_wrapper\"><\/div><\/div><\/div><div class=\"vc_col-sm-10 wpb_column vc_column_container\"><div class=\"vc_column-inner\"><div class=\"wpb_wrapper\">[vc_custom_heading text=&#8220;Zelten in der Wildnis&#8220; font_container=&#8220;tag:h3|text_align:left&#8220; use_theme_fonts=&#8220;yes&#8220; css=&#8220;%7B%22mobiles%22%3A%7B%22line-height%22%3A%2260px%22%7D%7D&#8220;]<\/div><\/div><\/div><div class=\"vc_col-sm-1 wpb_column vc_column_container\"><div class=\"vc_column-inner\"><div class=\"wpb_wrapper\"><\/div><\/div><\/div><\/div><\/div><\/section><section class=\"l-section wpb_row us_custom_480e6f0b height_large color_alternate\"><div class=\"l-section-h i-cf\"><div class=\"g-cols vc_row via_flex valign_top type_default stacking_default\"><div class=\"vc_col-sm-12 wpb_column vc_column_container\"><div class=\"vc_column-inner\"><div class=\"wpb_wrapper\">[vc_custom_heading text=&#8220;WILDCAMPEN IN NAMIBIA: FREIHEIT, STERNE UND ACHTSAMES ABENTEUER&#8220; use_theme_fonts=&#8220;yes&#8220; css=&#8220;%7B%22default%22%3A%7B%22padding-bottom%22%3A%2220px%22%7D%7D&#8220;]<div class=\"wpb_text_column us_custom_432d3f53\"><div class=\"wpb_wrapper\"><p>Namibia ist ber\u00fchmt f\u00fcr seine weiten, menschenleeren Landschaften, sternenklaren Himmel und das unglaubliche Gef\u00fchl von Freiheit. Einige abenteuerlustige Reisende m\u00f6chten wild campen \u2013 also au\u00dferhalb offizieller Zeltpl\u00e4tze, in abgelegenen Gebieten ohne jegliche Infrastruktur \u00fcbernachten. Es bedeutet, komplett autark zu sein \u2013 mit eigenem Fahrzeug, Ausr\u00fcstung und gesundem Menschenverstand.<\/p>\n<p>Der Reiz? Absolute Einsamkeit, eine tiefe Verbindung zur Natur und das Aufwachen an einem wirklich wilden Ort.<\/p>\n<p>Doch so romantisch die Vorstellung auch klingt \u2013 die Realit\u00e4t ist deutlich komplexer. Wir raten vom Wildcampen ab, es sei denn, du verf\u00fcgst \u00fcber gute Ortskenntnisse und reist mit mindestens zwei Fahrzeugen. Gern erkl\u00e4ren wir dir warum.<\/p>\n<\/div><\/div>[vc_custom_heading text=&#8220;Fast nie im &#8222;Niemandsland&#8222;&#8220; font_container=&#8220;tag:h3|text_align:left&#8220; use_theme_fonts=&#8220;yes&#8220; css=&#8220;%7B%22default%22%3A%7B%22padding-bottom%22%3A%2220px%22%7D%7D&#8220;]<div class=\"wpb_text_column us_custom_432d3f53\"><div class=\"wpb_wrapper\"><p>Es mag so aussehen, als w\u00e4rst du mitten im Niemandsland \u2013 doch in Wirklichkeit ist das selten der Fall. Namibias Land geh\u00f6rt fast immer entweder zu einem Naturschutzgebiet, privatem Farmland oder zu kommunalem Land.<\/p>\n<ul>\n<li>In <strong>Naturschutzgebieten<\/strong> ist Zelten aus gutem Grund streng geregelt und ausschlie\u00dflich auf ausgewiesenen Campingpl\u00e4tzen erlaubt. Das dient dem Schutz der Umwelt und der Wildtiere \u2013 und auch deiner eigenen Sicherheit.<\/li>\n<li>Auf <strong>privatem Farmland<\/strong> geh\u00f6rt das Land jemandem. Wildes Campen ohne Erlaubnis gilt hier als unbefugtes Betreten und ist somit verboten und widerrechtlich. Hole dir immer zun\u00e4chst die Zustimmung des Landbesitzers ein, bevor du dort \u00fcbernachtest.<\/li>\n<li>In <strong>kommunalen Gebieten<\/strong> befindest du dich oft in der N\u00e4he eines Dorfs \u2013 auch wenn du es nicht sofort siehst. Diese Fl\u00e4chen werden von lokalen Gemeinschaften und traditionellen Autorit\u00e4ten verwaltet. Aus Respekt (und aus rechtlichen Gr\u00fcnden) solltest du immer den \u00f6rtlichen Chief oder die Gemeindef\u00fchrung um Erlaubnis fragen, bevor du dein Camp aufschl\u00e4gst.<\/li>\n<\/ul>\n<\/div><\/div>[vc_custom_heading text=&#8220;Du suchst Freiheit? Das geht auch legal und sicher!&#8220; font_container=&#8220;tag:h3|text_align:left&#8220; use_theme_fonts=&#8220;yes&#8220; css=&#8220;%7B%22default%22%3A%7B%22padding-bottom%22%3A%2220px%22%7D%7D&#8220;]<div class=\"wpb_text_column us_custom_432d3f53\"><div class=\"wpb_wrapper\"><p data-start=\"70\" data-end=\"250\">Wenn du einfach mal raus willst, die Ruhe genie\u00dfen und Namibias endlose Weite erleben m\u00f6chtest, gibt\u2019s gute Nachrichten: Das geht ganz wunderbar \u2013 auch auf offiziellen Campingpl\u00e4tzen.<\/p>\n<p data-start=\"252\" data-end=\"483\">Namibia, Botswana und S\u00fcdafrika sind gespickt mit atemberaubenden, gro\u00dfz\u00fcgigen offiziellen Zeltpl\u00e4tzen \u2013 viele auf privaten Farmen oder in Schutzgebieten. Die meisten sind genau daf\u00fcr gemacht, dir dieses echte \u201eMitten-im-Nirgendwo\u201c-Gef\u00fchl zu geben:<\/p>\n<ul data-start=\"485\" data-end=\"911\">\n<li data-start=\"485\" data-end=\"583\">\n<p data-start=\"487\" data-end=\"583\">Die einzelnen Zeltpl\u00e4tze liegen oft so weit auseinander, dass du deinen Camp-Nachbarn nicht siehst oder h\u00f6rst.<\/p>\n<\/li>\n<li data-start=\"584\" data-end=\"720\">\n<p data-start=\"586\" data-end=\"720\">Viele haben den Komfort\u00a0 eigener Waschr\u00e4ume, schattige Pl\u00e4tze und traumhafte Ausblicke \u2013 und trotzdem bleibt das Gef\u00fchl v\u00f6lliger Abgeschiedenheit.<\/p>\n<\/li>\n<li data-start=\"721\" data-end=\"911\">\n<p data-start=\"723\" data-end=\"911\">Fast alle werden von Menschen betrieben, die echt was f\u00fcr Umwelt und Gemeinschaft tun. Wenn du dort \u00fcbernachtest, unterst\u00fctzt du direkt lokale Jobs, Naturschutz und nachhaltigen Tourismus.<\/p>\n<\/li>\n<\/ul>\n<p data-start=\"913\" data-end=\"998\" data-is-last-node=\"\" data-is-only-node=\"\">Kurz gesagt: Du bekommst dein Freiheitsgef\u00fchl \u2013 nur eben auf sichere und faire Weise.<\/p>\n<\/div><\/div><div class=\"w-image align_none\"><div class=\"w-image-h\"><img loading=\"lazy\" decoding=\"async\" width=\"1024\" height=\"614\" src=\"https:\/\/kalaharicarhire.com\/wp-content\/uploads\/2025\/07\/official-campsites-are-wide-apart-1024x614.jpg\" class=\"attachment-large size-large\" alt=\"4x4 on official campsite in Namibia with lots of green landscape around\" srcset=\"https:\/\/kalaharicarhire.com\/wp-content\/uploads\/2025\/07\/official-campsites-are-wide-apart-1024x614.jpg 1024w, https:\/\/kalaharicarhire.com\/wp-content\/uploads\/2025\/07\/official-campsites-are-wide-apart-300x180.jpg 300w, https:\/\/kalaharicarhire.com\/wp-content\/uploads\/2025\/07\/official-campsites-are-wide-apart.jpg 1734w\" sizes=\"auto, (max-width: 1024px) 100vw, 1024px\" \/><\/div><\/div>[vc_custom_heading text=&#8220;Wie man verantwortungsvoll wild zeltet&#8220; font_container=&#8220;tag:h3|text_align:left&#8220; use_theme_fonts=&#8220;yes&#8220; css=&#8220;%7B%22default%22%3A%7B%22padding-bottom%22%3A%2220px%22%7D%7D&#8220;]<div class=\"wpb_text_column us_custom_3daaba14\"><div class=\"wpb_wrapper\"><p data-start=\"2971\" data-end=\"3289\">Wenn du mit Leuten unterwegs bist, die sich sehr gut auskennen, und mit mehreren Fahrzeugen reist, kannst du ruhig mal auf den Komfort von Duschen und Infrastruktur verzichten \u2013 und dich mitten in die Wildnis wagen. Aber beachte dabei unbedingt Folgendes:<\/p>\n<\/div><\/div><div class=\"wpb_text_column us_custom_3daaba14\"><div class=\"wpb_wrapper\"><div class=\"flex basis-auto flex-col -mb-(--composer-overlap-px) &#091;--composer-overlap-px:55px&#093; grow overflow-hidden\">\n<div class=\"relative h-full\">\n<div class=\"flex h-full flex-col overflow-y-auto &#091;scrollbar-gutter:stable_both-edges&#093; @&#091;84rem&#093;\/thread:pt-(--header-height)\">\n<div class=\"@thread-xl\/thread:pt-header-height flex flex-col text-sm pb-25\">\n<article class=\"text-token-text-primary w-full\" dir=\"auto\" data-testid=\"conversation-turn-2\" data-scroll-anchor=\"false\">\n<div class=\"text-base my-auto mx-auto py-5 &#091;--thread-content-margin:--spacing(4)&#093; @&#091;37rem&#093;:&#091;--thread-content-margin:--spacing(6)&#093; @&#091;72rem&#093;:&#091;--thread-content-margin:--spacing(16)&#093; px-(--thread-content-margin)\">\n<div class=\"&#091;--thread-content-max-width:32rem&#093; @&#091;34rem&#093;:&#091;--thread-content-max-width:40rem&#093; @&#091;64rem&#093;:&#091;--thread-content-max-width:48rem&#093; mx-auto flex max-w-(--thread-content-max-width) flex-1 text-base gap-4 md:gap-5 lg:gap-6 group\/turn-messages focus-visible:outline-hidden\" tabindex=\"-1\">\n<div class=\"group\/conversation-turn relative flex w-full min-w-0 flex-col agent-turn\">\n<div class=\"relative flex-col gap-1 md:gap-3\">\n<div class=\"flex max-w-full flex-col grow\">\n<div class=\"min-h-8 text-message relative flex w-full flex-col items-end gap-2 text-start break-words whitespace-normal &#091;.text-message+&amp;&#093;:mt-5\" dir=\"auto\" data-message-author-role=\"assistant\" data-message-id=\"034981f0-a29c-48ff-80a4-94c5e5c04347\" data-message-model-slug=\"gpt-4o\">\n<div class=\"flex w-full flex-col gap-1 empty:hidden first:pt-&#091;3px&#093;\">\n<div class=\"markdown prose dark:prose-invert w-full break-words light\">\n<ol>\n<li><strong>Hinterlasse keine Spuren<\/strong><br \/>\nNimm alles wieder mit \u2013 auch dein Toilettenpapier. M\u00fcll zu vergraben bringt nichts: In Namibias trockenem Klima verotten Dinge nicht so schnell.<\/li>\n<li><strong>Sei vorsichtig mit Feuer<br \/>\n<\/strong>Mach Feuer nur an offenen Stellen ohne Gras in der N\u00e4he. Achte auf Windb\u00f6en, die Funken oder gl\u00fchende Kohlen verwehen k\u00f6nnten. Buschbr\u00e4nde entstehen schneller, als man denkt.<\/li>\n<li><strong>Sch\u00fctze dich und die Tiere<\/strong><br \/>\nF\u00fcttere keine Wildtiere. Bewahre Lebensmittel sicher auf und nimm dich in Acht vor Raubtieren und anderen Lebewesen die sich deinem Camp n\u00e4hern &#8211; besonders nachts.<\/li>\n<li><strong>Bitte um Erlaubnis<\/strong><br \/>\nWenn du auf Farm- oder Kommunalland bist, frag vorher, ob du dort \u00fcbernachten darfst.<\/li>\n<li><strong>Bleib unauff\u00e4llig<\/strong><br \/>\nSchlag dein Camp erst am sp\u00e4ten Nachmittag auf und brich fr\u00fch am Morgen wieder auf. W\u00e4hle Pl\u00e4tze abseits von Stra\u00dfen oder Wasserstellen.<\/li>\n<\/ol>\n<\/div>\n<\/div>\n<\/div>\n<\/div>\n<\/div>\n<\/div>\n<\/div>\n<\/div>\n<\/article>\n<\/div>\n<\/div>\n<\/div>\n<\/div>\n<\/div><\/div>[vc_custom_heading text=&#8220;Was man braucht&#8220; font_container=&#8220;tag:h3|text_align:left&#8220; use_theme_fonts=&#8220;yes&#8220; css=&#8220;%7B%22default%22%3A%7B%22padding-bottom%22%3A%2220px%22%7D%7D&#8220;]<div class=\"wpb_text_column us_custom_432d3f53\"><div class=\"wpb_wrapper\"><div class=\"flex basis-auto flex-col -mb-(--composer-overlap-px) &#091;--composer-overlap-px:55px&#093; grow overflow-hidden\">\n<div class=\"relative h-full\">\n<div class=\"flex h-full flex-col overflow-y-auto &#091;scrollbar-gutter:stable_both-edges&#093; @&#091;84rem&#093;\/thread:pt-(--header-height)\">\n<div class=\"@thread-xl\/thread:pt-header-height flex flex-col text-sm pb-25\">\n<article class=\"text-token-text-primary w-full\" dir=\"auto\" data-testid=\"conversation-turn-2\" data-scroll-anchor=\"false\">\n<div class=\"text-base my-auto mx-auto py-5 &#091;--thread-content-margin:--spacing(4)&#093; @&#091;37rem&#093;:&#091;--thread-content-margin:--spacing(6)&#093; @&#091;72rem&#093;:&#091;--thread-content-margin:--spacing(16)&#093; px-(--thread-content-margin)\">\n<div class=\"&#091;--thread-content-max-width:32rem&#093; @&#091;34rem&#093;:&#091;--thread-content-max-width:40rem&#093; @&#091;64rem&#093;:&#091;--thread-content-max-width:48rem&#093; mx-auto flex max-w-(--thread-content-max-width) flex-1 text-base gap-4 md:gap-5 lg:gap-6 group\/turn-messages focus-visible:outline-hidden\" tabindex=\"-1\">\n<div class=\"group\/conversation-turn relative flex w-full min-w-0 flex-col agent-turn\">\n<div class=\"relative flex-col gap-1 md:gap-3\">\n<div class=\"flex max-w-full flex-col grow\">\n<div class=\"min-h-8 text-message relative flex w-full flex-col items-end gap-2 text-start break-words whitespace-normal &#091;.text-message+&amp;&#093;:mt-5\" dir=\"auto\" data-message-author-role=\"assistant\" data-message-id=\"034981f0-a29c-48ff-80a4-94c5e5c04347\" data-message-model-slug=\"gpt-4o\">\n<div class=\"flex w-full flex-col gap-1 empty:hidden first:pt-&#091;3px&#093;\">\n<div class=\"markdown prose dark:prose-invert w-full break-words light\">\n<p data-start=\"19\" data-end=\"269\">Um wild zu campen \u2013 komfortabel und sicher \u2013 empfiehlt es sich, erst ein paar N\u00e4chte auf offiziellen Zeltpl\u00e4tzen zu verbringen, um sich einzuspielen, bevor es komplett autark wird. Abgesehen von Essen und Trinken brauchst du in der Regel:<\/p>\n<ul data-start=\"271\" data-end=\"702\" data-is-last-node=\"\" data-is-only-node=\"\">\n<li data-start=\"271\" data-end=\"325\">\n<p data-start=\"273\" data-end=\"325\">Einen gut ausgestatteten Allrad mit Campingausr\u00fcstung<\/p>\n<\/li>\n<li data-start=\"271\" data-end=\"325\">\n<p data-start=\"273\" data-end=\"325\">Eine Gruppe guter Mitstreiter und ihre 4\u00d74-Fahrzeuge<\/p>\n<\/li>\n<li data-start=\"396\" data-end=\"466\">\n<p data-start=\"398\" data-end=\"466\">Etwa 7\u202fLiter Wasser pro Person und Tag (je nach Waschbed\u00fcrfnissen)<\/p>\n<\/li>\n<li data-start=\"467\" data-end=\"520\">\n<p data-start=\"469\" data-end=\"520\">Eventuell zus\u00e4tzlichen Sprit und Ersatzbatterien<\/p>\n<\/li>\n<li data-start=\"521\" data-end=\"588\">\n<p data-start=\"523\" data-end=\"588\">Eine gute Karte und GPS (Handysignal gibt es oft nicht)<\/p>\n<\/li>\n<li data-start=\"589\" data-end=\"659\">\n<p data-start=\"591\" data-end=\"659\">Grundlegende Werkzeuge, eine Schaufel und einen Erste-Hilfe-Kasten<\/p>\n<\/li>\n<li data-start=\"660\" data-end=\"702\" data-is-last-node=\"\">\n<p data-start=\"662\" data-end=\"702\" data-is-last-node=\"\">M\u00fclls\u00e4cke und biologisch abbaubare Seife<\/p>\n<\/li>\n<\/ul>\n<ul>\n<li style=\"list-style-type: none;\"><\/li>\n<\/ul>\n<\/div>\n<\/div>\n<\/div>\n<\/div>\n<\/div>\n<\/div>\n<\/div>\n<\/div>\n<\/article>\n<\/div>\n<\/div>\n<\/div>\n<\/div>\n<\/div><\/div>[vc_custom_heading text=&#8220;Genie\u00dfe die Wildnis bewusst&#8220; font_container=&#8220;tag:h3|text_align:left&#8220; use_theme_fonts=&#8220;yes&#8220; css=&#8220;%7B%22default%22%3A%7B%22padding-bottom%22%3A%2220px%22%7D%7D&#8220;]<div class=\"wpb_text_column us_custom_432d3f53\"><div class=\"wpb_wrapper\"><p data-start=\"30\" data-end=\"342\">Namibia und Umgebung ist ein Traum f\u00fcr alle, die Freiheit und Abenteuer lieben \u2013 aber wichtig sind Respekt f\u00fcr Natur, Leute und Land. Wildcampen klingt zwar nach dem ultimativen Erlebnis, aber meistens kannst du die ganze Sch\u00f6nheit und Ruhe auch genie\u00dfen, ohne unn\u00f6tige Risiken einzugehen oder Gesetze zu brechen.<\/p>\n<p data-start=\"344\" data-end=\"648\" data-is-last-node=\"\" data-is-only-node=\"\">Such dir deine Campsites clever aus, unterst\u00fctze lokale Communities und Naturschutzbem\u00fchungen, reise verantwortungsbewusst \u2013 und du wirst trotzdem dieses einmalige Gef\u00fchl von Schwerelosigkeit bekommen wenn man direkt unter den Sternen schl\u00e4ft, niemanden um dich herum \u2013 au\u00dfer vielleicht einem Schakal, der irgendwo in der Ferne ruft.<\/p>\n<\/div><\/div><div class=\"w-image align_none\"><div class=\"w-image-h\"><img loading=\"lazy\" decoding=\"async\" width=\"1024\" height=\"615\" src=\"https:\/\/kalaharicarhire.com\/wp-content\/uploads\/2025\/10\/View-from-rooftop-tent-1-1024x615.jpg\" class=\"attachment-large size-large\" alt=\"View from inside rooftop tent into sunrise over acacia trees\" srcset=\"https:\/\/kalaharicarhire.com\/wp-content\/uploads\/2025\/10\/View-from-rooftop-tent-1-1024x615.jpg 1024w, https:\/\/kalaharicarhire.com\/wp-content\/uploads\/2025\/10\/View-from-rooftop-tent-1-300x180.jpg 300w, https:\/\/kalaharicarhire.com\/wp-content\/uploads\/2025\/10\/View-from-rooftop-tent-1.jpg 1734w\" sizes=\"auto, (max-width: 1024px) 100vw, 1024px\" \/><\/div><\/div><\/div><\/div><\/div><\/div><\/div><\/section>\n","protected":false},"excerpt":{"rendered":"[vc_custom_heading text=\"Zelten in der Wildnis\" font_container=\"tag:h3|text_align:left\" use_theme_fonts=\"yes\" css=\"%7B%22mobiles%22%3A%7B%22line-height%22%3A%2260px%22%7D%7D\"][vc_custom_heading text=\"WILDCAMPEN IN NAMIBIA: FREIHEIT, STERNE UND ACHTSAMES ABENTEUER\" use_theme_fonts=\"yes\" css=\"%7B%22default%22%3A%7B%22padding-bottom%22%3A%2220px%22%7D%7D\"]Namibia ist ber\u00fchmt f\u00fcr seine weiten, menschenleeren Landschaften, sternenklaren Himmel und das unglaubliche Gef\u00fchl von Freiheit. Einige abenteuerlustige Reisende m\u00f6chten wild campen \u2013 also au\u00dferhalb offizieller Zeltpl\u00e4tze, in abgelegenen Gebieten ohne jegliche Infrastruktur \u00fcbernachten. Es bedeutet, komplett autark...","protected":false},"author":1,"featured_media":0,"parent":1970,"menu_order":0,"comment_status":"closed","ping_status":"closed","template":"","meta":{"footnotes":""},"class_list":["post-80262","page","type-page","status-publish","hentry"],"_links":{"self":[{"href":"https:\/\/kalaharicarhire.com\/de\/wp-json\/wp\/v2\/pages\/80262","targetHints":{"allow":["GET"]}}],"collection":[{"href":"https:\/\/kalaharicarhire.com\/de\/wp-json\/wp\/v2\/pages"}],"about":[{"href":"https:\/\/kalaharicarhire.com\/de\/wp-json\/wp\/v2\/types\/page"}],"author":[{"embeddable":true,"href":"https:\/\/kalaharicarhire.com\/de\/wp-json\/wp\/v2\/users\/1"}],"replies":[{"embeddable":true,"href":"https:\/\/kalaharicarhire.com\/de\/wp-json\/wp\/v2\/comments?post=80262"}],"version-history":[{"count":6,"href":"https:\/\/kalaharicarhire.com\/de\/wp-json\/wp\/v2\/pages\/80262\/revisions"}],"predecessor-version":[{"id":80269,"href":"https:\/\/kalaharicarhire.com\/de\/wp-json\/wp\/v2\/pages\/80262\/revisions\/80269"}],"up":[{"embeddable":true,"href":"https:\/\/kalaharicarhire.com\/de\/wp-json\/wp\/v2\/pages\/1970"}],"wp:attachment":[{"href":"https:\/\/kalaharicarhire.com\/de\/wp-json\/wp\/v2\/media?parent=80262"}],"curies":[{"name":"wp","href":"https:\/\/api.w.org\/{rel}","templated":true}]}}