{"id":79890,"date":"2025-10-06T14:34:36","date_gmt":"2025-10-06T14:34:36","guid":{"rendered":"https:\/\/kalaharicarhire.com\/wissenswertes\/visa-namibia\/"},"modified":"2025-10-20T14:39:26","modified_gmt":"2025-10-20T14:39:26","slug":"visa-namibia","status":"publish","type":"page","link":"https:\/\/kalaharicarhire.com\/de\/wissenswertes\/visa-namibia\/","title":{"rendered":"Visa f\u00fcr Namibia"},"content":{"rendered":"<section class=\"l-section wpb_row us_custom_6df4bc3a has_text_color height_huge with_img\"><div class=\"l-section-img\" data-img-width=\"2500\" data-img-height=\"1667\" style=\"background-image: url(https:\/\/kalaharicarhire.com\/wp-content\/uploads\/2025\/10\/Travel-to-Namibia.jpg);background-repeat: no-repeat;\"><\/div><div class=\"l-section-h i-cf\"><div class=\"g-cols vc_row via_flex valign_middle type_default stacking_default\"><div class=\"vc_col-sm-1 wpb_column vc_column_container\"><div class=\"vc_column-inner\"><div class=\"wpb_wrapper\"><\/div><\/div><\/div><div class=\"vc_col-sm-10 wpb_column vc_column_container\"><div class=\"vc_column-inner\"><div class=\"wpb_wrapper\">[vc_custom_heading text=&#8220;Visum f\u00fcr die Einreise nach Namibia&#8220; font_container=&#8220;tag:h3|text_align:left&#8220; use_theme_fonts=&#8220;yes&#8220;]<\/div><\/div><\/div><div class=\"vc_col-sm-1 wpb_column vc_column_container\"><div class=\"vc_column-inner\"><div class=\"wpb_wrapper\"><\/div><\/div><\/div><\/div><\/div><\/section><section class=\"l-section wpb_row us_custom_480e6f0b height_large color_alternate\"><div class=\"l-section-h i-cf\"><div class=\"g-cols vc_row via_flex valign_top type_default stacking_default\"><div class=\"vc_col-sm-12 wpb_column vc_column_container\"><div class=\"vc_column-inner\"><div class=\"wpb_wrapper\">[vc_custom_heading text=&#8220;BRAUCHE ICH F\u00dcR NAMIBIA EIN VISUM&#8220; font_container=&#8220;tag:h1|text_align:left&#8220; use_theme_fonts=&#8220;yes&#8220; css=&#8220;%7B%22default%22%3A%7B%22padding-bottom%22%3A%2220px%22%7D%7D&#8220;]<div class=\"wpb_text_column us_custom_432d3f53\"><div class=\"wpb_wrapper\"><p data-start=\"0\" data-end=\"307\">Im April 2015 hat Namibia seine Einreisebestimmungen ge\u00e4ndert. <strong>Viele Besucher die fr\u00fcher kein Visum brauchten, ben\u00f6tigen jetzt eins.<\/strong><\/p>\n<p data-start=\"0\" data-end=\"307\">Einige Besucher Namibias ben\u00f6tigen f\u00fcr touristische Aufenthalte von bis zu 90 Tagen kein Visum, aber Reisende aus folgenden L\u00e4ndern m\u00fcssen rechtzeitig im Voraus ein Visum beantragen oder ein Visa bei Ankunft (Visa on Arrival) beantragen:<\/p>\n<\/div><\/div><div class=\"w-image us_custom_539f15ee align_none\"><div class=\"w-image-h\"><img loading=\"lazy\" decoding=\"async\" width=\"680\" height=\"373\" src=\"https:\/\/kalaharicarhire.com\/wp-content\/uploads\/2025\/10\/Visitors-from-the-following-countries-need-a-visa-1.png\" class=\"attachment-large size-large\" alt=\"List of countries of origin showing which visitors require a visa to enter Namibia\" srcset=\"https:\/\/kalaharicarhire.com\/wp-content\/uploads\/2025\/10\/Visitors-from-the-following-countries-need-a-visa-1.png 680w, https:\/\/kalaharicarhire.com\/wp-content\/uploads\/2025\/10\/Visitors-from-the-following-countries-need-a-visa-1-300x165.png 300w\" sizes=\"auto, (max-width: 680px) 100vw, 680px\" \/><\/div><\/div><div class=\"w-btn-wrapper align_none\"><a class=\"w-btn us-btn-style_1 us_custom_8e09cc6b\" href=\"https:\/\/kalaharicarhire.com\/wp-content\/uploads\/2025\/10\/Fact-Sheet_Visa-Requirements-Namibia-compressed.pdf\"><span class=\"w-btn-label\">VISA INFOBLATT RUNTERLADEN<\/span><\/a><\/div>[vc_custom_heading text=&#8220;Wie beantragt man Visa&#8220; use_theme_fonts=&#8220;yes&#8220; css=&#8220;%7B%22default%22%3A%7B%22padding-bottom%22%3A%2220px%22%7D%7D&#8220;]<div class=\"wpb_text_column us_custom_432d3f53\"><div class=\"wpb_wrapper\"><ul>\n<li data-start=\"46\" data-end=\"239\">\n<p data-start=\"0\" data-end=\"498\"><strong data-start=\"0\" data-end=\"32\">Online im Voraus (EMPFOHLEN)<\/strong><br data-start=\"32\" data-end=\"35\" \/>Man kann das Visum einfach online \u00fcber die Website des Ministry of Home Affairs, Immigration, Safety and Security (MHAISS) beantragen: <a class=\"decorated-link\" href=\"https:\/\/eservices.mhaiss.gov.na\" target=\"_new\" rel=\"noopener\" data-start=\"168\" data-end=\"234\">https:\/\/eservices.mhaiss.gov.na<\/a>.<br data-start=\"235\" data-end=\"238\" \/>Die Bearbeitungszeit f\u00fcr den Online-Antrag betr\u00e4gt etwa 48 Stunden. <strong>Drucke unbedingt alle relevanten Unterlagen sowie den Zahlungsnachweis aus und bringe diese mit<\/strong>, um sie bei der Einreise den Beamten vorzuzeigen.<\/p>\n<\/li>\n<li data-start=\"46\" data-end=\"239\">\n<p data-start=\"0\" data-end=\"498\">Bei der Einreise (mit l\u00e4ngeren Wartezeiten rechnen)<br data-start=\"555\" data-end=\"558\" \/>Der Visumantrag kann auch bei der Ankunft an MANCHEN ausgewiesenen namibischen Grenzposten ausgef\u00fcllt werden (siehe Liste der Einreisestellen im Infoblatt).<\/p>\n<\/li>\n<\/ul>\n<\/div><\/div><div class=\"w-image us_custom_539f15ee align_none\"><div class=\"w-image-h\"><img loading=\"lazy\" decoding=\"async\" width=\"613\" height=\"422\" src=\"https:\/\/kalaharicarhire.com\/wp-content\/uploads\/2025\/10\/Ports-of-Entry-that-enable-E-Visa-AND-VisaOnArrival.png\" class=\"attachment-large size-large\" alt=\"List and map of Namibia showing Ports of Entry that enable E-Visa AND VisaOnArrival Process\" srcset=\"https:\/\/kalaharicarhire.com\/wp-content\/uploads\/2025\/10\/Ports-of-Entry-that-enable-E-Visa-AND-VisaOnArrival.png 613w, https:\/\/kalaharicarhire.com\/wp-content\/uploads\/2025\/10\/Ports-of-Entry-that-enable-E-Visa-AND-VisaOnArrival-300x207.png 300w\" sizes=\"auto, (max-width: 613px) 100vw, 613px\" \/><\/div><\/div>[vc_custom_heading text=&#8220;Wieviel kostet das Visum&#8220; use_theme_fonts=&#8220;yes&#8220; css=&#8220;%7B%22default%22%3A%7B%22padding-bottom%22%3A%2220px%22%7D%7D&#8220;]<div class=\"wpb_text_column us_custom_432d3f53\"><div class=\"wpb_wrapper\"><p>Folgende Geb\u00fchren fallen f\u00fcr ein Urlaubs-\/Touristenvisum an:<br \/>\n\u2022 N$ 1 600 (grob EUR 90) f\u00fcr B\u00fcrger aus nicht-Afrika Staaten<br \/>\n\u2022 N$ 1 200 (grob EUR 70) f\u00fcr B\u00fcrger aus Afrika Staaten<\/p>\n<\/div><\/div>[vc_custom_heading text=&#8220;N\u00f6tige Dokumente f\u00fcr den Antrag&#8220; use_theme_fonts=&#8220;yes&#8220; css=&#8220;%7B%22default%22%3A%7B%22padding-bottom%22%3A%2220px%22%7D%7D&#8220;]<div class=\"wpb_text_column us_custom_3daaba14\"><div class=\"wpb_wrapper\"><ul>\n<li data-start=\"393\" data-end=\"479\">G\u00fcltiger\u00a0 Reisepass (mindestens 6 Monate g\u00fcltig bei Einreise und zwei freie Seiten)<\/li>\n<li data-start=\"393\" data-end=\"479\">Ausgef\u00fcllte Visa-Form<\/li>\n<li data-start=\"393\" data-end=\"479\">Best\u00e4tigung der Unterkunft (Hotelbuchung oder Einladungsschreiben)<\/li>\n<li data-start=\"393\" data-end=\"479\">Best\u00e4tigung ausreichender finanzieller Mittel<\/li>\n<li data-start=\"393\" data-end=\"479\">Reiseplan<\/li>\n<li data-start=\"393\" data-end=\"479\">Reise-\/Krankenversicherung<\/li>\n<li data-start=\"393\" data-end=\"479\">Vollst\u00e4ndige Geburtsurkunde oder Zustimmungserkl\u00e4rung der Eltern, wenn mit Kindern gereist wird<\/li>\n<\/ul>\n<\/div><\/div><div class=\"wpb_text_column us_custom_432d3f53\"><div class=\"wpb_wrapper\"><p data-start=\"0\" data-end=\"307\">HINWEIS: Diese Seite bietet nur eine zusammengefasste \u00dcbersicht einiger Infos. <strong>F\u00fcr vollst\u00e4ndige und aktuelle Angaben besuche bitte die offizielle Regierungswebsite.<\/strong> Wir \u00fcbernehmen keine Haftung f\u00fcr eventuelle Abweichungen oder veraltete Informationen.<\/p>\n<\/div><\/div><div class=\"w-btn-wrapper align_none\"><a class=\"w-btn us-btn-style_1\" target=\"_blank\" rel=\"nofollow noopener\" href=\"https:\/\/eservices.mhaiss.gov.na\/\"><span class=\"w-btn-label\">ZUR OFFIZIELLEN VISA WEBPAGE<\/span><\/a><\/div>[vc_custom_heading text=&#8220;Reisen mit Kindern&#8220; use_theme_fonts=&#8220;yes&#8220; css=&#8220;%7B%22default%22%3A%7B%22padding-bottom%22%3A%2220px%22%7D%7D&#8220;]<div class=\"wpb_text_column us_custom_432d3f53\"><div class=\"wpb_wrapper\"><p data-start=\"0\" data-end=\"127\">Wenn du mit Kindern reist die unter 18 Jahre alt sind, musst du zus\u00e4tzlich zum Reisepass des Kindes an der Grenze folgende Dokumente vorlegen:<\/p>\n<ul data-start=\"129\" data-end=\"442\" data-is-last-node=\"\" data-is-only-node=\"\">\n<li data-start=\"129\" data-end=\"171\">\n<p data-start=\"131\" data-end=\"171\"><strong data-start=\"131\" data-end=\"169\">Original-Geburtsurkunde des Kindes<\/strong><\/p>\n<\/li>\n<li data-start=\"172\" data-end=\"323\">\n<p data-start=\"174\" data-end=\"323\"><strong data-start=\"174\" data-end=\"217\">Einverst\u00e4ndniserkl\u00e4rung des Elternteils<\/strong>, der das Kind <strong data-start=\"232\" data-end=\"251\" data-is-only-node=\"\">nicht begleitet<\/strong> (gilt, wenn das Kind nur mit einem oder ohne beide Elternteile reist)<\/p>\n<\/li>\n<li data-start=\"324\" data-end=\"442\" data-is-last-node=\"\">\n<p data-start=\"326\" data-end=\"442\" data-is-last-node=\"\"><strong data-start=\"326\" data-end=\"335\">Visum<\/strong> (alle Reisenden die nicht aus visumbefreiten L\u00e4ndern stammen, ben\u00f6tigen ein Visum \u2013 unabh\u00e4ngig vom Alter)<\/p>\n<\/li>\n<\/ul>\n<\/div><\/div><\/div><\/div><\/div><div class=\"vc_col-sm-12 wpb_column vc_column_container\"><div class=\"vc_column-inner\"><div class=\"wpb_wrapper\"><\/div><\/div><\/div><\/div><\/div><\/section>\n","protected":false},"excerpt":{"rendered":"[vc_custom_heading text=\"Visum f\u00fcr die Einreise nach Namibia\" font_container=\"tag:h3|text_align:left\" use_theme_fonts=\"yes\"][vc_custom_heading text=\"BRAUCHE ICH F\u00dcR NAMIBIA EIN VISUM\" font_container=\"tag:h1|text_align:left\" use_theme_fonts=\"yes\" css=\"%7B%22default%22%3A%7B%22padding-bottom%22%3A%2220px%22%7D%7D\"]Im April 2015 hat Namibia seine Einreisebestimmungen ge\u00e4ndert. Viele Besucher die fr\u00fcher kein Visum brauchten, ben\u00f6tigen jetzt eins. Einige Besucher Namibias ben\u00f6tigen f\u00fcr touristische Aufenthalte von bis zu 90 Tagen kein Visum, aber Reisende aus folgenden L\u00e4ndern m\u00fcssen...","protected":false},"author":1,"featured_media":0,"parent":1970,"menu_order":0,"comment_status":"closed","ping_status":"closed","template":"","meta":{"footnotes":""},"class_list":["post-79890","page","type-page","status-publish","hentry"],"_links":{"self":[{"href":"https:\/\/kalaharicarhire.com\/de\/wp-json\/wp\/v2\/pages\/79890","targetHints":{"allow":["GET"]}}],"collection":[{"href":"https:\/\/kalaharicarhire.com\/de\/wp-json\/wp\/v2\/pages"}],"about":[{"href":"https:\/\/kalaharicarhire.com\/de\/wp-json\/wp\/v2\/types\/page"}],"author":[{"embeddable":true,"href":"https:\/\/kalaharicarhire.com\/de\/wp-json\/wp\/v2\/users\/1"}],"replies":[{"embeddable":true,"href":"https:\/\/kalaharicarhire.com\/de\/wp-json\/wp\/v2\/comments?post=79890"}],"version-history":[{"count":7,"href":"https:\/\/kalaharicarhire.com\/de\/wp-json\/wp\/v2\/pages\/79890\/revisions"}],"predecessor-version":[{"id":82469,"href":"https:\/\/kalaharicarhire.com\/de\/wp-json\/wp\/v2\/pages\/79890\/revisions\/82469"}],"up":[{"embeddable":true,"href":"https:\/\/kalaharicarhire.com\/de\/wp-json\/wp\/v2\/pages\/1970"}],"wp:attachment":[{"href":"https:\/\/kalaharicarhire.com\/de\/wp-json\/wp\/v2\/media?parent=79890"}],"curies":[{"name":"wp","href":"https:\/\/api.w.org\/{rel}","templated":true}]}}