{"id":62885,"date":"2025-07-01T16:23:17","date_gmt":"2025-07-01T16:23:17","guid":{"rendered":"https:\/\/kalaharicarhire.com\/?page_id=62885"},"modified":"2025-07-03T09:52:41","modified_gmt":"2025-07-03T09:52:41","slug":"neuer-toyota-hilux-2-8-4x4-automatik-mietwagen","status":"publish","type":"page","link":"https:\/\/kalaharicarhire.com\/de\/autos\/neuer-toyota-hilux-2-8-4x4-automatik-mietwagen\/","title":{"rendered":"Neuer Allrad Doppelkabiner Automatik 2.8"},"content":{"rendered":"<section class=\"l-section wpb_row us_custom_6df4bc3a has_text_color height_large with_img\"><div class=\"l-section-img\" data-img-width=\"2560\" data-img-height=\"1707\" style=\"background-image: url(https:\/\/kalaharicarhire.com\/wp-content\/uploads\/2025\/07\/Toyota-Hilux-4x4-rental-car-on-gravel-road-infront-of-Spitzkoppe-Namibia-scaled.jpg);background-position: center left;background-repeat: no-repeat;\"><\/div><div class=\"l-section-h i-cf\"><div class=\"g-cols vc_row via_flex valign_middle type_default stacking_default\"><div class=\"vc_col-sm-1 wpb_column vc_column_container\"><div class=\"vc_column-inner\"><div class=\"wpb_wrapper\"><\/div><\/div><\/div><div class=\"vc_col-sm-10 wpb_column vc_column_container\"><div class=\"vc_column-inner\"><div class=\"wpb_wrapper\">[vc_custom_heading text=&#8220;NEUER AUTOMATIK 4X4 DOPPELKABINER MIETWAGEN MIT EXTRA POWER&#8220; font_container=&#8220;tag:h1|text_align:left&#8220; use_theme_fonts=&#8220;yes&#8220; css=&#8220;%7B%22mobiles%22%3A%7B%22line-height%22%3A%2260px%22%7D%7D&#8220;]<\/div><\/div><\/div><div class=\"vc_col-sm-1 wpb_column vc_column_container\"><div class=\"vc_column-inner\"><div class=\"wpb_wrapper\"><\/div><\/div><\/div><\/div><\/div><\/section><section class=\"l-section wpb_row us_custom_480e6f0b height_large color_alternate\"><div class=\"l-section-h i-cf\"><div class=\"g-cols vc_row via_flex valign_top type_default stacking_default\"><div class=\"vc_col-sm-12 wpb_column vc_column_container\"><div class=\"vc_column-inner\"><div class=\"wpb_wrapper\">[vc_custom_heading text=&#8220;MIETE EINEN TOYOTA HILUX 2.8 ALLRAD AUTOMATIK&#8220; use_theme_fonts=&#8220;yes&#8220; css=&#8220;%7B%22default%22%3A%7B%22padding-bottom%22%3A%2220px%22%7D%7D&#8220;]<div class=\"wpb_text_column\"><div class=\"wpb_wrapper\"><p style=\"text-align: left;\"><strong>Der CONNOISSEUR AT 2.8:<br \/>\n<\/strong>Toyota Hilux 2024\/2025 2.8 4&#215;4 Automatik (oder \u00e4hnlich). Ob Du Namibia auf eigene Faust entdecken oder abgelegene Orte f\u00fcr den Job erreichen willst \u2013 mit diesem starken, zuverl\u00e4ssigen Pickup bist Du bestens ger\u00fcstet. Der 2.8-Liter-Dieselmotor sorgt f\u00fcr kraftvollen Antrieb, das Automatikgetriebe f\u00fcr entspanntes Fahren \u2013 auf Asphalt ebenso wie im Gel\u00e4nde.<\/p>\n<p data-start=\"593\" data-end=\"733\">Dieser Hilux Doppelkabiner bietet Dir Platz f\u00fcr bis zu 5 Personen und eine gro\u00dfe, abschlie\u00dfbare Ladefl\u00e4che \u2013 ideal f\u00fcr Koffer, Ausr\u00fcstung oder Campingausr\u00fcstung.<\/p>\n<p data-start=\"735\" data-end=\"969\"><strong data-start=\"735\" data-end=\"788\">Planst Du eine Reise mit zwei Hardtop-Dachzelten?<\/strong> Dann empfehlen wir Dir unbedingt diese 2.8-Variante anstelle dem 2.4. Der sp\u00fcrbare Leistungsunterschied macht sich vor allem bei voller Beladung bemerkbar \u2013 f\u00fcr mehr Fahrspa\u00df und Komfort.<\/p>\n<p data-start=\"0\" data-end=\"206\">Verf\u00fcgbar ab N$ 2 277 (ca. \u20ac 113 \/ USD 126) pro Tag. Standard Selbstbeteiligung der Versicherung: N$ 40.000 (ca. \u20ac 2.000 \/ USD 2 350). Optionen zur Reduzierung der Selbstbeteiligung auf N$0 sind verf\u00fcgbar.<\/p>\n<p data-start=\"208\" data-end=\"269\" data-is-last-node=\"\" data-is-only-node=\"\">Erh\u00e4ltlich mit oder ohne Campingausstattung f\u00fcr 1\u20135 Personen.<\/p>\n<\/div><\/div><\/div><\/div><\/div><\/div><\/div><\/section><section class=\"l-section wpb_row height_auto\"><div class=\"l-section-h i-cf\"><div class=\"g-cols vc_row via_flex valign_top type_default stacking_default\"><div class=\"vc_col-sm-4 wpb_column vc_column_container\"><div class=\"vc_column-inner\"><div class=\"wpb_wrapper\"><div class=\"w-image align_none\"><div class=\"w-image-h\"><img loading=\"lazy\" decoding=\"async\" width=\"300\" height=\"225\" src=\"https:\/\/kalaharicarhire.com\/wp-content\/uploads\/2022\/10\/CONNOISSEUR-TOYOTA-NO-TENT-2-300x225.png\" class=\"attachment-medium size-medium\" alt=\"White automatic 4x4 pickup doublecabin without camping\" srcset=\"https:\/\/kalaharicarhire.com\/wp-content\/uploads\/2022\/10\/CONNOISSEUR-TOYOTA-NO-TENT-2-300x225.png 300w, https:\/\/kalaharicarhire.com\/wp-content\/uploads\/2022\/10\/CONNOISSEUR-TOYOTA-NO-TENT-2.png 1000w\" sizes=\"auto, (max-width: 300px) 100vw, 300px\" \/><\/div><\/div><div class=\"wpb_text_column us_custom_2ae65f69\"><div class=\"wpb_wrapper\"><p style=\"text-align: left;\">Neuer 2.8 Automatik 4&#215;4<\/p>\n<\/div><\/div><\/div><\/div><\/div><div class=\"vc_col-sm-4 wpb_column vc_column_container\"><div class=\"vc_column-inner\"><div class=\"wpb_wrapper\"><div class=\"w-image align_none\"><div class=\"w-image-h\"><img loading=\"lazy\" decoding=\"async\" width=\"300\" height=\"225\" src=\"https:\/\/kalaharicarhire.com\/wp-content\/uploads\/2022\/10\/CONNOISSEUR-TOYOTA-with-softshell-tent-1000x750-1-300x225.png\" class=\"attachment-medium size-medium\" alt=\"Toyota Hilux Automatik 4x4 mit einem Dachzelt und Campingausr\u00fcstung f\u00fcr zwei\" srcset=\"https:\/\/kalaharicarhire.com\/wp-content\/uploads\/2022\/10\/CONNOISSEUR-TOYOTA-with-softshell-tent-1000x750-1-300x225.png 300w, https:\/\/kalaharicarhire.com\/wp-content\/uploads\/2022\/10\/CONNOISSEUR-TOYOTA-with-softshell-tent-1000x750-1.png 1000w\" sizes=\"auto, (max-width: 300px) 100vw, 300px\" \/><\/div><\/div><div class=\"wpb_text_column us_custom_2ae65f69\"><div class=\"wpb_wrapper\"><p style=\"text-align: left;\">New 2.8 automatic 4&#215;4 mit 1-2 Softshell Dachzelten<\/p>\n<\/div><\/div><\/div><\/div><\/div><div class=\"vc_col-sm-4 wpb_column vc_column_container\"><div class=\"vc_column-inner\"><div class=\"wpb_wrapper\"><div class=\"w-image align_none\"><div class=\"w-image-h\"><img loading=\"lazy\" decoding=\"async\" width=\"300\" height=\"225\" src=\"https:\/\/kalaharicarhire.com\/wp-content\/uploads\/2022\/10\/CONNOISSEUR-TOYOTA-HARDTOP-TENT-300x225.png\" class=\"attachment-medium size-medium\" alt=\"Wei\u00dfer Toyota Hilux Allrad Mietwagen mit einem Hardtop Dachzelt drauf.\" srcset=\"https:\/\/kalaharicarhire.com\/wp-content\/uploads\/2022\/10\/CONNOISSEUR-TOYOTA-HARDTOP-TENT-300x225.png 300w, https:\/\/kalaharicarhire.com\/wp-content\/uploads\/2022\/10\/CONNOISSEUR-TOYOTA-HARDTOP-TENT.png 1000w\" sizes=\"auto, (max-width: 300px) 100vw, 300px\" \/><\/div><\/div><div class=\"wpb_text_column us_custom_2ae65f69\"><div class=\"wpb_wrapper\"><p style=\"text-align: left;\">Neuer 2.8 Automatik 4&#215;4 mit 1-2 Hardtop Dachzelten<\/p>\n<\/div><\/div><\/div><\/div><\/div><\/div><\/div><\/section><section class=\"l-section wpb_row us_custom_480e6f0b height_large color_alternate\"><div class=\"l-section-h i-cf\"><div class=\"g-cols vc_row via_flex valign_top type_default stacking_default\"><div class=\"vc_col-sm-12 wpb_column vc_column_container\"><div class=\"vc_column-inner\"><div class=\"wpb_wrapper\">[vc_custom_heading text=&#8220;Standard Fahrzeugeigenschaften&#8220; font_container=&#8220;tag:h3|text_align:left&#8220; use_theme_fonts=&#8220;yes&#8220; css=&#8220;%7B%22default%22%3A%7B%22padding-bottom%22%3A%2220px%22%7D%7D&#8220;]<div class=\"g-cols wpb_row via_flex valign_top type_default stacking_default\"><div class=\"vc_col-sm-3 wpb_column vc_column_container\"><div class=\"vc_column-inner\"><div class=\"wpb_wrapper\"><div class=\"w-iconbox us_custom_8d5aa4e2 iconpos_left style_default color_primary align_left no_text\"><div class=\"w-iconbox-icon\" style=\"font-size:25px;\"><i class=\"fas fa-cog\"><\/i><\/div><div class=\"w-iconbox-meta\"><p class=\"w-iconbox-title\">6-Gang Automatik Getriebe<\/p><\/div><\/div><div class=\"w-iconbox us_custom_8d5aa4e2 iconpos_left style_default color_primary align_left no_text\"><div class=\"w-iconbox-icon\" style=\"font-size:25px;\"><i class=\"fas fa-rocket\"><\/i><\/div><div class=\"w-iconbox-meta\"><p class=\"w-iconbox-title\">2.8 Turbo Diesel Motor (150kW)<\/p><\/div><\/div><div class=\"w-iconbox us_custom_8d5aa4e2 iconpos_left style_default color_primary align_left no_text\"><div class=\"w-iconbox-icon\" style=\"font-size:25px;\"><i class=\"fas fa-rocket\"><\/i><\/div><div class=\"w-iconbox-meta\"><p class=\"w-iconbox-title\">Zuschaltbarer 4&#215;4-Antrieb mit zus\u00e4tzlichem Untersetzungsgetriebe<\/p><\/div><\/div><\/div><\/div><\/div><div class=\"vc_col-sm-3 wpb_column vc_column_container\"><div class=\"vc_column-inner\"><div class=\"wpb_wrapper\"><div class=\"w-iconbox us_custom_8d5aa4e2 iconpos_left style_default color_primary align_left no_text\"><div class=\"w-iconbox-icon\" style=\"font-size:25px;\"><i class=\"fas fa-sensor-on\"><\/i><\/div><div class=\"w-iconbox-meta\"><p class=\"w-iconbox-title\">Einparkhilfe und R\u00fcckblick-Kamera<\/p><\/div><\/div><div class=\"w-iconbox us_custom_8d5aa4e2 iconpos_left style_default color_primary align_left no_text\"><div class=\"w-iconbox-icon\" style=\"font-size:25px;\"><i class=\"fas fa-steering-wheel\"><\/i><\/div><div class=\"w-iconbox-meta\"><p class=\"w-iconbox-title\">Tempomat<\/p><\/div><\/div><div class=\"w-iconbox us_custom_8d5aa4e2 iconpos_left style_default color_primary align_left no_text\"><div class=\"w-iconbox-icon\" style=\"font-size:25px;\"><i class=\"fas fa-mountains\"><\/i><\/div><div class=\"w-iconbox-meta\"><p class=\"w-iconbox-title\">Bergabfahrhilfe<\/p><\/div><\/div><\/div><\/div><\/div><div class=\"vc_col-sm-3 wpb_column vc_column_container\"><div class=\"vc_column-inner\"><div class=\"wpb_wrapper\"><div class=\"w-iconbox us_custom_8d5aa4e2 iconpos_left style_default color_primary align_left no_text\"><div class=\"w-iconbox-icon\" style=\"font-size:25px;\"><i class=\"fas fa-snowflake\"><\/i><\/div><div class=\"w-iconbox-meta\"><p class=\"w-iconbox-title\">Klimaautomatik<\/p><\/div><\/div><div class=\"w-iconbox us_custom_8d5aa4e2 iconpos_left style_default color_primary align_left no_text\"><div class=\"w-iconbox-icon\" style=\"font-size:25px;\"><i class=\"fas fa-signal-stream\"><\/i><\/div><div class=\"w-iconbox-meta\"><p class=\"w-iconbox-title\">Bluetooth Radio<\/p><\/div><\/div><div class=\"w-iconbox us_custom_8d5aa4e2 iconpos_left style_default color_primary align_left no_text\"><div class=\"w-iconbox-icon\" style=\"font-size:25px;\"><i class=\"fas fa-usb-drive\"><\/i><\/div><div class=\"w-iconbox-meta\"><p class=\"w-iconbox-title\">USB Buchse (Type A)<\/p><\/div><\/div><\/div><\/div><\/div><div class=\"vc_col-sm-3 wpb_column vc_column_container\"><div class=\"vc_column-inner\"><div class=\"wpb_wrapper\"><div class=\"w-iconbox us_custom_8d5aa4e2 iconpos_left style_default color_primary align_left no_text\"><div class=\"w-iconbox-icon\" style=\"font-size:25px;\"><i class=\"fas fa-gas-pump\"><\/i><\/div><div class=\"w-iconbox-meta\"><p class=\"w-iconbox-title\">Doppelter Tank (140 liter)<\/p><\/div><\/div><div class=\"w-iconbox us_custom_8d5aa4e2 iconpos_left style_default color_primary align_left no_text\"><div class=\"w-iconbox-icon\" style=\"font-size:25px;\"><i class=\"fas fa-car-battery\"><\/i><\/div><div class=\"w-iconbox-meta\"><p class=\"w-iconbox-title\">Zweitbatterie (zum Betrieb der optionalen K\u00fchltruhe)<\/p><\/div><\/div><\/div><\/div><\/div><\/div><\/div><\/div><\/div><\/div><\/div><\/section><section class=\"l-section wpb_row us_custom_f37aca33 height_auto\"><div class=\"l-section-h i-cf\"><div class=\"g-cols vc_row via_flex valign_top type_default stacking_default\"><div class=\"vc_col-sm-4 wpb_column vc_column_container\"><div class=\"vc_column-inner\"><div class=\"wpb_wrapper\"><div class=\"w-image align_none\"><div class=\"w-image-h\"><img loading=\"lazy\" decoding=\"async\" width=\"300\" height=\"300\" src=\"https:\/\/kalaharicarhire.com\/wp-content\/uploads\/2025\/07\/Woman-on-bonnet-infront-of-dune-2000x2000-1-300x300.jpg\" class=\"attachment-medium size-medium\" alt=\"Woman on bonnet infront of dune 2000x2000\" srcset=\"https:\/\/kalaharicarhire.com\/wp-content\/uploads\/2025\/07\/Woman-on-bonnet-infront-of-dune-2000x2000-1-300x300.jpg 300w, https:\/\/kalaharicarhire.com\/wp-content\/uploads\/2025\/07\/Woman-on-bonnet-infront-of-dune-2000x2000-1-1024x1024.jpg 1024w, https:\/\/kalaharicarhire.com\/wp-content\/uploads\/2025\/07\/Woman-on-bonnet-infront-of-dune-2000x2000-1-150x150.jpg 150w, https:\/\/kalaharicarhire.com\/wp-content\/uploads\/2025\/07\/Woman-on-bonnet-infront-of-dune-2000x2000-1.jpg 2000w\" sizes=\"auto, (max-width: 300px) 100vw, 300px\" \/><\/div><\/div><\/div><\/div><\/div><div class=\"vc_col-sm-4 wpb_column vc_column_container\"><div class=\"vc_column-inner\"><div class=\"wpb_wrapper\"><div class=\"w-image align_none\"><div class=\"w-image-h\"><img loading=\"lazy\" decoding=\"async\" width=\"300\" height=\"300\" src=\"https:\/\/kalaharicarhire.com\/wp-content\/uploads\/2025\/07\/Sand-road-leading-towards-mountain-square-300x300.jpg\" class=\"attachment-medium size-medium\" alt=\"Sand road leading towards mountain in Namibia\" srcset=\"https:\/\/kalaharicarhire.com\/wp-content\/uploads\/2025\/07\/Sand-road-leading-towards-mountain-square-300x300.jpg 300w, https:\/\/kalaharicarhire.com\/wp-content\/uploads\/2025\/07\/Sand-road-leading-towards-mountain-square-1024x1024.jpg 1024w, https:\/\/kalaharicarhire.com\/wp-content\/uploads\/2025\/07\/Sand-road-leading-towards-mountain-square-150x150.jpg 150w, https:\/\/kalaharicarhire.com\/wp-content\/uploads\/2025\/07\/Sand-road-leading-towards-mountain-square.jpg 2000w\" sizes=\"auto, (max-width: 300px) 100vw, 300px\" \/><\/div><\/div><\/div><\/div><\/div><div class=\"vc_col-sm-4 wpb_column vc_column_container\"><div class=\"vc_column-inner\"><div class=\"wpb_wrapper\"><div class=\"w-image align_none\"><div class=\"w-image-h\"><img loading=\"lazy\" decoding=\"async\" width=\"300\" height=\"300\" src=\"https:\/\/kalaharicarhire.com\/wp-content\/uploads\/2022\/10\/Toyota-Hilux-interior-2000x2000-1-300x300.jpg\" class=\"attachment-medium size-medium\" alt=\"Driver inside Toyota Hilux 2023 4x4 automatic doublecab pickup truck\" srcset=\"https:\/\/kalaharicarhire.com\/wp-content\/uploads\/2022\/10\/Toyota-Hilux-interior-2000x2000-1-300x300.jpg 300w, https:\/\/kalaharicarhire.com\/wp-content\/uploads\/2022\/10\/Toyota-Hilux-interior-2000x2000-1-1024x1024.jpg 1024w, https:\/\/kalaharicarhire.com\/wp-content\/uploads\/2022\/10\/Toyota-Hilux-interior-2000x2000-1-150x150.jpg 150w, https:\/\/kalaharicarhire.com\/wp-content\/uploads\/2022\/10\/Toyota-Hilux-interior-2000x2000-1.jpg 2000w\" sizes=\"auto, (max-width: 300px) 100vw, 300px\" \/><\/div><\/div><\/div><\/div><\/div><\/div><\/div><\/section><section class=\"l-section wpb_row us_custom_480e6f0b height_large color_alternate\"><div class=\"l-section-h i-cf\"><div class=\"g-cols vc_row via_flex valign_top type_default stacking_default\"><div class=\"vc_col-sm-6 wpb_column vc_column_container\"><div class=\"vc_column-inner\"><div class=\"wpb_wrapper\">[vc_custom_heading text=&#8220;Standard Ausstattung an Bord&#8220; font_container=&#8220;tag:h3|text_align:left&#8220; use_theme_fonts=&#8220;yes&#8220; css=&#8220;%7B%22default%22%3A%7B%22padding-bottom%22%3A%2220px%22%7D%7D&#8220;]<div class=\"g-cols wpb_row via_flex valign_top type_default stacking_default\"><div class=\"vc_col-sm-12 wpb_column vc_column_container\"><div class=\"vc_column-inner\"><div class=\"wpb_wrapper\"><div class=\"w-iconbox us_custom_8d5aa4e2 iconpos_left style_default color_primary align_left no_text\"><div class=\"w-iconbox-icon\" style=\"font-size:25px;\"><i class=\"fas fa-cog\"><\/i><\/div><div class=\"w-iconbox-meta\"><p class=\"w-iconbox-title\">Zwei Ersatzreifen (unterm Auto und auf Ladefl\u00e4che)<\/p><\/div><\/div><div class=\"w-iconbox us_custom_8d5aa4e2 iconpos_left style_default color_primary align_left no_text\"><div class=\"w-iconbox-icon\" style=\"font-size:25px;\"><i class=\"fas fa-redo-alt\"><\/i><\/div><div class=\"w-iconbox-meta\"><p class=\"w-iconbox-title\">Zwei Warndreiecke; Standard Wagenheber und Holzunterlage; Kurbel f\u00fcr Wagenheber und zum runterlassen des Hauptersatzrads<\/p><\/div><\/div><div class=\"w-iconbox us_custom_8d5aa4e2 iconpos_left style_default color_primary align_left no_text\"><div class=\"w-iconbox-icon\" style=\"font-size:25px;\"><i class=\"fas fa-toolbox\"><\/i><\/div><div class=\"w-iconbox-meta\"><p class=\"w-iconbox-title\">Abschleppseil, \u00dcberbr\u00fcckungskabel, Schnur<\/p><\/div><\/div><div class=\"w-iconbox us_custom_8d5aa4e2 iconpos_left style_default color_primary align_left no_text\"><div class=\"w-iconbox-icon\" style=\"font-size:25px;\"><i class=\"fas fa-tools\"><\/i><\/div><div class=\"w-iconbox-meta\"><p class=\"w-iconbox-title\">Werkzeugset (Schraubenzieher, Zange, Schraubenschl\u00fcssel); Spannungsmesser; Reifendruckmesser; screwdriver, pliers, spanners); multi tester; Ersatzsicherungen, -birnen, bolzen; Stra\u00dfenkarte von Namibia bulbs and bolts; road map<\/p><\/div><\/div><div class=\"w-iconbox us_custom_8d5aa4e2 iconpos_left style_default color_primary align_left no_text\"><div class=\"w-iconbox-icon\" style=\"font-size:25px;\"><i class=\"fas fa-hand-holding-water\"><\/i><\/div><div class=\"w-iconbox-meta\"><p class=\"w-iconbox-title\">Voller 10L Wasserkanister<\/p><\/div><\/div><\/div><\/div><\/div><\/div><\/div><\/div><\/div><div class=\"vc_col-sm-6 wpb_column vc_column_container\"><div class=\"vc_column-inner\"><div class=\"wpb_wrapper\">[vc_custom_heading text=&#8220;Optionale Ausstattung&#8220; font_container=&#8220;tag:h3|text_align:left&#8220; use_theme_fonts=&#8220;yes&#8220; css=&#8220;%7B%22default%22%3A%7B%22padding-bottom%22%3A%2220px%22%7D%7D&#8220;]<div class=\"g-cols wpb_row via_flex valign_top type_default stacking_default\"><div class=\"vc_col-sm-12 wpb_column vc_column_container\"><div class=\"vc_column-inner\"><div class=\"wpb_wrapper\"><div class=\"w-iconbox us_custom_8d5aa4e2 iconpos_left style_default color_primary align_left no_text\"><div class=\"w-iconbox-icon\" style=\"font-size:25px;\"><i class=\"fas fa-temperature-low\"><\/i><\/div><div class=\"w-iconbox-meta\"><p class=\"w-iconbox-title\">K\u00fchltruhe mit 12\/220V Anschluss (ca. 40L)<\/p><\/div><\/div><div class=\"w-iconbox us_custom_8d5aa4e2 iconpos_left style_default color_primary align_left\"><a title=\"Camping Equipment\" href=\"https:\/\/kalaharicarhire.com\/camping-equipment\/\" class=\"w-iconbox-link\" aria-label=\"camping equipment\"><div class=\"w-iconbox-icon\" style=\"font-size:25px;\"><i class=\"fas fa-campground\"><\/i><\/div><\/a><div class=\"w-iconbox-meta\"><a title=\"Camping Equipment\" href=\"https:\/\/kalaharicarhire.com\/camping-equipment\/\" class=\"w-iconbox-link\" aria-label=\"camping equipment\"><p class=\"w-iconbox-title\" style=\"font-size:Camping Ausr\u00fcstung;\">camping equipment<\/p><\/a><div class=\"w-iconbox-text\"><p><a href=\"https:\/\/kalaharicarhire.com\/de\/camping-ausruestung\/\"><em>mehr zur Zeltausstattung hier<\/em><\/a><\/p>\n<\/div><\/div><\/div><div class=\"w-iconbox us_custom_8d5aa4e2 iconpos_left style_default color_primary align_left no_text\"><div class=\"w-iconbox-icon\" style=\"font-size:25px;\"><i class=\"fas fa-sandwich\"><\/i><\/div><div class=\"w-iconbox-meta\"><p class=\"w-iconbox-title\">Traktionsmatten<\/p><\/div><\/div><div class=\"w-iconbox us_custom_8d5aa4e2 iconpos_left style_default color_primary align_left\"><a title=\"Reservations\" href=\"https:\/\/kalaharicarhire.com\/reservations\/\" class=\"w-iconbox-link\" aria-label=\"Alle Extras auf der Online Buchungsplatform\"><div class=\"w-iconbox-icon\" style=\"font-size:25px;\"><i class=\"fas fa-list\"><\/i><\/div><\/a><div class=\"w-iconbox-meta\"><a title=\"Reservations\" href=\"https:\/\/kalaharicarhire.com\/reservations\/\" class=\"w-iconbox-link\" aria-label=\"Alle Extras auf der Online Buchungsplatform\"><p class=\"w-iconbox-title\">Alle Extras auf der Online Buchungsplatform<\/p><\/a><div class=\"w-iconbox-text\"><p><a href=\"https:\/\/kalaharicarhire.com\/reservations\"><em>W\u00e4hle deine Extras hier aus<\/em><\/a><\/p>\n<\/div><\/div><\/div><\/div><\/div><\/div><\/div><\/div><\/div><\/div><\/div><\/div><\/section><section class=\"l-section wpb_row us_custom_f37aca33 height_auto\"><div class=\"l-section-h i-cf\"><div class=\"g-cols vc_row via_flex valign_top type_default stacking_default\"><div class=\"vc_col-sm-4 wpb_column vc_column_container\"><div class=\"vc_column-inner\"><div class=\"wpb_wrapper\"><div class=\"w-image align_none\"><div class=\"w-image-h\"><img loading=\"lazy\" decoding=\"async\" width=\"300\" height=\"300\" src=\"https:\/\/kalaharicarhire.com\/wp-content\/uploads\/2025\/06\/Rental-car-with-water-and-lilies-in-foreground-square-1024x1024-1-300x300.jpg\" class=\"attachment-medium size-medium\" alt=\"Rental car with water and lilies in foreground\" srcset=\"https:\/\/kalaharicarhire.com\/wp-content\/uploads\/2025\/06\/Rental-car-with-water-and-lilies-in-foreground-square-1024x1024-1-300x300.jpg 300w, https:\/\/kalaharicarhire.com\/wp-content\/uploads\/2025\/06\/Rental-car-with-water-and-lilies-in-foreground-square-1024x1024-1-150x150.jpg 150w, https:\/\/kalaharicarhire.com\/wp-content\/uploads\/2025\/06\/Rental-car-with-water-and-lilies-in-foreground-square-1024x1024-1.jpg 1024w\" sizes=\"auto, (max-width: 300px) 100vw, 300px\" \/><\/div><\/div><\/div><\/div><\/div><div class=\"vc_col-sm-4 wpb_column vc_column_container\"><div class=\"vc_column-inner\"><div class=\"wpb_wrapper\"><div class=\"w-image align_none\"><div class=\"w-image-h\"><img loading=\"lazy\" decoding=\"async\" width=\"300\" height=\"300\" src=\"https:\/\/kalaharicarhire.com\/wp-content\/uploads\/2025\/07\/Namibian-landscape-with-green-grass-and-mountains-300x300.jpg\" class=\"attachment-medium size-medium\" alt=\"Namibian landscape with green grass and mountains\" srcset=\"https:\/\/kalaharicarhire.com\/wp-content\/uploads\/2025\/07\/Namibian-landscape-with-green-grass-and-mountains-300x300.jpg 300w, https:\/\/kalaharicarhire.com\/wp-content\/uploads\/2025\/07\/Namibian-landscape-with-green-grass-and-mountains-1024x1024.jpg 1024w, https:\/\/kalaharicarhire.com\/wp-content\/uploads\/2025\/07\/Namibian-landscape-with-green-grass-and-mountains-150x150.jpg 150w, https:\/\/kalaharicarhire.com\/wp-content\/uploads\/2025\/07\/Namibian-landscape-with-green-grass-and-mountains.jpg 2000w\" sizes=\"auto, (max-width: 300px) 100vw, 300px\" \/><\/div><\/div><\/div><\/div><\/div><div class=\"vc_col-sm-4 wpb_column vc_column_container\"><div class=\"vc_column-inner\"><div class=\"wpb_wrapper\"><div class=\"w-image align_none\"><div class=\"w-image-h\"><img loading=\"lazy\" decoding=\"async\" width=\"300\" height=\"300\" src=\"https:\/\/kalaharicarhire.com\/wp-content\/uploads\/2025\/07\/Hilux-on-tar-road-300x300.jpg\" class=\"attachment-medium size-medium\" alt=\"Hilux on tar road in Namibia\" srcset=\"https:\/\/kalaharicarhire.com\/wp-content\/uploads\/2025\/07\/Hilux-on-tar-road-300x300.jpg 300w, https:\/\/kalaharicarhire.com\/wp-content\/uploads\/2025\/07\/Hilux-on-tar-road-1024x1024.jpg 1024w, https:\/\/kalaharicarhire.com\/wp-content\/uploads\/2025\/07\/Hilux-on-tar-road-150x150.jpg 150w, https:\/\/kalaharicarhire.com\/wp-content\/uploads\/2025\/07\/Hilux-on-tar-road.jpg 2000w\" sizes=\"auto, (max-width: 300px) 100vw, 300px\" \/><\/div><\/div><\/div><\/div><\/div><\/div><\/div><\/section>\n","protected":false},"excerpt":{"rendered":"[vc_custom_heading text=\"NEUER AUTOMATIK 4X4 DOPPELKABINER MIETWAGEN MIT EXTRA POWER\" font_container=\"tag:h1|text_align:left\" use_theme_fonts=\"yes\" css=\"%7B%22mobiles%22%3A%7B%22line-height%22%3A%2260px%22%7D%7D\"][vc_custom_heading text=\"MIETE EINEN TOYOTA HILUX 2.8 ALLRAD AUTOMATIK\" use_theme_fonts=\"yes\" css=\"%7B%22default%22%3A%7B%22padding-bottom%22%3A%2220px%22%7D%7D\"]Der CONNOISSEUR AT 2.8: Toyota Hilux 2024\/2025 2.8 4&#215;4 Automatik (oder \u00e4hnlich). Ob Du Namibia auf eigene Faust entdecken oder abgelegene Orte f\u00fcr den Job erreichen willst \u2013 mit diesem starken, zuverl\u00e4ssigen Pickup bist Du...","protected":false},"author":1,"featured_media":0,"parent":247,"menu_order":0,"comment_status":"closed","ping_status":"closed","template":"","meta":{"footnotes":""},"class_list":["post-62885","page","type-page","status-publish","hentry"],"_links":{"self":[{"href":"https:\/\/kalaharicarhire.com\/de\/wp-json\/wp\/v2\/pages\/62885","targetHints":{"allow":["GET"]}}],"collection":[{"href":"https:\/\/kalaharicarhire.com\/de\/wp-json\/wp\/v2\/pages"}],"about":[{"href":"https:\/\/kalaharicarhire.com\/de\/wp-json\/wp\/v2\/types\/page"}],"author":[{"embeddable":true,"href":"https:\/\/kalaharicarhire.com\/de\/wp-json\/wp\/v2\/users\/1"}],"replies":[{"embeddable":true,"href":"https:\/\/kalaharicarhire.com\/de\/wp-json\/wp\/v2\/comments?post=62885"}],"version-history":[{"count":8,"href":"https:\/\/kalaharicarhire.com\/de\/wp-json\/wp\/v2\/pages\/62885\/revisions"}],"predecessor-version":[{"id":63221,"href":"https:\/\/kalaharicarhire.com\/de\/wp-json\/wp\/v2\/pages\/62885\/revisions\/63221"}],"up":[{"embeddable":true,"href":"https:\/\/kalaharicarhire.com\/de\/wp-json\/wp\/v2\/pages\/247"}],"wp:attachment":[{"href":"https:\/\/kalaharicarhire.com\/de\/wp-json\/wp\/v2\/media?parent=62885"}],"curies":[{"name":"wp","href":"https:\/\/api.w.org\/{rel}","templated":true}]}}