{"id":50929,"date":"2025-04-27T12:16:03","date_gmt":"2025-04-27T12:16:03","guid":{"rendered":"https:\/\/kalaharicarhire.com\/?page_id=50929"},"modified":"2025-11-12T13:33:34","modified_gmt":"2025-11-12T13:33:34","slug":"victoria-faelle","status":"publish","type":"page","link":"https:\/\/kalaharicarhire.com\/de\/wissenswertes\/victoria-faelle\/","title":{"rendered":"Victoria F\u00e4lle"},"content":{"rendered":"<section class=\"l-section wpb_row us_custom_6df4bc3a has_text_color height_huge with_img\"><div class=\"l-section-img\" data-img-width=\"2500\" data-img-height=\"1660\" style=\"background-image: url(https:\/\/kalaharicarhire.com\/wp-content\/uploads\/2025\/04\/Victoria-Falls.jpg);background-repeat: no-repeat;\"><\/div><div class=\"l-section-h i-cf\"><div class=\"g-cols vc_row via_flex valign_middle type_default stacking_default\"><div class=\"vc_col-sm-1 wpb_column vc_column_container\"><div class=\"vc_column-inner\"><div class=\"wpb_wrapper\"><\/div><\/div><\/div><div class=\"vc_col-sm-10 wpb_column vc_column_container\"><div class=\"vc_column-inner\"><div class=\"wpb_wrapper\">[vc_custom_heading text=&#8220;Die atemberaubenden Victoria Falls W\u00e4sserf\u00e4lle&#8220; font_container=&#8220;tag:h3|text_align:left&#8220; use_theme_fonts=&#8220;yes&#8220; css=&#8220;%7B%22mobiles%22%3A%7B%22line-height%22%3A%2260px%22%7D%7D&#8220;]<\/div><\/div><\/div><div class=\"vc_col-sm-1 wpb_column vc_column_container\"><div class=\"vc_column-inner\"><div class=\"wpb_wrapper\"><\/div><\/div><\/div><\/div><\/div><\/section><section class=\"l-section wpb_row us_custom_480e6f0b height_large color_alternate\"><div class=\"l-section-h i-cf\"><div class=\"g-cols vc_row via_flex valign_top type_default stacking_default\"><div class=\"vc_col-sm-12 wpb_column vc_column_container\"><div class=\"vc_column-inner\"><div class=\"wpb_wrapper\">[vc_custom_heading text=&#8220;VICTORIAF\u00c4LLE VON ZAMBIA ODER ZIMBABWE AUS&#8220; font_container=&#8220;tag:h1|text_align:left&#8220; use_theme_fonts=&#8220;yes&#8220; css=&#8220;%7B%22default%22%3A%7B%22padding-bottom%22%3A%2220px%22%7D%7D&#8220;]<div class=\"wpb_text_column us_custom_3daaba14\"><div class=\"wpb_wrapper\"><p>Die ber\u00fchmten Victoriaf\u00e4lle sind einer der gr\u00f6\u00dften Wasserf\u00e4lle der Welt und auf jeden Fall einen Besuch wert, wenn man die Zeit hat so weit in den Norden zu fahren. Da die Victoriaf\u00e4lle am Zambezi-Fluss zwischen der Grenze von Simbabwe und Sambia liegen, kann es verwirrend sein zu durchschauen in welches Land man einreisen und welche Grenze man \u00fcberqueren muss, um das Beste aus dem Besuch der Victoriaf\u00e4lle zu machen.<\/p>\n<\/div><\/div><div class=\"g-cols wpb_row via_flex valign_top type_default stacking_default\"><div class=\"vc_col-sm-6 wpb_column vc_column_container\"><div class=\"vc_column-inner\"><div class=\"wpb_wrapper\"><div class=\"w-image align_none\"><div class=\"w-image-h\"><img loading=\"lazy\" decoding=\"async\" width=\"1024\" height=\"683\" src=\"https:\/\/kalaharicarhire.com\/wp-content\/uploads\/2025\/04\/Victoria-Falls-areal-view-Zambia-vs-Zimbabwe-1-1024x683.jpg\" class=\"attachment-large size-large\" alt=\"Victoria Falls areal view indicating which part lies in Zambia vs Zimbabwe\" srcset=\"https:\/\/kalaharicarhire.com\/wp-content\/uploads\/2025\/04\/Victoria-Falls-areal-view-Zambia-vs-Zimbabwe-1-1024x683.jpg 1024w, https:\/\/kalaharicarhire.com\/wp-content\/uploads\/2025\/04\/Victoria-Falls-areal-view-Zambia-vs-Zimbabwe-1-300x200.jpg 300w, https:\/\/kalaharicarhire.com\/wp-content\/uploads\/2025\/04\/Victoria-Falls-areal-view-Zambia-vs-Zimbabwe-1.jpg 1312w\" sizes=\"auto, (max-width: 1024px) 100vw, 1024px\" \/><\/div><\/div><\/div><\/div><\/div><div class=\"vc_col-sm-6 wpb_column vc_column_container\"><div class=\"vc_column-inner\"><div class=\"wpb_wrapper\"><div class=\"w-image align_none\"><div class=\"w-image-h\"><img loading=\"lazy\" decoding=\"async\" width=\"1024\" height=\"682\" src=\"https:\/\/kalaharicarhire.com\/wp-content\/uploads\/2025\/04\/Victoria-Falls-from-above_1313x875-1024x682.jpg\" class=\"attachment-large size-large\" alt=\"Victoria Falls from above\" srcset=\"https:\/\/kalaharicarhire.com\/wp-content\/uploads\/2025\/04\/Victoria-Falls-from-above_1313x875-1024x682.jpg 1024w, https:\/\/kalaharicarhire.com\/wp-content\/uploads\/2025\/04\/Victoria-Falls-from-above_1313x875-300x200.jpg 300w, https:\/\/kalaharicarhire.com\/wp-content\/uploads\/2025\/04\/Victoria-Falls-from-above_1313x875.jpg 1313w\" sizes=\"auto, (max-width: 1024px) 100vw, 1024px\" \/><\/div><\/div><\/div><\/div><\/div><\/div>[vc_custom_heading text=&#8220;Victoria F\u00e4lle von Simbabwe aus&#8220; font_container=&#8220;tag:h3|text_align:left&#8220; use_theme_fonts=&#8220;yes&#8220; css=&#8220;%7B%22default%22%3A%7B%22padding-bottom%22%3A%2220px%22%7D%7D&#8220;]<div class=\"wpb_text_column us_custom_3daaba14\"><div class=\"wpb_wrapper\"><p>Die Wasserf\u00e4lle sind von der Stadt Victoria Falls aus zu Fu\u00df erreichbar. Wenn man also am Flughafen in Vic Falls gelandet ist oder sich ohnehin in der Stadt befindet, kann man direkt von der Stadt aus zu Fu\u00df zu den Wasserf\u00e4llen losgehen. Ansonsten f\u00e4hrt man bis zum National Park vor.<\/p>\n<p>Die Simbabwe-Seite bietet den besten Blick auf den gr\u00f6\u00dften Teil der Wasserf\u00e4lle. Die Wasserf\u00e4lle sind von dieser Seite aus fast immer einen Besuch wert, unabh\u00e4ngig von der Jahreszeit &#8211; selbst in den trockeneren Monaten (ca. Juni-Dezember) , wenn der Wasserstand niedriger ist. Bei einem Spaziergang durch den regenwald\u00e4hnlichen Nationalpark entlang der F\u00e4lle zu den verschiedenen Aussichtspunkten wie den Main Falls, Devil&#8217;s Cataract, Danger Point oder der Br\u00fccke die \u00fcber den Zambezi f\u00fchrt, kann man die F\u00e4lle aus verschiedenen Blickwinkeln betrachten. F\u00fcr ein spektakul\u00e4res Finale kann man auch an einer der Bootstouren teilnehmen, die direkt an den Rand der Wasserf\u00e4lle fahren.<\/p>\n<p>Wenn man weiter \u00fcber die Br\u00fccke geht, die \u00fcber den Zambezi Fluss f\u00fchrt, kann man sogar die Grenze nach Sambia \u00fcberqueren (ob zu Fu\u00df oder mit dem Auto &#8211; einfach den Reisepass und die Grenzgeb\u00fchren bereithalten).<\/p>\n<p>Wir empfehlen , die Victoriaf\u00e4lle von der simbabwischen Seite aus zu besuchen, um den besten Blick auf die F\u00e4lle zu haben. Und wenn das Urlaubsbudget es erlaubt, reservier dir vorher einen Tisch im <em><a href=\"https:\/\/wildhorizons.co.za\/experiences\/the-lookout-cafe\/\" target=\"_blank\" rel=\"noopener\">The Lookout Cafe in Victoria Falls<\/a><\/em>, denn dort kann man bei einem gem\u00fctlichen Mittagessen auf der Terrasse die traumhafte Sicht auf die F\u00e4lle genie\u00dfen.<\/p>\n<\/div><\/div><div class=\"w-image align_none\"><div class=\"w-image-h\"><img loading=\"lazy\" decoding=\"async\" width=\"1024\" height=\"680\" src=\"https:\/\/kalaharicarhire.com\/wp-content\/uploads\/2025\/04\/Victoria-Falls-1024x680.jpg\" class=\"attachment-large size-large\" alt=\"Victoria Falls Waterfalls in Zimbabwe\" srcset=\"https:\/\/kalaharicarhire.com\/wp-content\/uploads\/2025\/04\/Victoria-Falls-1024x680.jpg 1024w, https:\/\/kalaharicarhire.com\/wp-content\/uploads\/2025\/04\/Victoria-Falls-300x199.jpg 300w\" sizes=\"auto, (max-width: 1024px) 100vw, 1024px\" \/><\/div><\/div>[vc_custom_heading text=&#8220;Victoria F\u00e4lle von Sambia aus&#8220; font_container=&#8220;tag:h3|text_align:left&#8220; use_theme_fonts=&#8220;yes&#8220; css=&#8220;%7B%22default%22%3A%7B%22padding-bottom%22%3A%2220px%22%7D%7D&#8220;]<div class=\"wpb_text_column us_custom_3daaba14\"><div class=\"wpb_wrapper\"><p>Man kann auch die sambische Seite der Victoriaf\u00e4lle besuchen. Auf der sambischen Seite ist man n\u00e4her am Wasser. Besonders in der Regenzeit, wenn der Wasserstand h\u00f6her ist, wird man von der Gischt des Wasserfalls zum Beispiel an der Knife&#8217;s Edge Bridge regelrecht durchn\u00e4sst &#8211; daher gern eine Regenjacke mitnehmen oder einen der Regenm\u00e4ntel vor Ort kaufen. In der Trockenzeit k\u00f6nnte zum Beispiel der Eastern Cataract fast trocken sein und daher der Blick von der Knife&#8217;s Edge Bridge auf die F\u00e4lle weniger spektakul\u00e4r, aber der Blick hinunter in die Schlucht ist dennoch beeindruckend. Wenn man zu den besonders Mutigen geh\u00f6rt und ein Bad im ber\u00fcchtigten Devil&#8217;s Pool nehmen m\u00f6chte, dann unbedingt die Livingstone-Insel besuchen, die sich auf der sambischen Seite befindet.<\/p>\n<p>Man kann zum Beispiel von der simbabwischen Seite kommend \u00fcber die gro\u00dfe Br\u00fccke \u00fcber den Zambezi Fluss laufen und die Grenze nach Sambia zu Fu\u00df \u00fcberqueren, ein Taxi nehmen oder mit dem Mietwagen \u00fcber die Grenze fahren. Alternativ kann man nat\u00fcrlich auch anderswo nach Zambia einreisen, zum Beispiel bei Kazungula n\u00e4he dem \u00e4u\u00dfersten Caprivi Zipfel.\u00a0 Egal welchen Grenz\u00fcbergang man nach Zambia nimmt, wichtig ist: <strong>Wenn man mit dem Auto nach Sambia einreisen m\u00f6chte, m\u00fcssen wir dies rechtzeitig vor Mietbeginn wissen. Denn Fahrzeuge, die nach Sambia einreisen, m\u00fcssen ein spezielles polizeiliches F\u00fchrungszeugnis vorweisen<\/strong>, dessen Beschaffung ein paar Tage dauert. <em>Weitere <a href=\"https:\/\/kalaharicarhire.com\/de\/wissenswertes\/grenzuebertritte\/\">Einzelheiten zu den Grenz\u00fcbergangsbestimmungen f\u00fcr Sambia hier<\/a>.<\/em><\/p>\n<\/div><\/div><div class=\"w-image align_none\"><div class=\"w-image-h\"><img loading=\"lazy\" decoding=\"async\" width=\"1024\" height=\"576\" src=\"https:\/\/kalaharicarhire.com\/wp-content\/uploads\/2025\/04\/Knifes-Edge-Bridge-Zambia-1024x576.jpeg\" class=\"attachment-large size-large\" alt=\"Knifes Edge Bridge at Victoria Falls in Zambia\" srcset=\"https:\/\/kalaharicarhire.com\/wp-content\/uploads\/2025\/04\/Knifes-Edge-Bridge-Zambia-1024x576.jpeg 1024w, https:\/\/kalaharicarhire.com\/wp-content\/uploads\/2025\/04\/Knifes-Edge-Bridge-Zambia-300x169.jpeg 300w, https:\/\/kalaharicarhire.com\/wp-content\/uploads\/2025\/04\/Knifes-Edge-Bridge-Zambia.jpeg 1500w\" sizes=\"auto, (max-width: 1024px) 100vw, 1024px\" \/><\/div><\/div>[vc_custom_heading text=&#8220;Beachte die Jahreszeiten&#8220; font_container=&#8220;tag:h3|text_align:left&#8220; use_theme_fonts=&#8220;yes&#8220; css=&#8220;%7B%22default%22%3A%7B%22padding-bottom%22%3A%2220px%22%7D%7D&#8220;]<div class=\"wpb_text_column us_custom_3daaba14\"><div class=\"wpb_wrapper\"><p>Bevor man den ganzen Weg nach Norden in Richtung Vic Falls f\u00e4hrt, sollte man sich \u00fcber den aktuellen Wasserstand informieren um Entt\u00e4uschungen zu vermeiden. Normalerweise sind die F\u00e4lle wenigstens auf der Simbabwe Seite das ganze Jahr \u00fcber beeindruckend genug, aber in Jahren extremer Trockenheit k\u00f6nnen die F\u00e4lle erheblich austrocknen und zumindest die Sambia-Seite erschreckend trocken hinterlassen und ggf. sogar die Simbabwe Seite im Vergleich zu den \u00fcblichen donnernden Wassermassen ziemlich einschr\u00e4nken. Auch wenn man den Adrenalinsto\u00df des Devil&#8217;s Pools erleben m\u00f6chtest, solltest Du dich vorher erkundigen, ob er derzeit \u201ege\u00f6ffnet\u201c ist. Denn dieser Infinity-Felsenpool ist nur bei niedrigerem Wasserstand (grob von August bis Januar) zum Schwimmen ge\u00f6ffnet.<\/p>\n<\/div><\/div>[vc_custom_heading text=&#8220;Wenigstens von Zimbabwe aus, wenn m\u00f6glich beides&#8220; use_theme_fonts=&#8220;yes&#8220; css=&#8220;%7B%22default%22%3A%7B%22padding-bottom%22%3A%2220px%22%7D%7D&#8220;]<div class=\"wpb_text_column us_custom_3daaba14\"><div class=\"wpb_wrapper\"><p>Wir empfehlen, die Wasserf\u00e4lle von Victoria Falls auf jeden Fall von der simbabwischen Seite aus zu besichtigen und gegebenfalls zus\u00e4tzlich, wenn es die Zeit und das Urlaubsbudget erlauben die zus\u00e4tzlichen Grenz- und Parkgeb\u00fchren zu bezahlen, auch auf die sambische Seite zu gehen oder fahren, um ein noch intensiveres Erlebnis genie\u00dfen zu k\u00f6nnen. Bestenfalls also beide Seiten, wenn man jedoch nur eines der beiden L\u00e4nder besuchen kann, dann auf jeden Fall die Simbabwe Seite.<\/p>\n<\/div><\/div>[vc_custom_heading text=&#8220;Selber fahren oder Tagestour von Namibia oder Botswana buchen&#8220; use_theme_fonts=&#8220;yes&#8220; css=&#8220;%7B%22default%22%3A%7B%22padding-bottom%22%3A%2220px%22%7D%7D&#8220;]<div class=\"wpb_text_column us_custom_3daaba14\"><div class=\"wpb_wrapper\"><p>Wenn man vor hat nur f\u00fcr einen Tag nach Zimbabwe oder Zambia reinzufahren einfach &#8222;nur&#8220; um die Victoria F\u00e4lle zu besuchen, sollte man in Erw\u00e4gung ziehe eine gef\u00fchrte Tagestour von Namibia oder Botswana aus zu machen und das eigene Auto dort lieber stehen zu lassen. Denn je nachdem durch welche L\u00e4nder man auf der restlichen Tour vor hat zu reisen und zu wievielt man unterwegs ist, k\u00f6nnte es eventuell kosteng\u00fcnstiger und einfacher sein, bei einem Tourveranstalter wie z.B. <em><a href=\"https:\/\/www.capriviadventures.com\/vicotirafalls\" target=\"_blank\" rel=\"noopener\">Caprivi Adventures<\/a><\/em> mitzufahren anstelle diverse Grenz\u00fcbertritte mit dem eigenen Auto zu machen. Du hast noch Fragen? Meld dich gern bei uns mit, wir beraten dich gern.<\/p>\n<\/div><\/div><\/div><\/div><\/div><\/div><\/div><\/section>\n","protected":false},"excerpt":{"rendered":"[vc_custom_heading text=\"Die atemberaubenden Victoria Falls W\u00e4sserf\u00e4lle\" font_container=\"tag:h3|text_align:left\" use_theme_fonts=\"yes\" css=\"%7B%22mobiles%22%3A%7B%22line-height%22%3A%2260px%22%7D%7D\"][vc_custom_heading text=\"VICTORIAF\u00c4LLE VON ZAMBIA ODER ZIMBABWE AUS\" font_container=\"tag:h1|text_align:left\" use_theme_fonts=\"yes\" css=\"%7B%22default%22%3A%7B%22padding-bottom%22%3A%2220px%22%7D%7D\"]Die ber\u00fchmten Victoriaf\u00e4lle sind einer der gr\u00f6\u00dften Wasserf\u00e4lle der Welt und auf jeden Fall einen Besuch wert, wenn man die Zeit hat so weit in den Norden zu fahren. Da die Victoriaf\u00e4lle am Zambezi-Fluss zwischen der Grenze von...","protected":false},"author":1,"featured_media":0,"parent":1970,"menu_order":0,"comment_status":"closed","ping_status":"closed","template":"","meta":{"footnotes":""},"class_list":["post-50929","page","type-page","status-publish","hentry"],"_links":{"self":[{"href":"https:\/\/kalaharicarhire.com\/de\/wp-json\/wp\/v2\/pages\/50929","targetHints":{"allow":["GET"]}}],"collection":[{"href":"https:\/\/kalaharicarhire.com\/de\/wp-json\/wp\/v2\/pages"}],"about":[{"href":"https:\/\/kalaharicarhire.com\/de\/wp-json\/wp\/v2\/types\/page"}],"author":[{"embeddable":true,"href":"https:\/\/kalaharicarhire.com\/de\/wp-json\/wp\/v2\/users\/1"}],"replies":[{"embeddable":true,"href":"https:\/\/kalaharicarhire.com\/de\/wp-json\/wp\/v2\/comments?post=50929"}],"version-history":[{"count":11,"href":"https:\/\/kalaharicarhire.com\/de\/wp-json\/wp\/v2\/pages\/50929\/revisions"}],"predecessor-version":[{"id":87378,"href":"https:\/\/kalaharicarhire.com\/de\/wp-json\/wp\/v2\/pages\/50929\/revisions\/87378"}],"up":[{"embeddable":true,"href":"https:\/\/kalaharicarhire.com\/de\/wp-json\/wp\/v2\/pages\/1970"}],"wp:attachment":[{"href":"https:\/\/kalaharicarhire.com\/de\/wp-json\/wp\/v2\/media?parent=50929"}],"curies":[{"name":"wp","href":"https:\/\/api.w.org\/{rel}","templated":true}]}}