{"id":50599,"date":"2025-04-25T15:53:52","date_gmt":"2025-04-25T15:53:52","guid":{"rendered":"https:\/\/kalaharicarhire.com\/?page_id=50599"},"modified":"2026-01-29T08:17:41","modified_gmt":"2026-01-29T08:17:41","slug":"luxus-suv-4x4-automatik-mietwagen","status":"publish","type":"page","link":"https:\/\/kalaharicarhire.com\/de\/autos\/luxus-suv-4x4-automatik-mietwagen\/","title":{"rendered":"Luxus SUV 4&#215;4 Automatik"},"content":{"rendered":"<section class=\"l-section wpb_row us_custom_6df4bc3a has_text_color height_huge with_img\"><div class=\"l-section-img\" data-img-width=\"2500\" data-img-height=\"1667\" style=\"background-image: url(https:\/\/kalaharicarhire.com\/wp-content\/uploads\/2025\/04\/Woman-driving-SUV.jpg);background-repeat: no-repeat;\"><\/div><div class=\"l-section-h i-cf\"><div class=\"g-cols vc_row via_flex valign_middle type_default stacking_default\"><div class=\"vc_col-sm-1 wpb_column vc_column_container\"><div class=\"vc_column-inner\"><div class=\"wpb_wrapper\"><\/div><\/div><\/div><div class=\"vc_col-sm-10 wpb_column vc_column_container\"><div class=\"vc_column-inner\"><div class=\"wpb_wrapper\">[vc_custom_heading text=&#8220;Luxus Mietwagen f\u00fcr eine Safari oder Gesch\u00e4ftsreise der Extraklasse&#8220; font_container=&#8220;tag:h3|text_align:left&#8220; use_theme_fonts=&#8220;yes&#8220; css=&#8220;%7B%22mobiles%22%3A%7B%22line-height%22%3A%2260px%22%7D%7D&#8220;]<\/div><\/div><\/div><div class=\"vc_col-sm-1 wpb_column vc_column_container\"><div class=\"vc_column-inner\"><div class=\"wpb_wrapper\"><\/div><\/div><\/div><\/div><\/div><\/section><section class=\"l-section wpb_row us_custom_480e6f0b height_large color_alternate\"><div class=\"l-section-h i-cf\"><div class=\"g-cols vc_row via_flex valign_top type_default stacking_default\"><div class=\"vc_col-sm-12 wpb_column vc_column_container\"><div class=\"vc_column-inner\"><div class=\"wpb_wrapper\">[vc_custom_heading text=&#8220;Miete einen automatik Allrad Luxus SUV Toyota Landcruiser&#8220; use_theme_fonts=&#8220;yes&#8220; css=&#8220;%7B%22default%22%3A%7B%22padding-bottom%22%3A%2220px%22%7D%7D&#8220;]<div class=\"wpb_text_column\"><div class=\"wpb_wrapper\"><p style=\"text-align: left;\"><strong>Der Luxus SUV AT:<\/strong><br \/>\nDieser Allrad Luxus SUV (Toyota Land Prado 2.8 2025 4&#215;4 AT oder \u00e4hnliches Auto) 5-Sitzer bietet Komfort der Extraklasse. Genau das Richtige f\u00fcr wichtige Gesch\u00e4ftspartner oder erstklassigen Urlaub.<\/p>\n<p style=\"text-align: left;\">Ab N$ 3 680 (ungef\u00e4hr \u20ac 184 \/ USD\u00a0 204)\u00a0 pro Tag, inklusive reduziertem Selbstbehalt (Zero Excess Waiver).<\/p>\n<\/div><\/div><\/div><\/div><\/div><\/div><\/div><\/section><section class=\"l-section wpb_row us_custom_f029a2ba height_auto\"><div class=\"l-section-h i-cf\"><div class=\"g-cols vc_row via_flex valign_top type_default stacking_default\"><div class=\"vc_col-sm-12 wpb_column vc_column_container\"><div class=\"vc_column-inner\"><div class=\"wpb_wrapper\"><div class=\"w-image align_center\"><div class=\"w-image-h\"><img loading=\"lazy\" decoding=\"async\" width=\"2000\" height=\"1333\" src=\"https:\/\/kalaharicarhire.com\/wp-content\/uploads\/2025\/05\/Toyota-Landcruiser-Prado-rental-car-side-view.jpg\" class=\"attachment-full size-full\" alt=\"Toyota Landcruiser Prado rental car in Namibia\" srcset=\"https:\/\/kalaharicarhire.com\/wp-content\/uploads\/2025\/05\/Toyota-Landcruiser-Prado-rental-car-side-view.jpg 2000w, https:\/\/kalaharicarhire.com\/wp-content\/uploads\/2025\/05\/Toyota-Landcruiser-Prado-rental-car-side-view-300x200.jpg 300w, https:\/\/kalaharicarhire.com\/wp-content\/uploads\/2025\/05\/Toyota-Landcruiser-Prado-rental-car-side-view-1024x682.jpg 1024w\" sizes=\"auto, (max-width: 2000px) 100vw, 2000px\" \/><\/div><\/div><\/div><\/div><\/div><\/div><\/div><\/section><section class=\"l-section wpb_row us_custom_f029a2ba height_auto\"><div class=\"l-section-h i-cf\"><div class=\"g-cols vc_row via_flex valign_top type_default stacking_default\"><div class=\"vc_col-sm-6 wpb_column vc_column_container\"><div class=\"vc_column-inner\"><div class=\"wpb_wrapper\"><div class=\"w-image align_center\"><div class=\"w-image-h\"><img loading=\"lazy\" decoding=\"async\" width=\"1080\" height=\"720\" src=\"https:\/\/kalaharicarhire.com\/wp-content\/uploads\/2025\/05\/Toyota-Landcruiser-Prado-rental-car-front-right-side-view_7080x720.jpg\" class=\"attachment-full size-full\" alt=\"\" srcset=\"https:\/\/kalaharicarhire.com\/wp-content\/uploads\/2025\/05\/Toyota-Landcruiser-Prado-rental-car-front-right-side-view_7080x720.jpg 1080w, https:\/\/kalaharicarhire.com\/wp-content\/uploads\/2025\/05\/Toyota-Landcruiser-Prado-rental-car-front-right-side-view_7080x720-300x200.jpg 300w, https:\/\/kalaharicarhire.com\/wp-content\/uploads\/2025\/05\/Toyota-Landcruiser-Prado-rental-car-front-right-side-view_7080x720-1024x683.jpg 1024w\" sizes=\"auto, (max-width: 1080px) 100vw, 1080px\" \/><\/div><\/div><\/div><\/div><\/div><div class=\"vc_col-sm-6 wpb_column vc_column_container\"><div class=\"vc_column-inner\"><div class=\"wpb_wrapper\"><div class=\"w-image align_center\"><div class=\"w-image-h\"><img loading=\"lazy\" decoding=\"async\" width=\"1080\" height=\"720\" src=\"https:\/\/kalaharicarhire.com\/wp-content\/uploads\/2025\/05\/Toyota-Landcruiser-Prado-rental-car-side-rear-view.jpg\" class=\"attachment-full size-full\" alt=\"\" srcset=\"https:\/\/kalaharicarhire.com\/wp-content\/uploads\/2025\/05\/Toyota-Landcruiser-Prado-rental-car-side-rear-view.jpg 1080w, https:\/\/kalaharicarhire.com\/wp-content\/uploads\/2025\/05\/Toyota-Landcruiser-Prado-rental-car-side-rear-view-300x200.jpg 300w, https:\/\/kalaharicarhire.com\/wp-content\/uploads\/2025\/05\/Toyota-Landcruiser-Prado-rental-car-side-rear-view-1024x683.jpg 1024w\" sizes=\"auto, (max-width: 1080px) 100vw, 1080px\" \/><\/div><\/div><\/div><\/div><\/div><\/div><\/div><\/section><section class=\"l-section wpb_row us_custom_f029a2ba height_auto\"><div class=\"l-section-h i-cf\"><div class=\"g-cols vc_row via_flex valign_top type_default stacking_default\"><div class=\"vc_col-sm-3 wpb_column vc_column_container\"><div class=\"vc_column-inner\"><div class=\"wpb_wrapper\"><div class=\"w-image align_center\"><div class=\"w-image-h\"><img loading=\"lazy\" decoding=\"async\" width=\"810\" height=\"810\" src=\"https:\/\/kalaharicarhire.com\/wp-content\/uploads\/2025\/05\/Toyota-Land-Cruiser-Prado-cockpit_810x810.png\" class=\"attachment-full size-full\" alt=\"\" srcset=\"https:\/\/kalaharicarhire.com\/wp-content\/uploads\/2025\/05\/Toyota-Land-Cruiser-Prado-cockpit_810x810.png 810w, https:\/\/kalaharicarhire.com\/wp-content\/uploads\/2025\/05\/Toyota-Land-Cruiser-Prado-cockpit_810x810-300x300.png 300w, https:\/\/kalaharicarhire.com\/wp-content\/uploads\/2025\/05\/Toyota-Land-Cruiser-Prado-cockpit_810x810-150x150.png 150w\" sizes=\"auto, (max-width: 810px) 100vw, 810px\" \/><\/div><\/div><\/div><\/div><\/div><div class=\"vc_col-sm-3 wpb_column vc_column_container\"><div class=\"vc_column-inner\"><div class=\"wpb_wrapper\"><div class=\"w-image align_center\"><div class=\"w-image-h\"><img loading=\"lazy\" decoding=\"async\" width=\"1500\" height=\"1500\" src=\"https:\/\/kalaharicarhire.com\/wp-content\/uploads\/2025\/05\/Toyota-Land-Cruiser-PRADO-cockpit-interior-view-from-driver-side_1500x1500.jpg\" class=\"attachment-full size-full\" alt=\"Toyota Land Cruiser Prado cockpit interior view from driver side\" srcset=\"https:\/\/kalaharicarhire.com\/wp-content\/uploads\/2025\/05\/Toyota-Land-Cruiser-PRADO-cockpit-interior-view-from-driver-side_1500x1500.jpg 1500w, https:\/\/kalaharicarhire.com\/wp-content\/uploads\/2025\/05\/Toyota-Land-Cruiser-PRADO-cockpit-interior-view-from-driver-side_1500x1500-300x300.jpg 300w, https:\/\/kalaharicarhire.com\/wp-content\/uploads\/2025\/05\/Toyota-Land-Cruiser-PRADO-cockpit-interior-view-from-driver-side_1500x1500-1024x1024.jpg 1024w, https:\/\/kalaharicarhire.com\/wp-content\/uploads\/2025\/05\/Toyota-Land-Cruiser-PRADO-cockpit-interior-view-from-driver-side_1500x1500-150x150.jpg 150w\" sizes=\"auto, (max-width: 1500px) 100vw, 1500px\" \/><\/div><\/div><\/div><\/div><\/div><div class=\"vc_col-sm-3 wpb_column vc_column_container\"><div class=\"vc_column-inner\"><div class=\"wpb_wrapper\"><div class=\"w-image align_center\"><div class=\"w-image-h\"><img loading=\"lazy\" decoding=\"async\" width=\"1500\" height=\"1500\" src=\"https:\/\/kalaharicarhire.com\/wp-content\/uploads\/2025\/05\/Toyota-Land-Cruiser-PRADO-interior-view-1500x1500-1.png\" class=\"attachment-full size-full\" alt=\"\" srcset=\"https:\/\/kalaharicarhire.com\/wp-content\/uploads\/2025\/05\/Toyota-Land-Cruiser-PRADO-interior-view-1500x1500-1.png 1500w, https:\/\/kalaharicarhire.com\/wp-content\/uploads\/2025\/05\/Toyota-Land-Cruiser-PRADO-interior-view-1500x1500-1-300x300.png 300w, https:\/\/kalaharicarhire.com\/wp-content\/uploads\/2025\/05\/Toyota-Land-Cruiser-PRADO-interior-view-1500x1500-1-1024x1024.png 1024w, https:\/\/kalaharicarhire.com\/wp-content\/uploads\/2025\/05\/Toyota-Land-Cruiser-PRADO-interior-view-1500x1500-1-150x150.png 150w\" sizes=\"auto, (max-width: 1500px) 100vw, 1500px\" \/><\/div><\/div><\/div><\/div><\/div><div class=\"vc_col-sm-3 wpb_column vc_column_container\"><div class=\"vc_column-inner\"><div class=\"wpb_wrapper\"><div class=\"w-image align_center\"><div class=\"w-image-h\"><img loading=\"lazy\" decoding=\"async\" width=\"1500\" height=\"1500\" src=\"https:\/\/kalaharicarhire.com\/wp-content\/uploads\/2026\/01\/Luxury-SUV-trunk-with-fridge-and-spare-tyre-1500x1500-1.jpg\" class=\"attachment-full size-full\" alt=\"Luxury SUV trunk space with fridge and spare tyre inside\" srcset=\"https:\/\/kalaharicarhire.com\/wp-content\/uploads\/2026\/01\/Luxury-SUV-trunk-with-fridge-and-spare-tyre-1500x1500-1.jpg 1500w, https:\/\/kalaharicarhire.com\/wp-content\/uploads\/2026\/01\/Luxury-SUV-trunk-with-fridge-and-spare-tyre-1500x1500-1-300x300.jpg 300w, https:\/\/kalaharicarhire.com\/wp-content\/uploads\/2026\/01\/Luxury-SUV-trunk-with-fridge-and-spare-tyre-1500x1500-1-1024x1024.jpg 1024w, https:\/\/kalaharicarhire.com\/wp-content\/uploads\/2026\/01\/Luxury-SUV-trunk-with-fridge-and-spare-tyre-1500x1500-1-150x150.jpg 150w\" sizes=\"auto, (max-width: 1500px) 100vw, 1500px\" \/><\/div><\/div><\/div><\/div><\/div><\/div><\/div><\/section><section class=\"l-section wpb_row us_custom_a3707561 height_large color_alternate\"><div class=\"l-section-h i-cf\"><div class=\"g-cols vc_row via_flex valign_top type_default stacking_default\"><div class=\"vc_col-sm-12 wpb_column vc_column_container\"><div class=\"vc_column-inner\"><div class=\"wpb_wrapper\"><div class=\"w-btn-wrapper align_center\"><a class=\"w-btn us-btn-style_3\" title=\"Check live availability for a 4x4 SUV\" rel=\"nofollow\" href=\"https:\/\/kalaharicarhire.com\/reservations\/?target_step=1&amp;vehicle_class_id=7\"><span class=\"w-btn-label\">BUCHEN<\/span><\/a><\/div><\/div><\/div><\/div><\/div><\/div><\/section><section class=\"l-section wpb_row us_custom_4cfb87d6 height_auto\"><div class=\"l-section-h i-cf\"><div class=\"g-cols vc_row via_flex valign_top type_default stacking_default\"><div class=\"vc_col-sm-6 wpb_column vc_column_container\"><div class=\"vc_column-inner\"><div class=\"wpb_wrapper\">[vc_custom_heading text=&#8220;Standard Spezifikation&#8220; font_container=&#8220;tag:h3|text_align:left&#8220; use_theme_fonts=&#8220;yes&#8220; css=&#8220;%7B%22default%22%3A%7B%22padding-bottom%22%3A%2220px%22%7D%7D&#8220;]<div class=\"g-cols wpb_row via_flex valign_top type_default stacking_default\"><div class=\"vc_col-sm-6 wpb_column vc_column_container\"><div class=\"vc_column-inner\"><div class=\"wpb_wrapper\"><div class=\"w-iconbox us_custom_8d5aa4e2 iconpos_left style_default color_primary align_left no_text\"><div class=\"w-iconbox-icon\" style=\"font-size:25px;\"><i class=\"fas fa-rocket\"><\/i><\/div><div class=\"w-iconbox-meta\"><p class=\"w-iconbox-title\">2.8 Liter Dieselmotor<\/p><\/div><\/div><div class=\"w-iconbox us_custom_8d5aa4e2 iconpos_left style_default color_primary align_left no_text\"><div class=\"w-iconbox-icon\" style=\"font-size:25px;\"><i class=\"fas fa-cog\"><\/i><\/div><div class=\"w-iconbox-meta\"><p class=\"w-iconbox-title\">8-Gang Automatikgetriebe<\/p><\/div><\/div><div class=\"w-iconbox us_custom_8d5aa4e2 iconpos_left style_default color_primary align_left no_text\"><div class=\"w-iconbox-icon\" style=\"font-size:25px;\"><i class=\"fas fa-snowflake\"><\/i><\/div><div class=\"w-iconbox-meta\"><p class=\"w-iconbox-title\">Klimaanlage<\/p><\/div><\/div><div class=\"w-iconbox us_custom_8d5aa4e2 iconpos_left style_default color_primary align_left no_text\"><div class=\"w-iconbox-icon\" style=\"font-size:25px;\"><i class=\"fas fa-steering-wheel\"><\/i><\/div><div class=\"w-iconbox-meta\"><p class=\"w-iconbox-title\">Tempomat<\/p><\/div><\/div><div class=\"w-iconbox us_custom_8d5aa4e2 iconpos_left style_default color_primary align_left no_text\"><div class=\"w-iconbox-icon\" style=\"font-size:25px;\"><i class=\"fas fa-sensor-on\"><\/i><\/div><div class=\"w-iconbox-meta\"><p class=\"w-iconbox-title\">Einparkhilfe und R\u00fcckfahrkamera<\/p><\/div><\/div><div class=\"w-iconbox us_custom_8d5aa4e2 iconpos_left style_default color_primary align_left no_text\"><div class=\"w-iconbox-icon\" style=\"font-size:25px;\"><i class=\"fas fa-tire\"><\/i><\/div><div class=\"w-iconbox-meta\"><p class=\"w-iconbox-title\">1 Ersatzreifen<\/p><\/div><\/div><\/div><\/div><\/div><div class=\"vc_col-sm-6 wpb_column vc_column_container\"><div class=\"vc_column-inner\"><div class=\"wpb_wrapper\"><div class=\"w-iconbox us_custom_8d5aa4e2 iconpos_left style_default color_primary align_left no_text\"><div class=\"w-iconbox-icon\" style=\"font-size:25px;\"><i class=\"fas fa-signal-stream\"><\/i><\/div><div class=\"w-iconbox-meta\"><p class=\"w-iconbox-title\">bluetooth radio<\/p><\/div><\/div><div class=\"w-iconbox us_custom_8d5aa4e2 iconpos_left style_default color_primary align_left no_text\"><div class=\"w-iconbox-icon\" style=\"font-size:25px;\"><i class=\"fas fa-usb-drive\"><\/i><\/div><div class=\"w-iconbox-meta\"><p class=\"w-iconbox-title\">USB port (Type A)<\/p><\/div><\/div><div class=\"w-iconbox us_custom_8d5aa4e2 iconpos_left style_default color_primary align_left no_text\"><div class=\"w-iconbox-icon\" style=\"font-size:25px;\"><i class=\"fas fa-gas-pump\"><\/i><\/div><div class=\"w-iconbox-meta\"><p class=\"w-iconbox-title\">Gro\u00dfer Dieseltank (110 Liter)<\/p><\/div><\/div><\/div><\/div><\/div><\/div><\/div><\/div><\/div><div class=\"vc_col-sm-6 wpb_column vc_column_container\"><div class=\"vc_column-inner\"><div class=\"wpb_wrapper\">[vc_custom_heading text=&#8220;Optionale Extras&#8220; font_container=&#8220;tag:h3|text_align:left&#8220; use_theme_fonts=&#8220;yes&#8220; css=&#8220;%7B%22default%22%3A%7B%22padding-bottom%22%3A%2220px%22%7D%7D&#8220;]<div class=\"g-cols wpb_row via_flex valign_top type_default stacking_default\"><div class=\"vc_col-sm-12 wpb_column vc_column_container\"><div class=\"vc_column-inner\"><div class=\"wpb_wrapper\"><div class=\"w-iconbox us_custom_8d5aa4e2 iconpos_left style_default color_primary align_left\"><div class=\"w-iconbox-icon\" style=\"font-size:25px;\"><i class=\"fas fa-tire\"><\/i><\/div><div class=\"w-iconbox-meta\"><p class=\"w-iconbox-title\">zweiter Ersatzreifen AUF ANFRAGE<\/p><div class=\"w-iconbox-text\"><p><em>empfehlenswert bei Fahrten zu abgelegenen Orten.<br \/>\n<\/em><em>Wirkt sich auf den Kofferraumplatz aus (weniger Platz fuer Gepaeck).<\/em><\/p>\n<\/div><\/div><\/div><div class=\"w-iconbox us_custom_8d5aa4e2 iconpos_left style_default color_primary align_left\"><div class=\"w-iconbox-icon\" style=\"font-size:25px;\"><i class=\"fas fa-box\"><\/i><\/div><div class=\"w-iconbox-meta\"><p class=\"w-iconbox-title\">Kleine kompressor K\u00fchlbox mit 12\/220 V Anschluss. Fassungsverm\u00f6gen: ca. 20 Liter. Extra Kosten (N$46 pro Tag)<\/p><div class=\"w-iconbox-text\"><p><em>Wirkt sich auf den Kofferraumplatz aus (weniger Platz fuer Gepaeck). K\u00fchltruhe l\u00e4uft nur solang Autoz\u00fcndung an (kein Doppelbatterie System)<\/em><\/p>\n<\/div><\/div><\/div><\/div><\/div><\/div><\/div><\/div><\/div><\/div><\/div><\/div><\/section>\n","protected":false},"excerpt":{"rendered":"[vc_custom_heading text=\"Luxus Mietwagen f\u00fcr eine Safari oder Gesch\u00e4ftsreise der Extraklasse\" font_container=\"tag:h3|text_align:left\" use_theme_fonts=\"yes\" css=\"%7B%22mobiles%22%3A%7B%22line-height%22%3A%2260px%22%7D%7D\"][vc_custom_heading text=\"Miete einen automatik Allrad Luxus SUV Toyota Landcruiser\" use_theme_fonts=\"yes\" css=\"%7B%22default%22%3A%7B%22padding-bottom%22%3A%2220px%22%7D%7D\"]Der Luxus SUV AT: Dieser Allrad Luxus SUV (Toyota Land Prado 2.8 2025 4&#215;4 AT oder \u00e4hnliches Auto) 5-Sitzer bietet Komfort der Extraklasse. Genau das Richtige f\u00fcr wichtige Gesch\u00e4ftspartner oder erstklassigen Urlaub. Ab...","protected":false},"author":1,"featured_media":0,"parent":247,"menu_order":0,"comment_status":"closed","ping_status":"closed","template":"","meta":{"footnotes":""},"class_list":["post-50599","page","type-page","status-publish","hentry"],"_links":{"self":[{"href":"https:\/\/kalaharicarhire.com\/de\/wp-json\/wp\/v2\/pages\/50599","targetHints":{"allow":["GET"]}}],"collection":[{"href":"https:\/\/kalaharicarhire.com\/de\/wp-json\/wp\/v2\/pages"}],"about":[{"href":"https:\/\/kalaharicarhire.com\/de\/wp-json\/wp\/v2\/types\/page"}],"author":[{"embeddable":true,"href":"https:\/\/kalaharicarhire.com\/de\/wp-json\/wp\/v2\/users\/1"}],"replies":[{"embeddable":true,"href":"https:\/\/kalaharicarhire.com\/de\/wp-json\/wp\/v2\/comments?post=50599"}],"version-history":[{"count":7,"href":"https:\/\/kalaharicarhire.com\/de\/wp-json\/wp\/v2\/pages\/50599\/revisions"}],"predecessor-version":[{"id":102536,"href":"https:\/\/kalaharicarhire.com\/de\/wp-json\/wp\/v2\/pages\/50599\/revisions\/102536"}],"up":[{"embeddable":true,"href":"https:\/\/kalaharicarhire.com\/de\/wp-json\/wp\/v2\/pages\/247"}],"wp:attachment":[{"href":"https:\/\/kalaharicarhire.com\/de\/wp-json\/wp\/v2\/media?parent=50599"}],"curies":[{"name":"wp","href":"https:\/\/api.w.org\/{rel}","templated":true}]}}