{"id":49179,"date":"2025-04-16T14:23:57","date_gmt":"2025-04-16T14:23:57","guid":{"rendered":"https:\/\/kalaharicarhire.com\/wissenswertes\/sim-card\/"},"modified":"2025-04-30T13:35:16","modified_gmt":"2025-04-30T13:35:16","slug":"sim-karte","status":"publish","type":"page","link":"https:\/\/kalaharicarhire.com\/de\/wissenswertes\/sim-karte\/","title":{"rendered":"SIM-Karte"},"content":{"rendered":"<section class=\"l-section wpb_row us_custom_6df4bc3a has_text_color height_huge with_img\"><div class=\"l-section-img\" data-img-width=\"2500\" data-img-height=\"1667\" style=\"background-image: url(https:\/\/kalaharicarhire.com\/wp-content\/uploads\/2025\/04\/Connect-your-phone-to-car-radio.jpg);background-repeat: no-repeat;\"><\/div><div class=\"l-section-h i-cf\"><div class=\"g-cols vc_row via_flex valign_middle type_default stacking_default\"><div class=\"vc_col-sm-1 wpb_column vc_column_container\"><div class=\"vc_column-inner\"><div class=\"wpb_wrapper\"><\/div><\/div><\/div><div class=\"vc_col-sm-10 wpb_column vc_column_container\"><div class=\"vc_column-inner\"><div class=\"wpb_wrapper\">[vc_custom_heading text=&#8220;HOL DIR EINE NAMIBISCHE SIM-KARTE&#8220; font_container=&#8220;tag:h1|text_align:left&#8220; use_theme_fonts=&#8220;yes&#8220; css=&#8220;%7B%22mobiles%22%3A%7B%22line-height%22%3A%2260px%22%7D%7D&#8220;]<\/div><\/div><\/div><div class=\"vc_col-sm-1 wpb_column vc_column_container\"><div class=\"vc_column-inner\"><div class=\"wpb_wrapper\"><\/div><\/div><\/div><\/div><\/div><\/section><section class=\"l-section wpb_row us_custom_480e6f0b height_large color_alternate\"><div class=\"l-section-h i-cf\"><div class=\"g-cols vc_row via_flex valign_top type_default stacking_default\"><div class=\"vc_col-sm-12 wpb_column vc_column_container\"><div class=\"vc_column-inner\"><div class=\"wpb_wrapper\">[vc_custom_heading text=&#8220;IMMER ERREICHBAR W\u00c4HREND DEINER REISE&#8220; font_container=&#8220;tag:h1|text_align:left&#8220; use_theme_fonts=&#8220;yes&#8220; css=&#8220;%7B%22default%22%3A%7B%22padding-bottom%22%3A%2220px%22%7D%7D&#8220;]<div class=\"wpb_text_column us_custom_3daaba14\"><div class=\"wpb_wrapper\"><p>Du musst oder m\u00f6chtest w\u00e4hrend deiner Reise immer erreichbar sein, aber willst dir die hohen internationalen Roaming-Geb\u00fchren ersparen? Dann empfehlen wir die Nutzung einer namibischen SIM-Karte. Leider bietet derzeit keiner der namibischen Mobilfunkanbieter eine eSIM-L\u00f6sung f\u00fcr Reisende die nach Namibia kommen an, daher musst du dir eine echte holen sobald du hier vor Ort bist.<\/p>\n<\/div><\/div>[vc_custom_heading text=&#8220;Welchen Mobilfunkanbieter nimmt man?&#8220; font_container=&#8220;tag:h3|text_align:left&#8220; use_theme_fonts=&#8220;yes&#8220; css=&#8220;%7B%22default%22%3A%7B%22padding-bottom%22%3A%2220px%22%7D%7D&#8220;]<div class=\"wpb_text_column us_custom_3daaba14\"><div class=\"wpb_wrapper\"><p>Namibia&#8217;s Haupt-Mobilfunkanbieter hei\u00dft MTC. Wir empfehlen die Nutzung einer MTC SIM-Karte.<\/p>\n<\/div><\/div><\/div><\/div><\/div><\/div><\/div><\/section><section class=\"l-section wpb_row us_custom_480e6f0b height_large color_alternate\"><div class=\"l-section-h i-cf\"><div class=\"g-cols vc_row via_flex valign_top type_default stacking_default\"><div class=\"vc_col-sm-12 wpb_column vc_column_container\"><div class=\"vc_column-inner\"><div class=\"wpb_wrapper\">[vc_custom_heading text=&#8220;Wo bekommt man eine namibische SIM-Karte&#8220; use_theme_fonts=&#8220;yes&#8220; css=&#8220;%7B%22default%22%3A%7B%22padding-bottom%22%3A%2220px%22%7D%7D&#8220;][vc_custom_heading text=&#8220;1. Besorg dir eine eigene SIM-Karte&#8220; font_container=&#8220;tag:h3|text_align:left&#8220; use_theme_fonts=&#8220;yes&#8220; css=&#8220;%7B%22default%22%3A%7B%22padding-bottom%22%3A%2220px%22%7D%7D&#8220;]<div class=\"wpb_text_column us_custom_3daaba14\"><div class=\"wpb_wrapper\"><p>A) Direkt am Hosea Kutako Flughafen neben dem Gep\u00e4ckband<br \/>\nNutze die Zeit derweil du auf deinen Koffer wartest und gehe zum MTC-Kiosk neben den Gep\u00e4ckb\u00e4ndern und besorg dir dort eine SIM-Karte und Guthaben bzw. Datenpaket.<\/p>\n<p>B) In der Ankunfsthalle des Flughafens<br \/>\nBei Flugh\u00e4fen wie Hosea Kutako in Windhoek gibt es in der Ankunftshalle ein MTC-Gesch\u00e4ft wo man sich eine SIM-Karte inklusive Guthaben bzw. Datenvolumen besorgen kann.<\/p>\n<p>C) Bei einem MTC-Gesch\u00e4ft in einer gr\u00f6\u00dferen Stadt<br \/>\nNat\u00fcrlich gibt es auch au\u00dferhalb der Flughafen, in jeder gr\u00f6\u00dferen Stadt wie bspw. Windhoek, Walvis Bay, Swakopmund, Gobabis, Otjiwarongo usw. MTC-Gesch\u00e4fte wo man SIM-Karten kaufen kann.<\/p>\n<p>Anders als fr\u00fcher gibt es SIM-Karten nur noch bei offiziellen MTC-Gesch\u00e4ften zu kaufen und nicht mehr auch in Superm\u00e4rkten oder \u00e4hnlichem, da man mittlerweile SIM-Karte auf seine Person registrieren lassen muss. Daher sind SIM-Karten in Namibia mittlerweile nur noch bei MTC direkt erh\u00e4ltlich.<\/p>\n<\/div><\/div>[vc_custom_heading text=&#8220;2. Leih dir eine von uns&#8220; font_container=&#8220;tag:h3|text_align:left&#8220; use_theme_fonts=&#8220;yes&#8220; css=&#8220;%7B%22default%22%3A%7B%22padding-bottom%22%3A%2220px%22%7D%7D&#8220;]<div class=\"wpb_text_column us_custom_3daaba14\"><div class=\"wpb_wrapper\"><p>Wenn Du nur f\u00fcr die Dauer Deiner Automiete eine Sim-Karte brauchst und eventuelle Wartezeiten am Flughafen umgehen m\u00f6chtest, kannst Du gern eine unserer optionalen Sim-Karten ausleihen. Wir bieten eine SIM-Karte pro Mietwagen an, ohne zus\u00e4tzliche Kosten (lediglich eine Bargeldkaution von N$200 \/ \u20ac 10 \/ US$ 10, die Du zur\u00fcckerh\u00e4lst, sobald Du die Sim- und Pin-Karte zur\u00fcckgebracht hast). Da nur eine begrenzte Anzahl von Sim-Karten zur Verf\u00fcgung steht, gib uns bitte bereits im Voraus, bei Mietwagenbuchung, bescheid wenn Du eine unserer SIM-Karte ausleihen m\u00f6chtest.<\/p>\n<\/div><\/div><\/div><\/div><\/div><\/div><\/div><\/section><section class=\"l-section wpb_row us_custom_480e6f0b height_large color_alternate\"><div class=\"l-section-h i-cf\"><div class=\"g-cols vc_row via_flex valign_top type_default stacking_default\"><div class=\"vc_col-sm-12 wpb_column vc_column_container\"><div class=\"vc_column-inner\"><div class=\"wpb_wrapper\">[vc_custom_heading text=&#8220;Wo kauft man Guthaben&#8220; use_theme_fonts=&#8220;yes&#8220; css=&#8220;%7B%22default%22%3A%7B%22padding-bottom%22%3A%2220px%22%7D%7D&#8220;]<div class=\"wpb_text_column us_custom_3daaba14\"><div class=\"wpb_wrapper\"><p>Wenn man Internetzugang hat, kann man MTC Guthaben zum Beispiel online kaufen: <a href=\"https:\/\/www.mtc.com.na\/online-payment\/recharge\">https:\/\/www.mtc.com.na\/online-payment\/recharge<\/a><br \/>\nAlternativ gibt es die MTC Guthaben Gutscheine landesweit bei fast allen Tankstellen, Superm\u00e4rkten, Kiosks, Bars usw. Viele gr\u00f6\u00dfere Superm\u00e4rkte haben einen alleinstehende MTC Automaten (siehe blau-gelbe Maschine \u00e4hnlich einem Geldautomaten). Oder man fragt an der Kasse nach &#8222;MTC airtime&#8220;.<\/p>\n<\/div><\/div><\/div><\/div><\/div><\/div><\/div><\/section><section class=\"l-section wpb_row height_medium\"><div class=\"l-section-h i-cf\"><div class=\"g-cols vc_row via_flex valign_top type_default stacking_default\"><div class=\"vc_col-sm-12 wpb_column vc_column_container\"><div class=\"vc_column-inner\"><div class=\"wpb_wrapper\">[vc_custom_heading text=&#8220;Guthaben aufladen&#8220; font_container=&#8220;tag:h3|text_align:left&#8220; use_theme_fonts=&#8220;yes&#8220; css=&#8220;%7B%22default%22%3A%7B%22padding-bottom%22%3A%2220px%22%7D%7D&#8220;]<div class=\"wpb_text_column us_custom_3daaba14\"><div class=\"wpb_wrapper\"><p>Um das Guthaben auf sein Handy zu laden, schicke eine SMS, nat\u00fcrlich von deiner namibischen Nummer aus, and die 13200 mit der Gutscheinnummer. Or w\u00e4hle *13200*Gutscheinnummer# von deiner Handytastatur. Wenn das Aufladen erfolgreich war erh\u00e4lst du eine Best\u00e4tigungs-SMS \u00e4hnlich wie diese:<\/p>\n<\/div><\/div><div class=\"w-image align_left\"><div class=\"w-image-h\"><img loading=\"lazy\" decoding=\"async\" width=\"439\" height=\"295\" src=\"https:\/\/kalaharicarhire.com\/wp-content\/uploads\/2025\/04\/MTC-recharge-successful.jpg\" class=\"attachment-full size-full\" alt=\"SMS received when successfully recharging with MTC airtime\" srcset=\"https:\/\/kalaharicarhire.com\/wp-content\/uploads\/2025\/04\/MTC-recharge-successful.jpg 439w, https:\/\/kalaharicarhire.com\/wp-content\/uploads\/2025\/04\/MTC-recharge-successful-300x202.jpg 300w\" sizes=\"auto, (max-width: 439px) 100vw, 439px\" \/><\/div><\/div><\/div><\/div><\/div><\/div><\/div><\/section><section class=\"l-section wpb_row height_medium\"><div class=\"l-section-h i-cf\"><div class=\"g-cols vc_row via_flex valign_top type_default stacking_default\"><div class=\"vc_col-sm-12 wpb_column vc_column_container\"><div class=\"vc_column-inner\"><div class=\"wpb_wrapper\">[vc_custom_heading text=&#8220;Datenpakete&#8220; use_theme_fonts=&#8220;yes&#8220; css=&#8220;%7B%22default%22%3A%7B%22padding-bottom%22%3A%2220px%22%7D%7D&#8220;]<div class=\"wpb_text_column us_custom_3daaba14\"><div class=\"wpb_wrapper\"><p>Es empfiehlt sich das Gutenhaben in ein Datenpaket umzuwandeln. Andernfalls ist das Guthaben im Nu leer weil der Direktdatenverbrauch sehr teuer ist. MTC bietet unterschiedliche Pakete an, siehe hier: <a href=\"https:\/\/mtc.com.na\/prepaid\/aweh\">https:\/\/mtc.com.na\/prepaid\/aweh<\/a>:<\/p>\n<p>Da die meisten Reisenden vor allem Daten ben\u00f6tigen und l\u00e4nger als 7 Tage im Land sind, empfehlen wir das AWEH YODATA 30 Datenpaket.<br \/>\n<strong>Verfallsdatum:<\/strong> Beachte, dass die meisten MTC PrePaid Pakete nur 7 Tage g\u00fcltig sind, aber das YODATA 30 ist 30 Tage g\u00fcltig.<\/p>\n<\/div><\/div><div class=\"w-image align_left\"><div class=\"w-image-h\"><img loading=\"lazy\" decoding=\"async\" width=\"734\" height=\"424\" src=\"https:\/\/kalaharicarhire.com\/wp-content\/uploads\/2025\/04\/AwehYoData30.png\" class=\"attachment-large size-large\" alt=\"\" srcset=\"https:\/\/kalaharicarhire.com\/wp-content\/uploads\/2025\/04\/AwehYoData30.png 734w, https:\/\/kalaharicarhire.com\/wp-content\/uploads\/2025\/04\/AwehYoData30-300x173.png 300w\" sizes=\"auto, (max-width: 734px) 100vw, 734px\" \/><\/div><\/div><div class=\"wpb_text_column us_custom_3daaba14\"><div class=\"wpb_wrapper\"><p>Um sein Guthaben umzuwandeln: einach eine SMS von deiner namibischen Simkarte an 13400 schicken mit dem Text \u201eawehyodata30\u201c (oder einem anderen Text je nach gew\u00fcnschtem Paket).<\/p>\n<\/div><\/div><\/div><\/div><\/div><\/div><\/div><\/section><section class=\"l-section wpb_row height_medium\"><div class=\"l-section-h i-cf\"><div class=\"g-cols vc_row via_flex valign_top type_default stacking_default\"><div class=\"vc_col-sm-12 wpb_column vc_column_container\"><div class=\"vc_column-inner\"><div class=\"wpb_wrapper\">[vc_custom_heading text=&#8220;Internationale Sprachpakete&#8220; use_theme_fonts=&#8220;yes&#8220; css=&#8220;%7B%22default%22%3A%7B%22padding-bottom%22%3A%2220px%22%7D%7D&#8220;]<div class=\"w-image align_left\"><div class=\"w-image-h\"><img loading=\"lazy\" decoding=\"async\" width=\"91\" height=\"86\" src=\"https:\/\/kalaharicarhire.com\/wp-content\/uploads\/2025\/04\/MyMTC-App.png\" class=\"attachment-medium size-medium\" alt=\"\" \/><\/div><\/div><div class=\"wpb_text_column us_custom_3daaba14\"><div class=\"wpb_wrapper\"><p>Um bestimmte internationale Sprachpakete zu erwerben, l\u00e4dt man sich am besten die MyMTC-App aus dem App Store herunter und besorgt sich dar\u00fcber die gew\u00fcnschten internationalen Sprachpakete.<\/p>\n<\/div><\/div><\/div><\/div><\/div><\/div><\/div><\/section><section class=\"l-section wpb_row us_custom_480e6f0b height_large color_alternate\"><div class=\"l-section-h i-cf\"><div class=\"g-cols vc_row via_flex valign_top type_default stacking_default\"><div class=\"vc_col-sm-12 wpb_column vc_column_container\"><div class=\"vc_column-inner\"><div class=\"wpb_wrapper\">[vc_custom_heading text=&#8220;Guthabenstand abfragen&#8220; use_theme_fonts=&#8220;yes&#8220; css=&#8220;%7B%22default%22%3A%7B%22padding-bottom%22%3A%2220px%22%7D%7D&#8220;]<div class=\"wpb_text_column us_custom_3daaba14\"><div class=\"wpb_wrapper\"><p>W\u00e4hle *682# auf deiner Telefontastatur und folge den Anweisungen: Antworte mit &#8222;1&#8220;\u00a0 f\u00fcr balance enquiry &gt; &#8222;1&#8220; f\u00fcr Airtime Balance oder &#8222;5&#8220; f\u00fcr Aweh bundle balance.<\/p>\n<\/div><\/div><div class=\"g-cols wpb_row via_flex valign_top type_default stacking_default\"><div class=\"vc_col-sm-3 wpb_column vc_column_container\"><div class=\"vc_column-inner\"><div class=\"wpb_wrapper\"><div class=\"w-image align_left\"><div class=\"w-image-h\"><img loading=\"lazy\" decoding=\"async\" width=\"213\" height=\"300\" src=\"https:\/\/kalaharicarhire.com\/wp-content\/uploads\/2025\/04\/Dial-682-213x300.png\" class=\"attachment-medium size-medium\" alt=\"\" srcset=\"https:\/\/kalaharicarhire.com\/wp-content\/uploads\/2025\/04\/Dial-682-213x300.png 213w, https:\/\/kalaharicarhire.com\/wp-content\/uploads\/2025\/04\/Dial-682.png 341w\" sizes=\"auto, (max-width: 213px) 100vw, 213px\" \/><\/div><\/div><\/div><\/div><\/div><div class=\"vc_col-sm-3 wpb_column vc_column_container\"><div class=\"vc_column-inner\"><div class=\"wpb_wrapper\"><div class=\"w-image align_left\"><div class=\"w-image-h\"><img loading=\"lazy\" decoding=\"async\" width=\"290\" height=\"300\" src=\"https:\/\/kalaharicarhire.com\/wp-content\/uploads\/2025\/04\/Select-1Balance-Enquiry-290x300.png\" class=\"attachment-medium size-medium\" alt=\"\" srcset=\"https:\/\/kalaharicarhire.com\/wp-content\/uploads\/2025\/04\/Select-1Balance-Enquiry-290x300.png 290w, https:\/\/kalaharicarhire.com\/wp-content\/uploads\/2025\/04\/Select-1Balance-Enquiry.png 394w\" sizes=\"auto, (max-width: 290px) 100vw, 290px\" \/><\/div><\/div><\/div><\/div><\/div><div class=\"vc_col-sm-3 wpb_column vc_column_container\"><div class=\"vc_column-inner\"><div class=\"wpb_wrapper\"><div class=\"w-image align_left\"><div class=\"w-image-h\"><img loading=\"lazy\" decoding=\"async\" width=\"296\" height=\"300\" src=\"https:\/\/kalaharicarhire.com\/wp-content\/uploads\/2025\/04\/Select-2AwehBalance-296x300.png\" class=\"attachment-medium size-medium\" alt=\"\" srcset=\"https:\/\/kalaharicarhire.com\/wp-content\/uploads\/2025\/04\/Select-2AwehBalance-296x300.png 296w, https:\/\/kalaharicarhire.com\/wp-content\/uploads\/2025\/04\/Select-2AwehBalance.png 404w\" sizes=\"auto, (max-width: 296px) 100vw, 296px\" \/><\/div><\/div><\/div><\/div><\/div><div class=\"vc_col-sm-3 wpb_column vc_column_container\"><div class=\"vc_column-inner\"><div class=\"wpb_wrapper\"><div class=\"w-image align_left\"><div class=\"w-image-h\"><img loading=\"lazy\" decoding=\"async\" width=\"231\" height=\"300\" src=\"https:\/\/kalaharicarhire.com\/wp-content\/uploads\/2025\/04\/Balance-enquiry-success-231x300.png\" class=\"attachment-medium size-medium\" alt=\"\" srcset=\"https:\/\/kalaharicarhire.com\/wp-content\/uploads\/2025\/04\/Balance-enquiry-success-231x300.png 231w, https:\/\/kalaharicarhire.com\/wp-content\/uploads\/2025\/04\/Balance-enquiry-success.png 350w\" sizes=\"auto, (max-width: 231px) 100vw, 231px\" \/><\/div><\/div><\/div><\/div><\/div><\/div><\/div><\/div><\/div><\/div><\/div><\/section>\n","protected":false},"excerpt":{"rendered":"[vc_custom_heading text=\"HOL DIR EINE NAMIBISCHE SIM-KARTE\" font_container=\"tag:h1|text_align:left\" use_theme_fonts=\"yes\" css=\"%7B%22mobiles%22%3A%7B%22line-height%22%3A%2260px%22%7D%7D\"][vc_custom_heading text=\"IMMER ERREICHBAR W\u00c4HREND DEINER REISE\" font_container=\"tag:h1|text_align:left\" use_theme_fonts=\"yes\" css=\"%7B%22default%22%3A%7B%22padding-bottom%22%3A%2220px%22%7D%7D\"]Du musst oder m\u00f6chtest w\u00e4hrend deiner Reise immer erreichbar sein, aber willst dir die hohen internationalen Roaming-Geb\u00fchren ersparen? Dann empfehlen wir die Nutzung einer namibischen SIM-Karte. Leider bietet derzeit keiner der namibischen Mobilfunkanbieter eine eSIM-L\u00f6sung f\u00fcr Reisende die nach...","protected":false},"author":1,"featured_media":0,"parent":1970,"menu_order":0,"comment_status":"closed","ping_status":"closed","template":"","meta":{"footnotes":""},"class_list":["post-49179","page","type-page","status-publish","hentry"],"_links":{"self":[{"href":"https:\/\/kalaharicarhire.com\/de\/wp-json\/wp\/v2\/pages\/49179","targetHints":{"allow":["GET"]}}],"collection":[{"href":"https:\/\/kalaharicarhire.com\/de\/wp-json\/wp\/v2\/pages"}],"about":[{"href":"https:\/\/kalaharicarhire.com\/de\/wp-json\/wp\/v2\/types\/page"}],"author":[{"embeddable":true,"href":"https:\/\/kalaharicarhire.com\/de\/wp-json\/wp\/v2\/users\/1"}],"replies":[{"embeddable":true,"href":"https:\/\/kalaharicarhire.com\/de\/wp-json\/wp\/v2\/comments?post=49179"}],"version-history":[{"count":12,"href":"https:\/\/kalaharicarhire.com\/de\/wp-json\/wp\/v2\/pages\/49179\/revisions"}],"predecessor-version":[{"id":51447,"href":"https:\/\/kalaharicarhire.com\/de\/wp-json\/wp\/v2\/pages\/49179\/revisions\/51447"}],"up":[{"embeddable":true,"href":"https:\/\/kalaharicarhire.com\/de\/wp-json\/wp\/v2\/pages\/1970"}],"wp:attachment":[{"href":"https:\/\/kalaharicarhire.com\/de\/wp-json\/wp\/v2\/media?parent=49179"}],"curies":[{"name":"wp","href":"https:\/\/api.w.org\/{rel}","templated":true}]}}