{"id":42345,"date":"2025-03-03T12:25:02","date_gmt":"2025-03-03T12:25:02","guid":{"rendered":"https:\/\/kalaharicarhire.com\/?page_id=42345"},"modified":"2026-01-20T11:54:08","modified_gmt":"2026-01-20T11:54:08","slug":"preise-fuer-reiseveranstalter","status":"publish","type":"page","link":"https:\/\/kalaharicarhire.com\/de\/preise-fuer-reiseveranstalter\/","title":{"rendered":"Preise f\u00fcr Reiseveranstalter"},"content":{"rendered":"<section class=\"l-section wpb_row height_medium color_alternate\"><div class=\"l-section-h i-cf\"><div class=\"g-cols vc_row via_flex valign_top type_default stacking_default\"><div class=\"vc_col-sm-12 wpb_column vc_column_container\"><div class=\"vc_column-inner\"><div class=\"wpb_wrapper\">[vc_custom_heading text=&#8220;ERHALTE UNSERE PREISE F\u00dcR REISEVERANSTALTER&#8220; font_container=&#8220;tag:h1|text_align:left&#8220; use_theme_fonts=&#8220;yes&#8220; css=&#8220;%7B%22default%22%3A%7B%22padding-bottom%22%3A%2225px%22%7D%7D&#8220;]<div class=\"wpb_text_column\"><div class=\"wpb_wrapper\"><p data-start=\"163\" data-end=\"468\">Bitte gib so viele Details wie m\u00f6glich im untenstehenden Formular an. Wir freuen uns immer, Reiseveranstaltern besondere Preise anzubieten, um jedoch (vorl\u00e4ufig) zu Standard Tour Operator (STO)-Raten buchen zu k\u00f6nnen, musst du als Provisionspartner bei uns registriert sein. Danach geht das Buchen schnell und unkompliziert.<\/p>\n<p data-start=\"470\" data-end=\"748\">F\u00fcr die Registrierung ben\u00f6tigen wir ein paar Standardinformationen, wie z.\u202fB. die Rechnungsadresse, Handelsregisternummer, die Registrierungsnummer bei einer Tourismusbeh\u00f6rde (z.\u202fB. NTB oder eine vergleichbare internationale Stelle) und deine Umsatzsteuernummer (falls zutreffend).<\/p>\n<p data-start=\"750\" data-end=\"1190\">Das mag zun\u00e4chst nach unn\u00f6tiger B\u00fcrokratie aussehen, aber es stellt sicher, dass STO-Rabatte wirklich unseren legitimen Tourismspartnern vorbehalten bleiben. So sch\u00fctzen wir dich und die Branche vor Trittbrettfahrern. Wir sch\u00e4tzen kleinere Anbieter und Einzelpersonen die unter eigenem Namen arbeiten genau so sehr wie internationale Reiseb\u00fcros, nichts desto trotz ben\u00f6tigen wir von jedem ein paar Basisinformationen, um Partner korrekt registrieren zu k\u00f6nnen.<\/p>\n<p data-start=\"1192\" data-end=\"1381\">Auf diese Weise sichern wir unsere vertrauensvollen Partnerschaften und gew\u00e4hrleisten fairen Zugang zu STO-Raten. Vielen Dank f\u00fcr dein Verst\u00e4ndnis \u2013 wir freuen uns auf die Zusammenarbeit!<\/p>\n<\/div><\/div><form class=\"w-form  us_custom_5eb459c0 has_text_color layout_ver for_cform us_form_1\" autocomplete=\"off\" action=\"https:\/\/kalaharicarhire.com\/de\/wp-json\/wp\/v2\/pages\/42345\" method=\"post\"><div class=\"w-form-h\"><div class=\"w-form-row for_text has_label required\">\r\n\t\t\t<div class=\"w-form-row-label\">\r\n\t\t\t<span>Dein Vor- und Nachname: *<\/span>\r\n\t\t<\/div>\r\n\t\t<div class=\"w-form-row-field\">\r\n\t\t\t\t\t\t<input aria-label=\"Dein Vor- und Nachname:\" type=\"text\" name=\"us_form_1_text_1\" value placeholder data-required=\"true\" aria-required=\"true\"\/>\r\n\t\t\t<\/div>\r\n\t\t<div class=\"w-form-row-state\">Bitte f\u00fcllen Sie dieses Feld aus.<\/div>\r\n<\/div>\r\n<div class=\"w-form-row for_email has_label required\">\r\n\t\t\t<div class=\"w-form-row-label\">\r\n\t\t\t<span>Deine E-Mail Adresse: *<\/span>\r\n\t\t<\/div>\r\n\t\t<div class=\"w-form-row-field\">\r\n\t\t\t\t\t\t<input aria-label=\"Deine E-Mail Adresse:\" type=\"email\" name=\"us_form_1_email_1\" value placeholder data-required=\"true\" aria-required=\"true\"\/>\r\n\t\t\t<\/div>\r\n\t\t<div class=\"w-form-row-state\">Bitte gib eine g\u00fcltige E-Mail-Adresse ein.<\/div>\r\n<\/div>\r\n<div class=\"w-form-row for_email has_label required\">\r\n\t\t\t<div class=\"w-form-row-label\">\r\n\t\t\t<span>Best\u00e4tige Deine E-Mail Adresse: *<\/span>\r\n\t\t<\/div>\r\n\t\t<div class=\"w-form-row-field\">\r\n\t\t\t\t\t\t<input aria-label=\"Best\u00e4tige Deine E-Mail Adresse:\" type=\"email\" name=\"us_form_1_email_2\" value placeholder data-required=\"true\" aria-required=\"true\"\/>\r\n\t\t\t<\/div>\r\n\t\t<div class=\"w-form-row-state\">Bitte gib eine g\u00fcltige E-Mail-Adresse ein.<\/div>\r\n<\/div>\r\n<div class=\"w-form-row for_text has_label required\">\r\n\t\t\t<div class=\"w-form-row-label\">\r\n\t\t\t<span>Firmenname: *<\/span>\r\n\t\t<\/div>\r\n\t\t<div class=\"w-form-row-field\">\r\n\t\t\t\t\t\t<input aria-label=\"Firmenname:\" type=\"text\" name=\"us_form_1_text_2\" value placeholder data-required=\"true\" aria-required=\"true\"\/>\r\n\t\t\t<\/div>\r\n\t\t<div class=\"w-form-row-state\">Bitte f\u00fcllen Sie dieses Feld aus.<\/div>\r\n<\/div>\r\n<div class=\"w-form-row for_text has_label required\">\r\n\t\t\t<div class=\"w-form-row-label\">\r\n\t\t\t<span>Rechnungsaddresse: *<\/span>\r\n\t\t<\/div>\r\n\t\t<div class=\"w-form-row-field\">\r\n\t\t\t\t\t\t<input aria-label=\"Rechnungsaddresse:\" type=\"text\" name=\"us_form_1_text_3\" value placeholder data-required=\"true\" aria-required=\"true\"\/>\r\n\t\t\t<\/div>\r\n\t\t<div class=\"w-form-row-state\">Bitte f\u00fcllen Sie dieses Feld aus.<\/div>\r\n<\/div>\r\n<div class=\"w-form-row for_text has_label\">\r\n\t\t\t<div class=\"w-form-row-label\">\r\n\t\t\t<span>Handelsregisternummer:<\/span>\r\n\t\t<\/div>\r\n\t\t<div class=\"w-form-row-field\">\r\n\t\t\t\t\t\t<input aria-label=\"Handelsregisternummer:\" type=\"text\" name=\"us_form_1_text_4\" value placeholder\/>\r\n\t\t\t<\/div>\r\n\t\t<div class=\"w-form-row-state\">Bitte f\u00fcllen Sie dieses Feld aus.<\/div>\r\n<\/div>\r\n<div class=\"w-form-row for_text has_label\">\r\n\t\t\t<div class=\"w-form-row-label\">\r\n\t\t\t<span>Umsatzsteuernummer:<\/span>\r\n\t\t<\/div>\r\n\t\t<div class=\"w-form-row-field\">\r\n\t\t\t\t\t\t<input aria-label=\"Umsatzsteuernummer:\" type=\"text\" name=\"us_form_1_text_5\" value placeholder\/>\r\n\t\t\t<\/div>\r\n\t\t<div class=\"w-form-row-state\">Bitte f\u00fcllen Sie dieses Feld aus.<\/div>\r\n<\/div>\r\n<div class=\"w-form-row for_text has_label\">\r\n\t\t\t<div class=\"w-form-row-label\">\r\n\t\t\t<span>Website:<\/span>\r\n\t\t<\/div>\r\n\t\t<div class=\"w-form-row-field\">\r\n\t\t\t\t\t\t<input aria-label=\"Website:\" type=\"text\" name=\"us_form_1_text_6\" value placeholder\/>\r\n\t\t\t<\/div>\r\n\t\t<div class=\"w-form-row-state\">Bitte f\u00fcllen Sie dieses Feld aus.<\/div>\r\n<\/div>\r\n<input type=\"hidden\" name=\"action\" value=\"us_ajax_cform\" \/>\r\n<input type=\"hidden\" name=\"post_id\" value=\"0\" \/>\r\n<input type=\"hidden\" name=\"form_index\" value=\"1\" \/>\r\n<div class=\"w-form-row for_submit  align_center\">\r\n\t<button class=\"w-btn  us-btn-style_3\" aria-label=\"SENDEN\" type=\"submit\">\r\n\t\t<span class=\"g-preloader type_1\"><\/span>\r\n\t\t\t\t<span class=\"w-btn-label\">SENDEN<\/span>\r\n\t\t\t<\/button>\r\n\t<\/div>\r\n<\/div><div class=\"w-form-message\"><\/div><div class=\"w-form-json hidden\" onclick='return {&quot;ajaxurl&quot;:&quot;https:\\\/\\\/kalaharicarhire.com\\\/wp-admin\\\/admin-ajax.php&quot;,&quot;messages&quot;:{&quot;err_empty&quot;:&quot;Bitte f\\u00fcllen Sie dieses Feld aus.&quot;,&quot;err_size&quot;:&quot;Die Dateigr\\u00f6\\u00dfe darf %s MB nicht \\u00fcberschreiten&quot;,&quot;err_extension&quot;:&quot;Dateityp %s ist nicht zul\\u00e4ssig&quot;}}'><\/div><\/form><\/div><\/div><\/div><\/div><\/div><\/section><section class=\"l-section wpb_row height_medium\"><div class=\"l-section-h i-cf\"><div class=\"g-cols vc_row via_flex valign_top type_default stacking_default\"><div class=\"vc_col-sm-12 wpb_column vc_column_container\"><div class=\"vc_column-inner\"><div class=\"wpb_wrapper\"><div class=\"wpb_text_column\"><div class=\"wpb_wrapper\"><\/div><\/div><\/div><\/div><\/div><\/div><\/div><\/section>\n","protected":false},"excerpt":{"rendered":"[vc_custom_heading text=\"ERHALTE UNSERE PREISE F\u00dcR REISEVERANSTALTER\" font_container=\"tag:h1|text_align:left\" use_theme_fonts=\"yes\" css=\"%7B%22default%22%3A%7B%22padding-bottom%22%3A%2225px%22%7D%7D\"]Bitte gib so viele Details wie m\u00f6glich im untenstehenden Formular an. Wir freuen uns immer, Reiseveranstaltern besondere Preise anzubieten, um jedoch (vorl\u00e4ufig) zu Standard Tour Operator (STO)-Raten buchen zu k\u00f6nnen, musst du als Provisionspartner bei uns registriert sein. Danach geht das Buchen schnell und unkompliziert. F\u00fcr die...","protected":false},"author":1,"featured_media":0,"parent":0,"menu_order":0,"comment_status":"closed","ping_status":"closed","template":"","meta":{"footnotes":""},"class_list":["post-42345","page","type-page","status-publish","hentry"],"_links":{"self":[{"href":"https:\/\/kalaharicarhire.com\/de\/wp-json\/wp\/v2\/pages\/42345","targetHints":{"allow":["GET"]}}],"collection":[{"href":"https:\/\/kalaharicarhire.com\/de\/wp-json\/wp\/v2\/pages"}],"about":[{"href":"https:\/\/kalaharicarhire.com\/de\/wp-json\/wp\/v2\/types\/page"}],"author":[{"embeddable":true,"href":"https:\/\/kalaharicarhire.com\/de\/wp-json\/wp\/v2\/users\/1"}],"replies":[{"embeddable":true,"href":"https:\/\/kalaharicarhire.com\/de\/wp-json\/wp\/v2\/comments?post=42345"}],"version-history":[{"count":5,"href":"https:\/\/kalaharicarhire.com\/de\/wp-json\/wp\/v2\/pages\/42345\/revisions"}],"predecessor-version":[{"id":100769,"href":"https:\/\/kalaharicarhire.com\/de\/wp-json\/wp\/v2\/pages\/42345\/revisions\/100769"}],"wp:attachment":[{"href":"https:\/\/kalaharicarhire.com\/de\/wp-json\/wp\/v2\/media?parent=42345"}],"curies":[{"name":"wp","href":"https:\/\/api.w.org\/{rel}","templated":true}]}}