{"id":40786,"date":"2025-02-21T11:50:08","date_gmt":"2025-02-21T11:50:08","guid":{"rendered":"https:\/\/kalaharicarhire.com\/?page_id=40786"},"modified":"2025-03-17T10:06:46","modified_gmt":"2025-03-17T10:06:46","slug":"internationalerfuehrerschein","status":"publish","type":"page","link":"https:\/\/kalaharicarhire.com\/de\/wissenswertes\/internationalerfuehrerschein\/","title":{"rendered":"Internationaler F\u00fchrerschein"},"content":{"rendered":"<section class=\"l-section wpb_row us_custom_6df4bc3a has_text_color height_huge with_img\"><div class=\"l-section-img\" data-img-width=\"1900\" data-img-height=\"1267\" style=\"background-image: url(https:\/\/kalaharicarhire.com\/wp-content\/uploads\/2025\/02\/SUV-on-Namibian-tar-road-in-Windhoek.png);background-repeat: no-repeat;\"><\/div><div class=\"l-section-h i-cf\"><div class=\"g-cols vc_row via_flex valign_middle type_default stacking_default\"><div class=\"vc_col-sm-1 wpb_column vc_column_container\"><div class=\"vc_column-inner\"><div class=\"wpb_wrapper\"><\/div><\/div><\/div><div class=\"vc_col-sm-10 wpb_column vc_column_container\"><div class=\"vc_column-inner\"><div class=\"wpb_wrapper\">[vc_custom_heading text=&#8220;Voraussetzungen f\u00fcr das Fahren in Namibia&#8220; font_container=&#8220;tag:h3|text_align:left&#8220; use_theme_fonts=&#8220;yes&#8220;]<\/div><\/div><\/div><div class=\"vc_col-sm-1 wpb_column vc_column_container\"><div class=\"vc_column-inner\"><div class=\"wpb_wrapper\"><\/div><\/div><\/div><\/div><\/div><\/section><section class=\"l-section wpb_row us_custom_480e6f0b height_large color_alternate\"><div class=\"l-section-h i-cf\"><div class=\"g-cols vc_row via_flex valign_top type_default stacking_default\"><div class=\"vc_col-sm-12 wpb_column vc_column_container\"><div class=\"vc_column-inner\"><div class=\"wpb_wrapper\">[vc_custom_heading text=&#8220;BRAUCHT MAN EINEN INTERNATIONALEN F\u00dcHRERSCHEIN?&#8220; font_container=&#8220;tag:h1|text_align:left&#8220; use_theme_fonts=&#8220;yes&#8220; css=&#8220;%7B%22default%22%3A%7B%22padding-bottom%22%3A%2220px%22%7D%7D&#8220;]<div class=\"wpb_text_column us_custom_3daaba14\"><div class=\"wpb_wrapper\"><p>Ja. Jeder dessen originaler F\u00fchrerschein nicht bereits in englischer Sprache ist, braucht zus\u00e4tzlich auch einen internationalen F\u00fchrerschein (in Englisch).<\/p>\n<\/div><\/div><div class=\"g-cols wpb_row via_flex valign_top type_default stacking_default\"><div class=\"vc_col-sm-12 wpb_column vc_column_container\"><div class=\"vc_column-inner\"><div class=\"wpb_wrapper\">[vc_custom_heading text=&#8220;Namibisches Gesetz \u00fcber den n\u00f6tigen F\u00fchrerschein&#8220; use_theme_fonts=&#8220;yes&#8220; css=&#8220;%7B%22default%22%3A%7B%22padding-top%22%3A%2230px%22%2C%22padding-bottom%22%3A%2215px%22%7D%7D&#8220;]<div class=\"wpb_text_column us_custom_3daaba14\"><div class=\"wpb_wrapper\"><p>Nach dem Namibia Government Gazette vom 30. M\u00e4rz 2001 ist ein ausl\u00e4ndischer F\u00fchrerschein ung\u00fcltig, es sei denn:<\/p>\n<p>(a) Der F\u00fchrerschein wurde in englischer Sprache ausgestellt; oder<br \/>\n(b) ein Echtheits- oder G\u00fcltigkeitszertifikat in Bezug auf den F\u00fchrerschein, das von einer zust\u00e4ndigen Beh\u00f6rde (Botschaft) in englischer Sprache ausgestellt wurde; oder<br \/>\n(c) eine von einem vereidigten \u00dcbersetzer angefertigte englische \u00dcbersetzung des F\u00fchrerscheins ist beigef\u00fcgt; und<br \/>\n(d) Die Lizenz enth\u00e4lt ein Foto und eine Unterschrift des Lizenzinhabers.<\/p>\n<p>Bitte beachte, dass du BEIDE F\u00fchrerscheine mitbringen musst, das Original und den internationalen F\u00fchrerschein (falls erforderlich). Denn der internationale F\u00fchrerschein ist NUR in Verbindung mit deinem originalen nationalen F\u00fchrerschein g\u00fcltig.<\/p>\n<\/div><\/div><div class=\"wpb_text_column us_custom_3daaba14\"><div class=\"wpb_wrapper\"><p>Hier ein Auszug aus dem Namibia Government Gazette No. 2503:<\/p>\n<\/div><\/div><div class=\"w-image align_none\"><div class=\"w-image-h\"><img loading=\"lazy\" decoding=\"async\" width=\"662\" height=\"320\" src=\"https:\/\/kalaharicarhire.com\/wp-content\/uploads\/2025\/02\/Excerpt-Conditions-of-foreign-dirving-license-and-international-driving-permit.jpg\" class=\"attachment-large size-large\" alt=\"Excerpt from Namibia Government Gazette No. Conditions of foreign dirving license and international driving permit\" srcset=\"https:\/\/kalaharicarhire.com\/wp-content\/uploads\/2025\/02\/Excerpt-Conditions-of-foreign-dirving-license-and-international-driving-permit.jpg 662w, https:\/\/kalaharicarhire.com\/wp-content\/uploads\/2025\/02\/Excerpt-Conditions-of-foreign-dirving-license-and-international-driving-permit-300x145.jpg 300w\" sizes=\"auto, (max-width: 662px) 100vw, 662px\" \/><\/div><\/div><\/div><\/div><\/div><\/div><\/div><\/div><\/div><\/div><\/div><\/section>\n","protected":false},"excerpt":{"rendered":"[vc_custom_heading text=\"Voraussetzungen f\u00fcr das Fahren in Namibia\" font_container=\"tag:h3|text_align:left\" use_theme_fonts=\"yes\"][vc_custom_heading text=\"BRAUCHT MAN EINEN INTERNATIONALEN F\u00dcHRERSCHEIN?\" font_container=\"tag:h1|text_align:left\" use_theme_fonts=\"yes\" css=\"%7B%22default%22%3A%7B%22padding-bottom%22%3A%2220px%22%7D%7D\"]Ja. Jeder dessen originaler F\u00fchrerschein nicht bereits in englischer Sprache ist, braucht zus\u00e4tzlich auch einen internationalen F\u00fchrerschein (in Englisch). [vc_custom_heading text=\"Namibisches Gesetz \u00fcber den n\u00f6tigen F\u00fchrerschein\" use_theme_fonts=\"yes\" css=\"%7B%22default%22%3A%7B%22padding-top%22%3A%2230px%22%2C%22padding-bottom%22%3A%2215px%22%7D%7D\"]Nach dem Namibia Government Gazette vom 30. M\u00e4rz 2001 ist ein ausl\u00e4ndischer...","protected":false},"author":1,"featured_media":0,"parent":1970,"menu_order":0,"comment_status":"closed","ping_status":"closed","template":"","meta":{"footnotes":""},"class_list":["post-40786","page","type-page","status-publish","hentry"],"_links":{"self":[{"href":"https:\/\/kalaharicarhire.com\/de\/wp-json\/wp\/v2\/pages\/40786","targetHints":{"allow":["GET"]}}],"collection":[{"href":"https:\/\/kalaharicarhire.com\/de\/wp-json\/wp\/v2\/pages"}],"about":[{"href":"https:\/\/kalaharicarhire.com\/de\/wp-json\/wp\/v2\/types\/page"}],"author":[{"embeddable":true,"href":"https:\/\/kalaharicarhire.com\/de\/wp-json\/wp\/v2\/users\/1"}],"replies":[{"embeddable":true,"href":"https:\/\/kalaharicarhire.com\/de\/wp-json\/wp\/v2\/comments?post=40786"}],"version-history":[{"count":4,"href":"https:\/\/kalaharicarhire.com\/de\/wp-json\/wp\/v2\/pages\/40786\/revisions"}],"predecessor-version":[{"id":40796,"href":"https:\/\/kalaharicarhire.com\/de\/wp-json\/wp\/v2\/pages\/40786\/revisions\/40796"}],"up":[{"embeddable":true,"href":"https:\/\/kalaharicarhire.com\/de\/wp-json\/wp\/v2\/pages\/1970"}],"wp:attachment":[{"href":"https:\/\/kalaharicarhire.com\/de\/wp-json\/wp\/v2\/media?parent=40786"}],"curies":[{"name":"wp","href":"https:\/\/api.w.org\/{rel}","templated":true}]}}