{"id":361,"date":"2022-03-21T11:57:26","date_gmt":"2022-03-21T11:57:26","guid":{"rendered":"https:\/\/kalaharicarhire.com\/contact\/"},"modified":"2025-11-19T12:09:16","modified_gmt":"2025-11-19T12:09:16","slug":"kontakt","status":"publish","type":"page","link":"https:\/\/kalaharicarhire.com\/de\/kontakt\/","title":{"rendered":"Kontakt"},"content":{"rendered":"<section class=\"l-section wpb_row us_custom_6df4bc3a has_text_color height_huge with_img\"><div class=\"l-section-img\" data-img-width=\"2500\" data-img-height=\"1500\" style=\"background-image: url(https:\/\/kalaharicarhire.com\/wp-content\/uploads\/2025\/03\/Women-loading-luggage-into-SUV-trunk.jpg);background-repeat: no-repeat;\"><\/div><div class=\"l-section-h i-cf\"><div class=\"g-cols vc_row via_flex valign_middle type_default stacking_default\"><div class=\"vc_col-sm-1 vc_hidden-xs wpb_column vc_column_container\"><div class=\"vc_column-inner\"><div class=\"wpb_wrapper\"><\/div><\/div><\/div><div class=\"vc_col-sm-10 wpb_column vc_column_container\"><div class=\"vc_column-inner\"><div class=\"wpb_wrapper\">[vc_custom_heading text=&#8220;Melde Dich gern bei uns&#8220; font_container=&#8220;tag:h3|text_align:left&#8220; use_theme_fonts=&#8220;yes&#8220;]<\/div><\/div><\/div><div class=\"vc_col-sm-1 vc_hidden-xs wpb_column vc_column_container\"><div class=\"vc_column-inner\"><div class=\"wpb_wrapper\"><\/div><\/div><\/div><\/div><\/div><\/section><section class=\"l-section wpb_row height_medium color_alternate\"><div class=\"l-section-h i-cf\"><div class=\"g-cols vc_row via_flex valign_top type_default stacking_default\"><div class=\"vc_col-sm-12 wpb_column vc_column_container\"><div class=\"vc_column-inner\"><div class=\"wpb_wrapper\">[vc_custom_heading text=&#8220;ANGEBOT ANFRAGEN&#8220; font_container=&#8220;tag:h1|text_align:left&#8220; use_theme_fonts=&#8220;yes&#8220; css=&#8220;%7B%22default%22%3A%7B%22padding-bottom%22%3A%2225px%22%7D%7D&#8220;]<form class=\"w-form  us_custom_5eb459c0 has_text_color layout_ver for_cform us_form_1\" autocomplete=\"off\" action=\"https:\/\/kalaharicarhire.com\/de\/wp-json\/wp\/v2\/pages\/361\" method=\"post\"><div class=\"w-form-h\"><div class=\"w-form-row for_text has_label required\">\r\n\t\t\t<div class=\"w-form-row-label\">\r\n\t\t\t<span>Vorname und Nachname: *<\/span>\r\n\t\t<\/div>\r\n\t\t<div class=\"w-form-row-field\">\r\n\t\t\t\t\t\t<input aria-label=\"Vorname und Nachname:\" type=\"text\" name=\"us_form_1_text_1\" value placeholder data-required=\"true\" aria-required=\"true\"\/>\r\n\t\t\t<\/div>\r\n\t\t<div class=\"w-form-row-state\">Bitte f\u00fcllen Sie dieses Feld aus.<\/div>\r\n<\/div>\r\n<div class=\"w-form-row for_select has_label\">\r\n\t\t\t<div class=\"w-form-row-label\">\r\n\t\t\t<span>Anzahl Personen:<\/span>\r\n\t\t<\/div>\r\n\t\t<div class=\"w-form-row-field\">\r\n\t\t\t\t\t\t<select aria-label=\"Anzahl Personen:\" name=\"us_form_1_select_1\">\r\n\t\t\t<option value=\"1\">1<\/option><option value=\"2\">2<\/option><option value=\"3\">3<\/option><option value=\"4\">4<\/option><option value=\"5\">5<\/option>\t\t<\/select>\r\n\t\t\t<\/div>\r\n\t\t<div class=\"w-form-row-state\">W\u00e4hle eine Option<\/div>\r\n<\/div>\r\n<div class=\"w-form-row for_text has_label required\">\r\n\t\t\t<div class=\"w-form-row-label\">\r\n\t\t\t<span>Alter der Fahrer: *<\/span>\r\n\t\t<\/div>\r\n\t\t<div class=\"w-form-row-field\">\r\n\t\t\t\t\t\t<input aria-label=\"Alter der Fahrer:\" inputmode=\"numeric\" type=\"text\" name=\"us_form_1_text_2\" value placeholder data-required=\"true\" aria-required=\"true\"\/>\r\n\t\t\t<\/div>\r\n\t\t<div class=\"w-form-row-state\">Bitte f\u00fcllen Sie dieses Feld aus.<\/div>\r\n<\/div>\r\n<div class=\"w-form-row for_text has_label required\">\r\n\t\t\t<div class=\"w-form-row-label\">\r\n\t\t\t<span>Deine Handynummer: *<\/span>\r\n\t\t<\/div>\r\n\t\t<div class=\"w-form-row-field\">\r\n\t\t\t\t\t\t<input aria-label=\"Deine Handynummer:\" type=\"text\" name=\"us_form_1_text_3\" value placeholder data-required=\"true\" aria-required=\"true\"\/>\r\n\t\t\t<\/div>\r\n\t\t<div class=\"w-form-row-state\">Bitte f\u00fcllen Sie dieses Feld aus.<\/div>\r\n<\/div>\r\n<div class=\"w-form-row for_email has_label required\">\r\n\t\t\t<div class=\"w-form-row-label\">\r\n\t\t\t<span>Deine E-mail Adresse: *<\/span>\r\n\t\t<\/div>\r\n\t\t<div class=\"w-form-row-field\">\r\n\t\t\t\t\t\t<input aria-label=\"Deine E-mail Adresse:\" type=\"email\" name=\"us_form_1_email_1\" value placeholder data-required=\"true\" aria-required=\"true\"\/>\r\n\t\t\t<\/div>\r\n\t\t<div class=\"w-form-row-state\">Bitte gib eine g\u00fcltige E-Mail-Adresse ein.<\/div>\r\n<\/div>\r\n<div class=\"w-form-row for_email has_label required\">\r\n\t\t\t<div class=\"w-form-row-label\">\r\n\t\t\t<span>Best\u00e4tige bitte Deine E-mail Adresse: *<\/span>\r\n\t\t<\/div>\r\n\t\t<div class=\"w-form-row-field\">\r\n\t\t\t\t\t\t<input aria-label=\"Best\u00e4tige bitte Deine E-mail Adresse:\" type=\"email\" name=\"us_form_1_email_2\" value placeholder data-required=\"true\" aria-required=\"true\"\/>\r\n\t\t\t<\/div>\r\n\t\t<div class=\"w-form-row-state\">Bitte gib eine g\u00fcltige E-Mail-Adresse ein.<\/div>\r\n<\/div>\r\n<div class=\"w-form-row for_date has_label required\">\r\n\t\t\t<div class=\"w-form-row-label\">\r\n\t\t\t<span>Startdatum: *<\/span>\r\n\t\t<\/div>\r\n\t\t<div class=\"w-form-row-field\">\r\n\t\t\t\t\t\t<input type=\"text\" name=\"us_form_1_date_1\" value inputmode=\"none\" data-date-format=\"dd\/mm\/yyyy\" aria-label=\"Startdatum:\" placeholder data-required=\"true\" aria-required=\"true\"\/>\r\n\t\t\t<\/div>\r\n\t\t<div class=\"w-form-row-state\">Bitte f\u00fcllen Sie dieses Feld aus.<\/div>\r\n<\/div>\r\n<div class=\"w-form-row for_select has_label\">\r\n\t\t\t<div class=\"w-form-row-label\">\r\n\t\t\t<span>Abholzeit:<\/span>\r\n\t\t<\/div>\r\n\t\t<div class=\"w-form-row-field\">\r\n\t\t\t\t\t\t<select aria-label=\"Abholzeit:\" name=\"us_form_1_select_2\">\r\n\t\t\t<option value=\"08:00\">08:00<\/option><option value=\"09:00\">09:00<\/option><option value=\"10:00\">10:00<\/option><option value=\"11:00\">11:00<\/option><option value=\"12:00\">12:00<\/option><option value=\"13:00\">13:00<\/option><option value=\"14:00\">14:00<\/option><option value=\"15:00\">15:00<\/option><option value=\"16:00\">16:00<\/option>\t\t<\/select>\r\n\t\t\t<\/div>\r\n\t\t<div class=\"w-form-row-state\">W\u00e4hle eine Option<\/div>\r\n<\/div>\r\n<div class=\"w-form-row for_date has_label required\">\r\n\t\t\t<div class=\"w-form-row-label\">\r\n\t\t\t<span>Enddatum: *<\/span>\r\n\t\t<\/div>\r\n\t\t<div class=\"w-form-row-field\">\r\n\t\t\t\t\t\t<input type=\"text\" name=\"us_form_1_date_2\" value inputmode=\"none\" data-date-format=\"dd\/mm\/yyyy\" aria-label=\"Enddatum:\" placeholder data-required=\"true\" aria-required=\"true\"\/>\r\n\t\t\t<\/div>\r\n\t\t<div class=\"w-form-row-state\">Bitte f\u00fcllen Sie dieses Feld aus.<\/div>\r\n<\/div>\r\n<div class=\"w-form-row for_select has_label\">\r\n\t\t\t<div class=\"w-form-row-label\">\r\n\t\t\t<span>R\u00fcckgabezeit:<\/span>\r\n\t\t<\/div>\r\n\t\t<div class=\"w-form-row-field\">\r\n\t\t\t\t\t\t<select aria-label=\"R\u00fcckgabezeit:\" name=\"us_form_1_select_3\">\r\n\t\t\t<option value=\"08:00\">08:00<\/option><option value=\"09:00\">09:00<\/option><option value=\"10:00\">10:00<\/option><option value=\"11:00\">11:00<\/option><option value=\"12:00\">12:00<\/option><option value=\"13:00\">13:00<\/option><option value=\"14:00\">14:00<\/option><option value=\"15:00\">15:00<\/option><option value=\"16:00\">16:00<\/option>\t\t<\/select>\r\n\t\t\t<\/div>\r\n\t\t<div class=\"w-form-row-state\">W\u00e4hle eine Option<\/div>\r\n<\/div>\r\n<div class=\"w-form-row for_select has_label\">\r\n\t\t\t<div class=\"w-form-row-label\">\r\n\t\t\t<span>Bevorzugtes Fahrzeug:<\/span>\r\n\t\t<\/div>\r\n\t\t<div class=\"w-form-row-field\">\r\n\t\t\t\t\t\t<select aria-label=\"Bevorzugtes Fahrzeug:\" name=\"us_form_1_select_4\">\r\n\t\t\t<option value=\"LUXUS SUV 4x4 Automatik\">LUXUS SUV 4x4 Automatik<\/option><option value=\"SUV 4x4 Automatik\">SUV 4x4 Automatik<\/option><option value=\"CONNOISSEUR 2.8 4x4 Automatik Doppelkabiner\">CONNOISSEUR 2.8 4x4 Automatik Doppelkabiner<\/option><option value=\"CONNOISSEUR 2.4 4x4 Automatik Doppelkabiner\">CONNOISSEUR 2.4 4x4 Automatik Doppelkabiner<\/option><option value=\"COMFORT 4x4 Automatik Doppelkabiner\">COMFORT 4x4 Automatik Doppelkabiner<\/option><option value=\"CLASSIC 4x4 Automatik Doppelkabiner\">CLASSIC 4x4 Automatik Doppelkabiner<\/option>\t\t<\/select>\r\n\t\t\t<\/div>\r\n\t\t<div class=\"w-form-row-state\">W\u00e4hle eine Option<\/div>\r\n<\/div>\r\n<div class=\"w-form-row for_radio has_label\">\r\n\t\t\t<div class=\"w-form-row-label\">\r\n\t\t\t<span>Privat-Taxi vom\/zum Flughafen ben\u00f6tigt:<\/span>\r\n\t\t<\/div>\r\n\t\t<div class=\"w-form-row-field\">\r\n\t\t\t\t\t<label>\r\n\t\t\t\t<input type=\"radio\" class=\"screen-reader-text\" name=\"us_form_1_radio_1\" value=\"Nein\" checked='checked'\/>\r\n\t\t\t\t<span class=\"w-form-radio\"><\/span>\r\n\t\t\t\t<span>Nein<\/span>\r\n\t\t\t<\/label>\r\n\t\t\t\t\t\t<label>\r\n\t\t\t\t<input type=\"radio\" class=\"screen-reader-text\" name=\"us_form_1_radio_1\" value=\"Ja\"\/>\r\n\t\t\t\t<span class=\"w-form-radio\"><\/span>\r\n\t\t\t\t<span>Ja<\/span>\r\n\t\t\t<\/label>\r\n\t\t\t\t<\/div>\r\n\t\t<div class=\"w-form-row-state\">W\u00e4hle eine Option<\/div>\r\n<\/div>\r\n<div class=\"w-form-row for_radio has_label\">\r\n\t\t\t<div class=\"w-form-row-label\">\r\n\t\t\t<span>Ausr\u00fcstung ben\u00f6tigt:<\/span>\r\n\t\t<\/div>\r\n\t\t<div class=\"w-form-row-field\">\r\n\t\t\t\t\t<label>\r\n\t\t\t\t<input type=\"radio\" class=\"screen-reader-text\" name=\"us_form_1_radio_2\" value=\"Keine\" checked='checked'\/>\r\n\t\t\t\t<span class=\"w-form-radio\"><\/span>\r\n\t\t\t\t<span>Keine<\/span>\r\n\t\t\t<\/label>\r\n\t\t\t\t\t\t<label>\r\n\t\t\t\t<input type=\"radio\" class=\"screen-reader-text\" name=\"us_form_1_radio_2\" value=\"Nur K\u00fchltruhe\"\/>\r\n\t\t\t\t<span class=\"w-form-radio\"><\/span>\r\n\t\t\t\t<span>Nur K\u00fchltruhe<\/span>\r\n\t\t\t<\/label>\r\n\t\t\t\t\t\t<label>\r\n\t\t\t\t<input type=\"radio\" class=\"screen-reader-text\" name=\"us_form_1_radio_2\" value=\"Volle Campingausr\u00fcstung\"\/>\r\n\t\t\t\t<span class=\"w-form-radio\"><\/span>\r\n\t\t\t\t<span>Volle Campingausr\u00fcstung<\/span>\r\n\t\t\t<\/label>\r\n\t\t\t\t<\/div>\r\n\t\t<div class=\"w-form-row-state\">W\u00e4hle eine Option<\/div>\r\n<\/div>\r\n<div class=\"w-form-row for_textarea has_label\">\r\n\t\t\t<div class=\"w-form-row-label\">\r\n\t\t\t<span>Notiz:<\/span>\r\n\t\t<\/div>\r\n\t\t<div class=\"w-form-row-field\">\r\n\t\t\t\t\t\t<textarea aria-label=\"Notiz:\" name=\"us_form_1_textarea_1\" placeholder><\/textarea>\r\n\t\t\t<\/div>\r\n\t\t<div class=\"w-form-row-state\">Bitte f\u00fcllen Sie dieses Feld aus.<\/div>\r\n<\/div>\r\n<input type=\"hidden\" name=\"action\" value=\"us_ajax_cform\" \/>\r\n<input type=\"hidden\" name=\"post_id\" value=\"0\" \/>\r\n<input type=\"hidden\" name=\"form_index\" value=\"1\" \/>\r\n<div class=\"w-form-row for_submit  align_center\">\r\n\t<button class=\"w-btn  us-btn-style_4\" aria-label=\"SENDEN\" type=\"submit\">\r\n\t\t<span class=\"g-preloader type_1\"><\/span>\r\n\t\t\t\t<span class=\"w-btn-label\">SENDEN<\/span>\r\n\t\t\t<\/button>\r\n\t<\/div>\r\n<\/div><div class=\"w-form-message\"><\/div><div class=\"w-form-json hidden\" onclick='return {&quot;ajaxurl&quot;:&quot;https:\\\/\\\/kalaharicarhire.com\\\/wp-admin\\\/admin-ajax.php&quot;,&quot;messages&quot;:{&quot;err_empty&quot;:&quot;Bitte f\\u00fcllen Sie dieses Feld aus.&quot;,&quot;err_size&quot;:&quot;Die Dateigr\\u00f6\\u00dfe darf %s MB nicht \\u00fcberschreiten&quot;,&quot;err_extension&quot;:&quot;Dateityp %s ist nicht zul\\u00e4ssig&quot;}}'><\/div><\/form><\/div><\/div><\/div><\/div><\/div><\/section><section class=\"l-section wpb_row height_medium color_alternate\"><div class=\"l-section-h i-cf\"><div class=\"g-cols vc_row via_flex valign_top type_default stacking_default\"><div class=\"vc_col-sm-12 wpb_column vc_column_container\"><div class=\"vc_column-inner\"><div class=\"wpb_wrapper\">[vc_custom_heading text=&#8220;KONTAKTINFORMATION&#8220; font_container=&#8220;tag:h1|text_align:left&#8220; use_theme_fonts=&#8220;yes&#8220; css=&#8220;%7B%22default%22%3A%7B%22padding-bottom%22%3A%2225px%22%7D%7D&#8220;]<div class=\"w-iconbox us_custom_1cb94172 iconpos_left style_default color_primary align_left no_title\"><div class=\"w-iconbox-icon\" style=\"font-size:2rem;\"><i class=\"fas fa-envelope\"><\/i><\/div><div class=\"w-iconbox-meta\"><div class=\"w-iconbox-text\"><p><a href=\"mailto:info@kalaharicarhire.com\">info@kalaharicarhire.com<\/a><\/p>\n<\/div><\/div><\/div><div class=\"w-iconbox us_custom_1cb94172 iconpos_left style_default color_primary align_left no_title\"><div class=\"w-iconbox-icon\" style=\"font-size:2rem;\"><i class=\"fas fa-phone-alt\"><\/i><\/div><div class=\"w-iconbox-meta\"><div class=\"w-iconbox-text\"><p>+264 81 237 7449<\/p>\n<\/div><\/div><\/div><div class=\"w-iconbox us_custom_a9c5a74e iconpos_left style_default color_primary align_left no_title\"><div class=\"w-iconbox-icon\" style=\"font-size:2rem;\"><i class=\"fas fa-mailbox\"><\/i><\/div><div class=\"w-iconbox-meta\"><div class=\"w-iconbox-text\"><p>P.O.Box 81469<br \/>\n<a href=\"https:\/\/goo.gl\/maps\/V5jDPZfiJMk9Z4sn9\" target=\"_blank\" rel=\"noopener\">Hyper Motor City complex No. 50 , Maxwell Street | WINDHOEK | NAMIBIA<\/a><\/p>\n<\/div><\/div><\/div><\/div><\/div><\/div><\/div><\/div><\/section>\n","protected":false},"excerpt":{"rendered":"[vc_custom_heading text=\"Melde Dich gern bei uns\" font_container=\"tag:h3|text_align:left\" use_theme_fonts=\"yes\"][vc_custom_heading text=\"ANGEBOT ANFRAGEN\" font_container=\"tag:h1|text_align:left\" use_theme_fonts=\"yes\" css=\"%7B%22default%22%3A%7B%22padding-bottom%22%3A%2225px%22%7D%7D\"] Vorname und Nachname: * Bitte f\u00fcllen Sie dieses Feld aus. Anzahl Personen: 12345 W\u00e4hle eine Option Alter der Fahrer: * Bitte f\u00fcllen Sie dieses Feld aus. Deine Handynummer: * Bitte f\u00fcllen Sie dieses Feld aus. Deine E-mail Adresse: * Bitte gib eine...","protected":false},"author":1,"featured_media":0,"parent":0,"menu_order":0,"comment_status":"closed","ping_status":"closed","template":"","meta":{"footnotes":""},"class_list":["post-361","page","type-page","status-publish","hentry"],"_links":{"self":[{"href":"https:\/\/kalaharicarhire.com\/de\/wp-json\/wp\/v2\/pages\/361","targetHints":{"allow":["GET"]}}],"collection":[{"href":"https:\/\/kalaharicarhire.com\/de\/wp-json\/wp\/v2\/pages"}],"about":[{"href":"https:\/\/kalaharicarhire.com\/de\/wp-json\/wp\/v2\/types\/page"}],"author":[{"embeddable":true,"href":"https:\/\/kalaharicarhire.com\/de\/wp-json\/wp\/v2\/users\/1"}],"replies":[{"embeddable":true,"href":"https:\/\/kalaharicarhire.com\/de\/wp-json\/wp\/v2\/comments?post=361"}],"version-history":[{"count":34,"href":"https:\/\/kalaharicarhire.com\/de\/wp-json\/wp\/v2\/pages\/361\/revisions"}],"predecessor-version":[{"id":61831,"href":"https:\/\/kalaharicarhire.com\/de\/wp-json\/wp\/v2\/pages\/361\/revisions\/61831"}],"wp:attachment":[{"href":"https:\/\/kalaharicarhire.com\/de\/wp-json\/wp\/v2\/media?parent=361"}],"curies":[{"name":"wp","href":"https:\/\/api.w.org\/{rel}","templated":true}]}}