{"id":35243,"date":"2025-01-15T08:05:51","date_gmt":"2025-01-15T08:05:51","guid":{"rendered":"https:\/\/kalaharicarhire.com\/karriere\/vehicle-handover-specialist\/"},"modified":"2025-06-30T13:45:29","modified_gmt":"2025-06-30T13:45:29","slug":"kundeneinweisung","status":"publish","type":"page","link":"https:\/\/kalaharicarhire.com\/de\/karriere\/kundeneinweisung\/","title":{"rendered":"Kundeinweisung"},"content":{"rendered":"<section class=\"l-section wpb_row us_custom_6df4bc3a has_text_color height_huge with_img\"><div class=\"l-section-img\" data-img-width=\"2500\" data-img-height=\"1667\" style=\"background-image: url(https:\/\/kalaharicarhire.com\/wp-content\/uploads\/2025\/06\/Vehicle-in-landscape.jpg);background-repeat: no-repeat;\"><\/div><div class=\"l-section-h i-cf\"><div class=\"g-cols vc_row via_flex valign_middle type_default stacking_default\"><div class=\"vc_col-sm-1 wpb_column vc_column_container\"><div class=\"vc_column-inner\"><div class=\"wpb_wrapper\"><\/div><\/div><\/div><div class=\"vc_col-sm-10 wpb_column vc_column_container\"><div class=\"vc_column-inner\"><div class=\"wpb_wrapper\">[vc_custom_heading text=&#8220;Teile deine Leidenschaft f\u00fcr&#8217;s Allradfahren mit Kunden&#8220; font_container=&#8220;tag:h3|text_align:left&#8220; use_theme_fonts=&#8220;yes&#8220; css=&#8220;%7B%22mobiles%22%3A%7B%22line-height%22%3A%2260px%22%7D%7D&#8220;]<\/div><\/div><\/div><div class=\"vc_col-sm-1 wpb_column vc_column_container\"><div class=\"vc_column-inner\"><div class=\"wpb_wrapper\"><\/div><\/div><\/div><\/div><\/div><\/section><section class=\"l-section wpb_row us_custom_480e6f0b height_large color_alternate\"><div class=\"l-section-h i-cf\"><div class=\"g-cols vc_row via_flex valign_top type_default stacking_default\"><div class=\"vc_col-sm-12 wpb_column vc_column_container\"><div class=\"vc_column-inner\"><div class=\"wpb_wrapper\"><div class=\"g-cols wpb_row via_flex valign_top type_default stacking_default\"><div class=\"vc_col-sm-12 wpb_column vc_column_container\"><div class=\"vc_column-inner\"><div class=\"wpb_wrapper\">[vc_custom_heading text=&#8220;Offene Stelle als Spezialist Fahrzeug\u00fcbergabe (m\/w)&#8220; use_theme_fonts=&#8220;yes&#8220; css=&#8220;%7B%22default%22%3A%7B%22text-align%22%3A%22left%22%2C%22padding-bottom%22%3A%2220px%22%7D%7D&#8220;]<\/div><\/div><\/div><\/div><div class=\"wpb_text_column us_custom_9af5374b\"><div class=\"wpb_wrapper\"><p>Wir suchen einen kommunikationsfreudigen Kollegen (m\/w) mit einer besonderen Leidenschaft f\u00fcr Namibia und das Allradfahren, der\u00a0 bei der Einweisung von Kunden in ihr Mietauto unterst\u00fctzt.<\/p>\n<\/div><\/div><div class=\"g-cols wpb_row via_flex valign_top type_default stacking_default\"><div class=\"vc_col-sm-12 wpb_column vc_column_container\"><div class=\"vc_column-inner\"><div class=\"wpb_wrapper\">[vc_custom_heading text=&#8220;Deine Aufgaben:&#8220; font_container=&#8220;tag:h3|text_align:left&#8220; use_theme_fonts=&#8220;yes&#8220; css=&#8220;%7B%22default%22%3A%7B%22padding-top%22%3A%2220px%22%2C%22padding-bottom%22%3A%2220px%22%7D%7D&#8220;]<div class=\"wpb_text_column us_custom_8be72b76\"><div class=\"wpb_wrapper\"><ul>\n<li>Hauptverantwortlich f\u00fcr <strong>Wagen\u00fcbergaben<\/strong> &#8211; ankommende Kunden begr\u00fc\u00dfen, Vertragskonditionen und Stra\u00dfenverh\u00e4ltnisse sowie richtiges Fahrverhalten erkl\u00e4ren, Auto sowie etwaige Ausr\u00fcstung (z.B. K\u00fchltruhe oder Dachzelt) erkl\u00e4ren und vorf\u00fchren<\/li>\n<li>Hauptverantwortlich f\u00fcr <strong>Wagenr\u00fcckgaben<\/strong> &#8211; Auto und Ausr\u00fcstung nach R\u00fcckgabe mit Kunden kontrollieren, etwaige Neusch\u00e4den notieren und abrechnen, Kundenfeedback aufnehmen und an Team weiterreichen, Kunden verabschieden<\/li>\n<li>Unterst\u00fctzung bei den abschlie\u00dfenden <strong>Fahrzeugvorbereitung<\/strong> vor Eintreffen der Kunden<\/li>\n<li><strong>Anpacken und Einspringen<\/strong> bei anderen T\u00e4tigkeiten &#8211; abh\u00e4ngig von Auslastung und Kompetenzen<\/li>\n<\/ul>\n<\/div><\/div><\/div><\/div><\/div><\/div><div class=\"g-cols wpb_row via_flex valign_top type_default stacking_default\"><div class=\"vc_col-sm-12 wpb_column vc_column_container\"><div class=\"vc_column-inner\"><div class=\"wpb_wrapper\">[vc_custom_heading text=&#8220;Deine Kompetenzen:&#8220; font_container=&#8220;tag:h3|text_align:left&#8220; use_theme_fonts=&#8220;yes&#8220; css=&#8220;%7B%22default%22%3A%7B%22padding-top%22%3A%2220px%22%2C%22padding-bottom%22%3A%2220px%22%7D%7D&#8220;]<div class=\"wpb_text_column us_custom_bd48e902\"><div class=\"wpb_wrapper\"><ul>\n<li data-start=\"135\" data-end=\"384\">\n<p data-start=\"137\" data-end=\"384\"><strong data-start=\"137\" data-end=\"231\">Freundliches, sicheres und serviceorientiertes Auftreten\u00a0<\/strong><br data-start=\"231\" data-end=\"234\" \/>Der direkte Kontakt mit Menschen macht dir Spa\u00df, und du schaffst es, auch in stressigen Situationen ruhig, hilfsbereit und professionell zu bleiben.<\/p>\n<\/li>\n<li data-start=\"677\" data-end=\"909\">\n<p data-start=\"679\" data-end=\"909\"><strong data-start=\"679\" data-end=\"742\">Du arbeitest sorgf\u00e4ltig und \u00fcbernimmst gerne Verantwortung<\/strong><br data-start=\"742\" data-end=\"745\" \/>Zuverl\u00e4ssigkeit und Genauigkeit sind f\u00fcr dich selbstverst\u00e4ndlich \u2013 vor allem, wenn es um Fahrzeugkontrollen, \u00dcbergabeprotokolle oder andere wichtige Details geht die du den Kunden vermittelst.<\/p>\n<\/li>\n<li data-start=\"911\" data-end=\"1109\">\n<p data-start=\"913\" data-end=\"1109\"><strong data-start=\"913\" data-end=\"997\">G\u00fcltiger F\u00fchrerschein und 4&#215;4 Fahrkenntnisse<\/strong><br data-start=\"997\" data-end=\"1000\" \/>Damit du den Kunden sicher den Umgang mit einem Allrad-Auto vermitteln kannst, solltest du am besten selbst passionierter Fahrer mit Allrad- Fahrkenntnissen sein.<\/p>\n<\/li>\n<li data-start=\"1111\" data-end=\"1315\">\n<p data-start=\"1113\" data-end=\"1315\"><strong data-start=\"1113\" data-end=\"1150\">Deutsch und Englisch<\/strong><br data-start=\"1150\" data-end=\"1153\" \/>Du kannst dich in beiden Sprachen gut verst\u00e4ndigen und dein Wissen mit Kundinnen und Kunden teilen.<\/p>\n<\/li>\n<li data-start=\"1317\" data-end=\"1483\">\n<p data-start=\"1319\" data-end=\"1483\"><strong data-start=\"1319\" data-end=\"1359\">Teamplayer und flexibel<\/strong><br data-start=\"1359\" data-end=\"1362\" \/>Du arbeitest gerne mit anderen zusammen, packst mit an und passt dich schnell an neue Situationen oder Tagesabl\u00e4ufe an.<\/p>\n<\/li>\n<li data-start=\"1485\" data-end=\"1689\">\n<p data-start=\"1487\" data-end=\"1689\"><strong data-start=\"1487\" data-end=\"1560\">Bereit auch mal am Wochenende zu arbeiten<\/strong><br data-start=\"1560\" data-end=\"1563\" \/>Du bist bereit 1 bis 2 Wochenenden im Monat zu arbeiten, abwechselnd mit dem restlichen Team und je nachdem ob Fahrzeug\u00fcbergaben oder -r\u00fcckgaben anstehen.<\/p>\n<\/li>\n<\/ul>\n<\/div><\/div><\/div><\/div><\/div><\/div><div class=\"g-cols wpb_row via_flex valign_top type_default stacking_default\"><div class=\"vc_col-sm-12 wpb_column vc_column_container\"><div class=\"vc_column-inner\"><div class=\"wpb_wrapper\">[vc_custom_heading text=&#8220;Mindest Qualifikationen:&#8220; font_container=&#8220;tag:h3|text_align:left&#8220; use_theme_fonts=&#8220;yes&#8220; css=&#8220;%7B%22default%22%3A%7B%22padding-top%22%3A%2220px%22%2C%22padding-bottom%22%3A%2220px%22%7D%7D&#8220;]<div class=\"wpb_text_column us_custom_bd48e902\"><div class=\"wpb_wrapper\"><ul>\n<li>Hochschulabschluss<\/li>\n<li>Studium oder andere weiterf\u00fchrende Fortbildung von Vorteil<\/li>\n<\/ul>\n<\/div><\/div><\/div><\/div><\/div><\/div><div class=\"g-cols wpb_row via_flex valign_top type_default stacking_default\"><div class=\"vc_col-sm-12 wpb_column vc_column_container\"><div class=\"vc_column-inner\"><div class=\"wpb_wrapper\">[vc_custom_heading text=&#8220;Arbeitsort und -zeiten:&#8220; font_container=&#8220;tag:h3|text_align:left&#8220; use_theme_fonts=&#8220;yes&#8220; css=&#8220;%7B%22default%22%3A%7B%22padding-top%22%3A%2220px%22%2C%22padding-bottom%22%3A%2220px%22%7D%7D&#8220;]<div class=\"wpb_text_column us_custom_bd48e902\"><div class=\"wpb_wrapper\"><p>Wir freuen uns wenn du uns vor Ort in unserem B\u00fcro in Windhoek (Southern Industrial) unterst\u00fctzt. Vollzeitanstellung: Montag bis Freitag, ca. 08:00-17:00. Wochenendarbeit nach Bedarf, je nachdem ob \u00dcbergaben und R\u00fcckgaben anstehen oder nicht.<\/p>\n<\/div><\/div><\/div><\/div><\/div><\/div><\/div><\/div><\/div><\/div><\/div><\/section><section class=\"l-section wpb_row us_custom_480e6f0b height_large color_alternate\"><div class=\"l-section-h i-cf\"><div class=\"g-cols vc_row via_flex valign_top type_default stacking_default\"><div class=\"vc_col-sm-12 wpb_column vc_column_container\"><div class=\"vc_column-inner\"><div class=\"wpb_wrapper\">[vc_custom_heading text=&#8220;Interesse? Meld dich bei uns!&#8220; font_container=&#8220;tag:h3|text_align:left&#8220; use_theme_fonts=&#8220;yes&#8220; css=&#8220;%7B%22default%22%3A%7B%22padding-bottom%22%3A%2220px%22%7D%7D&#8220;]<div class=\"w-iconbox iconpos_left style_circle color_primary align_left no_title\"><div class=\"w-iconbox-icon\" style=\"font-size:2rem;\"><i class=\"fas fa-envelope\"><\/i><\/div><div class=\"w-iconbox-meta\"><div class=\"w-iconbox-text\"><p><a href=\"mailto:info@kalaharicarhire.com\">info@kalaharicarhire.com<\/a><\/p>\n<\/div><\/div><\/div><\/div><\/div><\/div><\/div><\/div><\/section>\n","protected":false},"excerpt":{"rendered":"[vc_custom_heading text=\"Teile deine Leidenschaft f\u00fcr's Allradfahren mit Kunden\" font_container=\"tag:h3|text_align:left\" use_theme_fonts=\"yes\" css=\"%7B%22mobiles%22%3A%7B%22line-height%22%3A%2260px%22%7D%7D\"][vc_custom_heading text=\"Offene Stelle als Spezialist Fahrzeug\u00fcbergabe (m\/w)\" use_theme_fonts=\"yes\" css=\"%7B%22default%22%3A%7B%22text-align%22%3A%22left%22%2C%22padding-bottom%22%3A%2220px%22%7D%7D\"]Wir suchen einen kommunikationsfreudigen Kollegen (m\/w) mit einer besonderen Leidenschaft f\u00fcr Namibia und das Allradfahren, der\u00a0 bei der Einweisung von Kunden in ihr Mietauto unterst\u00fctzt. [vc_custom_heading text=\"Deine Aufgaben:\" font_container=\"tag:h3|text_align:left\" use_theme_fonts=\"yes\" css=\"%7B%22default%22%3A%7B%22padding-top%22%3A%2220px%22%2C%22padding-bottom%22%3A%2220px%22%7D%7D\"] Hauptverantwortlich f\u00fcr Wagen\u00fcbergaben &#8211; ankommende Kunden...","protected":false},"author":1,"featured_media":0,"parent":1124,"menu_order":0,"comment_status":"closed","ping_status":"closed","template":"","meta":{"footnotes":""},"class_list":["post-35243","page","type-page","status-publish","hentry"],"_links":{"self":[{"href":"https:\/\/kalaharicarhire.com\/de\/wp-json\/wp\/v2\/pages\/35243","targetHints":{"allow":["GET"]}}],"collection":[{"href":"https:\/\/kalaharicarhire.com\/de\/wp-json\/wp\/v2\/pages"}],"about":[{"href":"https:\/\/kalaharicarhire.com\/de\/wp-json\/wp\/v2\/types\/page"}],"author":[{"embeddable":true,"href":"https:\/\/kalaharicarhire.com\/de\/wp-json\/wp\/v2\/users\/1"}],"replies":[{"embeddable":true,"href":"https:\/\/kalaharicarhire.com\/de\/wp-json\/wp\/v2\/comments?post=35243"}],"version-history":[{"count":10,"href":"https:\/\/kalaharicarhire.com\/de\/wp-json\/wp\/v2\/pages\/35243\/revisions"}],"predecessor-version":[{"id":62663,"href":"https:\/\/kalaharicarhire.com\/de\/wp-json\/wp\/v2\/pages\/35243\/revisions\/62663"}],"up":[{"embeddable":true,"href":"https:\/\/kalaharicarhire.com\/de\/wp-json\/wp\/v2\/pages\/1124"}],"wp:attachment":[{"href":"https:\/\/kalaharicarhire.com\/de\/wp-json\/wp\/v2\/media?parent=35243"}],"curies":[{"name":"wp","href":"https:\/\/api.w.org\/{rel}","templated":true}]}}