{"id":2227,"date":"2023-09-06T13:42:38","date_gmt":"2023-09-06T13:42:38","guid":{"rendered":"https:\/\/kalaharicarhire.com\/?page_id=2227"},"modified":"2026-02-16T12:19:35","modified_gmt":"2026-02-16T12:19:35","slug":"grenzuebertritte","status":"publish","type":"page","link":"https:\/\/kalaharicarhire.com\/de\/wissenswertes\/grenzuebertritte\/","title":{"rendered":"Grenz\u00fcbertritte"},"content":{"rendered":"<section class=\"l-section wpb_row us_custom_6df4bc3a has_text_color height_huge with_img\"><div class=\"l-section-img\" data-img-width=\"1920\" data-img-height=\"1420\" style=\"background-image: url(https:\/\/kalaharicarhire.com\/wp-content\/uploads\/2023\/09\/Header-image-Border-crossing-1920-x-1490.jpg);background-repeat: no-repeat;\"><\/div><div class=\"l-section-h i-cf\"><div class=\"g-cols vc_row via_flex valign_middle type_default stacking_default\"><div class=\"vc_col-sm-1 wpb_column vc_column_container\"><div class=\"vc_column-inner\"><div class=\"wpb_wrapper\"><\/div><\/div><\/div><div class=\"vc_col-sm-10 wpb_column vc_column_container\"><div class=\"vc_column-inner\"><div class=\"wpb_wrapper\">[vc_custom_heading text=&#8220;Grenzenloses Abenteuer&#8220; font_container=&#8220;tag:h3|text_align:left&#8220; use_theme_fonts=&#8220;yes&#8220;]<\/div><\/div><\/div><div class=\"vc_col-sm-1 wpb_column vc_column_container\"><div class=\"vc_column-inner\"><div class=\"wpb_wrapper\"><\/div><\/div><\/div><\/div><\/div><\/section><section class=\"l-section wpb_row us_custom_480e6f0b height_large color_alternate\"><div class=\"l-section-h i-cf\"><div class=\"g-cols vc_row via_flex valign_top type_default stacking_default\"><div class=\"vc_col-sm-12 wpb_column vc_column_container\"><div class=\"vc_column-inner\"><div class=\"wpb_wrapper\">[vc_custom_heading text=&#8220;GRENZ\u00dcBERTRITTE MIT EINEM MIETAUTO&#8220; font_container=&#8220;tag:h1|text_align:left&#8220; use_theme_fonts=&#8220;yes&#8220; css=&#8220;%7B%22default%22%3A%7B%22padding-bottom%22%3A%2220px%22%7D%7D&#8220;]<div class=\"wpb_text_column us_custom_1f257949\"><div class=\"wpb_wrapper\"><p>Wenn du nicht nur Namibia sehen willst, sondern auch \u00fcber die Grenze in eines unserer sch\u00f6nen Nachbarl\u00e4nder fahren m\u00f6chtest, beachte bitte untenstehende Informationen zum Grenz\u00fcbertritt mit Kalahari Car Hire Fahrzeugen.<\/p>\n<p>Generell darfst du nach S\u00fcdafrika und in die grenznahen Gebiete von Simbabwe (Victoriaf\u00e4lle und Hwange Park) und Sambia (Victoriaf\u00e4lle) fahren. Fahrten nach Botswana sind derzeit nur auf Anfrage zu besonderen Anl\u00e4ssen m\u00f6glich. Siehe Details weiter unten.<\/p>\n<\/div><\/div><div class=\"g-cols wpb_row via_flex valign_top type_default stacking_default\"><div class=\"vc_col-sm-12 wpb_column vc_column_container\"><div class=\"vc_column-inner\"><div class=\"wpb_wrapper\">[vc_custom_heading text=&#8220;Genehmigung und Kosten&#8220; use_theme_fonts=&#8220;yes&#8220; css=&#8220;%7B%22default%22%3A%7B%22padding-top%22%3A%2230px%22%2C%22padding-bottom%22%3A%2215px%22%7D%7D&#8220;]<div class=\"wpb_text_column us_custom_432d3f53\"><div class=\"wpb_wrapper\"><p>Derzeit erheben wir keine zus\u00e4tzlichen Geb\u00fchren f\u00fcr den Grenz\u00fcbertritt. Bitte beachte jedoch, dass an den jeweiligen Grenzen l\u00e4nderspezifische Grenz- und Haftungskosten anfallen, die zus\u00e4tzlich vom Mieter selbst zu tragen sind. Siehe Kostensch\u00e4tzungen f\u00fcr die einzelnen L\u00e4nder unten.<\/p>\n<p>Bitte teile uns unbedingt mit, dass und in welche L\u00e4nder du fahren m\u00f6chtest . Auf diese Weise k\u00f6nnen wir sicherstellen, dass du die erforderlichen Fahrzeugpapiere f\u00fcr deinen Mietwagen dabei hast, die Erlaubnis zum Grenz\u00fcbertritt auf deinem Mietvertrag von uns unterzeichnet wird und l\u00e4nderspezifische Papiere (siehe z. B. die f\u00fcr Sambia erforderliche polizeiliche Freigabe) rechtzeitig beantragt werden.<\/p>\n<\/div><\/div><\/div><\/div><\/div><\/div><div class=\"g-cols wpb_row via_flex valign_top type_default stacking_default\"><div class=\"vc_col-sm-12 wpb_column vc_column_container\"><div class=\"vc_column-inner\"><div class=\"wpb_wrapper\">[vc_custom_heading text=&#8220;Angola&#8220; use_theme_fonts=&#8220;yes&#8220; css=&#8220;%7B%22default%22%3A%7B%22padding-top%22%3A%2230px%22%2C%22padding-bottom%22%3A%2215px%22%7D%7D&#8220;]<div class=\"wpb_text_column us_custom_432d3f53\"><div class=\"wpb_wrapper\"><p>Leider ist der Grenz\u00fcbertritt nach Angola nicht gestattet. Wir bedanken uns f\u00fcr dein Verst\u00e4ndnis.<\/p>\n<\/div><\/div><\/div><\/div><\/div><\/div><div class=\"g-cols wpb_row via_flex valign_top type_default stacking_default\"><div class=\"vc_col-sm-12 wpb_column vc_column_container\"><div class=\"vc_column-inner\"><div class=\"wpb_wrapper\">[vc_custom_heading text=&#8220;Botswana&#8220; use_theme_fonts=&#8220;yes&#8220; css=&#8220;%7B%22default%22%3A%7B%22padding-top%22%3A%2230px%22%2C%22padding-bottom%22%3A%2215px%22%7D%7D&#8220;]<div class=\"wpb_text_column us_custom_1f257949\"><div class=\"wpb_wrapper\"><p data-start=\"118\" data-end=\"335\">Wenn du planst, nach Botswana zu reisen, melde dich bitte bei uns mit deinem vorl\u00e4ufigen Reiseplan. Es liegt uns am Herzen, dass du und deine Mitreisenden ein sicheres, entspanntes und unvergessliches Fahrerlebnis haben.<\/p>\n<p data-start=\"337\" data-end=\"982\">Botswana ist ein wundersch\u00f6nes Land, aber nicht alle Regionen eignen sich f\u00fcr Selbstfahrer. Stra\u00dfen in und um Nationalparks wie Chobe, Moremi oder das Okavango-Delta k\u00f6nnen anspruchsvoll sein \u2013 sandig, schlammig, \u00fcberschwemmt oder durch umgest\u00fcrzte B\u00e4ume blockiert \u2013 und liegen oft in abgelegenen Gebieten ohne Mobilfunkempfang. Solche Bedingungen erfordern sorgf\u00e4ltige Planung, fortgeschrittene Offroad-F\u00e4higkeiten und beanspruchen Fahrer wie Fahrzeug stark. Normal ausgestattete 4\u00d74-Fahrzeuge sind auf manchen Routen nicht ideal. Um Sch\u00e4den, Verz\u00f6gerungen und zus\u00e4tzliche Kosten f\u00fcr dich zu vermeiden, solltest du deine Reise daher genau planen.<\/p>\n<p data-start=\"984\" data-end=\"1684\">Wir empfehlen, vor allem die Hauptstra\u00dfen zu nutzen und die Saison zu ber\u00fccksichtigen. Wer das Delta entspannt erleben m\u00f6chte, dem empfehlen wir eine Fly-in-Safari oder die Fahrt mit einem erfahrenen Guide. Nationalparks Botswanas aus der Luft oder mit einem gef\u00fchrten 4\u00d74 zu erkunden, ist deutlich entspannter und gleichzeitig faszinierender. Lokale Guides kennen die Gebiete und die Verstecke der Tiere wie ihre Westentasche \u2013 so siehst du bei einer gef\u00fchrten Tour fast garantiert mehr als allein. Wenn du trotzdem abgelegene Regionen selbst erkunden m\u00f6chtest, reise besser in einer Gruppe von mindestens zwei Fahrzeugen, um gegenseitige Unterst\u00fctzung und ein Backup-Fahrzeug zu haben.<\/p>\n<p data-start=\"1686\" data-end=\"1788\">Bitte beachte: Bei Fahrten nach Botswana l\u00e4sst sich der Selbstbehalt nur bis N$ 20 000 reduzieren.<\/p>\n<\/div><\/div><\/div><\/div><\/div><\/div><div class=\"g-cols wpb_row via_flex valign_top type_default stacking_default\"><div class=\"vc_col-sm-12 wpb_column vc_column_container\"><div class=\"vc_column-inner\"><div class=\"wpb_wrapper\">[vc_custom_heading text=&#8220;Sambia&#8220; use_theme_fonts=&#8220;yes&#8220; css=&#8220;%7B%22default%22%3A%7B%22padding-top%22%3A%2230px%22%2C%22padding-bottom%22%3A%2215px%22%7D%7D&#8220;]<div class=\"wpb_text_column us_custom_432d3f53\"><div class=\"wpb_wrapper\"><p>Du darfst nach Sambia gern bis kurz hinter die Grenze \/ bis zu den Victoriaf\u00e4llen fahren. Weiteres Fahren in Sambia ist untersagt. Aufgrund der besonderen polizeilichen Auflagen und der extrem hohen Kosten f\u00fcr Ersatzteile und Reparaturen sind Unf\u00e4lle oder Reparaturen in Sambia unter den derzeitigen Umst\u00e4nden einfach nicht tragbar.<\/p>\n<p>WICHTIG: F\u00fcr die Einreise nach Sambia ben\u00f6tigt man eine sogenannte police clearance (polizeiliches F\u00fchrungszeugnis) des Fahrzeugs. Hierf\u00fcr fallen zus\u00e4tzlichen Kosten von ungef\u00e4hr N$ 400 an. Da diese Bescheinigung nur f\u00fcr einen kurzen Zeitraum g\u00fcltig ist, muss sie f\u00fcr jeden Mieter neu ausgestellt werden. Solltest du mit unserem Fahrzeug nach Sambia einreisen wollen, teile uns dies bitte mindestens 1 Woche vor Abholung des Fahrzeugs mit, damit wir das Zertifikat rechtzeitig organisieren k\u00f6nnen.<\/p>\n<\/div><\/div><\/div><\/div><\/div><\/div><div class=\"g-cols wpb_row via_flex valign_top type_default stacking_default\"><div class=\"vc_col-sm-12 wpb_column vc_column_container\"><div class=\"vc_column-inner\"><div class=\"wpb_wrapper\">[vc_custom_heading text=&#8220;Simbabwe&#8220; use_theme_fonts=&#8220;yes&#8220; css=&#8220;%7B%22default%22%3A%7B%22padding-top%22%3A%2230px%22%2C%22padding-bottom%22%3A%2215px%22%7D%7D&#8220;]<div class=\"wpb_text_column us_custom_432d3f53\"><div class=\"wpb_wrapper\"><p>Die Einreise nach Simbabwe ist nur bis kurz hinter die Grenze bzw. bis zu den Victoriaf\u00e4llen oder dem Hwange-Park erlaubt. Weiteres Fahren in Simbabwe ist untersagt. Aufgrund der besonderen polizeilichen Auflagen und der extrem hohen Kosten f\u00fcr Ersatzteile und Reparaturen sind Unf\u00e4lle oder Reparaturen in Simbabwe unter den derzeitigen Umst\u00e4nden einfach nicht tragbar.<\/p>\n<p>WICHTIG: Solltest du beabsichtigen, mit unserem Fahrzeug nach Simbabwe einzureisen, teile uns dies bitte vor der Abholung des Fahrzeugs mit, da die \u00f6rtliche Polizei immer einige Extras (z.B. Feuerl\u00f6scher und Sicherheitswesten) sehen m\u00f6chte. Dann k\u00f6nnen wir diese entsprechend vorbereiten.<\/p>\n<p>Zu erwartende Kosten an der Grenze zu Simbabwe f\u00fcr den Mietwagen = U$120:<br \/>\nKohlenstoffsteuer U$ 10<br \/>\nHaftpflichtversicherung U$ 50<br \/>\nStra\u00dfenbenutzungsgeb\u00fchr U$ 10<br \/>\nCommercial Vehicle Guarantee U$ 50<\/p>\n<p>Plus Visum pro Person U$ 30<\/p>\n<p>HINWEIS: F\u00fcr den Grenz\u00fcbertritt am Grenzposten Kazongula (von Botswana nach Simbabwe) empfehlen wir die Unterst\u00fctzung der TINADY Clearing and Forwarding Company. Kontaktiert Themba ein paar Tage VOR dem Grenz\u00fcbertritt per Telefon, Whatsapp oder Mail, damit er die notwendigen Dokumente vorbereiten kann &#8211; dies wird den Grenz\u00fcbertritt von Botswana nach Simbabwe erheblich beschleunigen.<\/p>\n<p>Mr Thembalami Mkandabili<br \/>\ntmkandabili@gmail.com<br \/>\n+263 777 814 257<br \/>\n+267 74770 254<\/p>\n<\/div><\/div><\/div><\/div><\/div><\/div><div class=\"g-cols wpb_row via_flex valign_top type_default stacking_default\"><div class=\"vc_col-sm-12 wpb_column vc_column_container\"><div class=\"vc_column-inner\"><div class=\"wpb_wrapper\">[vc_custom_heading text=&#8220;S\u00fcdafrika&#8220; use_theme_fonts=&#8220;yes&#8220; css=&#8220;%7B%22default%22%3A%7B%22padding-top%22%3A%2230px%22%2C%22padding-bottom%22%3A%2215px%22%7D%7D&#8220;]<div class=\"wpb_text_column us_custom_432d3f53\"><div class=\"wpb_wrapper\"><p>Sehr gern darfst du S\u00fcdafrika mit unseren Fahrzeugen erkunden. Denn abgesehen davon, dass es ein wundersch\u00f6nes Land ist (fast so sch\u00f6n und vielf\u00e4ltig wie Namibia ;)), sind die Stra\u00dfen und der Handyempfang im Allgemeinen gut und Mechaniker und Ersatzteile gut verf\u00fcgbar sollte man diese mal brauchen.<\/p>\n<\/div><\/div><\/div><\/div><\/div><\/div><div class=\"g-cols wpb_row via_flex valign_top type_default stacking_default\"><div class=\"vc_col-sm-12 wpb_column vc_column_container\"><div class=\"vc_column-inner\"><div class=\"wpb_wrapper\">[vc_custom_heading text=&#8220;Versicherung au\u00dferhalb Namibias&#8220; use_theme_fonts=&#8220;yes&#8220; css=&#8220;%7B%22default%22%3A%7B%22padding-top%22%3A%2230px%22%2C%22padding-bottom%22%3A%2215px%22%7D%7D&#8220;]<div class=\"wpb_text_column us_custom_432d3f53\"><div class=\"wpb_wrapper\"><p>Bitte beachte, dass weitgehend der gleiche Versicherungsschutz wie in Namibia gilt, jedoch mit folgenden Ausnahmen.<\/p>\n<p>Abschleppkosten aus Nachbarl\u00e4ndern \/ au\u00dferhalb Namibias sind NICHT abgedeckt. Dementsprechend m\u00fcssen die Kosten f\u00fcr den Einsatz eines Mechanikers oder die Abschleppkosten in einem Nachbarland vom Mieter selbst getragen werden. Selbst im Falle eines durch die Versicherung gedeckten Schadens, deckt die Versicherung nur die Anfahrtskosten oder Abschleppkosten in Namibia ab (der Mieter muss die Kosten von dem Ort, an dem sich sein Mietfahrzeug im Nachbarland befindet, bis zum n\u00e4chsten Ort in Namibia selbst tragen).<\/p>\n<p>Der Mieter hat keinen Versicherungsschutz und f\u00e4hrt auf eigenes Risiko in folgenden F\u00e4llen:<br \/>\n&#8211; Fahren auf nicht registrierten Stra\u00dfen<br \/>\n&#8211; das Fahren in Nationalparks wie Chobe, Moremi, Central Kalahari, Kgalagadi, Nxai Pan, Madgadikdagi, Khuts etc. sowie in den Gebieten um diese Nationalparks herum.<\/p>\n<p>Details siehe Mietvertrag.<\/p>\n<\/div><\/div><\/div><\/div><\/div><\/div><div class=\"vc_col-sm-12 wpb_column vc_column_container\"><div class=\"vc_column-inner\"><div class=\"wpb_wrapper\"><\/div><\/div><\/div><\/div><\/div><\/div><\/div><\/div><\/section>\n","protected":false},"excerpt":{"rendered":"[vc_custom_heading text=\"Grenzenloses Abenteuer\" font_container=\"tag:h3|text_align:left\" use_theme_fonts=\"yes\"][vc_custom_heading text=\"GRENZ\u00dcBERTRITTE MIT EINEM MIETAUTO\" font_container=\"tag:h1|text_align:left\" use_theme_fonts=\"yes\" css=\"%7B%22default%22%3A%7B%22padding-bottom%22%3A%2220px%22%7D%7D\"]Wenn du nicht nur Namibia sehen willst, sondern auch \u00fcber die Grenze in eines unserer sch\u00f6nen Nachbarl\u00e4nder fahren m\u00f6chtest, beachte bitte untenstehende Informationen zum Grenz\u00fcbertritt mit Kalahari Car Hire Fahrzeugen. Generell darfst du nach S\u00fcdafrika und in die grenznahen Gebiete von Simbabwe (Victoriaf\u00e4lle und...","protected":false},"author":1,"featured_media":0,"parent":1970,"menu_order":0,"comment_status":"closed","ping_status":"closed","template":"","meta":{"footnotes":""},"class_list":["post-2227","page","type-page","status-publish","hentry"],"_links":{"self":[{"href":"https:\/\/kalaharicarhire.com\/de\/wp-json\/wp\/v2\/pages\/2227","targetHints":{"allow":["GET"]}}],"collection":[{"href":"https:\/\/kalaharicarhire.com\/de\/wp-json\/wp\/v2\/pages"}],"about":[{"href":"https:\/\/kalaharicarhire.com\/de\/wp-json\/wp\/v2\/types\/page"}],"author":[{"embeddable":true,"href":"https:\/\/kalaharicarhire.com\/de\/wp-json\/wp\/v2\/users\/1"}],"replies":[{"embeddable":true,"href":"https:\/\/kalaharicarhire.com\/de\/wp-json\/wp\/v2\/comments?post=2227"}],"version-history":[{"count":16,"href":"https:\/\/kalaharicarhire.com\/de\/wp-json\/wp\/v2\/pages\/2227\/revisions"}],"predecessor-version":[{"id":105923,"href":"https:\/\/kalaharicarhire.com\/de\/wp-json\/wp\/v2\/pages\/2227\/revisions\/105923"}],"up":[{"embeddable":true,"href":"https:\/\/kalaharicarhire.com\/de\/wp-json\/wp\/v2\/pages\/1970"}],"wp:attachment":[{"href":"https:\/\/kalaharicarhire.com\/de\/wp-json\/wp\/v2\/media?parent=2227"}],"curies":[{"name":"wp","href":"https:\/\/api.w.org\/{rel}","templated":true}]}}