{"id":2005,"date":"2023-06-28T08:21:42","date_gmt":"2023-06-28T08:21:42","guid":{"rendered":"https:\/\/kalaharicarhire.com\/?page_id=2005"},"modified":"2026-02-17T10:23:25","modified_gmt":"2026-02-17T10:23:25","slug":"team","status":"publish","type":"page","link":"https:\/\/kalaharicarhire.com\/de\/ueber-uns\/team\/","title":{"rendered":"Team"},"content":{"rendered":"<section class=\"l-section wpb_row us_custom_6df4bc3a has_text_color height_huge with_img\"><div class=\"l-section-img\" data-img-width=\"2500\" data-img-height=\"1663\" style=\"background-image: url(https:\/\/kalaharicarhire.com\/wp-content\/uploads\/2024\/11\/Team-work.jpg);background-repeat: no-repeat;\"><\/div><div class=\"l-section-h i-cf\"><div class=\"g-cols vc_row via_flex valign_middle type_default stacking_default\"><div class=\"vc_col-sm-1 wpb_column vc_column_container\"><div class=\"vc_column-inner\"><div class=\"wpb_wrapper\"><\/div><\/div><\/div><div class=\"vc_col-sm-10 wpb_column vc_column_container\"><div class=\"vc_column-inner\"><div class=\"wpb_wrapper\">[vc_custom_heading text=&#8220;Das Team Hinter den Kulissen&#8220; font_container=&#8220;tag:h3|text_align:left&#8220; use_theme_fonts=&#8220;yes&#8220;]<\/div><\/div><\/div><div class=\"vc_col-sm-1 wpb_column vc_column_container\"><div class=\"vc_column-inner\"><div class=\"wpb_wrapper\"><\/div><\/div><\/div><\/div><\/div><\/section><section class=\"l-section wpb_row us_custom_480e6f0b height_large color_alternate\"><div class=\"l-section-h i-cf\"><div class=\"g-cols vc_row via_flex valign_top type_default stacking_default\"><div class=\"vc_col-sm-12 wpb_column vc_column_container\"><div class=\"vc_column-inner\"><div class=\"wpb_wrapper\">[vc_custom_heading text=&#8220;Das Herz und die Seele von Kalahari Car Hire&#8220; use_theme_fonts=&#8220;yes&#8220; css=&#8220;%7B%22default%22%3A%7B%22padding-bottom%22%3A%2220px%22%7D%7D&#8220;]<div class=\"wpb_text_column us_custom_3bd28e0c\"><div class=\"wpb_wrapper\"><p>Wir m\u00f6chten vorstellen: die Menschen die deinen Selbstfahrer-Urlaub und Campingtrip Wirklichkeit werden lassen. Ein wundervolles Potporri aus treuem Team und neuen Ideen.<\/p>\n<\/div><\/div><\/div><\/div><\/div><\/div><\/div><\/section><section class=\"l-section wpb_row us_custom_480e6f0b height_large color_alternate\"><div class=\"l-section-h i-cf\"><div class=\"g-cols vc_row via_flex valign_top type_default stacking_default\"><div class=\"vc_col-sm-4 wpb_column vc_column_container\"><div class=\"vc_column-inner\"><div class=\"wpb_wrapper\"><div class=\"w-image us_custom_539f15ee align_center\"><div class=\"w-image-h\"><img loading=\"lazy\" decoding=\"async\" width=\"300\" height=\"225\" src=\"https:\/\/kalaharicarhire.com\/wp-content\/uploads\/2024\/08\/Ricarda-1200x900-1-300x225.jpg\" class=\"attachment-medium size-medium\" alt=\"Ricarda Lok infront of Kalahari Car Hire rental car Namibia\" srcset=\"https:\/\/kalaharicarhire.com\/wp-content\/uploads\/2024\/08\/Ricarda-1200x900-1-300x225.jpg 300w, https:\/\/kalaharicarhire.com\/wp-content\/uploads\/2024\/08\/Ricarda-1200x900-1-1024x768.jpg 1024w, https:\/\/kalaharicarhire.com\/wp-content\/uploads\/2024\/08\/Ricarda-1200x900-1.jpg 1200w\" sizes=\"auto, (max-width: 300px) 100vw, 300px\" \/><\/div><\/div><div class=\"wpb_text_column us_custom_6922c3bc\"><div class=\"wpb_wrapper\"><p>RICARDA &#8211; BUCHUNGEN<br \/>\nRicarda hilft dir bei deiner Buchung und sonstigen Anfragen.<\/p>\n<\/div><\/div><div class=\"w-image us_custom_539f15ee align_center\"><div class=\"w-image-h\"><img loading=\"lazy\" decoding=\"async\" width=\"300\" height=\"225\" src=\"https:\/\/kalaharicarhire.com\/wp-content\/uploads\/2024\/08\/Dennis-Mechanic-1200x900-1-300x225.jpg\" class=\"attachment-medium size-medium\" alt=\"Dennis Scholtz infront of one of Kalahari Car Hire&#039;s rental cars in Windhoek Namibia\" srcset=\"https:\/\/kalaharicarhire.com\/wp-content\/uploads\/2024\/08\/Dennis-Mechanic-1200x900-1-300x225.jpg 300w, https:\/\/kalaharicarhire.com\/wp-content\/uploads\/2024\/08\/Dennis-Mechanic-1200x900-1-1024x768.jpg 1024w, https:\/\/kalaharicarhire.com\/wp-content\/uploads\/2024\/08\/Dennis-Mechanic-1200x900-1.jpg 1200w\" sizes=\"auto, (max-width: 300px) 100vw, 300px\" \/><\/div><\/div><div class=\"wpb_text_column us_custom_6922c3bc\"><div class=\"wpb_wrapper\"><p>DENNIS &#8211; MECHANIKER<br \/>\nDennis ist f\u00fcr den Wartung und generelle Instandhaltung der Autos verantwortlich.<\/p>\n<\/div><\/div><div class=\"w-image us_custom_539f15ee align_center\"><div class=\"w-image-h\"><img loading=\"lazy\" decoding=\"async\" width=\"225\" height=\"300\" src=\"https:\/\/kalaharicarhire.com\/wp-content\/uploads\/2023\/05\/Vilio-The-Valet-Service-225x300.jpeg\" class=\"attachment-medium size-medium\" alt=\"Vilio The Valet Service\" srcset=\"https:\/\/kalaharicarhire.com\/wp-content\/uploads\/2023\/05\/Vilio-The-Valet-Service-225x300.jpeg 225w, https:\/\/kalaharicarhire.com\/wp-content\/uploads\/2023\/05\/Vilio-The-Valet-Service-768x1024.jpeg 768w, https:\/\/kalaharicarhire.com\/wp-content\/uploads\/2023\/05\/Vilio-The-Valet-Service.jpeg 900w\" sizes=\"auto, (max-width: 225px) 100vw, 225px\" \/><\/div><\/div><div class=\"wpb_text_column us_custom_6922c3bc\"><div class=\"wpb_wrapper\"><p>VILIO &#8211; REINIGUNG<br \/>\nVilio ist einer unser treuesten Mitarbeiter und hat jahrelange Erfahrung mit der korrekten Reinigung\u00a0 der Fahrzeuge und Ausr\u00fcstung.<\/p>\n<\/div><\/div><div class=\"w-image us_custom_539f15ee align_center\"><div class=\"w-image-h\"><img loading=\"lazy\" decoding=\"async\" width=\"225\" height=\"300\" src=\"https:\/\/kalaharicarhire.com\/wp-content\/uploads\/2024\/11\/Lucas--225x300.jpg\" class=\"attachment-medium size-medium\" alt=\"Lucas Vehicle Fitment Specialist\" srcset=\"https:\/\/kalaharicarhire.com\/wp-content\/uploads\/2024\/11\/Lucas--225x300.jpg 225w, https:\/\/kalaharicarhire.com\/wp-content\/uploads\/2024\/11\/Lucas--767x1024.jpg 767w, https:\/\/kalaharicarhire.com\/wp-content\/uploads\/2024\/11\/Lucas-.jpg 900w\" sizes=\"auto, (max-width: 225px) 100vw, 225px\" \/><\/div><\/div><div class=\"wpb_text_column us_custom_6922c3bc\"><div class=\"wpb_wrapper\"><p>LUCAS &#8211; FAHRZEUGAUSSTATTUNG<br \/>\nOb Zweittank oder Doppelbatteriesystem, Lucas sorgt daf\u00fcr, dass die 4&#215;4 bestens ausgestattet sind.<\/p>\n<\/div><\/div><div class=\"w-image us_custom_539f15ee align_center\"><div class=\"w-image-h\"><img loading=\"lazy\" decoding=\"async\" width=\"225\" height=\"300\" src=\"https:\/\/kalaharicarhire.com\/wp-content\/uploads\/2024\/11\/AnnKathrin-225x300.jpg\" class=\"attachment-medium size-medium\" alt=\"Ann-Kathrin, Co-Owner and Manager at Kalahari Car Hire\" srcset=\"https:\/\/kalaharicarhire.com\/wp-content\/uploads\/2024\/11\/AnnKathrin-225x300.jpg 225w, https:\/\/kalaharicarhire.com\/wp-content\/uploads\/2024\/11\/AnnKathrin-769x1024.jpg 769w, https:\/\/kalaharicarhire.com\/wp-content\/uploads\/2024\/11\/AnnKathrin.jpg 901w\" sizes=\"auto, (max-width: 225px) 100vw, 225px\" \/><\/div><\/div><div class=\"wpb_text_column us_custom_6922c3bc\"><div class=\"wpb_wrapper\"><p>ANN-KATHRIN &#8211; MITEIGENT\u00dcMER, MANAGEMENT &amp; KOMMUNIKATION<br \/>\nEiner der leidenschaftlichen Fempreneure und 4\u00d74-Enthusiasten, die sicherstellen, dass du dich bei uns verstanden f\u00fchlst und eine unvergessliche Reise hast.<\/p>\n<\/div><\/div><\/div><\/div><\/div><div class=\"vc_col-sm-4 wpb_column vc_column_container\"><div class=\"vc_column-inner\"><div class=\"wpb_wrapper\"><div class=\"w-image us_custom_539f15ee align_center\"><div class=\"w-image-h\"><img loading=\"lazy\" decoding=\"async\" width=\"225\" height=\"300\" src=\"https:\/\/kalaharicarhire.com\/wp-content\/uploads\/2026\/02\/Ananias-Shakungu-Customer-Specialist-1200x900-1-225x300.jpg\" class=\"attachment-medium size-medium\" alt=\"Ananias Shakungu Handover and Customer Specialist at Kalahari Car Hire infront of vehicle\" srcset=\"https:\/\/kalaharicarhire.com\/wp-content\/uploads\/2026\/02\/Ananias-Shakungu-Customer-Specialist-1200x900-1-225x300.jpg 225w, https:\/\/kalaharicarhire.com\/wp-content\/uploads\/2026\/02\/Ananias-Shakungu-Customer-Specialist-1200x900-1-768x1024.jpg 768w, https:\/\/kalaharicarhire.com\/wp-content\/uploads\/2026\/02\/Ananias-Shakungu-Customer-Specialist-1200x900-1.jpg 900w\" sizes=\"auto, (max-width: 225px) 100vw, 225px\" \/><\/div><\/div><div class=\"wpb_text_column us_custom_6922c3bc\"><div class=\"wpb_wrapper\"><p>ANANIAS &#8211; KUNDENDIENST<br \/>\nAnanias steht dir von Wagen\u00fcbergabe bis Abflug zur Seite.<\/p>\n<\/div><\/div><div class=\"w-image us_custom_539f15ee align_center\"><div class=\"w-image-h\"><img loading=\"lazy\" decoding=\"async\" width=\"225\" height=\"300\" src=\"https:\/\/kalaharicarhire.com\/wp-content\/uploads\/2023\/05\/Sakkie-The-Handyman-225x300.jpeg\" class=\"attachment-medium size-medium\" alt=\"\" srcset=\"https:\/\/kalaharicarhire.com\/wp-content\/uploads\/2023\/05\/Sakkie-The-Handyman-225x300.jpeg 225w, https:\/\/kalaharicarhire.com\/wp-content\/uploads\/2023\/05\/Sakkie-The-Handyman-768x1024.jpeg 768w, https:\/\/kalaharicarhire.com\/wp-content\/uploads\/2023\/05\/Sakkie-The-Handyman.jpeg 900w\" sizes=\"auto, (max-width: 225px) 100vw, 225px\" \/><\/div><\/div><div class=\"wpb_text_column us_custom_6922c3bc\"><div class=\"wpb_wrapper\"><p>SAKKIE &#8211; HANDYMAN<br \/>\nSakkie hilft bei der Wartung der Fahrzeuge und repariert alles was sonst noch so ausgebessert werden muss.<\/p>\n<\/div><\/div><div class=\"w-image us_custom_539f15ee align_center\"><div class=\"w-image-h\"><img loading=\"lazy\" decoding=\"async\" width=\"225\" height=\"300\" src=\"https:\/\/kalaharicarhire.com\/wp-content\/uploads\/2023\/05\/Ayesha-Cleaner-2-225x300.jpeg\" class=\"attachment-medium size-medium\" alt=\"\" srcset=\"https:\/\/kalaharicarhire.com\/wp-content\/uploads\/2023\/05\/Ayesha-Cleaner-2-225x300.jpeg 225w, https:\/\/kalaharicarhire.com\/wp-content\/uploads\/2023\/05\/Ayesha-Cleaner-2-768x1024.jpeg 768w, https:\/\/kalaharicarhire.com\/wp-content\/uploads\/2023\/05\/Ayesha-Cleaner-2.jpeg 900w\" sizes=\"auto, (max-width: 225px) 100vw, 225px\" \/><\/div><\/div><div class=\"wpb_text_column us_custom_6922c3bc\"><div class=\"wpb_wrapper\"><p>AYESHA &#8211; Qualit\u00e4tssicherung<br \/>\nAyesha stellt sicher, dass Dein Auto und s\u00e4mtliche Extras startklar sind und jeder hat was er braucht.<\/p>\n<\/div><\/div><div class=\"w-image us_custom_539f15ee align_center\"><div class=\"w-image-h\"><img loading=\"lazy\" decoding=\"async\" width=\"225\" height=\"300\" src=\"https:\/\/kalaharicarhire.com\/wp-content\/uploads\/2024\/11\/Anika--225x300.jpg\" class=\"attachment-medium size-medium\" alt=\"Anika Friedrich standing next to a doublecab\" srcset=\"https:\/\/kalaharicarhire.com\/wp-content\/uploads\/2024\/11\/Anika--225x300.jpg 225w, https:\/\/kalaharicarhire.com\/wp-content\/uploads\/2024\/11\/Anika--768x1024.jpg 768w, https:\/\/kalaharicarhire.com\/wp-content\/uploads\/2024\/11\/Anika-.jpg 900w\" sizes=\"auto, (max-width: 225px) 100vw, 225px\" \/><\/div><\/div><div class=\"wpb_text_column us_custom_6922c3bc\"><div class=\"wpb_wrapper\"><p>ANIKA &#8211; MITEIGENT\u00dcMER, GESCH\u00c4FTSF\u00dcHRUNG &amp; RECHNUNGSWESEN<br \/>\nEine der sorgf\u00e4ltigen Matriarchinnen, die das Team auf Kurs halten und daf\u00fcr sorgen, dass alles perfekt l\u00e4uft.<\/p>\n<\/div><\/div><\/div><\/div><\/div><div class=\"vc_col-sm-4 wpb_column vc_column_container\"><div class=\"vc_column-inner\"><div class=\"wpb_wrapper\"><div class=\"w-image us_custom_539f15ee align_center\"><div class=\"w-image-h\"><img loading=\"lazy\" decoding=\"async\" width=\"300\" height=\"215\" src=\"https:\/\/kalaharicarhire.com\/wp-content\/uploads\/2026\/02\/Lucas-Kapanda-Handover-Specialist-900x1200-1-300x215.jpg\" class=\"attachment-medium size-medium\" alt=\"\" srcset=\"https:\/\/kalaharicarhire.com\/wp-content\/uploads\/2026\/02\/Lucas-Kapanda-Handover-Specialist-900x1200-1-300x215.jpg 300w, https:\/\/kalaharicarhire.com\/wp-content\/uploads\/2026\/02\/Lucas-Kapanda-Handover-Specialist-900x1200-1-1024x733.jpg 1024w, https:\/\/kalaharicarhire.com\/wp-content\/uploads\/2026\/02\/Lucas-Kapanda-Handover-Specialist-900x1200-1.jpg 1258w\" sizes=\"auto, (max-width: 300px) 100vw, 300px\" \/><\/div><\/div><div class=\"wpb_text_column us_custom_6922c3bc\"><div class=\"wpb_wrapper\"><p>LUCAS-\u00dcBERGABE EXPERTE<br \/>\nLucas hei\u00dft dich wilkommen und sorgt daf\u00fcr dass Du alles \u00fcber Vertrag und Auto wei\u00dft.<\/p>\n<\/div><\/div><div class=\"w-image us_custom_539f15ee align_center\"><div class=\"w-image-h\"><img loading=\"lazy\" decoding=\"async\" width=\"225\" height=\"300\" src=\"https:\/\/kalaharicarhire.com\/wp-content\/uploads\/2023\/05\/Hendrik-The-Allrounder-225x300.jpeg\" class=\"attachment-medium size-medium\" alt=\"Hendrik The Allrounder\" srcset=\"https:\/\/kalaharicarhire.com\/wp-content\/uploads\/2023\/05\/Hendrik-The-Allrounder-225x300.jpeg 225w, https:\/\/kalaharicarhire.com\/wp-content\/uploads\/2023\/05\/Hendrik-The-Allrounder-768x1024.jpeg 768w, https:\/\/kalaharicarhire.com\/wp-content\/uploads\/2023\/05\/Hendrik-The-Allrounder.jpeg 900w\" sizes=\"auto, (max-width: 225px) 100vw, 225px\" \/><\/div><\/div><div class=\"wpb_text_column us_custom_6922c3bc\"><div class=\"wpb_wrapper\"><p>HENDRIK &#8211; AUSR\u00dcSTUNGSEXPERTE<br \/>\nHendrik hat ein besonderes Auge f\u00fcr die Details und sorgt daf\u00fcr, dass jegliche Campingausr\u00fcstung gepackt, in einwandfreiem Zustand, beschriftet etc. ist.<\/p>\n<\/div><\/div><div class=\"w-image us_custom_539f15ee align_center\"><div class=\"w-image-h\"><img loading=\"lazy\" decoding=\"async\" width=\"225\" height=\"300\" src=\"https:\/\/kalaharicarhire.com\/wp-content\/uploads\/2026\/02\/Suama-1200x900-2-225x300.jpg\" class=\"attachment-medium size-medium\" alt=\"\" srcset=\"https:\/\/kalaharicarhire.com\/wp-content\/uploads\/2026\/02\/Suama-1200x900-2-225x300.jpg 225w, https:\/\/kalaharicarhire.com\/wp-content\/uploads\/2026\/02\/Suama-1200x900-2-768x1024.jpg 768w, https:\/\/kalaharicarhire.com\/wp-content\/uploads\/2026\/02\/Suama-1200x900-2.jpg 900w\" sizes=\"auto, (max-width: 225px) 100vw, 225px\" \/><\/div><\/div><div class=\"wpb_text_column us_custom_6922c3bc\"><div class=\"wpb_wrapper\"><p>SUAMA- CAMPING<br \/>\nSuama bereitet die Ausr\u00fcstung mit Liebe f\u00fcr dich vor &#8211; von blitzeblanken T\u00f6pfen bis kuschligen Decken.<\/p>\n<\/div><\/div><div class=\"w-image us_custom_539f15ee align_center\"><div class=\"w-image-h\"><img loading=\"lazy\" decoding=\"async\" width=\"300\" height=\"225\" src=\"https:\/\/kalaharicarhire.com\/wp-content\/uploads\/2026\/02\/Accountant-Cheanell-Visser-1200x900-2-300x225.jpg\" class=\"attachment-medium size-medium\" alt=\"\" srcset=\"https:\/\/kalaharicarhire.com\/wp-content\/uploads\/2026\/02\/Accountant-Cheanell-Visser-1200x900-2-300x225.jpg 300w, https:\/\/kalaharicarhire.com\/wp-content\/uploads\/2026\/02\/Accountant-Cheanell-Visser-1200x900-2-1024x768.jpg 1024w, https:\/\/kalaharicarhire.com\/wp-content\/uploads\/2026\/02\/Accountant-Cheanell-Visser-1200x900-2.jpg 1200w\" sizes=\"auto, (max-width: 300px) 100vw, 300px\" \/><\/div><\/div><div class=\"wpb_text_column us_custom_6922c3bc\"><div class=\"wpb_wrapper\"><p>CHEANELL &#8211; RECHNUNGSWESEN<br \/>\nMit ihrem Fokus und Ordnungssinn beh\u00e4lt Cheanell den \u00dcberblick \u00fcber jegliche Abrechnungen.<\/p>\n<\/div><\/div><\/div><\/div><\/div><\/div><\/div><\/section><section class=\"l-section wpb_row height_medium\"><div class=\"l-section-h i-cf\"><div class=\"g-cols vc_row via_flex valign_top type_default stacking_default\"><div class=\"vc_col-sm-12 wpb_column vc_column_container\"><div class=\"vc_column-inner\"><div class=\"wpb_wrapper\"><div class=\"w-btn-wrapper align_center\"><a class=\"w-btn us-btn-style_1\" title=\"Contact us\" href=\"https:\/\/kalaharicarhire.com\/contact\/\"><span class=\"w-btn-label\">Schreib uns<\/span><\/a><\/div><\/div><\/div><\/div><\/div><\/div><\/section>\n","protected":false},"excerpt":{"rendered":"[vc_custom_heading text=\"Das Team Hinter den Kulissen\" font_container=\"tag:h3|text_align:left\" use_theme_fonts=\"yes\"][vc_custom_heading text=\"Das Herz und die Seele von Kalahari Car Hire\" use_theme_fonts=\"yes\" css=\"%7B%22default%22%3A%7B%22padding-bottom%22%3A%2220px%22%7D%7D\"]Wir m\u00f6chten vorstellen: die Menschen die deinen Selbstfahrer-Urlaub und Campingtrip Wirklichkeit werden lassen. Ein wundervolles Potporri aus treuem Team und neuen Ideen. RICARDA &#8211; BUCHUNGEN Ricarda hilft dir bei deiner Buchung und sonstigen Anfragen. DENNIS &#8211; MECHANIKER...","protected":false},"author":1,"featured_media":0,"parent":359,"menu_order":0,"comment_status":"closed","ping_status":"closed","template":"","meta":{"footnotes":""},"class_list":["post-2005","page","type-page","status-publish","hentry"],"_links":{"self":[{"href":"https:\/\/kalaharicarhire.com\/de\/wp-json\/wp\/v2\/pages\/2005","targetHints":{"allow":["GET"]}}],"collection":[{"href":"https:\/\/kalaharicarhire.com\/de\/wp-json\/wp\/v2\/pages"}],"about":[{"href":"https:\/\/kalaharicarhire.com\/de\/wp-json\/wp\/v2\/types\/page"}],"author":[{"embeddable":true,"href":"https:\/\/kalaharicarhire.com\/de\/wp-json\/wp\/v2\/users\/1"}],"replies":[{"embeddable":true,"href":"https:\/\/kalaharicarhire.com\/de\/wp-json\/wp\/v2\/comments?post=2005"}],"version-history":[{"count":22,"href":"https:\/\/kalaharicarhire.com\/de\/wp-json\/wp\/v2\/pages\/2005\/revisions"}],"predecessor-version":[{"id":106131,"href":"https:\/\/kalaharicarhire.com\/de\/wp-json\/wp\/v2\/pages\/2005\/revisions\/106131"}],"up":[{"embeddable":true,"href":"https:\/\/kalaharicarhire.com\/de\/wp-json\/wp\/v2\/pages\/359"}],"wp:attachment":[{"href":"https:\/\/kalaharicarhire.com\/de\/wp-json\/wp\/v2\/media?parent=2005"}],"curies":[{"name":"wp","href":"https:\/\/api.w.org\/{rel}","templated":true}]}}