{"id":1970,"date":"2023-06-16T08:46:49","date_gmt":"2023-06-16T08:46:49","guid":{"rendered":"https:\/\/kalaharicarhire.com\/?page_id=1970"},"modified":"2025-10-31T14:01:05","modified_gmt":"2025-10-31T14:01:05","slug":"wissenswertes","status":"publish","type":"page","link":"https:\/\/kalaharicarhire.com\/de\/wissenswertes\/","title":{"rendered":"Wissenswertes"},"content":{"rendered":"<section class=\"l-section wpb_row us_custom_6df4bc3a has_text_color height_huge with_img\"><div class=\"l-section-img\" data-img-width=\"1921\" data-img-height=\"1490\" style=\"background-image: url(https:\/\/kalaharicarhire.com\/wp-content\/uploads\/2023\/06\/header-FAQ-1920x1490-1.jpg);background-repeat: no-repeat;\"><\/div><div class=\"l-section-h i-cf\"><div class=\"g-cols vc_row via_flex valign_middle type_default stacking_default\"><div class=\"vc_col-sm-1 wpb_column vc_column_container\"><div class=\"vc_column-inner\"><div class=\"wpb_wrapper\"><\/div><\/div><\/div><div class=\"vc_col-sm-10 wpb_column vc_column_container\"><div class=\"vc_column-inner\"><div class=\"wpb_wrapper\">[vc_custom_heading text=&#8220;WISSENSWERTES&#8220; font_container=&#8220;tag:h1|text_align:left&#8220; use_theme_fonts=&#8220;yes&#8220; css=&#8220;%7B%22mobiles%22%3A%7B%22line-height%22%3A%2260px%22%7D%7D&#8220;]<\/div><\/div><\/div><div class=\"vc_col-sm-1 wpb_column vc_column_container\"><div class=\"vc_column-inner\"><div class=\"wpb_wrapper\"><\/div><\/div><\/div><\/div><\/div><\/section><section class=\"l-section wpb_row height_medium color_alternate\"><div class=\"l-section-h i-cf\"><div class=\"g-cols vc_row via_flex valign_top type_default stacking_default\"><div class=\"vc_col-sm-12 wpb_column vc_column_container\"><div class=\"vc_column-inner\"><div class=\"wpb_wrapper\">[vc_custom_heading text=&#8220;Antworten zu h\u00e4ufig gestellten Fragen&#8220; use_theme_fonts=&#8220;yes&#8220;]<div class=\"wpb_text_column\"><div class=\"wpb_wrapper\"><p style=\"text-align: left;\">Hier findest du Antworten auf die diversen Fragen die man so hat, wenn man plant als Selbstfahrer durch Namibia und seine Nachbarl\u00e4nder zu reisen.<\/p>\n<\/div><\/div><\/div><\/div><\/div><\/div><\/div><\/section><section class=\"l-section wpb_row height_small\"><div class=\"l-section-h i-cf\"><div class=\"g-cols vc_row via_flex valign_top type_default stacking_default\"><div class=\"vc_col-sm-3 wpb_column vc_column_container\"><div class=\"vc_column-inner\"><div class=\"wpb_wrapper\"><div class=\"w-image align_none\"><div class=\"w-image-h\"><img loading=\"lazy\" decoding=\"async\" width=\"300\" height=\"300\" src=\"https:\/\/kalaharicarhire.com\/wp-content\/uploads\/2025\/02\/Rent-an-SUV-4X4-300x300.jpg\" class=\"attachment-medium size-medium\" alt=\"Women enjoying view over Namibian landscape leaning against Toyota Fortuner SUV 4x4\" srcset=\"https:\/\/kalaharicarhire.com\/wp-content\/uploads\/2025\/02\/Rent-an-SUV-4X4-300x300.jpg 300w, https:\/\/kalaharicarhire.com\/wp-content\/uploads\/2025\/02\/Rent-an-SUV-4X4-150x150.jpg 150w, https:\/\/kalaharicarhire.com\/wp-content\/uploads\/2025\/02\/Rent-an-SUV-4X4.jpg 1000w\" sizes=\"auto, (max-width: 300px) 100vw, 300px\" \/><\/div><\/div><\/div><\/div><\/div><div class=\"vc_col-sm-9 wpb_column vc_column_container\"><div class=\"vc_column-inner\"><div class=\"wpb_wrapper\">[vc_custom_heading text=&#8220;MIETDAUER&#8220; font_container=&#8220;tag:p|text_align:left&#8220; use_theme_fonts=&#8220;yes&#8220; css=&#8220;%7B%22default%22%3A%7B%22font-size%22%3A%2220px%22%2C%22font-family%22%3A%22body%22%2C%22font-weight%22%3A%22600%22%7D%7D&#8220;]<div class=\"wpb_text_column\"><div class=\"wpb_wrapper\"><p style=\"text-align: left;\">Wie die meisten Vermieter berechnen wir die Mietdauer auf 24 Stunden Basis.<br \/>\nWenn man das Auto z.B. am 1. Januar um 09:00 Uhr abholt und am 7. Januar um 16:00 Uhr zur\u00fcckgibt, betr\u00e4gt die Mietdauer 7 Tage. Holt man den Wagen am 1. Januar um 15:00 Uhr ab und bringt\u00a0 ihn am 7. Januar um 11:00 Uhr zur\u00fcck, bel\u00e4uft sich die Mietdauer auf 6 Tage.<\/p>\n<\/div><\/div><\/div><\/div><\/div><\/div><\/div><\/section><section class=\"l-section wpb_row height_small\"><div class=\"l-section-h i-cf\"><div class=\"g-cols vc_row via_flex valign_top type_default stacking_default\"><div class=\"vc_col-sm-3 wpb_column vc_column_container\"><div class=\"vc_column-inner\"><div class=\"wpb_wrapper\"><div class=\"w-image align_none\"><div class=\"w-image-h\"><img loading=\"lazy\" decoding=\"async\" width=\"300\" height=\"300\" src=\"https:\/\/kalaharicarhire.com\/wp-content\/uploads\/2025\/10\/Camping-car-with-open-rooftop-tent-and-Elephant-next-to-it-300x300.jpg\" class=\"attachment-medium size-medium\" alt=\"\" srcset=\"https:\/\/kalaharicarhire.com\/wp-content\/uploads\/2025\/10\/Camping-car-with-open-rooftop-tent-and-Elephant-next-to-it-300x300.jpg 300w, https:\/\/kalaharicarhire.com\/wp-content\/uploads\/2025\/10\/Camping-car-with-open-rooftop-tent-and-Elephant-next-to-it-1024x1024.jpg 1024w, https:\/\/kalaharicarhire.com\/wp-content\/uploads\/2025\/10\/Camping-car-with-open-rooftop-tent-and-Elephant-next-to-it-150x150.jpg 150w, https:\/\/kalaharicarhire.com\/wp-content\/uploads\/2025\/10\/Camping-car-with-open-rooftop-tent-and-Elephant-next-to-it.jpg 2030w\" sizes=\"auto, (max-width: 300px) 100vw, 300px\" \/><\/div><\/div><\/div><\/div><\/div><div class=\"vc_col-sm-9 wpb_column vc_column_container\"><div class=\"vc_column-inner\"><div class=\"wpb_wrapper\">[vc_custom_heading text=&#8220;BEGEGNUNGEN MIT WILDTIEREN&#8220; font_container=&#8220;tag:h5|text_align:left&#8220; use_theme_fonts=&#8220;yes&#8220; css=&#8220;%7B%22default%22%3A%7B%22color%22%3A%22%23FF7F27%22%2C%22font-family%22%3A%22body%22%2C%22font-weight%22%3A%22600%22%7D%7D&#8220; link=&#8220;url:https%3A%2F%2Fkalaharicarhire.com%2Fde%2Fwissenswertes%2Fwildtier-begegnungen%2F|title:Verhalten%20rund%20um%20Wildtiere|target:%20_blank|&#8220;]<div class=\"wpb_text_column\"><div class=\"wpb_wrapper\"><p style=\"text-align: left;\">Wie Verh\u00e4lt man sich auf einer Selbstfahrer-Safari und beim Campen damit du und Tier sich wohlf\u00fchlen und sicher sind.<\/p>\n<p><a href=\"https:\/\/kalaharicarhire.com\/de\/wissenswertes\/wildtier-begegnungen\/\" target=\"_blank\" rel=\"noopener\">&gt;&gt; Informationen zum sicheren Verhalten mit Wildtieren<\/a><\/p>\n<h3 class=\"vc_custom_heading\"><\/h3>\n<\/div><\/div><\/div><\/div><\/div><\/div><\/div><\/section><section class=\"l-section wpb_row height_small\"><div class=\"l-section-h i-cf\"><div class=\"g-cols vc_row via_flex valign_top type_default stacking_default\"><div class=\"vc_col-sm-3 wpb_column vc_column_container\"><div class=\"vc_column-inner\"><div class=\"wpb_wrapper\"><div class=\"w-image align_none\"><div class=\"w-image-h\"><img loading=\"lazy\" decoding=\"async\" width=\"300\" height=\"300\" src=\"https:\/\/kalaharicarhire.com\/wp-content\/uploads\/2025\/02\/Hardtop-rooftop-tents-for-rent-300x300.jpg\" class=\"attachment-medium size-medium\" alt=\"Woman preparing meal infront of 4x4 rental car with hardtop rooftop tent on.\" srcset=\"https:\/\/kalaharicarhire.com\/wp-content\/uploads\/2025\/02\/Hardtop-rooftop-tents-for-rent-300x300.jpg 300w, https:\/\/kalaharicarhire.com\/wp-content\/uploads\/2025\/02\/Hardtop-rooftop-tents-for-rent-1024x1024.jpg 1024w, https:\/\/kalaharicarhire.com\/wp-content\/uploads\/2025\/02\/Hardtop-rooftop-tents-for-rent-150x150.jpg 150w, https:\/\/kalaharicarhire.com\/wp-content\/uploads\/2025\/02\/Hardtop-rooftop-tents-for-rent.jpg 2000w\" sizes=\"auto, (max-width: 300px) 100vw, 300px\" \/><\/div><\/div><\/div><\/div><\/div><div class=\"vc_col-sm-9 wpb_column vc_column_container\"><div class=\"vc_column-inner\"><div class=\"wpb_wrapper\">[vc_custom_heading text=&#8220;DACHZELTE&#8220; font_container=&#8220;tag:h5|text_align:left&#8220; use_theme_fonts=&#8220;yes&#8220; css=&#8220;%7B%22default%22%3A%7B%22color%22%3A%22%23FF7F27%22%2C%22font-family%22%3A%22body%22%2C%22font-weight%22%3A%22600%22%7D%7D&#8220; link=&#8220;url:https%3A%2F%2Fkalaharicarhire.com%2Fde%2Fcamping-ausruestung%2Fdachzelte%2F|title:Tipps%20%C3%BCber%20Dachzelte|target:%20_blank|&#8220;]<div class=\"wpb_text_column\"><div class=\"wpb_wrapper\"><p style=\"text-align: left;\">Was ist der Unterschied zwischen einem standard Dachzelt und einem leicht zu \u00f6ffnenden Hardtop-Dachzelt? Wie baut man ein Dachzelt auf und ab und vieles mehr..<\/p>\n<p><a href=\"https:\/\/kalaharicarhire.com\/de\/camping-ausruestung\/dachzelte\/\" target=\"_blank\" rel=\"noopener\">&gt;&gt; Informationen zu unseren Dachzelten<\/a><\/p>\n<h3 class=\"vc_custom_heading\"><\/h3>\n<\/div><\/div><\/div><\/div><\/div><\/div><\/div><\/section><section class=\"l-section wpb_row height_small\"><div class=\"l-section-h i-cf\"><div class=\"g-cols vc_row via_flex valign_top type_default stacking_default\"><div class=\"vc_col-sm-3 wpb_column vc_column_container\"><div class=\"vc_column-inner\"><div class=\"wpb_wrapper\"><div class=\"w-image align_none\"><div class=\"w-image-h\"><img loading=\"lazy\" decoding=\"async\" width=\"300\" height=\"300\" src=\"https:\/\/kalaharicarhire.com\/wp-content\/uploads\/2025\/02\/Crossing-borders-with-rental-car-300x300.jpg\" class=\"attachment-medium size-medium\" alt=\"River on border between Namibia and Angola\" srcset=\"https:\/\/kalaharicarhire.com\/wp-content\/uploads\/2025\/02\/Crossing-borders-with-rental-car-300x300.jpg 300w, https:\/\/kalaharicarhire.com\/wp-content\/uploads\/2025\/02\/Crossing-borders-with-rental-car-1024x1024.jpg 1024w, https:\/\/kalaharicarhire.com\/wp-content\/uploads\/2025\/02\/Crossing-borders-with-rental-car-150x150.jpg 150w, https:\/\/kalaharicarhire.com\/wp-content\/uploads\/2025\/02\/Crossing-borders-with-rental-car.jpg 1420w\" sizes=\"auto, (max-width: 300px) 100vw, 300px\" \/><\/div><\/div><\/div><\/div><\/div><div class=\"vc_col-sm-9 wpb_column vc_column_container\"><div class=\"vc_column-inner\"><div class=\"wpb_wrapper\">[vc_custom_heading text=&#8220;GRENZ\u00dcBERTRITTE&#8220; font_container=&#8220;tag:h5|text_align:left&#8220; use_theme_fonts=&#8220;yes&#8220; css=&#8220;%7B%22default%22%3A%7B%22color%22%3A%22%23FF7F27%22%2C%22font-family%22%3A%22body%22%2C%22font-weight%22%3A%22600%22%7D%7D&#8220; link=&#8220;url:https%3A%2F%2Fkalaharicarhire.com%2Fde%2Fwissenswertes%2Fgrenzuebertritte%2F|title:Infos%20zum%20%C3%9Cberqueren%20von%20Grenzen|target:%20_blank|&#8220;]<div class=\"wpb_text_column\"><div class=\"wpb_wrapper\"><p style=\"text-align: left;\">Darf man auch nach S\u00fcdafrika fahren? Was kostet der Grenz\u00fcbertritt? Hier erf\u00e4hrst du alles was du wissen solltest bevor du Namibia mit deinem Mietfahrzeug verl\u00e4sst&#8230;<\/p>\n<p><a href=\"https:\/\/kalaharicarhire.com\/de\/wissenswertes\/grenzuebertritte\/\" target=\"_blank\" rel=\"noopener\">&gt;&gt; Infos zum Fahren in Nachbarl\u00e4nder<\/a><\/p>\n<h3 class=\"vc_custom_heading\"><\/h3>\n<\/div><\/div><\/div><\/div><\/div><\/div><\/div><\/section><section class=\"l-section wpb_row height_small\"><div class=\"l-section-h i-cf\"><div class=\"g-cols vc_row via_flex valign_top type_default stacking_default\"><div class=\"vc_col-sm-3 wpb_column vc_column_container\"><div class=\"vc_column-inner\"><div class=\"wpb_wrapper\"><div class=\"w-image align_none\"><div class=\"w-image-h\"><img loading=\"lazy\" decoding=\"async\" width=\"300\" height=\"300\" src=\"https:\/\/kalaharicarhire.com\/wp-content\/uploads\/2025\/02\/Driving-in-Namibia-300x300.jpg\" class=\"attachment-medium size-medium\" alt=\"Self-drive in Namibia\" srcset=\"https:\/\/kalaharicarhire.com\/wp-content\/uploads\/2025\/02\/Driving-in-Namibia-300x300.jpg 300w, https:\/\/kalaharicarhire.com\/wp-content\/uploads\/2025\/02\/Driving-in-Namibia-1024x1024.jpg 1024w, https:\/\/kalaharicarhire.com\/wp-content\/uploads\/2025\/02\/Driving-in-Namibia-150x150.jpg 150w, https:\/\/kalaharicarhire.com\/wp-content\/uploads\/2025\/02\/Driving-in-Namibia.jpg 1500w\" sizes=\"auto, (max-width: 300px) 100vw, 300px\" \/><\/div><\/div><\/div><\/div><\/div><div class=\"vc_col-sm-9 wpb_column vc_column_container\"><div class=\"vc_column-inner\"><div class=\"wpb_wrapper\">[vc_custom_heading text=&#8220;INTERNATIONALER F\u00dcHRERSCHEIN&#8220; font_container=&#8220;tag:h5|text_align:left&#8220; use_theme_fonts=&#8220;yes&#8220; css=&#8220;%7B%22default%22%3A%7B%22color%22%3A%22%23FF7F27%22%2C%22font-family%22%3A%22body%22%2C%22font-weight%22%3A%22600%22%7D%7D&#8220; link=&#8220;url:https%3A%2F%2Fkalaharicarhire.com%2Fde%2Fwissenswertes%2Finternationalerfuehrerschein%2F|title:Infos%20zum%20%C3%9Cberqueren%20von%20Grenzen|target:%20_blank|&#8220;]<div class=\"wpb_text_column\"><div class=\"wpb_wrapper\"><p style=\"text-align: left;\">Au\u00dfer wenn dein original F\u00fchrerschein bereits in Englisch ist, brauchst du einen internationalen F\u00fchrerschein.<\/p>\n<p><a href=\"https:\/\/kalaharicarhire.com\/de\/wissenswertes\/internationalerfuehrerschein\/\" target=\"_blank\" rel=\"noopener\">&gt;&gt; Mehr Infos zum g\u00fcltigen F\u00fchrerschein<\/a><\/p>\n<h3 class=\"vc_custom_heading\"><\/h3>\n<\/div><\/div><\/div><\/div><\/div><\/div><\/div><\/section><section class=\"l-section wpb_row height_small\"><div class=\"l-section-h i-cf\"><div class=\"g-cols vc_row via_flex valign_top type_default stacking_default\"><div class=\"vc_col-sm-3 wpb_column vc_column_container\"><div class=\"vc_column-inner\"><div class=\"wpb_wrapper\"><div class=\"w-image align_none\"><div class=\"w-image-h\"><img loading=\"lazy\" decoding=\"async\" width=\"300\" height=\"300\" src=\"https:\/\/kalaharicarhire.com\/wp-content\/uploads\/2025\/02\/Blue-wildebeest-in-green-Namibian-landscape-300x300.jpg\" class=\"attachment-medium size-medium\" alt=\"Blue wildebeest in green Namibian landscape\" srcset=\"https:\/\/kalaharicarhire.com\/wp-content\/uploads\/2025\/02\/Blue-wildebeest-in-green-Namibian-landscape-300x300.jpg 300w, https:\/\/kalaharicarhire.com\/wp-content\/uploads\/2025\/02\/Blue-wildebeest-in-green-Namibian-landscape-1024x1024.jpg 1024w, https:\/\/kalaharicarhire.com\/wp-content\/uploads\/2025\/02\/Blue-wildebeest-in-green-Namibian-landscape-150x150.jpg 150w, https:\/\/kalaharicarhire.com\/wp-content\/uploads\/2025\/02\/Blue-wildebeest-in-green-Namibian-landscape.jpg 1500w\" sizes=\"auto, (max-width: 300px) 100vw, 300px\" \/><\/div><\/div><\/div><\/div><\/div><div class=\"vc_col-sm-9 wpb_column vc_column_container\"><div class=\"vc_column-inner\"><div class=\"wpb_wrapper\">[vc_custom_heading text=&#8220;JAHRESZEITEN UND WETTER&#8220; font_container=&#8220;tag:h5|text_align:left&#8220; use_theme_fonts=&#8220;yes&#8220; css=&#8220;%7B%22default%22%3A%7B%22color%22%3A%22%23FF7F27%22%2C%22font-family%22%3A%22body%22%2C%22font-weight%22%3A%22600%22%7D%7D&#8220; link=&#8220;url:https%3A%2F%2Fkalaharicarhire.com%2Fde%2Fwissenswertes%2Fwetter-in-namibia%2F|title:Tipps%20%C3%BCber%20Namibias%20Wetter%20und%20Jahreszeiten||&#8220;]<div class=\"wpb_text_column\"><div class=\"wpb_wrapper\"><p style=\"text-align: left;\">Wann ist die beste Reisezeit in Namibia? Wann beginnt die Regenzeit? Wie kalt wird es im Winter..<\/p>\n<p><a href=\"https:\/\/kalaharicarhire.com\/de\/wissenswertes\/wetter-in-namibia\/\" target=\"_blank\" rel=\"noopener\">&gt;&gt; Mehr \u00fcber unser lokales Wetter<\/a><\/p>\n<h3 class=\"vc_custom_heading\"><\/h3>\n<\/div><\/div><\/div><\/div><\/div><\/div><\/div><\/section><section class=\"l-section wpb_row height_small\"><div class=\"l-section-h i-cf\"><div class=\"g-cols vc_row via_flex valign_top type_default stacking_default\"><div class=\"vc_col-sm-3 wpb_column vc_column_container\"><div class=\"vc_column-inner\"><div class=\"wpb_wrapper\"><div class=\"w-image align_none\"><div class=\"w-image-h\"><img loading=\"lazy\" decoding=\"async\" width=\"300\" height=\"300\" src=\"https:\/\/kalaharicarhire.com\/wp-content\/uploads\/2025\/04\/Stay-connected-1500-x-1500-300x300.jpg\" class=\"attachment-medium size-medium\" alt=\"Business man in rear seat of car using laptop and cellphone\" srcset=\"https:\/\/kalaharicarhire.com\/wp-content\/uploads\/2025\/04\/Stay-connected-1500-x-1500-300x300.jpg 300w, https:\/\/kalaharicarhire.com\/wp-content\/uploads\/2025\/04\/Stay-connected-1500-x-1500-1024x1024.jpg 1024w, https:\/\/kalaharicarhire.com\/wp-content\/uploads\/2025\/04\/Stay-connected-1500-x-1500-150x150.jpg 150w, https:\/\/kalaharicarhire.com\/wp-content\/uploads\/2025\/04\/Stay-connected-1500-x-1500.jpg 1500w\" sizes=\"auto, (max-width: 300px) 100vw, 300px\" \/><\/div><\/div><\/div><\/div><\/div><div class=\"vc_col-sm-9 wpb_column vc_column_container\"><div class=\"vc_column-inner\"><div class=\"wpb_wrapper\">[vc_custom_heading text=&#8220;SIM-KARTE&#8220; font_container=&#8220;tag:h5|text_align:left&#8220; use_theme_fonts=&#8220;yes&#8220; css=&#8220;%7B%22default%22%3A%7B%22color%22%3A%22%23FF7F27%22%2C%22font-family%22%3A%22body%22%2C%22font-weight%22%3A%22600%22%7D%7D&#8220; link=&#8220;url:https%3A%2F%2Fkalaharicarhire.com%2Fde%2Fwissenswertes%2Fsim-karte%2F|title:Tipps%20%C3%BCber%20Namibias%20Wetter%20und%20Jahreszeiten||&#8220;]<div class=\"wpb_text_column\"><div class=\"wpb_wrapper\"><p style=\"text-align: left;\">Wo bekommt man eine namibische SIM-Karte, welchen Anbieter nimmt man und vieles mehr damit du erreichbar bist&#8230;<\/p>\n<p><a href=\"https:\/\/kalaharicarhire.com\/de\/wissenswertes\/sim-karte\/\" target=\"_blank\" rel=\"noopener\">&gt;&gt; Details zur namibischen SIM-Karte<\/a><\/p>\n<h3 class=\"vc_custom_heading\"><\/h3>\n<\/div><\/div><\/div><\/div><\/div><\/div><\/div><\/section><section class=\"l-section wpb_row height_small\"><div class=\"l-section-h i-cf\"><div class=\"g-cols vc_row via_flex valign_top type_default stacking_default\"><div class=\"vc_col-sm-3 wpb_column vc_column_container\"><div class=\"vc_column-inner\"><div class=\"wpb_wrapper\"><div class=\"w-image align_none\"><div class=\"w-image-h\"><img loading=\"lazy\" decoding=\"async\" width=\"300\" height=\"300\" src=\"https:\/\/kalaharicarhire.com\/wp-content\/uploads\/2025\/04\/Victoria-Falls-from-above-1200x1200-1-300x300.jpg\" class=\"attachment-medium size-medium\" alt=\"\" srcset=\"https:\/\/kalaharicarhire.com\/wp-content\/uploads\/2025\/04\/Victoria-Falls-from-above-1200x1200-1-300x300.jpg 300w, https:\/\/kalaharicarhire.com\/wp-content\/uploads\/2025\/04\/Victoria-Falls-from-above-1200x1200-1-1024x1024.jpg 1024w, https:\/\/kalaharicarhire.com\/wp-content\/uploads\/2025\/04\/Victoria-Falls-from-above-1200x1200-1-150x150.jpg 150w, https:\/\/kalaharicarhire.com\/wp-content\/uploads\/2025\/04\/Victoria-Falls-from-above-1200x1200-1.jpg 1200w\" sizes=\"auto, (max-width: 300px) 100vw, 300px\" \/><\/div><\/div><\/div><\/div><\/div><div class=\"vc_col-sm-9 wpb_column vc_column_container\"><div class=\"vc_column-inner\"><div class=\"wpb_wrapper\">[vc_custom_heading text=&#8220;VICTORIA F\u00c4LLE VON SIMBABWE ODER SAMBIA AUS?&#8220; font_container=&#8220;tag:h5|text_align:left&#8220; use_theme_fonts=&#8220;yes&#8220; css=&#8220;%7B%22default%22%3A%7B%22color%22%3A%22%23FF7F27%22%2C%22font-family%22%3A%22body%22%2C%22font-weight%22%3A%22600%22%7D%7D&#8220; link=&#8220;url:https%3A%2F%2Fkalaharicarhire.com%2Fde%2Fwissenswertes%2Fvictoria-faelle%2F|title:Tipps%20%C3%BCber%20Namibias%20Wetter%20und%20Jahreszeiten||&#8220;]<div class=\"wpb_text_column\"><div class=\"wpb_wrapper\"><p style=\"text-align: left;\">Wie reist man am besten zu den Victoria F\u00e4llen?<\/p>\n<p><a href=\"https:\/\/kalaharicarhire.com\/de\/wissenswertes\/victoria-faelle\/\" target=\"_blank\" rel=\"noopener\">&gt;&gt; Infos zu einem Besuch bei den Victoria Falls <\/a><\/p>\n<h3 class=\"vc_custom_heading\"><\/h3>\n<\/div><\/div><\/div><\/div><\/div><\/div><\/div><\/section><section class=\"l-section wpb_row height_small\"><div class=\"l-section-h i-cf\"><div class=\"g-cols vc_row via_flex valign_top type_default stacking_default\"><div class=\"vc_col-sm-3 wpb_column vc_column_container\"><div class=\"vc_column-inner\"><div class=\"wpb_wrapper\"><div class=\"w-image align_none\"><div class=\"w-image-h\"><img loading=\"lazy\" decoding=\"async\" width=\"300\" height=\"300\" src=\"https:\/\/kalaharicarhire.com\/wp-content\/uploads\/2025\/10\/Giraffe-square-300x300.jpg\" class=\"attachment-medium size-medium\" alt=\"Giraffe drinking water from waterhole in Namibia\" srcset=\"https:\/\/kalaharicarhire.com\/wp-content\/uploads\/2025\/10\/Giraffe-square-300x300.jpg 300w, https:\/\/kalaharicarhire.com\/wp-content\/uploads\/2025\/10\/Giraffe-square-1024x1024.jpg 1024w, https:\/\/kalaharicarhire.com\/wp-content\/uploads\/2025\/10\/Giraffe-square-150x150.jpg 150w, https:\/\/kalaharicarhire.com\/wp-content\/uploads\/2025\/10\/Giraffe-square.jpg 1200w\" sizes=\"auto, (max-width: 300px) 100vw, 300px\" \/><\/div><\/div><\/div><\/div><\/div><div class=\"vc_col-sm-9 wpb_column vc_column_container\"><div class=\"vc_column-inner\"><div class=\"wpb_wrapper\">[vc_custom_heading text=&#8220;VISUMSBESTIMMUNGEN F\u00dcR NAMIBIA&#8220; font_container=&#8220;tag:h5|text_align:left&#8220; use_theme_fonts=&#8220;yes&#8220; css=&#8220;%7B%22default%22%3A%7B%22color%22%3A%22%23FF7F27%22%2C%22font-family%22%3A%22body%22%2C%22font-weight%22%3A%22600%22%7D%7D&#8220; link=&#8220;url:https%3A%2F%2Fkalaharicarhire.com%2Fde%2Fwissenswertes%2Fvisa-namibia%2F|title:Infos%20%C3%BCber%20das%20Touristenvisum%20f%C3%BCr%20Namibia||&#8220;]<div class=\"wpb_text_column\"><div class=\"wpb_wrapper\"><p style=\"text-align: left;\">Braucht man ein Visum und wo beantragt man dies?<\/p>\n<p><a href=\"https:\/\/kalaharicarhire.com\/de\/wissenswertes\/visa-namibia\/\" target=\"_blank\" rel=\"noopener\">&gt;&gt; Infos zum Touristen-Visum f\u00fcr Namibia<\/a><\/p>\n<h3 class=\"vc_custom_heading\"><\/h3>\n<\/div><\/div><\/div><\/div><\/div><\/div><\/div><\/section><section class=\"l-section wpb_row height_small\"><div class=\"l-section-h i-cf\"><div class=\"g-cols vc_row via_flex valign_top type_default stacking_default\"><div class=\"vc_col-sm-3 wpb_column vc_column_container\"><div class=\"vc_column-inner\"><div class=\"wpb_wrapper\"><div class=\"w-image align_none\"><div class=\"w-image-h\"><img loading=\"lazy\" decoding=\"async\" width=\"300\" height=\"300\" src=\"https:\/\/kalaharicarhire.com\/wp-content\/uploads\/2025\/10\/Wild-camping-thumbnail-300x300.jpg\" class=\"attachment-medium size-medium\" alt=\"\" srcset=\"https:\/\/kalaharicarhire.com\/wp-content\/uploads\/2025\/10\/Wild-camping-thumbnail-300x300.jpg 300w, https:\/\/kalaharicarhire.com\/wp-content\/uploads\/2025\/10\/Wild-camping-thumbnail-150x150.jpg 150w, https:\/\/kalaharicarhire.com\/wp-content\/uploads\/2025\/10\/Wild-camping-thumbnail.jpg 1000w\" sizes=\"auto, (max-width: 300px) 100vw, 300px\" \/><\/div><\/div><\/div><\/div><\/div><div class=\"vc_col-sm-9 wpb_column vc_column_container\"><div class=\"vc_column-inner\"><div class=\"wpb_wrapper\">[vc_custom_heading text=&#8220;WILDCAMPEN&#8220; font_container=&#8220;tag:h5|text_align:left&#8220; use_theme_fonts=&#8220;yes&#8220; css=&#8220;%7B%22default%22%3A%7B%22color%22%3A%22%23FF7F27%22%2C%22font-family%22%3A%22body%22%2C%22font-weight%22%3A%22600%22%7D%7D&#8220; link=&#8220;url:https%3A%2F%2Fkalaharicarhire.com%2Fde%2Fwissenswertes%2Fwildcampen%2F|title:Wildcampen%20erlaubt%20oder%20nicht||&#8220;]<div class=\"wpb_text_column\"><div class=\"wpb_wrapper\"><p style=\"text-align: left;\">Ist wildcampen erlaubt? Was zu beachten ist&#8230;<\/p>\n<p><a href=\"https:\/\/kalaharicarhire.com\/de\/wissenswertes\/wildcampen\/\" target=\"_blank\" rel=\"noopener\">&gt;&gt; Wildcampen oder nicht<\/a><\/p>\n<h3 class=\"vc_custom_heading\"><\/h3>\n<\/div><\/div><\/div><\/div><\/div><\/div><\/div><\/section><section class=\"l-section wpb_row height_medium\"><div class=\"l-section-h i-cf\"><div class=\"g-cols vc_row via_flex valign_top type_default stacking_default\"><div class=\"vc_col-sm-12 wpb_column vc_column_container\"><div class=\"vc_column-inner\"><div class=\"wpb_wrapper\">[vc_custom_heading text=&#8220;Du hast immer noch Fragen?&#8220; font_container=&#8220;tag:h3|text_align:left&#8220; use_theme_fonts=&#8220;yes&#8220; css=&#8220;%7B%22default%22%3A%7B%22padding-bottom%22%3A%2220px%22%7D%7D&#8220;]<div class=\"w-iconbox us_custom_33c3a0a5 iconpos_left style_default color_primary align_left no_title\"><div class=\"w-iconbox-icon\" style=\"font-size:2rem;\"><i class=\"fas fa-envelope\"><\/i><\/div><div class=\"w-iconbox-meta\"><div class=\"w-iconbox-text\"><p><a href=\"mailto:info@kalaharicarhire.com\">Schreib uns unter info@kalaharicarhire.com<\/a><\/p>\n<\/div><\/div><\/div><div class=\"w-iconbox iconpos_left style_default color_primary align_left no_title\"><div class=\"w-iconbox-icon\" style=\"font-size:2rem;\"><i class=\"fas fa-phone\"><\/i><\/div><div class=\"w-iconbox-meta\"><div class=\"w-iconbox-text\"><p>Ruf uns an unter +264812377449 (direkt oder via Whatsapp, Telegram oder Signal). Wir sprechen auch Deutsch.<\/p>\n<\/div><\/div><\/div><\/div><\/div><\/div><\/div><\/div><\/section>\n","protected":false},"excerpt":{"rendered":"[vc_custom_heading text=\"WISSENSWERTES\" font_container=\"tag:h1|text_align:left\" use_theme_fonts=\"yes\" css=\"%7B%22mobiles%22%3A%7B%22line-height%22%3A%2260px%22%7D%7D\"][vc_custom_heading text=\"Antworten zu h\u00e4ufig gestellten Fragen\" use_theme_fonts=\"yes\"]Hier findest du Antworten auf die diversen Fragen die man so hat, wenn man plant als Selbstfahrer durch Namibia und seine Nachbarl\u00e4nder zu reisen. [vc_custom_heading text=\"MIETDAUER\" font_container=\"tag:p|text_align:left\" use_theme_fonts=\"yes\" css=\"%7B%22default%22%3A%7B%22font-size%22%3A%2220px%22%2C%22font-family%22%3A%22body%22%2C%22font-weight%22%3A%22600%22%7D%7D\"]Wie die meisten Vermieter berechnen wir die Mietdauer auf 24 Stunden Basis. Wenn man das Auto z.B....","protected":false},"author":1,"featured_media":0,"parent":0,"menu_order":0,"comment_status":"closed","ping_status":"closed","template":"","meta":{"footnotes":""},"class_list":["post-1970","page","type-page","status-publish","hentry"],"_links":{"self":[{"href":"https:\/\/kalaharicarhire.com\/de\/wp-json\/wp\/v2\/pages\/1970","targetHints":{"allow":["GET"]}}],"collection":[{"href":"https:\/\/kalaharicarhire.com\/de\/wp-json\/wp\/v2\/pages"}],"about":[{"href":"https:\/\/kalaharicarhire.com\/de\/wp-json\/wp\/v2\/types\/page"}],"author":[{"embeddable":true,"href":"https:\/\/kalaharicarhire.com\/de\/wp-json\/wp\/v2\/users\/1"}],"replies":[{"embeddable":true,"href":"https:\/\/kalaharicarhire.com\/de\/wp-json\/wp\/v2\/comments?post=1970"}],"version-history":[{"count":30,"href":"https:\/\/kalaharicarhire.com\/de\/wp-json\/wp\/v2\/pages\/1970\/revisions"}],"predecessor-version":[{"id":84777,"href":"https:\/\/kalaharicarhire.com\/de\/wp-json\/wp\/v2\/pages\/1970\/revisions\/84777"}],"wp:attachment":[{"href":"https:\/\/kalaharicarhire.com\/de\/wp-json\/wp\/v2\/media?parent=1970"}],"curies":[{"name":"wp","href":"https:\/\/api.w.org\/{rel}","templated":true}]}}