{"id":1912,"date":"2023-06-16T08:49:20","date_gmt":"2023-06-16T08:49:20","guid":{"rendered":"https:\/\/kalaharicarhire.com\/?page_id=1912"},"modified":"2025-10-28T12:51:03","modified_gmt":"2025-10-28T12:51:03","slug":"wetter-in-namibia","status":"publish","type":"page","link":"https:\/\/kalaharicarhire.com\/de\/wissenswertes\/wetter-in-namibia\/","title":{"rendered":"Wetter in Namibia"},"content":{"rendered":"<section class=\"l-section wpb_row us_custom_6df4bc3a has_text_color height_huge with_img\"><div class=\"l-section-img\" data-img-width=\"1922\" data-img-height=\"1490\" style=\"background-image: url(https:\/\/kalaharicarhire.com\/wp-content\/uploads\/2023\/06\/Blue-skies-1.jpg);background-repeat: no-repeat;\"><\/div><div class=\"l-section-h i-cf\"><div class=\"g-cols vc_row via_flex valign_middle type_default stacking_default\"><div class=\"vc_col-sm-1 wpb_column vc_column_container\"><div class=\"vc_column-inner\"><div class=\"wpb_wrapper\"><\/div><\/div><\/div><div class=\"vc_col-sm-10 wpb_column vc_column_container\"><div class=\"vc_column-inner\"><div class=\"wpb_wrapper\">[vc_custom_heading text=&#8220;NAMIBIAS JAHRESZEITEN UND WETTER&#8220; font_container=&#8220;tag:h1|text_align:left&#8220; use_theme_fonts=&#8220;yes&#8220; css=&#8220;%7B%22mobiles%22%3A%7B%22line-height%22%3A%2260px%22%7D%7D&#8220;][vc_custom_heading text=&#8220;Umgekehrte Jahreszeiten, hei\u00dfe Tage, k\u00fchle N\u00e4chte und K\u00fcstennebel&#8220; font_container=&#8220;tag:h3|text_align:left&#8220; use_theme_fonts=&#8220;yes&#8220;]<\/div><\/div><\/div><div class=\"vc_col-sm-1 wpb_column vc_column_container\"><div class=\"vc_column-inner\"><div class=\"wpb_wrapper\"><\/div><\/div><\/div><\/div><\/div><\/section><section class=\"l-section wpb_row us_custom_480e6f0b height_large color_alternate\"><div class=\"l-section-h i-cf\"><div class=\"g-cols vc_row via_flex valign_top type_default stacking_default\"><div class=\"vc_col-sm-12 wpb_column vc_column_container\"><div class=\"vc_column-inner\"><div class=\"wpb_wrapper\">[vc_custom_heading text=&#8220;Ein kurzer \u00dcberblick \u00fcber unser lokales Wetter&#8220; use_theme_fonts=&#8220;yes&#8220; css=&#8220;%7B%22default%22%3A%7B%22padding-bottom%22%3A%2220px%22%7D%7D&#8220;]<div class=\"wpb_text_column us_custom_3bd28e0c\"><div class=\"wpb_wrapper\"><p>Um eine wundersch\u00f6ne Namibia-Reise zu erleben, solltest du vorher ein paar Dinge \u00fcber unser einzigartiges W\u00fcstenklima wissen. Das wichtigste schon mal vorweg: Wenn du aus der n\u00f6rdlichen Hemisph\u00e4re kommst, sind die Jahreszeiten in Namibia genau andersrum. Ist bei dir Zuhause gerade Winter, ist hier in Namibia Sommer und umgekehrt.<\/p>\n<\/div><\/div><div class=\"g-cols wpb_row via_flex valign_top type_default stacking_default\"><div class=\"vc_col-sm-12 wpb_column vc_column_container\"><div class=\"vc_column-inner\"><div class=\"wpb_wrapper\">[vc_custom_heading text=&#8220;Sommer, Sonne, Hitzefrei&#8220; font_container=&#8220;tag:h3|text_align:left&#8220; use_theme_fonts=&#8220;yes&#8220; css=&#8220;%7B%22default%22%3A%7B%22padding-bottom%22%3A%2215px%22%7D%7D&#8220;]<\/div><\/div><\/div><\/div><div class=\"g-cols wpb_row us_custom_16aabb7b via_flex valign_top type_default stacking_default\"><div class=\"vc_col-sm-8 wpb_column vc_column_container\"><div class=\"vc_column-inner\"><div class=\"wpb_wrapper\"><div class=\"wpb_text_column us_custom_3bd28e0c\"><div class=\"wpb_wrapper\"><p>Der namibische Hochsommer verl\u00e4uft von ca. November bis Februar und bringt im ganzen Land warmes bis hei\u00dfes Wetter. In den K\u00fcstengebieten sorgt der k\u00fchle Benguelastrom f\u00fcr eine erfrischende Brise und manchmal auch f\u00fcr einen geheimnisvollen Nebel. Der Atlantische Ozean ist zu dieser Jahreszeit besonders reizvoll. Verbringt also unbedingt ein paar Tage an der K\u00fcste bei Swakopmund, um einen kurzen Strandurlaub zu genie\u00dfen. Im Landesinneren, z.B. in der Hauptstadt Windhoek, k\u00f6nnen hohe Temperaturen von rund 38 \u00b0C herrschen. Aber keine Sorge, unsere Sommerhitze ist recht gut zu ertragen, da es meist eine trockene Hitze ist, weil die Luftfeuchtigkeit im Landesinneren so gut wie gar nicht vorhanden ist &#8211; es sei denn ihr habt das Gl\u00fcck und erlebt einen kurzen Sommerregen. Denn die mittleren und n\u00f6rdlichen Teile Namibias erhalten in dieser Jahreszeit den Gro\u00dfteil ihrer j\u00e4hlrichen Niederschl\u00e4ge, und die Landschaft verwandelt sich in \u00fcppiges Gr\u00fcn und sowohl die Tierwelt als auch die Menschen in Namibia bekommen neuen Schwung. Aber der Regen ist auch mit Vorsicht zu genie\u00dfen, denn er kann staubige Stra\u00dfen innerhalb weniger Minuten in kurzzeitige Fl\u00fcsse oder rutschige Schlammschlachten verwandeln.<\/p>\n<p>Dies ist nicht die richtige Jahreszeit, um in scheinbar trockenen Flussbetten zu campen. Selbst wenn keine Wolke in Sicht ist, kann es weiter flussaufw\u00e4rts geregnet haben und du wirst das Wasser nicht kommen h\u00f6ren. Seid daher beim \u00dcber- bzw. Durchqueren von (Trocken)-Fl\u00fcsse besonders achtsam &#8211; sie m\u00f6gen jetzt trocken aussehen, k\u00f6nnen aber innerhalb von Sekunden \u00fcberflutet sein.<\/p>\n<p>Aber keine Panik, diejenigen unter euch die aus den kalten und nassen Teilen der Welt kommen und sich nun Sorgen machen, dass ihr in der Namibischen Regenzeit nicht genug Sonne seht, k\u00f6nnt euch getrost wieder entspannen.\u00a0 WENN es regnet, dann ist es kein tagelanger Nieselregen, sondern ein warmer Sommerregen der schneller vorbei ist, als uns lieb ist (normalerweise innerhalb einer Stunde). Und abgesehen vom perfekten Sommerwetter ist in Namibia von Januar bis Juni Nebensaison, so dass ihr auf eurer Reise neben dem Traumwetter zus\u00e4tzlich auch noch von den niedrigeren Preisen profitieren k\u00f6nnt die es weit und breit gibt .<\/p>\n<\/div><\/div><\/div><\/div><\/div><div class=\"vc_col-sm-4 wpb_column vc_column_container\"><div class=\"vc_column-inner\"><div class=\"wpb_wrapper\"><div class=\"w-image align_left\"><div class=\"w-image-h\"><img loading=\"lazy\" decoding=\"async\" width=\"300\" height=\"225\" src=\"https:\/\/kalaharicarhire.com\/wp-content\/uploads\/2023\/06\/Wildebeest-in-lush-nature-1-300x225.png\" class=\"attachment-medium size-medium\" alt=\"Wildebeest in lush nature\" srcset=\"https:\/\/kalaharicarhire.com\/wp-content\/uploads\/2023\/06\/Wildebeest-in-lush-nature-1-300x225.png 300w, https:\/\/kalaharicarhire.com\/wp-content\/uploads\/2023\/06\/Wildebeest-in-lush-nature-1-1024x768.png 1024w, https:\/\/kalaharicarhire.com\/wp-content\/uploads\/2023\/06\/Wildebeest-in-lush-nature-1.png 2000w\" sizes=\"auto, (max-width: 300px) 100vw, 300px\" \/><\/div><\/div><\/div><\/div><\/div><\/div><div class=\"g-cols wpb_row us_custom_15f9d3f2 via_flex valign_top type_default stacking_default\"><div class=\"vc_col-sm-4 wpb_column vc_column_container\"><div class=\"vc_column-inner\"><div class=\"wpb_wrapper\"><div class=\"w-image align_none\"><div class=\"w-image-h\"><img loading=\"lazy\" decoding=\"async\" width=\"300\" height=\"225\" src=\"https:\/\/kalaharicarhire.com\/wp-content\/uploads\/2023\/06\/Epuoa-Falls-in-rainy-season-2000x1500-2-300x225.jpg\" class=\"attachment-medium size-medium\" alt=\"Epupa Falls in rainy season\" srcset=\"https:\/\/kalaharicarhire.com\/wp-content\/uploads\/2023\/06\/Epuoa-Falls-in-rainy-season-2000x1500-2-300x225.jpg 300w, https:\/\/kalaharicarhire.com\/wp-content\/uploads\/2023\/06\/Epuoa-Falls-in-rainy-season-2000x1500-2-1024x768.jpg 1024w, https:\/\/kalaharicarhire.com\/wp-content\/uploads\/2023\/06\/Epuoa-Falls-in-rainy-season-2000x1500-2.jpg 2000w\" sizes=\"auto, (max-width: 300px) 100vw, 300px\" \/><\/div><\/div><\/div><\/div><\/div><div class=\"vc_col-sm-4 wpb_column vc_column_container\"><div class=\"vc_column-inner\"><div class=\"wpb_wrapper\"><div class=\"w-image align_none\"><div class=\"w-image-h\"><img loading=\"lazy\" decoding=\"async\" width=\"300\" height=\"225\" src=\"https:\/\/kalaharicarhire.com\/wp-content\/uploads\/2023\/06\/4x4-with-rooftop-tent-under-rainbow-2000x1500-1-300x225.jpg\" class=\"attachment-medium size-medium\" alt=\"4x4 pickup truck with rooftop tent under rainbow\" srcset=\"https:\/\/kalaharicarhire.com\/wp-content\/uploads\/2023\/06\/4x4-with-rooftop-tent-under-rainbow-2000x1500-1-300x225.jpg 300w, https:\/\/kalaharicarhire.com\/wp-content\/uploads\/2023\/06\/4x4-with-rooftop-tent-under-rainbow-2000x1500-1-1024x768.jpg 1024w, https:\/\/kalaharicarhire.com\/wp-content\/uploads\/2023\/06\/4x4-with-rooftop-tent-under-rainbow-2000x1500-1.jpg 2000w\" sizes=\"auto, (max-width: 300px) 100vw, 300px\" \/><\/div><\/div><\/div><\/div><\/div><div class=\"vc_col-sm-4 wpb_column vc_column_container\"><div class=\"vc_column-inner\"><div class=\"wpb_wrapper\"><div class=\"w-image align_none\"><div class=\"w-image-h\"><img loading=\"lazy\" decoding=\"async\" width=\"300\" height=\"225\" src=\"https:\/\/kalaharicarhire.com\/wp-content\/uploads\/2023\/06\/Water-on-road-in-Etosha-2000x1500-1-300x225.png\" class=\"attachment-medium size-medium\" alt=\"Water on road in Etosha National Park\" srcset=\"https:\/\/kalaharicarhire.com\/wp-content\/uploads\/2023\/06\/Water-on-road-in-Etosha-2000x1500-1-300x225.png 300w, https:\/\/kalaharicarhire.com\/wp-content\/uploads\/2023\/06\/Water-on-road-in-Etosha-2000x1500-1-1024x768.png 1024w, https:\/\/kalaharicarhire.com\/wp-content\/uploads\/2023\/06\/Water-on-road-in-Etosha-2000x1500-1.png 2000w\" sizes=\"auto, (max-width: 300px) 100vw, 300px\" \/><\/div><\/div><\/div><\/div><\/div><\/div><div class=\"g-cols wpb_row us_custom_ebb3c908 via_flex valign_top type_default stacking_default\"><div class=\"vc_col-sm-12 wpb_column vc_column_container\"><div class=\"vc_column-inner\"><div class=\"wpb_wrapper\">[vc_custom_heading text=&#8220;Trockene Winter&#8220; font_container=&#8220;tag:h3|text_align:center&#8220; use_theme_fonts=&#8220;yes&#8220; css=&#8220;%7B%22default%22%3A%7B%22margin-top%22%3A%2215px%22%2C%22padding-bottom%22%3A%2215px%22%7D%7D&#8220;]<\/div><\/div><\/div><\/div><div class=\"g-cols wpb_row us_custom_16aabb7b via_flex valign_top type_default stacking_default\"><div class=\"vc_col-sm-4 wpb_column vc_column_container\"><div class=\"vc_column-inner\"><div class=\"wpb_wrapper\"><div class=\"w-image align_none\"><div class=\"w-image-h\"><img loading=\"lazy\" decoding=\"async\" width=\"300\" height=\"225\" src=\"https:\/\/kalaharicarhire.com\/wp-content\/uploads\/2023\/06\/Quiver-tree-infront-of-milky-way-at-night-1-300x225.png\" class=\"attachment-medium size-medium\" alt=\"Silhouette of a quiver tree infront of milky way at night\" srcset=\"https:\/\/kalaharicarhire.com\/wp-content\/uploads\/2023\/06\/Quiver-tree-infront-of-milky-way-at-night-1-300x225.png 300w, https:\/\/kalaharicarhire.com\/wp-content\/uploads\/2023\/06\/Quiver-tree-infront-of-milky-way-at-night-1-1024x768.png 1024w, https:\/\/kalaharicarhire.com\/wp-content\/uploads\/2023\/06\/Quiver-tree-infront-of-milky-way-at-night-1.png 2000w\" sizes=\"auto, (max-width: 300px) 100vw, 300px\" \/><\/div><\/div><\/div><\/div><\/div><div class=\"vc_col-sm-8 wpb_column vc_column_container\"><div class=\"vc_column-inner\"><div class=\"wpb_wrapper\"><div class=\"wpb_text_column us_custom_3daaba14\"><div class=\"wpb_wrapper\"><p>Der Winter in Namibia dauert etwa von Juni bis August. Die Tage sind im Allgemeinen sonnig und mild, mit Durchschnittstemperaturen zwischen 18\u00b0C und 25\u00b0C in den meisten Regionen im Landesinneren. Wenn die Sonne untergeht, k\u00f6nnen die Temperaturen jedoch deutlich sinken und manchmal sogar den Gefrierpunkt erreichen, vor allem im S\u00fcden, in den W\u00fcstenregionen wie der Namib oder Kalahari. Jetzt gilt das gute alte Zwiebelprinzip (sich in Schichten zu kleiden) und an eisigen N\u00e4chten sich zum Schlafen mit einer W\u00e4rmflasche einzukuscheln oder sich gem\u00fctlich ums Lagerfeuer zu setzen. Aber die Wintern\u00e4chte in der W\u00fcste lohnen sich! Sie versprechen doch einen schillernden Sternenhimmel, wie ihr ihn noch nie zuvor gesehen habt.<\/p>\n<p>Au\u00dferdem ist es eine gute Reisezeit, da es nicht regnet &#8211; und da es im Busch kein Wasser gibt, m\u00fcssen die Tiere an k\u00fcnstliche Wasserl\u00f6cher kommen um zu trinken, so dass man im Winter an den Wasserl\u00f6chern in privaten Wildreservaten und Nationalparks garantiert reges Treiben erlebt. Wenn ihr die n\u00e4chtliche K\u00e4lte nicht m\u00f6gt, haltet euch an die n\u00f6rdlichen Regionen Namibias z.B. an die bezaubernde Caprivi-Region. Denn je weiter n\u00f6rdlich man im Winter in Namibia reist, desto milder sind die Temperaturen.<\/p>\n<p>Auch an der K\u00fcste ist es in dieser Zeit mit Temperaturen zwischen 12 und 23 \u00b0C recht kalt. Wenn ihr in Namibia einen Campingurlaub macht, empfiehlt es sich euch in Swakopmund, Walvis Bay oder anderswo an der K\u00fcste im Winter lieber eine komfortable Selbstversorger-Unterkunft zu g\u00f6nnen. Denn der typische Winternebel l\u00e4sst das Zelt und eure Bettw\u00e4sche schnell kalt und klamm werden. Alles anders als kalt kann es an der K\u00fcste im Winter aber durchaus auch werden, n\u00e4mlich wenn der sogenannte Ostwind eintrifft. Dann schl\u00e4gt das Wetter um. Was im Landesinneren noch ein unangenehmer Frostbote ist, kommt nach seiner Durchquerung der W\u00fcste, in den K\u00fcstenregionen als hei\u00dfer, sandiger Wind an. Wer diesen Sandsturm beim Fahren miterlebt sollte unbedingt das Licht einschalten, besonders langsam fahren, oder besser noch von der Stra\u00dfe abfahren, Anhalten und kurz abwarten bis das Schlimmste vorbei ist. Denn dieser Sandsturm kann einem komplett die Sicht nehmen oder das Auto mit dem Sandblasting Effekt ruinieren. Aber die kurze Zeit vor und nach dem Ostwind, die sogenannte Ostwindstimmung, verzaubert die K\u00fcstenregionen durch wundersch\u00f6nes, windstilles, warmes Wetter.<\/p>\n<\/div><\/div><\/div><\/div><\/div><\/div><div class=\"g-cols wpb_row us_custom_16aabb7b via_flex valign_top type_default stacking_default\"><div class=\"vc_col-sm-4 wpb_column vc_column_container\"><div class=\"vc_column-inner\"><div class=\"wpb_wrapper\"><div class=\"w-image align_none\"><div class=\"w-image-h\"><img loading=\"lazy\" decoding=\"async\" width=\"300\" height=\"225\" src=\"https:\/\/kalaharicarhire.com\/wp-content\/uploads\/2023\/06\/Dunes-2000x1500-2-300x225.jpg\" class=\"attachment-medium size-medium\" alt=\"Dunes\" srcset=\"https:\/\/kalaharicarhire.com\/wp-content\/uploads\/2023\/06\/Dunes-2000x1500-2-300x225.jpg 300w, https:\/\/kalaharicarhire.com\/wp-content\/uploads\/2023\/06\/Dunes-2000x1500-2-1024x768.jpg 1024w, https:\/\/kalaharicarhire.com\/wp-content\/uploads\/2023\/06\/Dunes-2000x1500-2.jpg 2000w\" sizes=\"auto, (max-width: 300px) 100vw, 300px\" \/><\/div><\/div><\/div><\/div><\/div><div class=\"vc_col-sm-4 wpb_column vc_column_container\"><div class=\"vc_column-inner\"><div class=\"wpb_wrapper\"><div class=\"w-image align_none\"><div class=\"w-image-h\"><img loading=\"lazy\" decoding=\"async\" width=\"300\" height=\"225\" src=\"https:\/\/kalaharicarhire.com\/wp-content\/uploads\/2023\/06\/4x4-pickup-truck-with-rooftop-tent-under-milky-way-at-night-2000x1500-1-300x225.jpg\" class=\"attachment-medium size-medium\" alt=\"4x4 pickup truck with rooftop tent under milky way at night\" srcset=\"https:\/\/kalaharicarhire.com\/wp-content\/uploads\/2023\/06\/4x4-pickup-truck-with-rooftop-tent-under-milky-way-at-night-2000x1500-1-300x225.jpg 300w, https:\/\/kalaharicarhire.com\/wp-content\/uploads\/2023\/06\/4x4-pickup-truck-with-rooftop-tent-under-milky-way-at-night-2000x1500-1-1024x768.jpg 1024w, https:\/\/kalaharicarhire.com\/wp-content\/uploads\/2023\/06\/4x4-pickup-truck-with-rooftop-tent-under-milky-way-at-night-2000x1500-1.jpg 2000w\" sizes=\"auto, (max-width: 300px) 100vw, 300px\" \/><\/div><\/div><\/div><\/div><\/div><div class=\"vc_col-sm-4 wpb_column vc_column_container\"><div class=\"vc_column-inner\"><div class=\"wpb_wrapper\"><div class=\"w-image align_none\"><div class=\"w-image-h\"><img loading=\"lazy\" decoding=\"async\" width=\"300\" height=\"225\" src=\"https:\/\/kalaharicarhire.com\/wp-content\/uploads\/2023\/06\/Elephants-at-waterhole-2000x1500-1-300x225.jpg\" class=\"attachment-medium size-medium\" alt=\"Elephants at waterhole near Olifantsrus Etosha National Park\" srcset=\"https:\/\/kalaharicarhire.com\/wp-content\/uploads\/2023\/06\/Elephants-at-waterhole-2000x1500-1-300x225.jpg 300w, https:\/\/kalaharicarhire.com\/wp-content\/uploads\/2023\/06\/Elephants-at-waterhole-2000x1500-1-1024x768.jpg 1024w, https:\/\/kalaharicarhire.com\/wp-content\/uploads\/2023\/06\/Elephants-at-waterhole-2000x1500-1.jpg 2000w\" sizes=\"auto, (max-width: 300px) 100vw, 300px\" \/><\/div><\/div><\/div><\/div><\/div><\/div><div class=\"g-cols wpb_row us_custom_16aabb7b via_flex valign_top type_default stacking_default\"><div class=\"vc_col-sm-12 wpb_column vc_column_container\"><div class=\"vc_column-inner\"><div class=\"wpb_wrapper\"><div class=\"wpb_text_column us_custom_3bd28e0c\"><div class=\"wpb_wrapper\"><p>Jetzt bist du bereit, Namibias Wetterkapriolen zu trotzen! Wer die Wetterbedingungen kennt und sich darauf vorbereitet, kann die Zeit hier in vollsten Z\u00fcgen genie\u00dfen, die bemerkenswerten Landschaften erkunden, der vielf\u00e4ltigen Tierwelt begegnen und in die reiche Kultur dieses wundersch\u00f6nen Landes eintauchen.<\/p>\n<\/div><\/div><div class=\"wpb_text_column us_custom_3bd28e0c\"><div class=\"wpb_wrapper\"><p>Nat\u00fcrlich gibt es in Namibia auch offiziell einen Fr\u00fchling und Herbst, aber der Wechsel von Winter auf Sommer oder Sommer auf Winter verl\u00e4uft bei uns gef\u00fchlt so schnell, dass er hier in diesem Kontext nicht weiter nennenswert ist.<\/p>\n<\/div><\/div><\/div><\/div><\/div><\/div><\/div><\/div><\/div><\/div><\/div><\/section>\n","protected":false},"excerpt":{"rendered":"[vc_custom_heading text=\"NAMIBIAS JAHRESZEITEN UND WETTER\" font_container=\"tag:h1|text_align:left\" use_theme_fonts=\"yes\" css=\"%7B%22mobiles%22%3A%7B%22line-height%22%3A%2260px%22%7D%7D\"][vc_custom_heading text=\"Umgekehrte Jahreszeiten, hei\u00dfe Tage, k\u00fchle N\u00e4chte und K\u00fcstennebel\" font_container=\"tag:h3|text_align:left\" use_theme_fonts=\"yes\"][vc_custom_heading text=\"Ein kurzer \u00dcberblick \u00fcber unser lokales Wetter\" use_theme_fonts=\"yes\" css=\"%7B%22default%22%3A%7B%22padding-bottom%22%3A%2220px%22%7D%7D\"]Um eine wundersch\u00f6ne Namibia-Reise zu erleben, solltest du vorher ein paar Dinge \u00fcber unser einzigartiges W\u00fcstenklima wissen. Das wichtigste schon mal vorweg: Wenn du aus der n\u00f6rdlichen Hemisph\u00e4re kommst,...","protected":false},"author":1,"featured_media":0,"parent":1970,"menu_order":0,"comment_status":"closed","ping_status":"closed","template":"","meta":{"footnotes":""},"class_list":["post-1912","page","type-page","status-publish","hentry"],"_links":{"self":[{"href":"https:\/\/kalaharicarhire.com\/de\/wp-json\/wp\/v2\/pages\/1912","targetHints":{"allow":["GET"]}}],"collection":[{"href":"https:\/\/kalaharicarhire.com\/de\/wp-json\/wp\/v2\/pages"}],"about":[{"href":"https:\/\/kalaharicarhire.com\/de\/wp-json\/wp\/v2\/types\/page"}],"author":[{"embeddable":true,"href":"https:\/\/kalaharicarhire.com\/de\/wp-json\/wp\/v2\/users\/1"}],"replies":[{"embeddable":true,"href":"https:\/\/kalaharicarhire.com\/de\/wp-json\/wp\/v2\/comments?post=1912"}],"version-history":[{"count":13,"href":"https:\/\/kalaharicarhire.com\/de\/wp-json\/wp\/v2\/pages\/1912\/revisions"}],"predecessor-version":[{"id":84222,"href":"https:\/\/kalaharicarhire.com\/de\/wp-json\/wp\/v2\/pages\/1912\/revisions\/84222"}],"up":[{"embeddable":true,"href":"https:\/\/kalaharicarhire.com\/de\/wp-json\/wp\/v2\/pages\/1970"}],"wp:attachment":[{"href":"https:\/\/kalaharicarhire.com\/de\/wp-json\/wp\/v2\/media?parent=1912"}],"curies":[{"name":"wp","href":"https:\/\/api.w.org\/{rel}","templated":true}]}}