{"id":1546,"date":"2022-12-14T21:04:04","date_gmt":"2022-12-14T21:04:04","guid":{"rendered":"https:\/\/kalaharicarhire.com\/?page_id=1546"},"modified":"2026-02-04T13:54:03","modified_gmt":"2026-02-04T13:54:03","slug":"dachzelte","status":"publish","type":"page","link":"https:\/\/kalaharicarhire.com\/de\/camping-ausruestung\/dachzelte\/","title":{"rendered":"Dachzelte"},"content":{"rendered":"<section class=\"l-section wpb_row us_custom_6df4bc3a has_text_color height_huge with_img\"><div class=\"l-section-img\" data-img-width=\"2560\" data-img-height=\"1920\" style=\"background-image: url(https:\/\/kalaharicarhire.com\/wp-content\/uploads\/2025\/03\/Girl-looking-out-of-rooftent-scaled.jpg);background-repeat: no-repeat;\"><\/div><div class=\"l-section-h i-cf\"><div class=\"g-cols vc_row via_flex valign_middle type_default stacking_default\"><div class=\"vc_col-sm-1 wpb_column vc_column_container\"><div class=\"vc_column-inner\"><div class=\"wpb_wrapper\"><\/div><\/div><\/div><div class=\"vc_col-sm-10 wpb_column vc_column_container\"><div class=\"vc_column-inner\"><div class=\"wpb_wrapper\">[vc_custom_heading text=&#8220;Abenteuer erleben, erholt schlafen&#8220; font_container=&#8220;tag:h3|text_align:left&#8220; use_theme_fonts=&#8220;yes&#8220;]<\/div><\/div><\/div><div class=\"vc_col-sm-1 wpb_column vc_column_container\"><div class=\"vc_column-inner\"><div class=\"wpb_wrapper\"><\/div><\/div><\/div><\/div><\/div><\/section><section class=\"l-section wpb_row us_custom_480e6f0b height_large color_alternate\"><div class=\"l-section-h i-cf\"><div class=\"g-cols vc_row via_flex valign_top type_default stacking_default\"><div class=\"vc_col-sm-12 wpb_column vc_column_container\"><div class=\"vc_column-inner\"><div class=\"wpb_wrapper\">[vc_custom_heading text=&#8220;DACHZELTE F\u00dcR DEIN SELBSTFAHRER CAMPING TRIP&#8220; font_container=&#8220;tag:h1|text_align:left&#8220; use_theme_fonts=&#8220;yes&#8220; css=&#8220;%7B%22default%22%3A%7B%22padding-bottom%22%3A%2215px%22%7D%7D&#8220;]<div class=\"wpb_text_column us_custom_6aeaf334\"><div class=\"wpb_wrapper\"><p>Ob alleine unterwegs oder mit der ganzen Familie \u2013 ein Dachzelt ist der perfekte Begleiter f\u00fcr ein Selbstfahrer-Campingabenteuer. F\u00fcr erholsame N\u00e4chte, egal wohin die Reise geht. Wenn du ein voll ausgestattetes Campingfahrzeugt mietest, hast du die Wahl zwischen dem <strong data-start=\"330\" data-end=\"362\">preiswerteren Softtop-Dachzelt<\/strong> und dem <strong data-start=\"371\" data-end=\"425\">komfortablen, leicht zu \u00f6ffnenden Hardtop-Dachzelt.<\/strong><\/p>\n<\/div><\/div>[vc_custom_heading text=&#8220;Standard Softtop Dachzelt&#8220; font_container=&#8220;tag:h3|text_align:left&#8220; use_theme_fonts=&#8220;yes&#8220; css=&#8220;%7B%22default%22%3A%7B%22padding-bottom%22%3A%2215px%22%7D%7D&#8220;]<div class=\"wpb_text_column us_custom_3bd28e0c\"><div class=\"wpb_wrapper\"><p data-start=\"67\" data-end=\"250\">Das Standard Dachzelt ist das klassische Softtop-Dachzelt, das jeder kennt und liebt. Es ist <strong>bei der <\/strong><a href=\"https:\/\/kalaharicarhire.com\/de\/camping-ausruestung\/\"><strong>Standard-Campingausr\u00fcstungs bereits\u00a0enthalten<\/strong> &gt;&gt; Details zur Campingausr\u00fcstung.<\/a><\/p>\n<ul data-start=\"252\" data-end=\"465\">\n<li data-start=\"252\" data-end=\"309\">\n<p data-start=\"254\" data-end=\"309\">Matratzengr\u00f6\u00dfe: <strong>ca. 1,4 m \u00d7 2,1 m\u00a0<\/strong><\/p>\n<\/li>\n<li data-start=\"252\" data-end=\"309\">\n<p data-start=\"254\" data-end=\"309\">F\u00fcr bis zu 2 Erwachsene<\/p>\n<\/li>\n<li data-start=\"310\" data-end=\"465\">\n<p data-start=\"312\" data-end=\"465\">F\u00fcr mehr als 2 Personen oder wenn getrennte Schlafpl\u00e4tze gew\u00fcnscht sind, k\u00f6nnen bis zu zwei Standard Dachzelte auf dem Fahrzeug montiert werden<\/p>\n<\/li>\n<\/ul>\n<\/div><\/div><div class=\"g-cols wpb_row via_flex valign_top type_default stacking_default\"><div class=\"vc_col-sm-4 wpb_column vc_column_container\"><div class=\"vc_column-inner\"><div class=\"wpb_wrapper\"><div class=\"w-image us_custom_b4c0c321 align_center\"><div class=\"w-image-h\"><img loading=\"lazy\" decoding=\"async\" width=\"2000\" height=\"1500\" src=\"https:\/\/kalaharicarhire.com\/wp-content\/uploads\/2026\/01\/Camping-car-with-normal-rooftent-open-2000x1500-1.jpg\" class=\"attachment-full size-full\" alt=\"Toyota Hilux 4x4  rental Camping car with normal rooftent open\" srcset=\"https:\/\/kalaharicarhire.com\/wp-content\/uploads\/2026\/01\/Camping-car-with-normal-rooftent-open-2000x1500-1.jpg 2000w, https:\/\/kalaharicarhire.com\/wp-content\/uploads\/2026\/01\/Camping-car-with-normal-rooftent-open-2000x1500-1-300x225.jpg 300w, https:\/\/kalaharicarhire.com\/wp-content\/uploads\/2026\/01\/Camping-car-with-normal-rooftent-open-2000x1500-1-1024x768.jpg 1024w\" sizes=\"auto, (max-width: 2000px) 100vw, 2000px\" \/><\/div><\/div><\/div><\/div><\/div><div class=\"vc_col-sm-4 wpb_column vc_column_container\"><div class=\"vc_column-inner\"><div class=\"wpb_wrapper\"><div class=\"w-image us_custom_b4c0c321 align_center\"><div class=\"w-image-h\"><img loading=\"lazy\" decoding=\"async\" width=\"2000\" height=\"1500\" src=\"https:\/\/kalaharicarhire.com\/wp-content\/uploads\/2026\/01\/Toyota-Hilux-with-normal-rooftop-tent-open-under-baobab-trees-2000x1500-1.jpg\" class=\"attachment-full size-full\" alt=\"\" srcset=\"https:\/\/kalaharicarhire.com\/wp-content\/uploads\/2026\/01\/Toyota-Hilux-with-normal-rooftop-tent-open-under-baobab-trees-2000x1500-1.jpg 2000w, https:\/\/kalaharicarhire.com\/wp-content\/uploads\/2026\/01\/Toyota-Hilux-with-normal-rooftop-tent-open-under-baobab-trees-2000x1500-1-300x225.jpg 300w, https:\/\/kalaharicarhire.com\/wp-content\/uploads\/2026\/01\/Toyota-Hilux-with-normal-rooftop-tent-open-under-baobab-trees-2000x1500-1-1024x768.jpg 1024w\" sizes=\"auto, (max-width: 2000px) 100vw, 2000px\" \/><\/div><\/div><\/div><\/div><\/div><div class=\"vc_col-sm-4 wpb_column vc_column_container\"><div class=\"vc_column-inner\"><div class=\"wpb_wrapper\"><div class=\"w-image us_custom_b4c0c321 align_center\"><div class=\"w-image-h\"><img loading=\"lazy\" decoding=\"async\" width=\"2000\" height=\"1500\" src=\"https:\/\/kalaharicarhire.com\/wp-content\/uploads\/2026\/01\/Toyota-Hilux-4x4-rental-car-with-camping-and-rooftents-near-Sossusvlei-2000x1500-1.jpg\" class=\"attachment-full size-full\" alt=\"\" srcset=\"https:\/\/kalaharicarhire.com\/wp-content\/uploads\/2026\/01\/Toyota-Hilux-4x4-rental-car-with-camping-and-rooftents-near-Sossusvlei-2000x1500-1.jpg 2000w, https:\/\/kalaharicarhire.com\/wp-content\/uploads\/2026\/01\/Toyota-Hilux-4x4-rental-car-with-camping-and-rooftents-near-Sossusvlei-2000x1500-1-300x225.jpg 300w, https:\/\/kalaharicarhire.com\/wp-content\/uploads\/2026\/01\/Toyota-Hilux-4x4-rental-car-with-camping-and-rooftents-near-Sossusvlei-2000x1500-1-1024x768.jpg 1024w\" sizes=\"auto, (max-width: 2000px) 100vw, 2000px\" \/><\/div><\/div><\/div><\/div><\/div><\/div>[vc_custom_heading text=&#8220;WIE BAUT MAN EIN STANDARD DACHZELT AUF UND AB&#8220; font_container=&#8220;tag:h5|text_align:left&#8220; use_theme_fonts=&#8220;yes&#8220; css=&#8220;%7B%22default%22%3A%7B%22padding-bottom%22%3A%2215px%22%7D%7D&#8220;]<div class=\"g-cols wpb_row via_flex valign_top type_default stacking_default\"><div class=\"vc_col-sm-6 wpb_column vc_column_container\"><div class=\"vc_column-inner\"><div class=\"wpb_wrapper\"><div class=\"w-video align_none ratio_16x9 has_iframe\"><div class=\"w-video-h\"><iframe title=\"Youtube video player\" src=\"\/\/www.youtube.com\/embed\/b9DjSFvKyJ0?origin=https:\/\/kalaharicarhire.com&controls=1\" allowfullscreen=\"1\" loading=\"lazy\"><\/iframe><\/div><div class=\"w-video-icon\" style=\"font-size:1.5rem;background:rgba(0,0,0,0.5);color:#fff\"><\/div><\/div><\/div><\/div><\/div><div class=\"vc_col-sm-6 wpb_column vc_column_container\"><div class=\"vc_column-inner\"><div class=\"wpb_wrapper\"><div class=\"w-video align_none ratio_16x9 has_iframe\"><div class=\"w-video-h\"><iframe title=\"Youtube video player\" src=\"\/\/www.youtube.com\/embed\/0Q6XZhyMNLw?origin=https:\/\/kalaharicarhire.com&controls=1\" allowfullscreen=\"1\" loading=\"lazy\"><\/iframe><\/div><div class=\"w-video-icon\" style=\"font-size:1.5rem;background:rgba(0,0,0,0.5);color:#fff\"><\/div><\/div><\/div><\/div><\/div><\/div><\/div><\/div><\/div><\/div><\/div><\/section><section class=\"l-section wpb_row us_custom_480e6f0b height_large color_alternate\"><div class=\"l-section-h i-cf\"><div class=\"g-cols vc_row via_flex valign_top type_default stacking_default\"><div class=\"vc_col-sm-12 wpb_column vc_column_container\"><div class=\"vc_column-inner\"><div class=\"wpb_wrapper\">[vc_custom_heading text=&#8220;Komfort Hardtop Dachzelt&#8220; font_container=&#8220;tag:h3|text_align:left&#8220; use_theme_fonts=&#8220;yes&#8220; css=&#8220;%7B%22default%22%3A%7B%22padding-bottom%22%3A%2215px%22%7D%7D&#8220;]<div class=\"wpb_text_column us_custom_3bd28e0c\"><div class=\"wpb_wrapper\"><p>F\u00fcr noch mehr Komfort empfehlen wir ein Upgrade auf das Comfort Hardtop Dachzelt. Das leicht zu \u00f6ffnende Hardtop Dachzelt ist die Komfortversion des guten alten Klassikers und eine wahre Freude. Dank Gasdruckfedern an beiden Seiten und einer Aluminium-Hartschale die sich mit Clips \u00f6ffnen l\u00e4sst, ist es sehr einfach auf und abzubauen. Du kannst zwischen <strong>zwei verschiedene Gr\u00f6\u00dfen<\/strong>\u00a0 w\u00e4hlen:<\/p>\n<p data-start=\"268\" data-end=\"324\">Option 1: Normal Hardtop-Dachzelt<\/p>\n<ul data-start=\"325\" data-end=\"510\">\n<li data-start=\"325\" data-end=\"368\">\n<p data-start=\"327\" data-end=\"368\">Matratzengr\u00f6\u00dfe:<strong> ca. 1,40 m \u00d7 2,10 m<\/strong><\/p>\n<\/li>\n<li data-start=\"369\" data-end=\"406\">\n<p data-start=\"371\" data-end=\"406\">F\u00fcr bis zu 2 Erwachsenen<\/p>\n<\/li>\n<li data-start=\"407\" data-end=\"510\">\n<p data-start=\"409\" data-end=\"510\">F\u00fcr mehr als 2 Personen oder wenn man mehr Platz zum Schlafen bevorzugt k\u00f6nnen bis zu zwei Normal Hardtop-Dachzelte auf dem Fahrzeug montiert werden<\/p>\n<\/li>\n<\/ul>\n<p data-start=\"85\" data-end=\"118\">Option 2: Familien Hardtop-Dachzelt<\/p>\n<ul data-start=\"119\" data-end=\"266\">\n<li data-start=\"119\" data-end=\"162\">\n<p data-start=\"121\" data-end=\"162\">Matratzengr\u00f6\u00dfe: <strong>ca. 1,85 m \u00d7 2,10 m<\/strong><\/p>\n<\/li>\n<li data-start=\"163\" data-end=\"202\">\n<p data-start=\"165\" data-end=\"202\">F\u00fcr 2 Erwachsene + 1 Kind<\/p>\n<\/li>\n<li data-start=\"203\" data-end=\"266\">\n<p data-start=\"205\" data-end=\"266\">Auch beliebt f\u00fcr zwei Personen die etwas mehr Schlafplatz bevorzugen<\/p>\n<\/li>\n<\/ul>\n<\/div><\/div><div class=\"g-cols wpb_row via_flex valign_top type_default stacking_default\"><div class=\"vc_col-sm-4 wpb_column vc_column_container\"><div class=\"vc_column-inner\"><div class=\"wpb_wrapper\"><div class=\"w-image us_custom_b4c0c321 align_center\"><div class=\"w-image-h\"><img loading=\"lazy\" decoding=\"async\" width=\"2000\" height=\"1500\" src=\"https:\/\/kalaharicarhire.com\/wp-content\/uploads\/2026\/01\/Toyota-Hilux-with-two-hardtop-tents-open.jpg\" class=\"attachment-full size-full\" alt=\"\" srcset=\"https:\/\/kalaharicarhire.com\/wp-content\/uploads\/2026\/01\/Toyota-Hilux-with-two-hardtop-tents-open.jpg 2000w, https:\/\/kalaharicarhire.com\/wp-content\/uploads\/2026\/01\/Toyota-Hilux-with-two-hardtop-tents-open-300x225.jpg 300w, https:\/\/kalaharicarhire.com\/wp-content\/uploads\/2026\/01\/Toyota-Hilux-with-two-hardtop-tents-open-1024x768.jpg 1024w\" sizes=\"auto, (max-width: 2000px) 100vw, 2000px\" \/><\/div><\/div><\/div><\/div><\/div><div class=\"vc_col-sm-4 wpb_column vc_column_container\"><div class=\"vc_column-inner\"><div class=\"wpb_wrapper\"><div class=\"w-image us_custom_b4c0c321 align_center\"><div class=\"w-image-h\"><img loading=\"lazy\" decoding=\"async\" width=\"2000\" height=\"1500\" src=\"https:\/\/kalaharicarhire.com\/wp-content\/uploads\/2026\/01\/Toyota-Hilux-with-hardtop-rooftop-tent-open-and-woman-enjoying-coffee-on-ladder.jpg\" class=\"attachment-full size-full\" alt=\"\" srcset=\"https:\/\/kalaharicarhire.com\/wp-content\/uploads\/2026\/01\/Toyota-Hilux-with-hardtop-rooftop-tent-open-and-woman-enjoying-coffee-on-ladder.jpg 2000w, https:\/\/kalaharicarhire.com\/wp-content\/uploads\/2026\/01\/Toyota-Hilux-with-hardtop-rooftop-tent-open-and-woman-enjoying-coffee-on-ladder-300x225.jpg 300w, https:\/\/kalaharicarhire.com\/wp-content\/uploads\/2026\/01\/Toyota-Hilux-with-hardtop-rooftop-tent-open-and-woman-enjoying-coffee-on-ladder-1024x768.jpg 1024w\" sizes=\"auto, (max-width: 2000px) 100vw, 2000px\" \/><\/div><\/div><\/div><\/div><\/div><div class=\"vc_col-sm-4 wpb_column vc_column_container\"><div class=\"vc_column-inner\"><div class=\"wpb_wrapper\"><div class=\"w-image us_custom_b4c0c321 align_center\"><div class=\"w-image-h\"><img loading=\"lazy\" decoding=\"async\" width=\"2500\" height=\"1875\" src=\"https:\/\/kalaharicarhire.com\/wp-content\/uploads\/2022\/12\/Hardtop-rooftent-from-back-when-open-on-Nissan-Navara-1.jpg\" class=\"attachment-full size-full\" alt=\"\" srcset=\"https:\/\/kalaharicarhire.com\/wp-content\/uploads\/2022\/12\/Hardtop-rooftent-from-back-when-open-on-Nissan-Navara-1.jpg 2500w, https:\/\/kalaharicarhire.com\/wp-content\/uploads\/2022\/12\/Hardtop-rooftent-from-back-when-open-on-Nissan-Navara-1-300x225.jpg 300w, https:\/\/kalaharicarhire.com\/wp-content\/uploads\/2022\/12\/Hardtop-rooftent-from-back-when-open-on-Nissan-Navara-1-1024x768.jpg 1024w\" sizes=\"auto, (max-width: 2500px) 100vw, 2500px\" \/><\/div><\/div><\/div><\/div><\/div><\/div><div class=\"g-cols wpb_row via_flex valign_top type_default stacking_default\"><div class=\"vc_col-sm-4 wpb_column vc_column_container\"><div class=\"vc_column-inner\"><div class=\"wpb_wrapper\"><div class=\"w-image us_custom_b4c0c321 align_center\"><div class=\"w-image-h\"><img loading=\"lazy\" decoding=\"async\" width=\"2500\" height=\"1875\" src=\"https:\/\/kalaharicarhire.com\/wp-content\/uploads\/2022\/12\/Hardtop-rooftent-from-left-side-when-open-on-Nissan-Navara.jpg\" class=\"attachment-full size-full\" alt=\"\" srcset=\"https:\/\/kalaharicarhire.com\/wp-content\/uploads\/2022\/12\/Hardtop-rooftent-from-left-side-when-open-on-Nissan-Navara.jpg 2500w, https:\/\/kalaharicarhire.com\/wp-content\/uploads\/2022\/12\/Hardtop-rooftent-from-left-side-when-open-on-Nissan-Navara-300x225.jpg 300w, https:\/\/kalaharicarhire.com\/wp-content\/uploads\/2022\/12\/Hardtop-rooftent-from-left-side-when-open-on-Nissan-Navara-1024x768.jpg 1024w\" sizes=\"auto, (max-width: 2500px) 100vw, 2500px\" \/><\/div><\/div><\/div><\/div><\/div><div class=\"vc_col-sm-4 wpb_column vc_column_container\"><div class=\"vc_column-inner\"><div class=\"wpb_wrapper\"><div class=\"w-image us_custom_b4c0c321 align_center\"><div class=\"w-image-h\"><img loading=\"lazy\" decoding=\"async\" width=\"2500\" height=\"1875\" src=\"https:\/\/kalaharicarhire.com\/wp-content\/uploads\/2022\/12\/Hardtop-rooftent-interior-view-from-door.jpg\" class=\"attachment-full size-full\" alt=\"\" srcset=\"https:\/\/kalaharicarhire.com\/wp-content\/uploads\/2022\/12\/Hardtop-rooftent-interior-view-from-door.jpg 2500w, https:\/\/kalaharicarhire.com\/wp-content\/uploads\/2022\/12\/Hardtop-rooftent-interior-view-from-door-300x225.jpg 300w, https:\/\/kalaharicarhire.com\/wp-content\/uploads\/2022\/12\/Hardtop-rooftent-interior-view-from-door-1024x768.jpg 1024w\" sizes=\"auto, (max-width: 2500px) 100vw, 2500px\" \/><\/div><\/div><\/div><\/div><\/div><div class=\"vc_col-sm-4 wpb_column vc_column_container\"><div class=\"vc_column-inner\"><div class=\"wpb_wrapper\"><div class=\"w-image us_custom_b4c0c321 align_center\"><div class=\"w-image-h\"><img loading=\"lazy\" decoding=\"async\" width=\"2500\" height=\"1875\" src=\"https:\/\/kalaharicarhire.com\/wp-content\/uploads\/2022\/12\/Hardtop-rooftent-interior-view-with-right-window.jpg\" class=\"attachment-full size-full\" alt=\"\" srcset=\"https:\/\/kalaharicarhire.com\/wp-content\/uploads\/2022\/12\/Hardtop-rooftent-interior-view-with-right-window.jpg 2500w, https:\/\/kalaharicarhire.com\/wp-content\/uploads\/2022\/12\/Hardtop-rooftent-interior-view-with-right-window-300x225.jpg 300w, https:\/\/kalaharicarhire.com\/wp-content\/uploads\/2022\/12\/Hardtop-rooftent-interior-view-with-right-window-1024x768.jpg 1024w\" sizes=\"auto, (max-width: 2500px) 100vw, 2500px\" \/><\/div><\/div><\/div><\/div><\/div><\/div>[vc_custom_heading text=&#8220;WIE BAUT MAN EIN HARTTOP DACHZELT AUF UND AB&#8220; font_container=&#8220;tag:h5|text_align:left&#8220; use_theme_fonts=&#8220;yes&#8220; css=&#8220;%7B%22default%22%3A%7B%22padding-bottom%22%3A%2215px%22%7D%7D&#8220;]<div class=\"w-video align_none ratio_16x9 has_iframe\"><div class=\"w-video-h\"><iframe title=\"Youtube video player\" src=\"\/\/www.youtube.com\/embed\/5BW6R1fZc34?origin=https:\/\/kalaharicarhire.com&controls=1\" allowfullscreen=\"1\" loading=\"lazy\"><\/iframe><\/div><div class=\"w-video-icon\" style=\"font-size:1.5rem;background:rgba(0,0,0,0.5);color:#fff\"><\/div><\/div><\/div><\/div><\/div><\/div><\/div><\/section><section class=\"l-section wpb_row us_custom_480e6f0b height_large color_alternate\"><div class=\"l-section-h i-cf\"><div class=\"g-cols vc_row via_flex valign_top type_default stacking_default\"><div class=\"vc_col-sm-12 wpb_column vc_column_container\"><div class=\"vc_column-inner\"><div class=\"wpb_wrapper\">[vc_custom_heading text=&#8220;Vorteile eines Dachzelts&#8220; font_container=&#8220;tag:h3|text_align:left&#8220; use_theme_fonts=&#8220;yes&#8220; css=&#8220;%7B%22default%22%3A%7B%22padding-bottom%22%3A%2215px%22%7D%7D&#8220;]<div class=\"g-cols wpb_row via_flex valign_top type_default stacking_default\"><div class=\"vc_col-sm-4 wpb_column vc_column_container\"><div class=\"vc_column-inner\"><div class=\"wpb_wrapper\"><div class=\"w-iconbox us_custom_8d5aa4e2 iconpos_left style_default color_primary align_left\"><div class=\"w-iconbox-icon\" style=\"font-size:20px;\"><i class=\"fas fa-check\"><\/i><\/div><div class=\"w-iconbox-meta\"><p class=\"w-iconbox-title\" style=\"font-size:20px;\">Schneller Auf- und Abbau<\/p><div class=\"w-iconbox-text\"><p><em>Mit ein wenig \u00dcbung bist du in wenigen Minuten startklar.<\/em><\/p>\n<\/div><\/div><\/div><\/div><\/div><\/div><div class=\"vc_col-sm-4 wpb_column vc_column_container\"><div class=\"vc_column-inner\"><div class=\"wpb_wrapper\"><div class=\"w-iconbox us_custom_8d5aa4e2 iconpos_left style_default color_primary align_left\"><div class=\"w-iconbox-icon\" style=\"font-size:20px;\"><i class=\"fas fa-check\"><\/i><\/div><div class=\"w-iconbox-meta\"><p class=\"w-iconbox-title\" style=\"font-size:20px;\">Sicher<\/p><div class=\"w-iconbox-text\"><p><em>Hoch \u00fcber dem Boden, weg von Kriechtieren, Staub und Wasser.<\/em><\/p>\n<\/div><\/div><\/div><\/div><\/div><\/div><div class=\"vc_col-sm-4 wpb_column vc_column_container\"><div class=\"vc_column-inner\"><div class=\"wpb_wrapper\"><div class=\"w-iconbox us_custom_8d5aa4e2 iconpos_left style_default color_primary align_left\"><div class=\"w-iconbox-icon\" style=\"font-size:20px;\"><i class=\"fas fa-check\"><\/i><\/div><div class=\"w-iconbox-meta\"><p class=\"w-iconbox-title\" style=\"font-size:20px;\">Mehr Stauraum<\/p><div class=\"w-iconbox-text\"><p><em>Mehr Platz im Auto und auf der Ladefl\u00e4che f\u00fcr anderes da es auf dem Dach montiert ist.<\/em><\/p>\n<\/div><\/div><\/div><\/div><\/div><\/div><\/div><\/div><\/div><\/div><\/div><\/div><\/section>\n","protected":false},"excerpt":{"rendered":"[vc_custom_heading text=\"Abenteuer erleben, erholt schlafen\" font_container=\"tag:h3|text_align:left\" use_theme_fonts=\"yes\"][vc_custom_heading text=\"DACHZELTE F\u00dcR DEIN SELBSTFAHRER CAMPING TRIP\" font_container=\"tag:h1|text_align:left\" use_theme_fonts=\"yes\" css=\"%7B%22default%22%3A%7B%22padding-bottom%22%3A%2215px%22%7D%7D\"]Ob alleine unterwegs oder mit der ganzen Familie \u2013 ein Dachzelt ist der perfekte Begleiter f\u00fcr ein Selbstfahrer-Campingabenteuer. F\u00fcr erholsame N\u00e4chte, egal wohin die Reise geht. Wenn du ein voll ausgestattetes Campingfahrzeugt mietest, hast du die Wahl zwischen dem preiswerteren...","protected":false},"author":1,"featured_media":0,"parent":250,"menu_order":0,"comment_status":"closed","ping_status":"closed","template":"","meta":{"footnotes":""},"class_list":["post-1546","page","type-page","status-publish","hentry"],"_links":{"self":[{"href":"https:\/\/kalaharicarhire.com\/de\/wp-json\/wp\/v2\/pages\/1546","targetHints":{"allow":["GET"]}}],"collection":[{"href":"https:\/\/kalaharicarhire.com\/de\/wp-json\/wp\/v2\/pages"}],"about":[{"href":"https:\/\/kalaharicarhire.com\/de\/wp-json\/wp\/v2\/types\/page"}],"author":[{"embeddable":true,"href":"https:\/\/kalaharicarhire.com\/de\/wp-json\/wp\/v2\/users\/1"}],"replies":[{"embeddable":true,"href":"https:\/\/kalaharicarhire.com\/de\/wp-json\/wp\/v2\/comments?post=1546"}],"version-history":[{"count":41,"href":"https:\/\/kalaharicarhire.com\/de\/wp-json\/wp\/v2\/pages\/1546\/revisions"}],"predecessor-version":[{"id":103692,"href":"https:\/\/kalaharicarhire.com\/de\/wp-json\/wp\/v2\/pages\/1546\/revisions\/103692"}],"up":[{"embeddable":true,"href":"https:\/\/kalaharicarhire.com\/de\/wp-json\/wp\/v2\/pages\/250"}],"wp:attachment":[{"href":"https:\/\/kalaharicarhire.com\/de\/wp-json\/wp\/v2\/media?parent=1546"}],"curies":[{"name":"wp","href":"https:\/\/api.w.org\/{rel}","templated":true}]}}