{"id":13910,"date":"2024-08-23T16:08:21","date_gmt":"2024-08-23T16:08:21","guid":{"rendered":"https:\/\/kalaharicarhire.com\/?page_id=13910"},"modified":"2025-03-17T10:07:39","modified_gmt":"2025-03-17T10:07:39","slug":"4x4-doppelkabiner-handschalter","status":"publish","type":"page","link":"https:\/\/kalaharicarhire.com\/de\/autos\/4x4-doppelkabiner-handschalter\/","title":{"rendered":"Allrad Doppelkabiner Handschalter"},"content":{"rendered":"<section class=\"l-section wpb_row us_custom_6df4bc3a bgclounds011 has_text_color height_large with_img\" id=\"banner\"><div class=\"l-section-img\" data-img-width=\"2200\" data-img-height=\"1016\" style=\"background-image: url(https:\/\/kalaharicarhire.com\/wp-content\/uploads\/2022\/05\/4x4-manual-rental-car-in-Namibia.jpg);background-position: center left;background-repeat: no-repeat;\"><\/div><div class=\"l-section-overlay\" style=\"background:linear-gradient(180deg,#ffffff 5%,rgba(0,0,0,0.00) 50%)\"><\/div><div class=\"l-section-h i-cf\"><div class=\"g-cols vc_row via_flex valign_middle type_default stacking_default\"><div class=\"vc_col-sm-1 wpb_column vc_column_container\"><div class=\"vc_column-inner\"><div class=\"wpb_wrapper\"><\/div><\/div><\/div><div class=\"vc_col-sm-10 wpb_column vc_column_container\"><div class=\"vc_column-inner\"><div class=\"wpb_wrapper\">[vc_custom_heading text=&#8220;4X4 DOPPELKABINER HANDSCHALTUNG&#8220; font_container=&#8220;tag:h1|text_align:left&#8220; use_theme_fonts=&#8220;yes&#8220; css=&#8220;%7B%22mobiles%22%3A%7B%22line-height%22%3A%2260px%22%7D%7D&#8220;][vc_custom_heading text=&#8220;Der komfortable Handschalter&#8220; font_container=&#8220;tag:h3|text_align:left&#8220; use_theme_fonts=&#8220;yes&#8220;]<\/div><\/div><\/div><div class=\"vc_col-sm-1 wpb_column vc_column_container\"><div class=\"vc_column-inner\"><div class=\"wpb_wrapper\"><\/div><\/div><\/div><\/div><\/div><\/section><section class=\"l-section wpb_row us_custom_480e6f0b height_large color_alternate\"><div class=\"l-section-h i-cf\"><div class=\"g-cols vc_row via_flex valign_top type_default stacking_default\"><div class=\"vc_col-sm-12 wpb_column vc_column_container\"><div class=\"vc_column-inner\"><div class=\"wpb_wrapper\">[vc_custom_heading text=&#8220;G\u00dcNSTIGEN ALLRAD DOPPELKABINER MIT HANDSCHALTUNG MIETEN&#8220; use_theme_fonts=&#8220;yes&#8220; css=&#8220;%7B%22default%22%3A%7B%22padding-bottom%22%3A%2220px%22%7D%7D&#8220;]<div class=\"wpb_text_column\"><div class=\"wpb_wrapper\"><p style=\"text-align: left;\"><strong>Der Classic Handschalter:<\/strong><br \/>\nKomfort ohne Schnickschnack. Dieser 4&#215;4 Doppelkabiner mit Schaltgetriebe ist perfekt f\u00fcr einen kosteng\u00fcnstigen Selbstfahrer-Urlaub oder Campingtrip durch Namibia.<\/p>\n<p style=\"text-align: left;\">Verf\u00fcgbar ab N$ 1 495 (ca. \u20ac 75 ) pro Tag. Standard Selbstbeteiligung N$ 40 000 (\u20ac 2 000), Reduzierung des Selbstbehalts auf N$ 0 m\u00f6glich.<\/p>\n<p style=\"text-align: left;\">Erh\u00e4ltlich mit oder ohne Campingausr\u00fcstung f\u00fcr 1-5 Personen.<\/p>\n<\/div><\/div><\/div><\/div><\/div><\/div><\/div><\/section><section class=\"l-section wpb_row height_auto\"><div class=\"l-section-h i-cf\"><div class=\"g-cols vc_row via_flex valign_top type_default stacking_default\"><div class=\"vc_col-sm-4 wpb_column vc_column_container\"><div class=\"vc_column-inner\"><div class=\"wpb_wrapper\"><div class=\"w-image align_none\"><div class=\"w-image-h\"><img loading=\"lazy\" decoding=\"async\" width=\"300\" height=\"211\" src=\"https:\/\/kalaharicarhire.com\/wp-content\/uploads\/2022\/05\/COMFY-NISSAN-WHITE-NO-TENT-1000x700-1-300x211.png\" class=\"attachment-medium size-medium\" alt=\"Wei\u00dfer Nissan Navara 4x4 Doppelkabiner ohne Dachzelte\" srcset=\"https:\/\/kalaharicarhire.com\/wp-content\/uploads\/2022\/05\/COMFY-NISSAN-WHITE-NO-TENT-1000x700-1-300x211.png 300w, https:\/\/kalaharicarhire.com\/wp-content\/uploads\/2022\/05\/COMFY-NISSAN-WHITE-NO-TENT-1000x700-1.png 1000w\" sizes=\"auto, (max-width: 300px) 100vw, 300px\" \/><\/div><\/div><div class=\"wpb_text_column us_custom_2ae65f69\"><div class=\"wpb_wrapper\"><p>Handschalter 4&#215;4 ohne Camping<\/p>\n<\/div><\/div><\/div><\/div><\/div><div class=\"vc_col-sm-4 wpb_column vc_column_container\"><div class=\"vc_column-inner\"><div class=\"wpb_wrapper\"><div class=\"w-image align_none\"><div class=\"w-image-h\"><img loading=\"lazy\" decoding=\"async\" width=\"300\" height=\"211\" src=\"https:\/\/kalaharicarhire.com\/wp-content\/uploads\/2022\/05\/COMFY-NISSAN-WHITE-SOFTSHELL-TENT-300x211.png\" class=\"attachment-medium size-medium\" alt=\"Wei\u00dfer Nissan Navara 4x4 Doppelkabiner mit Softtop Dachzelt\" srcset=\"https:\/\/kalaharicarhire.com\/wp-content\/uploads\/2022\/05\/COMFY-NISSAN-WHITE-SOFTSHELL-TENT-300x211.png 300w, https:\/\/kalaharicarhire.com\/wp-content\/uploads\/2022\/05\/COMFY-NISSAN-WHITE-SOFTSHELL-TENT.png 1000w\" sizes=\"auto, (max-width: 300px) 100vw, 300px\" \/><\/div><\/div><div class=\"wpb_text_column us_custom_2ae65f69\"><div class=\"wpb_wrapper\"><p>Handschalter 4&#215;4 mit 1-2 Standard Dachzelten<\/p>\n<\/div><\/div><\/div><\/div><\/div><div class=\"vc_col-sm-4 wpb_column vc_column_container\"><div class=\"vc_column-inner\"><div class=\"wpb_wrapper\"><div class=\"w-image align_none\"><div class=\"w-image-h\"><img loading=\"lazy\" decoding=\"async\" width=\"300\" height=\"211\" src=\"https:\/\/kalaharicarhire.com\/wp-content\/uploads\/2022\/05\/COMFY-NISSAN-WHITE-HARDTOP-TENT-1000x700-1-300x211.png\" class=\"attachment-medium size-medium\" alt=\"Wei\u00dfer Nissan Navara 4x4 Doppelkabiner mit Hartschalen Dachzelt\" srcset=\"https:\/\/kalaharicarhire.com\/wp-content\/uploads\/2022\/05\/COMFY-NISSAN-WHITE-HARDTOP-TENT-1000x700-1-300x211.png 300w, https:\/\/kalaharicarhire.com\/wp-content\/uploads\/2022\/05\/COMFY-NISSAN-WHITE-HARDTOP-TENT-1000x700-1.png 1000w\" sizes=\"auto, (max-width: 300px) 100vw, 300px\" \/><\/div><\/div><div class=\"wpb_text_column us_custom_2ae65f69\"><div class=\"wpb_wrapper\"><p>Handschalter 4&#215;4 mit 1-2 Hardtop Dachzelten<\/p>\n<\/div><\/div><\/div><\/div><\/div><\/div><\/div><\/section><section class=\"l-section wpb_row us_custom_480e6f0b height_large color_alternate\"><div class=\"l-section-h i-cf\"><div class=\"g-cols vc_row via_flex valign_top type_default stacking_default\"><div class=\"vc_col-sm-12 wpb_column vc_column_container\"><div class=\"vc_column-inner\"><div class=\"wpb_wrapper\">[vc_custom_heading text=&#8220;Standard Autoausstattung:&#8220; font_container=&#8220;tag:h3|text_align:left&#8220; use_theme_fonts=&#8220;yes&#8220; css=&#8220;%7B%22default%22%3A%7B%22padding-bottom%22%3A%2220px%22%7D%7D&#8220;]<div class=\"g-cols wpb_row via_flex valign_top type_default stacking_default\"><div class=\"vc_col-sm-4 wpb_column vc_column_container\"><div class=\"vc_column-inner\"><div class=\"wpb_wrapper\"><div class=\"w-iconbox us_custom_8d5aa4e2 iconpos_left style_default color_primary align_left no_text\"><div class=\"w-iconbox-icon\" style=\"font-size:25px;\"><i class=\"fas fa-cog\"><\/i><\/div><div class=\"w-iconbox-meta\"><p class=\"w-iconbox-title\">Schaltgetriebe<\/p><\/div><\/div><div class=\"w-iconbox us_custom_8d5aa4e2 iconpos_left style_default color_primary align_left no_text\"><div class=\"w-iconbox-icon\" style=\"font-size:25px;\"><i class=\"fas fa-check\"><\/i><\/div><div class=\"w-iconbox-meta\"><p class=\"w-iconbox-title\">5-Sitzer<\/p><\/div><\/div><\/div><\/div><\/div><div class=\"vc_col-sm-4 wpb_column vc_column_container\"><div class=\"vc_column-inner\"><div class=\"wpb_wrapper\"><div class=\"w-iconbox us_custom_8d5aa4e2 iconpos_left style_default color_primary align_left no_text\"><div class=\"w-iconbox-icon\" style=\"font-size:25px;\"><i class=\"fas fa-signal-stream\"><\/i><\/div><div class=\"w-iconbox-meta\"><p class=\"w-iconbox-title\">Bluetooth Radio<\/p><\/div><\/div><div class=\"w-iconbox us_custom_8d5aa4e2 iconpos_left style_default color_primary align_left no_text\"><div class=\"w-iconbox-icon\" style=\"font-size:25px;\"><i class=\"fas fa-usb-drive\"><\/i><\/div><div class=\"w-iconbox-meta\"><p class=\"w-iconbox-title\">USB A und C Buchse<\/p><\/div><\/div><\/div><\/div><\/div><div class=\"vc_col-sm-4 wpb_column vc_column_container\"><div class=\"vc_column-inner\"><div class=\"wpb_wrapper\"><div class=\"w-iconbox us_custom_8d5aa4e2 iconpos_left style_default color_primary align_left no_text\"><div class=\"w-iconbox-icon\" style=\"font-size:25px;\"><i class=\"fas fa-gas-pump\"><\/i><\/div><div class=\"w-iconbox-meta\"><p class=\"w-iconbox-title\">Doppelter Dieseltank (140 Liter) &#8211; Spritverbrauch ca. 10-12 Liter\/100km<\/p><\/div><\/div><div class=\"w-iconbox us_custom_8d5aa4e2 iconpos_left style_default color_primary align_left no_text\"><div class=\"w-iconbox-icon\" style=\"font-size:25px;\"><i class=\"fas fa-car-battery\"><\/i><\/div><div class=\"w-iconbox-meta\"><p class=\"w-iconbox-title\">Zweitbatterie auf der Ladefl\u00e4che (zum Betrieb der optionalen K\u00fchl-\/Gefriertruhe)<\/p><\/div><\/div><\/div><\/div><\/div><\/div><\/div><\/div><\/div><\/div><\/div><\/section><section class=\"l-section wpb_row height_auto\"><div class=\"l-section-h i-cf\"><div class=\"g-cols vc_row via_flex valign_top type_default stacking_default\"><div class=\"vc_col-sm-4 wpb_column vc_column_container\"><div class=\"vc_column-inner\"><div class=\"wpb_wrapper\"><div class=\"w-image align_none\"><div class=\"w-image-h\"><img loading=\"lazy\" decoding=\"async\" width=\"300\" height=\"300\" src=\"https:\/\/kalaharicarhire.com\/wp-content\/uploads\/2022\/05\/Nissan-with-hardtop-tent-1800x1800-1-300x300.jpg\" class=\"attachment-medium size-medium\" alt=\"Nissan Navara 4x4 mit Hartschalenzelt vor Steinberg\" srcset=\"https:\/\/kalaharicarhire.com\/wp-content\/uploads\/2022\/05\/Nissan-with-hardtop-tent-1800x1800-1-300x300.jpg 300w, https:\/\/kalaharicarhire.com\/wp-content\/uploads\/2022\/05\/Nissan-with-hardtop-tent-1800x1800-1-1024x1024.jpg 1024w, https:\/\/kalaharicarhire.com\/wp-content\/uploads\/2022\/05\/Nissan-with-hardtop-tent-1800x1800-1-150x150.jpg 150w, https:\/\/kalaharicarhire.com\/wp-content\/uploads\/2022\/05\/Nissan-with-hardtop-tent-1800x1800-1.jpg 1848w\" sizes=\"auto, (max-width: 300px) 100vw, 300px\" \/><\/div><\/div><\/div><\/div><\/div><div class=\"vc_col-sm-4 wpb_column vc_column_container\"><div class=\"vc_column-inner\"><div class=\"wpb_wrapper\"><div class=\"w-image align_none\"><div class=\"w-image-h\"><img loading=\"lazy\" decoding=\"async\" width=\"300\" height=\"300\" src=\"https:\/\/kalaharicarhire.com\/wp-content\/uploads\/2022\/05\/Watching-animals-at-waterhole-from-4x4-rental-car-1x1-1-300x300.jpg\" class=\"attachment-medium size-medium\" alt=\"Mutter und Kleinkind auf Selbstfahrer-Safari in Etosha\" srcset=\"https:\/\/kalaharicarhire.com\/wp-content\/uploads\/2022\/05\/Watching-animals-at-waterhole-from-4x4-rental-car-1x1-1-300x300.jpg 300w, https:\/\/kalaharicarhire.com\/wp-content\/uploads\/2022\/05\/Watching-animals-at-waterhole-from-4x4-rental-car-1x1-1-1024x1024.jpg 1024w, https:\/\/kalaharicarhire.com\/wp-content\/uploads\/2022\/05\/Watching-animals-at-waterhole-from-4x4-rental-car-1x1-1-150x150.jpg 150w, https:\/\/kalaharicarhire.com\/wp-content\/uploads\/2022\/05\/Watching-animals-at-waterhole-from-4x4-rental-car-1x1-1.jpg 2000w\" sizes=\"auto, (max-width: 300px) 100vw, 300px\" \/><\/div><\/div><\/div><\/div><\/div><div class=\"vc_col-sm-4 wpb_column vc_column_container\"><div class=\"vc_column-inner\"><div class=\"wpb_wrapper\"><div class=\"w-image align_none\"><div class=\"w-image-h\"><img loading=\"lazy\" decoding=\"async\" width=\"300\" height=\"300\" src=\"https:\/\/kalaharicarhire.com\/wp-content\/uploads\/2022\/05\/Niisan-Navara-2000x2000-1-300x300.jpg\" class=\"attachment-medium size-medium\" alt=\"Nissan Navara mit zwei Softtop Dachzelten\" srcset=\"https:\/\/kalaharicarhire.com\/wp-content\/uploads\/2022\/05\/Niisan-Navara-2000x2000-1-300x300.jpg 300w, https:\/\/kalaharicarhire.com\/wp-content\/uploads\/2022\/05\/Niisan-Navara-2000x2000-1-1024x1024.jpg 1024w, https:\/\/kalaharicarhire.com\/wp-content\/uploads\/2022\/05\/Niisan-Navara-2000x2000-1-150x150.jpg 150w, https:\/\/kalaharicarhire.com\/wp-content\/uploads\/2022\/05\/Niisan-Navara-2000x2000-1.jpg 2000w\" sizes=\"auto, (max-width: 300px) 100vw, 300px\" \/><\/div><\/div><\/div><\/div><\/div><div class=\"vc_col-sm-12 wpb_column vc_column_container\"><div class=\"vc_column-inner\"><div class=\"wpb_wrapper\"><div class=\"g-cols wpb_row us_custom_ec1e580b via_flex valign_top type_default stacking_default\"><div class=\"vc_col-sm-4 wpb_column vc_column_container\"><div class=\"vc_column-inner\"><div class=\"wpb_wrapper\"><div class=\"w-image us_custom_539f15ee align_none\"><div class=\"w-image-h\"><img loading=\"lazy\" decoding=\"async\" width=\"300\" height=\"300\" src=\"https:\/\/kalaharicarhire.com\/wp-content\/uploads\/2022\/05\/Nissan-cockpit-interior-1800x1800-1-300x300.jpg\" class=\"attachment-medium size-medium\" alt=\"Interior of Nissan Navara XE 2022 manual\" srcset=\"https:\/\/kalaharicarhire.com\/wp-content\/uploads\/2022\/05\/Nissan-cockpit-interior-1800x1800-1-300x300.jpg 300w, https:\/\/kalaharicarhire.com\/wp-content\/uploads\/2022\/05\/Nissan-cockpit-interior-1800x1800-1-1024x1024.jpg 1024w, https:\/\/kalaharicarhire.com\/wp-content\/uploads\/2022\/05\/Nissan-cockpit-interior-1800x1800-1-150x150.jpg 150w, https:\/\/kalaharicarhire.com\/wp-content\/uploads\/2022\/05\/Nissan-cockpit-interior-1800x1800-1.jpg 1256w\" sizes=\"auto, (max-width: 300px) 100vw, 300px\" \/><\/div><\/div><\/div><\/div><\/div><div class=\"vc_col-sm-4 wpb_column vc_column_container\"><div class=\"vc_column-inner\"><div class=\"wpb_wrapper\"><div class=\"w-image us_custom_539f15ee align_none\"><div class=\"w-image-h\"><img loading=\"lazy\" decoding=\"async\" width=\"300\" height=\"300\" src=\"https:\/\/kalaharicarhire.com\/wp-content\/uploads\/2022\/05\/Nissan-Navara-back-interior-1x1-1-300x300.jpg\" class=\"attachment-medium size-medium\" alt=\"Nissan Navara back interior\" srcset=\"https:\/\/kalaharicarhire.com\/wp-content\/uploads\/2022\/05\/Nissan-Navara-back-interior-1x1-1-300x300.jpg 300w, https:\/\/kalaharicarhire.com\/wp-content\/uploads\/2022\/05\/Nissan-Navara-back-interior-1x1-1-1024x1024.jpg 1024w, https:\/\/kalaharicarhire.com\/wp-content\/uploads\/2022\/05\/Nissan-Navara-back-interior-1x1-1-150x150.jpg 150w, https:\/\/kalaharicarhire.com\/wp-content\/uploads\/2022\/05\/Nissan-Navara-back-interior-1x1-1.jpg 1256w\" sizes=\"auto, (max-width: 300px) 100vw, 300px\" \/><\/div><\/div><\/div><\/div><\/div><div class=\"vc_col-sm-4 wpb_column vc_column_container\"><div class=\"vc_column-inner\"><div class=\"wpb_wrapper\"><div class=\"w-image us_custom_539f15ee align_none\"><div class=\"w-image-h\"><img loading=\"lazy\" decoding=\"async\" width=\"300\" height=\"300\" src=\"https:\/\/kalaharicarhire.com\/wp-content\/uploads\/2022\/05\/Nissan-Navara-canopy-inside-with-camping-equipment-2000x2000-1-300x300.jpg\" class=\"attachment-medium size-medium\" alt=\"Canopy of a 4x4 doublecab pickup with camping equipment\" srcset=\"https:\/\/kalaharicarhire.com\/wp-content\/uploads\/2022\/05\/Nissan-Navara-canopy-inside-with-camping-equipment-2000x2000-1-300x300.jpg 300w, https:\/\/kalaharicarhire.com\/wp-content\/uploads\/2022\/05\/Nissan-Navara-canopy-inside-with-camping-equipment-2000x2000-1-1024x1024.jpg 1024w, https:\/\/kalaharicarhire.com\/wp-content\/uploads\/2022\/05\/Nissan-Navara-canopy-inside-with-camping-equipment-2000x2000-1-150x150.jpg 150w, https:\/\/kalaharicarhire.com\/wp-content\/uploads\/2022\/05\/Nissan-Navara-canopy-inside-with-camping-equipment-2000x2000-1.jpg 2000w\" sizes=\"auto, (max-width: 300px) 100vw, 300px\" \/><\/div><\/div><\/div><\/div><\/div><\/div><\/div><\/div><\/div><\/div><\/div><\/section><section class=\"l-section wpb_row us_custom_480e6f0b height_large color_alternate\"><div class=\"l-section-h i-cf\"><div class=\"g-cols vc_row via_flex valign_top type_default stacking_default\"><div class=\"vc_col-sm-12 wpb_column vc_column_container\"><div class=\"vc_column-inner\"><div class=\"wpb_wrapper\">[vc_custom_heading text=&#8220;Standard Ausstattung aller Allradautos&#8220; font_container=&#8220;tag:h3|text_align:left&#8220; use_theme_fonts=&#8220;yes&#8220; css=&#8220;%7B%22default%22%3A%7B%22padding-bottom%22%3A%2220px%22%7D%7D&#8220;]<div class=\"g-cols wpb_row via_flex valign_top type_default stacking_default\"><div class=\"vc_col-sm-4 wpb_column vc_column_container\"><div class=\"vc_column-inner\"><div class=\"wpb_wrapper\"><div class=\"w-iconbox us_custom_8d5aa4e2 iconpos_left style_default color_primary align_left no_text\"><div class=\"w-iconbox-icon\" style=\"font-size:25px;\"><i class=\"fas fa-check\"><\/i><\/div><div class=\"w-iconbox-meta\"><p class=\"w-iconbox-title\">2 Ersatzr\u00e4der<\/p><\/div><\/div><div class=\"w-iconbox us_custom_8d5aa4e2 iconpos_left style_default color_primary align_left no_text\"><div class=\"w-iconbox-icon\" style=\"font-size:25px;\"><i class=\"fas fa-check\"><\/i><\/div><div class=\"w-iconbox-meta\"><p class=\"w-iconbox-title\">Wagenheber, Holzplanke, Kreuzschl\u00fcssel, Standard Werkzeuge<\/p><\/div><\/div><div class=\"w-iconbox us_custom_8d5aa4e2 iconpos_left style_default color_primary align_left no_text\"><div class=\"w-iconbox-icon\" style=\"font-size:25px;\"><i class=\"fas fa-check\"><\/i><\/div><div class=\"w-iconbox-meta\"><p class=\"w-iconbox-title\">Reifendruckmessger\u00e4t<\/p><\/div><\/div><\/div><\/div><\/div><div class=\"vc_col-sm-4 wpb_column vc_column_container\"><div class=\"vc_column-inner\"><div class=\"wpb_wrapper\"><div class=\"w-iconbox us_custom_8d5aa4e2 iconpos_left style_default color_primary align_left no_text\"><div class=\"w-iconbox-icon\" style=\"font-size:25px;\"><i class=\"fas fa-check\"><\/i><\/div><div class=\"w-iconbox-meta\"><p class=\"w-iconbox-title\">\u00dcberbr\u00fcckungskabel<\/p><\/div><\/div><div class=\"w-iconbox us_custom_8d5aa4e2 iconpos_left style_default color_primary align_left no_text\"><div class=\"w-iconbox-icon\" style=\"font-size:25px;\"><i class=\"fas fa-check\"><\/i><\/div><div class=\"w-iconbox-meta\"><p class=\"w-iconbox-title\">Abschleppseil<\/p><\/div><\/div><div class=\"w-iconbox us_custom_8d5aa4e2 iconpos_left style_default color_primary align_left no_text\"><div class=\"w-iconbox-icon\" style=\"font-size:25px;\"><i class=\"fas fa-check\"><\/i><\/div><div class=\"w-iconbox-meta\"><p class=\"w-iconbox-title\">Multimeter<\/p><\/div><\/div><\/div><\/div><\/div><div class=\"vc_col-sm-4 wpb_column vc_column_container\"><div class=\"vc_column-inner\"><div class=\"wpb_wrapper\"><div class=\"w-iconbox us_custom_8d5aa4e2 iconpos_left style_default color_primary align_left no_text\"><div class=\"w-iconbox-icon\" style=\"font-size:25px;\"><i class=\"fas fa-check\"><\/i><\/div><div class=\"w-iconbox-meta\"><p class=\"w-iconbox-title\">10\/20 Liter Wasserkanister<\/p><\/div><\/div><div class=\"w-iconbox us_custom_8d5aa4e2 iconpos_left style_default color_primary align_left no_text\"><div class=\"w-iconbox-icon\" style=\"font-size:25px;\"><i class=\"fas fa-check\"><\/i><\/div><div class=\"w-iconbox-meta\"><p class=\"w-iconbox-title\">Spaten, Bodensegel, Handfeger Set<\/p><\/div><\/div><\/div><\/div><\/div><\/div><\/div><\/div><\/div><\/div><\/div><\/section>\n","protected":false},"excerpt":{"rendered":"[vc_custom_heading text=\"4X4 DOPPELKABINER HANDSCHALTUNG\" font_container=\"tag:h1|text_align:left\" use_theme_fonts=\"yes\" css=\"%7B%22mobiles%22%3A%7B%22line-height%22%3A%2260px%22%7D%7D\"][vc_custom_heading text=\"Der komfortable Handschalter\" font_container=\"tag:h3|text_align:left\" use_theme_fonts=\"yes\"][vc_custom_heading text=\"G\u00dcNSTIGEN ALLRAD DOPPELKABINER MIT HANDSCHALTUNG MIETEN\" use_theme_fonts=\"yes\" css=\"%7B%22default%22%3A%7B%22padding-bottom%22%3A%2220px%22%7D%7D\"]Der Classic Handschalter: Komfort ohne Schnickschnack. Dieser 4&#215;4 Doppelkabiner mit Schaltgetriebe ist perfekt f\u00fcr einen kosteng\u00fcnstigen Selbstfahrer-Urlaub oder Campingtrip durch Namibia. Verf\u00fcgbar ab N$ 1 495 (ca. \u20ac 75 ) pro Tag. Standard Selbstbeteiligung N$ 40...","protected":false},"author":1,"featured_media":0,"parent":247,"menu_order":0,"comment_status":"closed","ping_status":"closed","template":"","meta":{"footnotes":""},"class_list":["post-13910","page","type-page","status-publish","hentry"],"_links":{"self":[{"href":"https:\/\/kalaharicarhire.com\/de\/wp-json\/wp\/v2\/pages\/13910","targetHints":{"allow":["GET"]}}],"collection":[{"href":"https:\/\/kalaharicarhire.com\/de\/wp-json\/wp\/v2\/pages"}],"about":[{"href":"https:\/\/kalaharicarhire.com\/de\/wp-json\/wp\/v2\/types\/page"}],"author":[{"embeddable":true,"href":"https:\/\/kalaharicarhire.com\/de\/wp-json\/wp\/v2\/users\/1"}],"replies":[{"embeddable":true,"href":"https:\/\/kalaharicarhire.com\/de\/wp-json\/wp\/v2\/comments?post=13910"}],"version-history":[{"count":8,"href":"https:\/\/kalaharicarhire.com\/de\/wp-json\/wp\/v2\/pages\/13910\/revisions"}],"predecessor-version":[{"id":26707,"href":"https:\/\/kalaharicarhire.com\/de\/wp-json\/wp\/v2\/pages\/13910\/revisions\/26707"}],"up":[{"embeddable":true,"href":"https:\/\/kalaharicarhire.com\/de\/wp-json\/wp\/v2\/pages\/247"}],"wp:attachment":[{"href":"https:\/\/kalaharicarhire.com\/de\/wp-json\/wp\/v2\/media?parent=13910"}],"curies":[{"name":"wp","href":"https:\/\/api.w.org\/{rel}","templated":true}]}}