{"id":13558,"date":"2024-08-21T09:30:35","date_gmt":"2024-08-21T09:30:35","guid":{"rendered":"https:\/\/kalaharicarhire.com\/?page_id=13558"},"modified":"2026-01-29T08:17:18","modified_gmt":"2026-01-29T08:17:18","slug":"suv-4x4-automatik-mietwagen","status":"publish","type":"page","link":"https:\/\/kalaharicarhire.com\/de\/autos\/suv-4x4-automatik-mietwagen\/","title":{"rendered":"SUV 4&#215;4 Automatik"},"content":{"rendered":"<section class=\"l-section wpb_row us_custom_6df4bc3a has_text_color height_huge with_img\"><div class=\"l-section-img\" data-img-width=\"2500\" data-img-height=\"1667\" style=\"background-image: url(https:\/\/kalaharicarhire.com\/wp-content\/uploads\/2025\/03\/SUV-driving-on-gravel-near-Windhoek-Namibia_2500-x-1667.jpg);background-repeat: no-repeat;\"><\/div><div class=\"l-section-h i-cf\"><div class=\"g-cols vc_row via_flex valign_middle type_default stacking_default\"><div class=\"vc_col-sm-1 wpb_column vc_column_container\"><div class=\"vc_column-inner\"><div class=\"wpb_wrapper\"><\/div><\/div><\/div><div class=\"vc_col-sm-10 wpb_column vc_column_container\"><div class=\"vc_column-inner\"><div class=\"wpb_wrapper\">[vc_custom_heading text=&#8220;Dein Mietauto f\u00fcr eine gem\u00fctliche Safari oder Gesch\u00e4ftsreise&#8220; font_container=&#8220;tag:h3|text_align:left&#8220; use_theme_fonts=&#8220;yes&#8220; css=&#8220;%7B%22mobiles%22%3A%7B%22line-height%22%3A%2260px%22%7D%7D&#8220;]<\/div><\/div><\/div><div class=\"vc_col-sm-1 wpb_column vc_column_container\"><div class=\"vc_column-inner\"><div class=\"wpb_wrapper\"><\/div><\/div><\/div><\/div><\/div><\/section><section class=\"l-section wpb_row us_custom_480e6f0b height_large color_alternate\"><div class=\"l-section-h i-cf\"><div class=\"g-cols vc_row via_flex valign_top type_default stacking_default\"><div class=\"vc_col-sm-12 wpb_column vc_column_container\"><div class=\"vc_column-inner\"><div class=\"wpb_wrapper\">[vc_custom_heading text=&#8220;Miete einen automatik Allrad SUV&#8220; use_theme_fonts=&#8220;yes&#8220; css=&#8220;%7B%22default%22%3A%7B%22padding-bottom%22%3A%2220px%22%7D%7D&#8220;]<div class=\"wpb_text_column\"><div class=\"wpb_wrapper\"><p style=\"text-align: left;\"><strong>Der SUV AT:<\/strong><br \/>\nDieser 5 Sitzer Allrad SUV mit Automatikgetriebe (Toyota Fortuner 2024 2.4 oder \u00e4hnliches Fahrzeug) ist der perfekte Mietwagen f\u00fcr Reisende, die einen komfortablen und kompakten Gel\u00e4ndewagen m\u00f6chten. Ideal f\u00fcr abgelegene Gesch\u00e4ftsreisen oder entspannte Urlaubstage.<\/p>\n<p>Ab N$ 1 679 (ca. \u20ac 84) pro Tag. Standard Selbstbeteiligung N$ 40 000 (ca. \u20ac 2 000), kann bis auf N$0 reduziert werden.<\/p>\n<\/div><\/div><\/div><\/div><\/div><\/div><\/div><\/section><section class=\"l-section wpb_row us_custom_f029a2ba height_auto\"><div class=\"l-section-h i-cf\"><div class=\"g-cols vc_row via_flex valign_top type_default stacking_default\"><div class=\"vc_col-sm-6 wpb_column vc_column_container\"><div class=\"vc_column-inner\"><div class=\"wpb_wrapper\"><div class=\"w-image align_none\"><div class=\"w-image-h\"><img loading=\"lazy\" decoding=\"async\" width=\"2500\" height=\"1667\" src=\"https:\/\/kalaharicarhire.com\/wp-content\/uploads\/2025\/03\/Toyota-Fortuner-from-right-side.jpg\" class=\"attachment-full size-full\" alt=\"Toyota Fortuner 4x4 automatik in Namibia\" srcset=\"https:\/\/kalaharicarhire.com\/wp-content\/uploads\/2025\/03\/Toyota-Fortuner-from-right-side.jpg 2500w, https:\/\/kalaharicarhire.com\/wp-content\/uploads\/2025\/03\/Toyota-Fortuner-from-right-side-300x200.jpg 300w, https:\/\/kalaharicarhire.com\/wp-content\/uploads\/2025\/03\/Toyota-Fortuner-from-right-side-1024x683.jpg 1024w\" sizes=\"auto, (max-width: 2500px) 100vw, 2500px\" \/><\/div><\/div><\/div><\/div><\/div><div class=\"vc_col-sm-6 wpb_column vc_column_container\"><div class=\"vc_column-inner\"><div class=\"wpb_wrapper\"><div class=\"w-image align_none\"><div class=\"w-image-h\"><img loading=\"lazy\" decoding=\"async\" width=\"2500\" height=\"1668\" src=\"https:\/\/kalaharicarhire.com\/wp-content\/uploads\/2025\/03\/Toyota-Fortuner-SUV-rental-car-from-side-in-landscape-2500x1668-1.jpg\" class=\"attachment-full size-full\" alt=\"Toyota Fortuner Mietwagen in Namibia\" srcset=\"https:\/\/kalaharicarhire.com\/wp-content\/uploads\/2025\/03\/Toyota-Fortuner-SUV-rental-car-from-side-in-landscape-2500x1668-1.jpg 2500w, https:\/\/kalaharicarhire.com\/wp-content\/uploads\/2025\/03\/Toyota-Fortuner-SUV-rental-car-from-side-in-landscape-2500x1668-1-300x200.jpg 300w, https:\/\/kalaharicarhire.com\/wp-content\/uploads\/2025\/03\/Toyota-Fortuner-SUV-rental-car-from-side-in-landscape-2500x1668-1-1024x683.jpg 1024w\" sizes=\"auto, (max-width: 2500px) 100vw, 2500px\" \/><\/div><\/div><\/div><\/div><\/div><\/div><\/div><\/section><section class=\"l-section wpb_row us_custom_f029a2ba height_auto\"><div class=\"l-section-h i-cf\"><div class=\"g-cols vc_row via_flex valign_top type_default stacking_default\"><div class=\"vc_col-sm-4 wpb_column vc_column_container\"><div class=\"vc_column-inner\"><div class=\"wpb_wrapper\"><div class=\"w-image align_none meta_modern\"><div class=\"w-image-h\"><img loading=\"lazy\" decoding=\"async\" width=\"2500\" height=\"1667\" src=\"https:\/\/kalaharicarhire.com\/wp-content\/uploads\/2025\/03\/Girls-trip-with-SUV.jpg\" class=\"attachment-full size-full\" alt=\"Frauen auf Selbstfahrer-Reise\" srcset=\"https:\/\/kalaharicarhire.com\/wp-content\/uploads\/2025\/03\/Girls-trip-with-SUV.jpg 2500w, https:\/\/kalaharicarhire.com\/wp-content\/uploads\/2025\/03\/Girls-trip-with-SUV-300x200.jpg 300w, https:\/\/kalaharicarhire.com\/wp-content\/uploads\/2025\/03\/Girls-trip-with-SUV-1024x683.jpg 1024w\" sizes=\"auto, (max-width: 2500px) 100vw, 2500px\" \/><div class=\"w-image-meta\"><div class=\"w-image-title\">A holiday with your besties<\/div><\/div><\/div><\/div><\/div><\/div><\/div><div class=\"vc_col-sm-4 wpb_column vc_column_container\"><div class=\"vc_column-inner\"><div class=\"wpb_wrapper\"><div class=\"w-image align_none meta_modern\"><div class=\"w-image-h\"><img loading=\"lazy\" decoding=\"async\" width=\"2500\" height=\"1667\" src=\"https:\/\/kalaharicarhire.com\/wp-content\/uploads\/2025\/03\/4-people-in-SUV.jpg\" class=\"attachment-full size-full\" alt=\"4 Personen in einem Mietwagen\" srcset=\"https:\/\/kalaharicarhire.com\/wp-content\/uploads\/2025\/03\/4-people-in-SUV.jpg 2500w, https:\/\/kalaharicarhire.com\/wp-content\/uploads\/2025\/03\/4-people-in-SUV-300x200.jpg 300w, https:\/\/kalaharicarhire.com\/wp-content\/uploads\/2025\/03\/4-people-in-SUV-1024x683.jpg 1024w\" sizes=\"auto, (max-width: 2500px) 100vw, 2500px\" \/><div class=\"w-image-meta\"><div class=\"w-image-title\">Oder lang ersehnter Familienausflug<\/div><\/div><\/div><\/div><\/div><\/div><\/div><div class=\"vc_col-sm-4 wpb_column vc_column_container\"><div class=\"vc_column-inner\"><div class=\"wpb_wrapper\"><div class=\"w-image align_none meta_modern\"><div class=\"w-image-h\"><img loading=\"lazy\" decoding=\"async\" width=\"2500\" height=\"1667\" src=\"https:\/\/kalaharicarhire.com\/wp-content\/uploads\/2025\/03\/Rent-an-SUV-and-driver-for-business-trip.jpg\" class=\"attachment-full size-full\" alt=\"Gesch\u00e4ftsfrau wird von Fahrer vor Mietwagen begr\u00fcsst\" srcset=\"https:\/\/kalaharicarhire.com\/wp-content\/uploads\/2025\/03\/Rent-an-SUV-and-driver-for-business-trip.jpg 2500w, https:\/\/kalaharicarhire.com\/wp-content\/uploads\/2025\/03\/Rent-an-SUV-and-driver-for-business-trip-300x200.jpg 300w, https:\/\/kalaharicarhire.com\/wp-content\/uploads\/2025\/03\/Rent-an-SUV-and-driver-for-business-trip-1024x683.jpg 1024w\" sizes=\"auto, (max-width: 2500px) 100vw, 2500px\" \/><div class=\"w-image-meta\"><div class=\"w-image-title\">Fahre selbst oder mit Chauffeur<\/div><\/div><\/div><\/div><\/div><\/div><\/div><\/div><\/div><\/section><section class=\"l-section wpb_row us_custom_f029a2ba height_auto\"><div class=\"l-section-h i-cf\"><div class=\"g-cols vc_row via_flex valign_top type_default stacking_default\"><div class=\"vc_col-sm-12 wpb_column vc_column_container\"><div class=\"vc_column-inner\"><div class=\"wpb_wrapper\"><div class=\"w-btn-wrapper align_center\"><a class=\"w-btn us-btn-style_3 us_custom_d2199d32\" title=\"Aktuelle Verf\u00fcgbarkeit f\u00fcr SUV abfragen\" href=\"https:\/\/kalaharicarhire.com\/reservations?target_step=1&amp;vehicle_class_id=7\"><span class=\"w-btn-label\">SUV JETZT BUCHEN<\/span><\/a><\/div><\/div><\/div><\/div><\/div><\/div><\/section><section class=\"l-section wpb_row us_custom_36429b89 height_auto\"><div class=\"l-section-h i-cf\"><div class=\"g-cols vc_row via_flex valign_top type_default stacking_default\"><div class=\"vc_col-sm-12 wpb_column vc_column_container\"><div class=\"vc_column-inner\"><div class=\"wpb_wrapper\">[vc_custom_heading text=&#8220;Viel Gep\u00e4ck oder voller Freunde&#8220; font_container=&#8220;tag:h3|text_align:left&#8220; use_theme_fonts=&#8220;yes&#8220; css=&#8220;%7B%22default%22%3A%7B%22padding-bottom%22%3A%2220px%22%7D%7D&#8220;]<div class=\"wpb_text_column\"><div class=\"wpb_wrapper\"><p><span class=\"Y2IQFc\" lang=\"de\">Der Toyota Fortuner 2024 hat standardm\u00e4\u00dfig 7 Sitze. Der 6. und 7. Sitz ganz hinten sind jedoch recht klein und bieten sehr wenig Beinfreiheit, weshalb wir diese ausbauen. Als F\u00fcnfsitzer bietet der Kofferraum ein Platzangebot von ca. 103 cm x 106 cm x 80 cm (LxBxH). Solltest du den 6. und 7. Sitz benutzen m\u00f6chten und keinen Gep\u00e4ckraum ben\u00f6tigen, darfst du den SUV gerne auch als 7-Sitzer mieten. Gib uns einfach Bescheid, dann bauen wir die Sitze wieder ein.<\/span><\/p>\n<p><span class=\"Y2IQFc\" lang=\"de\">Wenn die beiden hintersten Notsitze entfernt sind, bietet der Fortuner gut Platz f\u00fcr 4 Erwachsene oder zwei Erwachsene und drei Kinder plus Gep\u00e4ck. Beachte, dass in der hinteren Reihe theoretisch gesehen drei Sitzpl\u00e4tze sind, aber da der mittlere Sitz in der hinteren Reihe ziemlich schmal und etwas erh\u00f6ht ist, empfehlen wir diesen Sitz wenn \u00fcberhaupt f\u00fcr die kleinsten und schlankesten eurer Truppe zu reservieren.<\/span><\/p>\n<\/div><\/div><\/div><\/div><\/div><\/div><\/div><\/section><section class=\"l-section wpb_row us_custom_f029a2ba height_auto\"><div class=\"l-section-h i-cf\"><div class=\"g-cols vc_row via_flex valign_top type_default stacking_default\"><div class=\"vc_col-sm-4 wpb_column vc_column_container\"><div class=\"vc_column-inner\"><div class=\"wpb_wrapper\"><div class=\"w-image align_none\"><div class=\"w-image-h\"><img loading=\"lazy\" decoding=\"async\" width=\"300\" height=\"300\" src=\"https:\/\/kalaharicarhire.com\/wp-content\/uploads\/2024\/11\/SUV-driver-side-300x300.jpg\" class=\"attachment-medium size-medium\" alt=\"Toyota Fortuner Sicht Fahrerseite\" srcset=\"https:\/\/kalaharicarhire.com\/wp-content\/uploads\/2024\/11\/SUV-driver-side-300x300.jpg 300w, https:\/\/kalaharicarhire.com\/wp-content\/uploads\/2024\/11\/SUV-driver-side-1024x1024.jpg 1024w, https:\/\/kalaharicarhire.com\/wp-content\/uploads\/2024\/11\/SUV-driver-side-150x150.jpg 150w, https:\/\/kalaharicarhire.com\/wp-content\/uploads\/2024\/11\/SUV-driver-side.jpg 1500w\" sizes=\"auto, (max-width: 300px) 100vw, 300px\" \/><\/div><\/div><\/div><\/div><\/div><div class=\"vc_col-sm-4 wpb_column vc_column_container\"><div class=\"vc_column-inner\"><div class=\"wpb_wrapper\"><div class=\"w-image align_none\"><div class=\"w-image-h\"><img loading=\"lazy\" decoding=\"async\" width=\"300\" height=\"300\" src=\"https:\/\/kalaharicarhire.com\/wp-content\/uploads\/2024\/11\/airconditioned-cubby-hole-300x300.jpg\" class=\"attachment-medium size-medium\" alt=\"klimatisiertes Handschuhfach im SUV Mietwagen\" srcset=\"https:\/\/kalaharicarhire.com\/wp-content\/uploads\/2024\/11\/airconditioned-cubby-hole-300x300.jpg 300w, https:\/\/kalaharicarhire.com\/wp-content\/uploads\/2024\/11\/airconditioned-cubby-hole-1024x1024.jpg 1024w, https:\/\/kalaharicarhire.com\/wp-content\/uploads\/2024\/11\/airconditioned-cubby-hole-150x150.jpg 150w, https:\/\/kalaharicarhire.com\/wp-content\/uploads\/2024\/11\/airconditioned-cubby-hole.jpg 1500w\" sizes=\"auto, (max-width: 300px) 100vw, 300px\" \/><\/div><\/div><\/div><\/div><\/div><div class=\"vc_col-sm-4 wpb_column vc_column_container\"><div class=\"vc_column-inner\"><div class=\"wpb_wrapper\"><div class=\"w-image align_none\"><div class=\"w-image-h\"><img loading=\"lazy\" decoding=\"async\" width=\"300\" height=\"300\" src=\"https:\/\/kalaharicarhire.com\/wp-content\/uploads\/2024\/11\/SUV-backseat-300x300.jpg\" class=\"attachment-medium size-medium\" alt=\"Toyota Fortuner back seat\" srcset=\"https:\/\/kalaharicarhire.com\/wp-content\/uploads\/2024\/11\/SUV-backseat-300x300.jpg 300w, https:\/\/kalaharicarhire.com\/wp-content\/uploads\/2024\/11\/SUV-backseat-1024x1024.jpg 1024w, https:\/\/kalaharicarhire.com\/wp-content\/uploads\/2024\/11\/SUV-backseat-150x150.jpg 150w, https:\/\/kalaharicarhire.com\/wp-content\/uploads\/2024\/11\/SUV-backseat.jpg 1500w\" sizes=\"auto, (max-width: 300px) 100vw, 300px\" \/><\/div><\/div><\/div><\/div><\/div><\/div><\/div><\/section><section class=\"l-section wpb_row height_auto\"><div class=\"l-section-h i-cf\"><div class=\"g-cols vc_row via_flex valign_top type_default stacking_default\"><div class=\"vc_col-sm-4 wpb_column vc_column_container\"><div class=\"vc_column-inner\"><div class=\"wpb_wrapper\"><div class=\"w-image align_none\"><div class=\"w-image-h\"><img loading=\"lazy\" decoding=\"async\" width=\"300\" height=\"300\" src=\"https:\/\/kalaharicarhire.com\/wp-content\/uploads\/2024\/11\/SUV-boot-space-300x300.jpg\" class=\"attachment-medium size-medium\" alt=\"4x4 SUV Automatik Kofferraum ohne Gepaeck\" srcset=\"https:\/\/kalaharicarhire.com\/wp-content\/uploads\/2024\/11\/SUV-boot-space-300x300.jpg 300w, https:\/\/kalaharicarhire.com\/wp-content\/uploads\/2024\/11\/SUV-boot-space-1024x1024.jpg 1024w, https:\/\/kalaharicarhire.com\/wp-content\/uploads\/2024\/11\/SUV-boot-space-150x150.jpg 150w, https:\/\/kalaharicarhire.com\/wp-content\/uploads\/2024\/11\/SUV-boot-space.jpg 1500w\" sizes=\"auto, (max-width: 300px) 100vw, 300px\" \/><\/div><\/div><\/div><\/div><\/div><div class=\"vc_col-sm-4 wpb_column vc_column_container\"><div class=\"vc_column-inner\"><div class=\"wpb_wrapper\"><div class=\"w-image align_none\"><div class=\"w-image-h\"><img loading=\"lazy\" decoding=\"async\" width=\"300\" height=\"300\" src=\"https:\/\/kalaharicarhire.com\/wp-content\/uploads\/2024\/12\/SUV-boot-space-with-spare-tyre-and-coolbox-2000x2000-1-300x300.png\" class=\"attachment-medium size-medium\" alt=\"Toyota Fortuner Mietauto Kofferraum mit Ersatzreifen und K\u00fchlbox\" srcset=\"https:\/\/kalaharicarhire.com\/wp-content\/uploads\/2024\/12\/SUV-boot-space-with-spare-tyre-and-coolbox-2000x2000-1-300x300.png 300w, https:\/\/kalaharicarhire.com\/wp-content\/uploads\/2024\/12\/SUV-boot-space-with-spare-tyre-and-coolbox-2000x2000-1.png 2000w\" sizes=\"auto, (max-width: 300px) 100vw, 300px\" \/><\/div><\/div><\/div><\/div><\/div><div class=\"vc_col-sm-4 wpb_column vc_column_container\"><div class=\"vc_column-inner\"><div class=\"wpb_wrapper\"><\/div><\/div><\/div><\/div><\/div><\/section><section class=\"l-section wpb_row us_custom_36429b89 height_auto\"><div class=\"l-section-h i-cf\"><div class=\"g-cols vc_row via_flex valign_top type_default stacking_default\"><div class=\"vc_col-sm-6 wpb_column vc_column_container\"><div class=\"vc_column-inner\"><div class=\"wpb_wrapper\">[vc_custom_heading text=&#8220;Standard Autoausstattung&#8220; font_container=&#8220;tag:h3|text_align:left&#8220; use_theme_fonts=&#8220;yes&#8220; css=&#8220;%7B%22default%22%3A%7B%22padding-bottom%22%3A%2220px%22%7D%7D&#8220;]<div class=\"g-cols wpb_row via_flex valign_top type_default stacking_default\"><div class=\"vc_col-sm-6 wpb_column vc_column_container\"><div class=\"vc_column-inner\"><div class=\"wpb_wrapper\"><div class=\"w-iconbox us_custom_8d5aa4e2 iconpos_left style_default color_primary align_left no_text\"><div class=\"w-iconbox-icon\" style=\"font-size:25px;\"><i class=\"fas fa-cog\"><\/i><\/div><div class=\"w-iconbox-meta\"><p class=\"w-iconbox-title\">Automatikgetriebe<\/p><\/div><\/div><div class=\"w-iconbox us_custom_8d5aa4e2 iconpos_left style_default color_primary align_left no_text\"><div class=\"w-iconbox-icon\" style=\"font-size:25px;\"><i class=\"fas fa-snowflake\"><\/i><\/div><div class=\"w-iconbox-meta\"><p class=\"w-iconbox-title\">Klimaanlage<\/p><\/div><\/div><div class=\"w-iconbox us_custom_8d5aa4e2 iconpos_left style_default color_primary align_left no_text\"><div class=\"w-iconbox-icon\" style=\"font-size:25px;\"><i class=\"fas fa-steering-wheel\"><\/i><\/div><div class=\"w-iconbox-meta\"><p class=\"w-iconbox-title\">Tempomat<\/p><\/div><\/div><div class=\"w-iconbox us_custom_8d5aa4e2 iconpos_left style_default color_primary align_left no_text\"><div class=\"w-iconbox-icon\" style=\"font-size:25px;\"><i class=\"fas fa-sensor-on\"><\/i><\/div><div class=\"w-iconbox-meta\"><p class=\"w-iconbox-title\">Einparkhilfe und R\u00fcckblickkamera<\/p><\/div><\/div><div class=\"w-iconbox us_custom_bfe496a0 iconpos_left style_default color_primary align_left no_text\"><div class=\"w-iconbox-icon\" style=\"font-size:2rem;\"><i class=\"fas fa-tire\"><\/i><\/div><div class=\"w-iconbox-meta\"><p class=\"w-iconbox-title\">Ersatzreifen<\/p><\/div><\/div><\/div><\/div><\/div><div class=\"vc_col-sm-6 wpb_column vc_column_container\"><div class=\"vc_column-inner\"><div class=\"wpb_wrapper\"><div class=\"w-iconbox us_custom_bfe496a0 iconpos_left style_default color_primary align_left no_text\"><div class=\"w-iconbox-icon\" style=\"font-size:2rem;\"><i class=\"fas fa-temperature-frigid\"><\/i><\/div><div class=\"w-iconbox-meta\"><p class=\"w-iconbox-title\">klimatisiertes Handschuhfach<\/p><\/div><\/div><div class=\"w-iconbox us_custom_8d5aa4e2 iconpos_left style_default color_primary align_left no_text\"><div class=\"w-iconbox-icon\" style=\"font-size:25px;\"><i class=\"fas fa-signal-stream\"><\/i><\/div><div class=\"w-iconbox-meta\"><p class=\"w-iconbox-title\">Bluetooth Radio<\/p><\/div><\/div><div class=\"w-iconbox us_custom_8d5aa4e2 iconpos_left style_default color_primary align_left no_text\"><div class=\"w-iconbox-icon\" style=\"font-size:25px;\"><i class=\"fas fa-usb-drive\"><\/i><\/div><div class=\"w-iconbox-meta\"><p class=\"w-iconbox-title\">USB Buchse (Typ A)<\/p><\/div><\/div><div class=\"w-iconbox us_custom_8d5aa4e2 iconpos_left style_default color_primary align_left no_text\"><div class=\"w-iconbox-icon\" style=\"font-size:25px;\"><i class=\"fas fa-gas-pump\"><\/i><\/div><div class=\"w-iconbox-meta\"><p class=\"w-iconbox-title\">Doppelter Dieseltank (120 liter)<\/p><\/div><\/div><\/div><\/div><\/div><\/div><\/div><\/div><\/div><div class=\"vc_col-sm-6 wpb_column vc_column_container\"><div class=\"vc_column-inner\"><div class=\"wpb_wrapper\">[vc_custom_heading text=&#8220;Optional&#8220; font_container=&#8220;tag:h3|text_align:left&#8220; use_theme_fonts=&#8220;yes&#8220; css=&#8220;%7B%22default%22%3A%7B%22padding-bottom%22%3A%2220px%22%7D%7D&#8220;]<div class=\"g-cols wpb_row via_flex valign_top type_default stacking_default\"><div class=\"vc_col-sm-12 wpb_column vc_column_container\"><div class=\"vc_column-inner\"><div class=\"wpb_wrapper\"><div class=\"w-iconbox us_custom_bfe496a0 iconpos_left style_default color_primary align_left\"><div class=\"w-iconbox-icon\" style=\"font-size:2rem;\"><i class=\"fas fa-tire\"><\/i><\/div><div class=\"w-iconbox-meta\"><p class=\"w-iconbox-title\">zweiter Ersatzreifen AUF ANFRAGE<\/p><div class=\"w-iconbox-text\"><p style=\"text-align: left;\"><em>empfehlenswert bei Fahrten zu abgelegenen Orten.<br \/>\n<\/em><em>Wirkt sich auf den Kofferraumplatz aus (weniger Platz fuer Gepaeck).<\/em><\/p>\n<\/div><\/div><\/div><div class=\"w-iconbox us_custom_bfe496a0 iconpos_left style_default color_primary align_left\"><div class=\"w-iconbox-icon\" style=\"font-size:2rem;\"><i class=\"fas fa-box\"><\/i><\/div><div class=\"w-iconbox-meta\"><p class=\"w-iconbox-title\">Kleine kompressor K\u00fchlbox mit 12\/220 V Anschluss. Fassungsverm\u00f6gen: ca. 20 Liter. Extra Kosten (N$46 pro Tag)<\/p><div class=\"w-iconbox-text\"><p><em>Wirkt sich auf den Kofferraumplatz aus (weniger Platz fuer Gepaeck). K\u00fchltruhe l\u00e4uft nur solang Autoz\u00fcndung an (kein Doppelbatterie System)<\/em><\/p>\n<\/div><\/div><\/div><\/div><\/div><\/div><\/div><\/div><\/div><\/div><\/div><\/div><\/section><section class=\"l-section wpb_row us_custom_79a6436d height_auto\"><div class=\"l-section-h i-cf\"><div class=\"g-cols vc_row via_flex valign_top type_default stacking_default\"><div class=\"vc_col-sm-4 wpb_column vc_column_container\"><div class=\"vc_column-inner\"><div class=\"wpb_wrapper\"><div class=\"w-image align_none\"><div class=\"w-image-h\"><img loading=\"lazy\" decoding=\"async\" width=\"300\" height=\"300\" src=\"https:\/\/kalaharicarhire.com\/wp-content\/uploads\/2024\/07\/Lodges-2200x2200-1-300x300.jpg\" class=\"attachment-medium size-medium\" alt=\"\" srcset=\"https:\/\/kalaharicarhire.com\/wp-content\/uploads\/2024\/07\/Lodges-2200x2200-1-300x300.jpg 300w, https:\/\/kalaharicarhire.com\/wp-content\/uploads\/2024\/07\/Lodges-2200x2200-1-1024x1024.jpg 1024w, https:\/\/kalaharicarhire.com\/wp-content\/uploads\/2024\/07\/Lodges-2200x2200-1-150x150.jpg 150w\" sizes=\"auto, (max-width: 300px) 100vw, 300px\" \/><\/div><\/div><\/div><\/div><\/div><div class=\"vc_col-sm-4 wpb_column vc_column_container\"><div class=\"vc_column-inner\"><div class=\"wpb_wrapper\"><div class=\"w-image align_none\"><div class=\"w-image-h\"><img loading=\"lazy\" decoding=\"async\" width=\"300\" height=\"300\" src=\"https:\/\/kalaharicarhire.com\/wp-content\/uploads\/2024\/03\/laptop-1-300x300.jpg\" class=\"attachment-medium size-medium\" alt=\"\" srcset=\"https:\/\/kalaharicarhire.com\/wp-content\/uploads\/2024\/03\/laptop-1-300x300.jpg 300w, https:\/\/kalaharicarhire.com\/wp-content\/uploads\/2024\/03\/laptop-1-1024x1024.jpg 1024w, https:\/\/kalaharicarhire.com\/wp-content\/uploads\/2024\/03\/laptop-1-150x150.jpg 150w, https:\/\/kalaharicarhire.com\/wp-content\/uploads\/2024\/03\/laptop-1.jpg 2000w\" sizes=\"auto, (max-width: 300px) 100vw, 300px\" \/><\/div><\/div><\/div><\/div><\/div><div class=\"vc_col-sm-4 wpb_column vc_column_container\"><div class=\"vc_column-inner\"><div class=\"wpb_wrapper\"><div class=\"w-image align_none\"><div class=\"w-image-h\"><img loading=\"lazy\" decoding=\"async\" width=\"300\" height=\"300\" src=\"https:\/\/kalaharicarhire.com\/wp-content\/uploads\/2024\/08\/Couple-driving-in-car-2000x2000-1-300x300.jpg\" class=\"attachment-medium size-medium\" alt=\"Couple driving inside a Toyota rental car in Namibia\" srcset=\"https:\/\/kalaharicarhire.com\/wp-content\/uploads\/2024\/08\/Couple-driving-in-car-2000x2000-1-300x300.jpg 300w, https:\/\/kalaharicarhire.com\/wp-content\/uploads\/2024\/08\/Couple-driving-in-car-2000x2000-1-1024x1024.jpg 1024w, https:\/\/kalaharicarhire.com\/wp-content\/uploads\/2024\/08\/Couple-driving-in-car-2000x2000-1-150x150.jpg 150w, https:\/\/kalaharicarhire.com\/wp-content\/uploads\/2024\/08\/Couple-driving-in-car-2000x2000-1.jpg 2000w\" sizes=\"auto, (max-width: 300px) 100vw, 300px\" \/><\/div><\/div><\/div><\/div><\/div><\/div><\/div><\/section>\n","protected":false},"excerpt":{"rendered":"[vc_custom_heading text=\"Dein Mietauto f\u00fcr eine gem\u00fctliche Safari oder Gesch\u00e4ftsreise\" font_container=\"tag:h3|text_align:left\" use_theme_fonts=\"yes\" css=\"%7B%22mobiles%22%3A%7B%22line-height%22%3A%2260px%22%7D%7D\"][vc_custom_heading text=\"Miete einen automatik Allrad SUV\" use_theme_fonts=\"yes\" css=\"%7B%22default%22%3A%7B%22padding-bottom%22%3A%2220px%22%7D%7D\"]Der SUV AT: Dieser 5 Sitzer Allrad SUV mit Automatikgetriebe (Toyota Fortuner 2024 2.4 oder \u00e4hnliches Fahrzeug) ist der perfekte Mietwagen f\u00fcr Reisende, die einen komfortablen und kompakten Gel\u00e4ndewagen m\u00f6chten. Ideal f\u00fcr abgelegene Gesch\u00e4ftsreisen oder entspannte Urlaubstage....","protected":false},"author":1,"featured_media":0,"parent":247,"menu_order":0,"comment_status":"closed","ping_status":"closed","template":"","meta":{"footnotes":""},"class_list":["post-13558","page","type-page","status-publish","hentry"],"_links":{"self":[{"href":"https:\/\/kalaharicarhire.com\/de\/wp-json\/wp\/v2\/pages\/13558","targetHints":{"allow":["GET"]}}],"collection":[{"href":"https:\/\/kalaharicarhire.com\/de\/wp-json\/wp\/v2\/pages"}],"about":[{"href":"https:\/\/kalaharicarhire.com\/de\/wp-json\/wp\/v2\/types\/page"}],"author":[{"embeddable":true,"href":"https:\/\/kalaharicarhire.com\/de\/wp-json\/wp\/v2\/users\/1"}],"replies":[{"embeddable":true,"href":"https:\/\/kalaharicarhire.com\/de\/wp-json\/wp\/v2\/comments?post=13558"}],"version-history":[{"count":21,"href":"https:\/\/kalaharicarhire.com\/de\/wp-json\/wp\/v2\/pages\/13558\/revisions"}],"predecessor-version":[{"id":102535,"href":"https:\/\/kalaharicarhire.com\/de\/wp-json\/wp\/v2\/pages\/13558\/revisions\/102535"}],"up":[{"embeddable":true,"href":"https:\/\/kalaharicarhire.com\/de\/wp-json\/wp\/v2\/pages\/247"}],"wp:attachment":[{"href":"https:\/\/kalaharicarhire.com\/de\/wp-json\/wp\/v2\/media?parent=13558"}],"curies":[{"name":"wp","href":"https:\/\/api.w.org\/{rel}","templated":true}]}}