{"id":1040,"date":"2022-07-05T12:53:33","date_gmt":"2022-07-05T12:53:33","guid":{"rendered":"https:\/\/kalaharicarhire.com\/?page_id=1040"},"modified":"2025-03-17T10:06:40","modified_gmt":"2025-03-17T10:06:40","slug":"infos-fuer-deine-buchung","status":"publish","type":"page","link":"https:\/\/kalaharicarhire.com\/de\/infos-fuer-deine-buchung\/","title":{"rendered":"Information f\u00fcr deine Buchung"},"content":{"rendered":"<section class=\"l-section wpb_row us_custom_6df4bc3a has_text_color height_huge with_img\"><div class=\"l-section-img\" data-img-width=\"2560\" data-img-height=\"1707\" style=\"background-image: url(https:\/\/kalaharicarhire.com\/wp-content\/uploads\/2025\/02\/Handing-over-rental-car-scaled.jpg);background-position: top center;background-repeat: no-repeat;\"><\/div><div class=\"l-section-h i-cf\"><div class=\"g-cols vc_row via_flex valign_middle type_default stacking_default\"><div class=\"vc_col-sm-1 wpb_column vc_column_container\"><div class=\"vc_column-inner\"><div class=\"wpb_wrapper\"><\/div><\/div><\/div><div class=\"vc_col-sm-10 wpb_column vc_column_container\"><div class=\"vc_column-inner\"><div class=\"wpb_wrapper\">[vc_custom_heading text=&#8220;BUCHUNGSINFORMATIONEN&#8220; font_container=&#8220;tag:h1|text_align:left&#8220; use_theme_fonts=&#8220;yes&#8220; css=&#8220;%7B%22mobiles%22%3A%7B%22line-height%22%3A%2260px%22%7D%7D&#8220;][vc_custom_heading text=&#8220;Alles was du noch wissen solltest&#8220; font_container=&#8220;tag:h3|text_align:left&#8220; use_theme_fonts=&#8220;yes&#8220;]<\/div><\/div><\/div><div class=\"vc_col-sm-1 wpb_column vc_column_container\"><div class=\"vc_column-inner\"><div class=\"wpb_wrapper\"><\/div><\/div><\/div><\/div><\/div><\/section><section class=\"l-section wpb_row us_custom_480e6f0b height_large color_alternate\"><div class=\"l-section-h i-cf\"><div class=\"g-cols vc_row via_flex valign_top type_default stacking_default\"><div class=\"vc_col-sm-12 wpb_column vc_column_container\"><div class=\"vc_column-inner\"><div class=\"wpb_wrapper\">[vc_custom_heading text=&#8220;Daten rundum deine Buchung&#8220; use_theme_fonts=&#8220;yes&#8220; css=&#8220;%7B%22default%22%3A%7B%22padding-bottom%22%3A%2220px%22%7D%7D&#8220;]<div class=\"wpb_text_column us_custom_3bd28e0c\"><div class=\"wpb_wrapper\"><p><span class=\"TextRun SCXW197654184 BCX8\" lang=\"DE-DE\" xml:lang=\"DE-DE\" data-contrast=\"none\"><span class=\"NormalTextRun SCXW197654184 BCX8\">Vielen Dank, dass du dich f\u00fcr uns entschieden hast! Hier findest du alles was du zu deiner Buchung noch wissen solltest.<\/span><\/span><\/p>\n<\/div><\/div><div class=\"g-cols wpb_row via_flex valign_top type_default stacking_default\"><div class=\"vc_col-sm-12 wpb_column vc_column_container\"><div class=\"vc_column-inner\"><div class=\"wpb_wrapper\">[vc_custom_heading text=&#8220;Was wir vorab ben\u00f6tigen:&#8220; font_container=&#8220;tag:h3|text_align:left&#8220; use_theme_fonts=&#8220;yes&#8220; css=&#8220;%7B%22default%22%3A%7B%22margin-top%22%3A%2240px%22%2C%22padding-bottom%22%3A%2220px%22%7D%7D&#8220;]<div class=\"w-iconbox us_custom_8d5aa4e2 iconpos_left style_default color_primary align_left no_text\"><div class=\"w-iconbox-icon\" style=\"font-size:30px;\"><i class=\"fas fa-passport\"><\/i><\/div><div class=\"w-iconbox-meta\"><p class=\"w-iconbox-title\">Farbkopie der Reisep\u00e4sse von Mieter und allen Mitfahrern<\/p><\/div><\/div><div class=\"w-iconbox us_custom_8d5aa4e2 iconpos_left style_default color_primary align_left no_text\"><div class=\"w-iconbox-icon\" style=\"font-size:30px;\"><i class=\"fas fa-id-card\"><\/i><\/div><div class=\"w-iconbox-meta\"><p class=\"w-iconbox-title\">Farbkopie des g\u00fcltigen englisch sprachigem oder internationalen F\u00fchrerscheins von allen Fahrern<\/p><\/div><\/div><div class=\"w-iconbox us_custom_8d5aa4e2 iconpos_left style_default color_primary align_left no_text\"><div class=\"w-iconbox-icon\" style=\"font-size:30px;\"><i class=\"fas fa-phone\"><\/i><\/div><div class=\"w-iconbox-meta\"><p class=\"w-iconbox-title\">Notfall-Kontaktperson (Name, Nachname, Adresse und Telefonnummer)<\/p><\/div><\/div><div class=\"w-iconbox us_custom_8d5aa4e2 iconpos_left style_default color_primary align_left\"><div class=\"w-iconbox-icon\" style=\"font-size:30px;\"><i class=\"fas fa-plane-arrival\"><\/i><\/div><div class=\"w-iconbox-meta\"><p class=\"w-iconbox-title\">Kopie der Flugdetails (inkl. Flugnummer) f\u00fcr Ankunft und Abflug aus Namibia<\/p><div class=\"w-iconbox-text\"><p>Flug verpasst oder verz\u00f6gert? Bitte gebt uns schnellstm\u00f6glich TELEFONISCH Bescheid: +264 81 237 7449<\/p>\n<\/div><\/div><\/div><\/div><\/div><\/div><\/div><div class=\"g-cols wpb_row via_flex valign_top type_default stacking_default\"><div class=\"vc_col-sm-12 wpb_column vc_column_container\"><div class=\"vc_column-inner\"><div class=\"wpb_wrapper\">[vc_custom_heading text=&#8220;Anzahlung und Stornierung&#8220; font_container=&#8220;tag:h3|text_align:left&#8220; use_theme_fonts=&#8220;yes&#8220; css=&#8220;%7B%22default%22%3A%7B%22margin-top%22%3A%2240px%22%2C%22padding-bottom%22%3A%2220px%22%7D%7D&#8220;]<div class=\"wpb_text_column us_custom_da59ab26 has_text_color\"><div class=\"wpb_wrapper\"><p>Um deine Buchung zu sichern ist eine Anzahlung von 50 % im Voraus erforderlich. Es k\u00f6nnen Ausnahmen gelten.<\/p>\n<p>Stornogeb\u00fchr 30 Tage oder mehr vor Mietbeginn: 0% (volle R\u00fcckerstattung)<br \/>\nStornogeb\u00fchr 7-29 Tage vor Mietbeginn: 25% des vollen Buchungswertes<br \/>\nStornogeb\u00fchr weniger als 7 Tage vor Mietbeginn: 50% des vollen Buchungswertes<\/p>\n<\/div><\/div><\/div><\/div><\/div><\/div>[vc_custom_heading text=&#8220;Zahlung&#8220; font_container=&#8220;tag:h3|text_align:left&#8220; use_theme_fonts=&#8220;yes&#8220; css=&#8220;%7B%22default%22%3A%7B%22margin-top%22%3A%2240px%22%2C%22padding-bottom%22%3A%2220px%22%7D%7D&#8220;]<div class=\"wpb_text_column us_custom_3bd28e0c\"><div class=\"wpb_wrapper\"><p>Die restlichen 50% sind sp\u00e4testens bei Wagen\u00fcbernahme f\u00e4llig.\u00a0 Wir akzeptieren Bank\u00fcberweisung, Visa\/Master Kreditkarten, Bar in N$&amp; ZAR. Bei Barzahlungen in Fremdw\u00e4hrung fallen zus\u00e4tzliche 3% f\u00fcr Bankbearbeitungsgeb\u00fchren an. <strong>Eine Kaution in H\u00f6he der Selbstbeteiligung wird am Tag der Wagenabholung auf der Kreditkarte des Mieters geblockt.<\/strong> Des Weiteren werden die Kreditkartendetails des Hauptmieters als Absicherung auf dem Mietvertrag notiert.<\/p>\n<p>KALAHARI CAR HIRE OPERATIONS CC<br \/>\nFirst National Bank Namibia<br \/>\nAcc.: 64285140891<br \/>\nBranch Code: 281872<br \/>\nSwift Code BIC: FIRNNANX<br \/>\nNamibische Banken nutzen keine IBAN Nummern.<\/p>\n<\/div><\/div>[vc_custom_heading text=&#8220;Abhol- und R\u00fcckgabezeit&#8220; font_container=&#8220;tag:h3|text_align:left&#8220; use_theme_fonts=&#8220;yes&#8220; css=&#8220;%7B%22default%22%3A%7B%22margin-top%22%3A%2240px%22%2C%22padding-bottom%22%3A%2220px%22%7D%7D&#8220;]<div class=\"wpb_text_column us_custom_3bd28e0c\"><div class=\"wpb_wrapper\"><p>Autoabholung am ersten Miettag ab 08:00.<br \/>\nAutor\u00fcckgabe am letzten Miettag bis 16:00. Strafgeb\u00fchr von N$ 500 pro angefangene Stunde bei versp\u00e4teter R\u00fcckgabe.<br \/>\nAusnahmen nur nach fr\u00fchzeitiger, schriftlicher R\u00fccksprache mit Kalahari Car Hire.<\/p>\n<\/div><\/div><div class=\"g-cols wpb_row via_flex valign_top type_default stacking_default\"><div class=\"vc_col-sm-12 wpb_column vc_column_container\"><div class=\"vc_column-inner\"><div class=\"wpb_wrapper\">[vc_custom_heading text=&#8220;Mietvertrag und -bedingungen&#8220; use_theme_fonts=&#8220;yes&#8220; css=&#8220;%7B%22default%22%3A%7B%22margin-top%22%3A%2240px%22%2C%22padding-bottom%22%3A%2220px%22%7D%7D&#8220;]<div class=\"wpb_text_column us_custom_da59ab26 has_text_color\"><div class=\"wpb_wrapper\"><p>Hier kannst du den Mietvertrag sowie die Mietkonditionen bei Bedarf vorab ansehen.<\/p>\n<\/div><\/div><div class=\"w-btn-wrapper align_left\"><a class=\"w-btn us-btn-style_1 icon_atleft\" title=\"Kalahari Car Hire Mietvertrag\" target=\"_blank\" rel=\"nofollow noopener\" href=\"https:\/\/kalaharicarhire.com\/wp-content\/uploads\/2025\/02\/Kalahari-Car-Hire-Operations_Rental-AgreementREV00__FOR-INFO-ONLY.pdf\"><i class=\"fas fa-download\"><\/i><span class=\"w-btn-label\">Mietvertrag ansehen<\/span><\/a><\/div><\/div><\/div><\/div><\/div>[vc_custom_heading text=&#8220;Eingeschr\u00e4nkte Gebiete&#8220; use_theme_fonts=&#8220;yes&#8220; css=&#8220;%7B%22default%22%3A%7B%22margin-top%22%3A%2240px%22%2C%22padding-bottom%22%3A%2220px%22%7D%7D&#8220;]<div class=\"wpb_text_column us_custom_3bd28e0c\"><div class=\"wpb_wrapper\"><p>Einige Gebiete sind von der Versicherung und Bergung ausgeschlossen und d\u00fcrfen mit unseren Mietwagen nicht befahren werden. Denn das Schadensrisiko ist zu gro\u00df und\/oder diese Gebiete sind nicht mit einem regul\u00e4ren Abschleppdienst erreichbar. Hier ein paar Beispiele (Details siehe Mietvertrag):<\/p>\n<\/div><\/div><div class=\"w-iconbox us_custom_8d5aa4e2 iconpos_left style_default color_primary align_left no_text\"><div class=\"w-iconbox-icon\" style=\"font-size:30px;\"><i class=\"fas fa-exclamation\"><\/i><\/div><div class=\"w-iconbox-meta\"><p class=\"w-iconbox-title\">Khaudumpark nur auf eigenes Risiko<\/p><\/div><\/div><div class=\"w-iconbox us_custom_8d5aa4e2 iconpos_left style_default color_primary align_left no_text\"><div class=\"w-iconbox-icon\" style=\"font-size:30px;\"><i class=\"fas fa-do-not-enter\"><\/i><\/div><div class=\"w-iconbox-meta\"><p class=\"w-iconbox-title\">Van Zyls Pass im Kaokofeld NICHT befahren<\/p><\/div><\/div><div class=\"w-iconbox us_custom_8d5aa4e2 iconpos_left style_default color_primary align_left no_text\"><div class=\"w-iconbox-icon\" style=\"font-size:30px;\"><i class=\"fas fa-do-not-enter\"><\/i><\/div><div class=\"w-iconbox-meta\"><p class=\"w-iconbox-title\">NICHT auf D\u00fcnen oder am Strand fahren<\/p><\/div><\/div><div class=\"w-iconbox us_custom_8d5aa4e2 iconpos_left style_default color_primary align_left no_text\"><div class=\"w-iconbox-icon\" style=\"font-size:30px;\"><i class=\"fas fa-do-not-enter\"><\/i><\/div><div class=\"w-iconbox-meta\"><p class=\"w-iconbox-title\">NICHT nach Sandwich Habour fahren<\/p><\/div><\/div><div class=\"g-cols wpb_row via_flex valign_top type_default stacking_default\"><div class=\"vc_col-sm-12 wpb_column vc_column_container\"><div class=\"vc_column-inner\"><div class=\"wpb_wrapper\">[vc_custom_heading text=&#8220;Reisen mit Kindern&#8220; use_theme_fonts=&#8220;yes&#8220; css=&#8220;%7B%22default%22%3A%7B%22margin-top%22%3A%2240px%22%2C%22padding-bottom%22%3A%2220px%22%7D%7D&#8220;]<div class=\"wpb_text_column us_custom_3bd28e0c\"><div class=\"wpb_wrapper\"><p>Namibia ist ein wundersch\u00f6nes Ziel f\u00fcr euren Familienurlaub! Die abwechslungsreiche Landschaft und die vielseitige Tierwelt ist eine wahre Freude f\u00fcr jung und alt und wecken selbst in dem gr\u00f6\u00dften Stubenhocker Entdeckungs- und Abenteuerlust.<\/p>\n<p>Solltet ihr mit minderj\u00e4hrigen Kindern reisen, bitte folgenden Brief der namibischen Einwanderungsbeh\u00f6rde beachten:<br \/>\n<a href=\"https:\/\/kalaharicarhire.com\/wp-content\/uploads\/2022\/07\/Children-Kinder-Implications-of-travelling-to-and-from-Namibia-with-children-1.pdf\" target=\"_blank\" rel=\"noopener\">&gt;&gt; Mit Kindern nach\/von Namibia reisen\u00a0<\/a><\/p>\n<\/div><\/div><\/div><\/div><\/div><\/div><\/div><\/div><\/div><\/div><\/div><\/section><section class=\"l-section wpb_row height_small\"><div class=\"l-section-h i-cf\"><div class=\"g-cols vc_row via_flex valign_top type_default stacking_default\"><div class=\"vc_col-sm-3 wpb_column vc_column_container\"><div class=\"vc_column-inner\"><div class=\"wpb_wrapper\"><div class=\"w-image align_none\"><div class=\"w-image-h\"><img loading=\"lazy\" decoding=\"async\" width=\"300\" height=\"300\" src=\"https:\/\/kalaharicarhire.com\/wp-content\/uploads\/2025\/02\/Road-conditions-in-Namibia-300x300.jpg\" class=\"attachment-medium size-medium\" alt=\"Road sign on gravel road warning of bumpy road ahead\" srcset=\"https:\/\/kalaharicarhire.com\/wp-content\/uploads\/2025\/02\/Road-conditions-in-Namibia-300x300.jpg 300w, https:\/\/kalaharicarhire.com\/wp-content\/uploads\/2025\/02\/Road-conditions-in-Namibia-1024x1024.jpg 1024w, https:\/\/kalaharicarhire.com\/wp-content\/uploads\/2025\/02\/Road-conditions-in-Namibia-150x150.jpg 150w, https:\/\/kalaharicarhire.com\/wp-content\/uploads\/2025\/02\/Road-conditions-in-Namibia.jpg 2000w\" sizes=\"auto, (max-width: 300px) 100vw, 300px\" \/><\/div><\/div><\/div><\/div><\/div><div class=\"vc_col-sm-9 wpb_column vc_column_container\"><div class=\"vc_column-inner\"><div class=\"wpb_wrapper\">[vc_custom_heading text=&#8220;SICHERES FAHREN AUF NAMIBIAS STRASSEN&#8220; font_container=&#8220;tag:h5|text_align:left&#8220; use_theme_fonts=&#8220;yes&#8220; css=&#8220;%7B%22default%22%3A%7B%22font-family%22%3A%22body%22%2C%22font-weight%22%3A%22600%22%7D%7D&#8220; link=&#8220;url:https%3A%2F%2Fkalaharicarhire.com%2Fde%2Fstrassenzustand-und-sicherheit%2F|title:Stra%C3%9Fensicherheit%20und%20-zustand|target:%20_blank|&#8220;]<div class=\"wpb_text_column us_custom_0bbaf44e\"><div class=\"wpb_wrapper\"><p style=\"text-align: left;\">Der ungewohnte Linksverkehr, unberechenbare Schotterstra\u00dfen sowie halsbrecherische Verkehrsteilnehmer k\u00f6nnen eine besondere Herausforderung sein&#8230;<\/p>\n<p><a href=\"https:\/\/kalaharicarhire.com\/de\/strassenzustand-und-sicherheit\/\" target=\"_blank\" rel=\"noopener\">&gt;&gt; Tipps und Hinweise f\u00fcr sicheres Fahren in Namibia<\/a><\/p>\n<\/div><\/div><\/div><\/div><\/div><\/div><\/div><\/section><section class=\"l-section wpb_row height_small\"><div class=\"l-section-h i-cf\"><div class=\"g-cols vc_row via_flex valign_top type_default stacking_default\"><div class=\"vc_col-sm-3 wpb_column vc_column_container\"><div class=\"vc_column-inner\"><div class=\"wpb_wrapper\"><div class=\"w-image align_none\"><div class=\"w-image-h\"><img loading=\"lazy\" decoding=\"async\" width=\"300\" height=\"300\" src=\"https:\/\/kalaharicarhire.com\/wp-content\/uploads\/2025\/02\/Animals-on-road-infront-of-car-300x300.jpg\" class=\"attachment-medium size-medium\" alt=\"Sheep walking in front of Toyota rental car on gravel road.\" srcset=\"https:\/\/kalaharicarhire.com\/wp-content\/uploads\/2025\/02\/Animals-on-road-infront-of-car-300x300.jpg 300w, https:\/\/kalaharicarhire.com\/wp-content\/uploads\/2025\/02\/Animals-on-road-infront-of-car-1024x1024.jpg 1024w, https:\/\/kalaharicarhire.com\/wp-content\/uploads\/2025\/02\/Animals-on-road-infront-of-car-150x150.jpg 150w\" sizes=\"auto, (max-width: 300px) 100vw, 300px\" \/><\/div><\/div><\/div><\/div><\/div><div class=\"vc_col-sm-9 wpb_column vc_column_container\"><div class=\"vc_column-inner\"><div class=\"wpb_wrapper\">[vc_custom_heading text=&#8220;VERSICHERUNG&#8220; font_container=&#8220;tag:h5|text_align:left&#8220; use_theme_fonts=&#8220;yes&#8220; css=&#8220;%7B%22default%22%3A%7B%22font-family%22%3A%22body%22%2C%22font-weight%22%3A%22600%22%7D%7D&#8220; link=&#8220;url:https%3A%2F%2Fkalaharicarhire.com%2Fde%2Fversicherung%2F|title:Details%20zur%20Versicherung|target:%20_blank|&#8220;]<div class=\"wpb_text_column us_custom_0bbaf44e\"><div class=\"wpb_wrapper\"><p style=\"text-align: left;\">Alles was du wissen solltest \u00fcber deine gebuchte Versicherungsoption. Was ist eingeschlossen, was ist ausgeschlossen&#8230;<\/p>\n<p><a href=\"https:\/\/kalaharicarhire.com\/de\/versicherung\/\" target=\"_blank\" rel=\"noopener\">&gt;&gt; Hinweise zur Versicherung<\/a><\/p>\n<\/div><\/div><\/div><\/div><\/div><\/div><\/div><\/section><section class=\"l-section wpb_row height_small\"><div class=\"l-section-h i-cf\"><div class=\"g-cols vc_row via_flex valign_top type_default stacking_default\"><div class=\"vc_col-sm-3 wpb_column vc_column_container\"><div class=\"vc_column-inner\"><div class=\"wpb_wrapper\"><div class=\"w-image align_none\"><div class=\"w-image-h\"><img loading=\"lazy\" decoding=\"async\" width=\"300\" height=\"300\" src=\"https:\/\/kalaharicarhire.com\/wp-content\/uploads\/2025\/02\/Crossing-borders-with-rental-car-300x300.jpg\" class=\"attachment-medium size-medium\" alt=\"River on border between Namibia and Angola\" srcset=\"https:\/\/kalaharicarhire.com\/wp-content\/uploads\/2025\/02\/Crossing-borders-with-rental-car-300x300.jpg 300w, https:\/\/kalaharicarhire.com\/wp-content\/uploads\/2025\/02\/Crossing-borders-with-rental-car-1024x1024.jpg 1024w, https:\/\/kalaharicarhire.com\/wp-content\/uploads\/2025\/02\/Crossing-borders-with-rental-car-150x150.jpg 150w, https:\/\/kalaharicarhire.com\/wp-content\/uploads\/2025\/02\/Crossing-borders-with-rental-car.jpg 1420w\" sizes=\"auto, (max-width: 300px) 100vw, 300px\" \/><\/div><\/div><\/div><\/div><\/div><div class=\"vc_col-sm-9 wpb_column vc_column_container\"><div class=\"vc_column-inner\"><div class=\"wpb_wrapper\">[vc_custom_heading text=&#8220;GRENZ\u00dcBERTRITT&#8220; font_container=&#8220;tag:h5|text_align:left&#8220; use_theme_fonts=&#8220;yes&#8220; css=&#8220;%7B%22default%22%3A%7B%22color%22%3A%22%23FF7F27%22%2C%22font-family%22%3A%22body%22%2C%22font-weight%22%3A%22600%22%7D%7D&#8220; link=&#8220;url:https%3A%2F%2Fkalaharicarhire.com%2Fde%2Fwissenswertes%2Fgrenzuebertritte%2F|title:Grenz%C3%BCbertritte||&#8220;]<div class=\"wpb_text_column us_custom_e5aea6d2\"><div class=\"wpb_wrapper\"><p style=\"text-align: left;\">Darf man nach Botswana? Braucht man eine Sondergenehmigung? Was kostet der Grenz\u00fcbertritt nach Zimbabwe. Alles was du dem \u00dcberqueren eine Landesgrenze wissen solltest..<\/p>\n<p><a href=\"https:\/\/kalaharicarhire.com\/wissenswertes\/grenzuebertritte\/?lang=de\" target=\"_blank\" rel=\"noopener\">&gt;&gt; Informationen zum Fahren \u00fcber Grenzen<\/a><\/p>\n<\/div><\/div><\/div><\/div><\/div><\/div><\/div><\/section><section class=\"l-section wpb_row height_small\"><div class=\"l-section-h i-cf\"><div class=\"g-cols vc_row via_flex valign_top type_default stacking_default\"><div class=\"vc_col-sm-3 wpb_column vc_column_container\"><div class=\"vc_column-inner\"><div class=\"wpb_wrapper\"><div class=\"w-image align_none\"><div class=\"w-image-h\"><img loading=\"lazy\" decoding=\"async\" width=\"300\" height=\"300\" src=\"https:\/\/kalaharicarhire.com\/wp-content\/uploads\/2025\/02\/Camper-4x4-1-300x300.jpg\" class=\"attachment-medium size-medium\" alt=\"Camping 4x4s with rooftop tents open around camp fire.\" srcset=\"https:\/\/kalaharicarhire.com\/wp-content\/uploads\/2025\/02\/Camper-4x4-1-300x300.jpg 300w, https:\/\/kalaharicarhire.com\/wp-content\/uploads\/2025\/02\/Camper-4x4-1-1024x1024.jpg 1024w, https:\/\/kalaharicarhire.com\/wp-content\/uploads\/2025\/02\/Camper-4x4-1-150x150.jpg 150w, https:\/\/kalaharicarhire.com\/wp-content\/uploads\/2025\/02\/Camper-4x4-1.jpg 1660w\" sizes=\"auto, (max-width: 300px) 100vw, 300px\" \/><\/div><\/div><\/div><\/div><\/div><div class=\"vc_col-sm-9 wpb_column vc_column_container\"><div class=\"vc_column-inner\"><div class=\"wpb_wrapper\">[vc_custom_heading text=&#8220;F\u00dcR CAMPER&#8220; font_container=&#8220;tag:h5|text_align:left&#8220; use_theme_fonts=&#8220;yes&#8220; css=&#8220;%7B%22default%22%3A%7B%22font-family%22%3A%22body%22%2C%22font-weight%22%3A%22600%22%7D%7D&#8220; link=&#8220;url:https%3A%2F%2Fkalaharicarhire.com%2Fde%2Fcamping-ausruestung%2F|title:Campingausr%C3%BCstung|target:%20_blank|&#8220;]<div class=\"wpb_text_column us_custom_0bbaf44e\"><div class=\"wpb_wrapper\"><p style=\"text-align: left;\">Alles was man f\u00fcr einen entspannten Zelturlaub braucht und noch viel mehr.<\/p>\n<p><a href=\"https:\/\/kalaharicarhire.com\/de\/camping-ausruestung\/\" target=\"_blank\" rel=\"noopener\">&gt;&gt; Standard Campingausr\u00fcstung und Extras<\/a><\/p>\n<\/div><\/div><\/div><\/div><\/div><\/div><\/div><\/section><section class=\"l-section wpb_row height_small\"><div class=\"l-section-h i-cf\"><div class=\"g-cols vc_row via_flex valign_top type_default stacking_default\"><div class=\"vc_col-sm-3 wpb_column vc_column_container\"><div class=\"vc_column-inner\"><div class=\"wpb_wrapper\"><div class=\"w-image align_none\"><div class=\"w-image-h\"><img loading=\"lazy\" decoding=\"async\" width=\"300\" height=\"300\" src=\"https:\/\/kalaharicarhire.com\/wp-content\/uploads\/2025\/02\/Hardtop-rooftop-tents-for-rent-300x300.jpg\" class=\"attachment-medium size-medium\" alt=\"Woman preparing meal infront of 4x4 rental car with hardtop rooftop tent on.\" srcset=\"https:\/\/kalaharicarhire.com\/wp-content\/uploads\/2025\/02\/Hardtop-rooftop-tents-for-rent-300x300.jpg 300w, https:\/\/kalaharicarhire.com\/wp-content\/uploads\/2025\/02\/Hardtop-rooftop-tents-for-rent-1024x1024.jpg 1024w, https:\/\/kalaharicarhire.com\/wp-content\/uploads\/2025\/02\/Hardtop-rooftop-tents-for-rent-150x150.jpg 150w, https:\/\/kalaharicarhire.com\/wp-content\/uploads\/2025\/02\/Hardtop-rooftop-tents-for-rent.jpg 2000w\" sizes=\"auto, (max-width: 300px) 100vw, 300px\" \/><\/div><\/div><\/div><\/div><\/div><div class=\"vc_col-sm-9 wpb_column vc_column_container\"><div class=\"vc_column-inner\"><div class=\"wpb_wrapper\">[vc_custom_heading text=&#8220;DACHZELTE AUF- UND ABBAUEN&#8220; font_container=&#8220;tag:h5|text_align:left&#8220; use_theme_fonts=&#8220;yes&#8220; css=&#8220;%7B%22default%22%3A%7B%22font-family%22%3A%22body%22%2C%22font-weight%22%3A%22600%22%7D%7D&#8220; link=&#8220;url:https%3A%2F%2Fkalaharicarhire.com%2Fde%2Fcamping-ausruestung%2Fdachzelte%2F|title:Hardtop%20und%20Softtop%20Dachzelte|target:%20_blank|&#8220;]<div class=\"wpb_text_column us_custom_0bbaf44e\"><div class=\"wpb_wrapper\"><p style=\"text-align: left;\">Wie baut man ein Dachzelt auf und ab? Was ist der Unterschied zwischen einem standard Dachzelt und einem leicht zu \u00f6ffnenden Hardtop-Dachzelt?\u00a0 Dies und vieles mehr&#8230;<\/p>\n<p><a href=\"https:\/\/kalaharicarhire.com\/de\/camping-ausruestung\/dachzelte\/\" target=\"_blank\" rel=\"noopener\">&gt;&gt; Details \u00fcber Dachzelte<\/a><\/p>\n<\/div><\/div><\/div><\/div><\/div><\/div><\/div><\/section>\n","protected":false},"excerpt":{"rendered":"[vc_custom_heading text=\"BUCHUNGSINFORMATIONEN\" font_container=\"tag:h1|text_align:left\" use_theme_fonts=\"yes\" css=\"%7B%22mobiles%22%3A%7B%22line-height%22%3A%2260px%22%7D%7D\"][vc_custom_heading text=\"Alles was du noch wissen solltest\" font_container=\"tag:h3|text_align:left\" use_theme_fonts=\"yes\"][vc_custom_heading text=\"Daten rundum deine Buchung\" use_theme_fonts=\"yes\" css=\"%7B%22default%22%3A%7B%22padding-bottom%22%3A%2220px%22%7D%7D\"]Vielen Dank, dass du dich f\u00fcr uns entschieden hast! Hier findest du alles was du zu deiner Buchung noch wissen solltest. [vc_custom_heading text=\"Was wir vorab ben\u00f6tigen:\" font_container=\"tag:h3|text_align:left\" use_theme_fonts=\"yes\" css=\"%7B%22default%22%3A%7B%22margin-top%22%3A%2240px%22%2C%22padding-bottom%22%3A%2220px%22%7D%7D\"]Farbkopie der Reisep\u00e4sse von Mieter und allen MitfahrernFarbkopie des...","protected":false},"author":1,"featured_media":0,"parent":0,"menu_order":0,"comment_status":"closed","ping_status":"closed","template":"","meta":{"footnotes":""},"class_list":["post-1040","page","type-page","status-publish","hentry"],"_links":{"self":[{"href":"https:\/\/kalaharicarhire.com\/de\/wp-json\/wp\/v2\/pages\/1040","targetHints":{"allow":["GET"]}}],"collection":[{"href":"https:\/\/kalaharicarhire.com\/de\/wp-json\/wp\/v2\/pages"}],"about":[{"href":"https:\/\/kalaharicarhire.com\/de\/wp-json\/wp\/v2\/types\/page"}],"author":[{"embeddable":true,"href":"https:\/\/kalaharicarhire.com\/de\/wp-json\/wp\/v2\/users\/1"}],"replies":[{"embeddable":true,"href":"https:\/\/kalaharicarhire.com\/de\/wp-json\/wp\/v2\/comments?post=1040"}],"version-history":[{"count":75,"href":"https:\/\/kalaharicarhire.com\/de\/wp-json\/wp\/v2\/pages\/1040\/revisions"}],"predecessor-version":[{"id":44528,"href":"https:\/\/kalaharicarhire.com\/de\/wp-json\/wp\/v2\/pages\/1040\/revisions\/44528"}],"wp:attachment":[{"href":"https:\/\/kalaharicarhire.com\/de\/wp-json\/wp\/v2\/media?parent=1040"}],"curies":[{"name":"wp","href":"https:\/\/api.w.org\/{rel}","templated":true}]}}